{"id":3172,"date":"2018-05-22T19:44:01","date_gmt":"2018-05-22T21:44:01","guid":{"rendered":"http:\/\/www.nossacasa.net\/shunya\/?page_id=3172"},"modified":"2020-07-04T16:38:53","modified_gmt":"2020-07-04T18:38:53","slug":"sasaki-joshu-kyozan","status":"publish","type":"page","link":"http:\/\/www.nossacasa.net\/shunya\/sasaki-joshu-kyozan\/","title":{"rendered":"Sasaki Joshu Kyozan"},"content":{"rendered":"<div style=\"text-align:justify\"><font face=\"Verdana\" size=\"2\"><br \/>\n<a name=\"inicio\"><\/a><a href=\"http:\/\/www.nossacasa.net\/shunya\/?attachment_id=3173\" rel=\"attachment wp-att-3173\"><img loading=\"lazy\" decoding=\"async\" src=\"http:\/\/www.nossacasa.net\/shunya\/wp-content\/uploads\/2018\/05\/Sasaki-Joshu-Kyozan-300x200.jpg\" alt=\"\" width=\"300\" height=\"200\" class=\"alignleft size-medium wp-image-3173\" srcset=\"http:\/\/www.nossacasa.net\/shunya\/wp-content\/uploads\/2018\/05\/Sasaki-Joshu-Kyozan-300x200.jpg 300w, http:\/\/www.nossacasa.net\/shunya\/wp-content\/uploads\/2018\/05\/Sasaki-Joshu-Kyozan-450x300.jpg 450w, http:\/\/www.nossacasa.net\/shunya\/wp-content\/uploads\/2018\/05\/Sasaki-Joshu-Kyozan.jpg 720w\" sizes=\"auto, (max-width: 300px) 100vw, 300px\" \/><\/a><br \/>\n<\/font><font size=\"4\"><b>Sasaki Joshu Kyozan (1907-2014)<\/b><\/font><br \/>\n<a href=\"#a\">Refer\u00eancias<\/a><br \/>\n<a href=\"#b\">Biografia<\/a><br \/>\n<a href=\"#c\">Mt. Baldy Zen Centre<\/a><br \/>\n<a href=\"#d\">Linhagem<\/a><\/p>\n<hr \/>\n<p align=center><b><font face=\"tahoma, verdana, arial\" size=4><br \/>\n<a name=\"a\">Refer\u00eancias<\/a><\/font><sup>1<\/sup><\/b><\/p>\n<p>Roshi Sasaki Joshu Kyozan, mestre Rinzai da 11<sup>a<\/sup> gera\u00e7\u00e3o desde <a href=\"http:\/\/www.nossacasa.net\/shunya\/hakuin-ekaku\/\">Hakuin Ekaku<\/a>, da linhagem de <a href=\"http:\/\/www.nossacasa.net\/shunya\/takuju-kosen\/\">Takuju Kosen<\/a>, recebeu a transmiss\u00e3o do Dharma de <a href=\"http:\/\/www.nossacasa.net\/shunya\/miura-isshu-joten\/\">Miura Isshu Joten<\/a>.<\/p>\n<p>Sasaki Joshu Kyozan foi fundador do &#8220;<a href=\"http:\/\/www.mbzc.org\/\" target=\"_blank\" rel=\"noopener noreferrer\">Mt. Baldy Zen Centre<\/a>&#8221; e \u00e9 professor do &#8220;<a href=\"http:\/\/www.zen.ca\/\" target=\"_blank\" rel=\"noopener noreferrer\">Zen Centre of Vancouver<\/a>&#8221; e do &#8220;Albuquerque Zen Center&#8221;.<\/p>\n<p>Roshi Sasaki Joshu Kyozan transmitiu o Dharma entre outros para o disc\u00edpulo <a href=\"http:\/\/www.nossacasa.net\/shunya\/eshin-john-godfrey\/\">Eshin John Godfrey<\/a><\/p>\n<div style=\"text-align:right\"><a href=\"#inicio\"><font size=\"1\">Topo<\/font><\/a><\/div>\n<hr \/>\n<p align=center><b><font face=\"tahoma, verdana, arial\" size=4><a name=\"b\">Biografia<\/a><\/font><sup>2<\/sup><\/b><\/p>\n<p>Roshi Sasaki Joshu Kyozan nasceu em 1 de abril de 1907 e em 2002 completou 40 anos que chegou ao EEUU.<br \/>\nRoshi Joshu  completou 95 anos em abril de 2002 e apesar de sua idade avan\u00e7ada Roshi est\u00e1 continuamente ensinando com paci\u00eancia inesgot\u00e1vel.<\/p>\n<p>Aos 14 anos de idade Roshi Joshu iniciou seu treinamento Zen no Zuiryo-ji, no Jap\u00e3o.   Ele vive no  &#8220;<a href=\"http:\/\/www.mbzc.org\/\" target=\"_blank\" rel=\"noopener noreferrer\">Mt. Baldy Zen Centre<\/a>&#8221; mas viaja para transmitir ensinamentos em outros Centros Rinzai nos Estados Unidos e em outros pa\u00edses. <\/p>\n<p>Roshi Sasaki Joshu Kyozan chegou aos EEUU em 21 de julho de 1962, a pedido deum grupo de pr\u00e1tica em Gardena, Calif\u00f3rnia. O primeiro zendo de Rinzai-ji foi estabelecido em uma garagem. Como interesse cresceu logo o &#8220;Cimarron Zen Center&#8221; (atual &#8220;Rinzai-ji Zen Center&#8221;) foi estabelecido. Ainda \u00e9 o templo principal de Rinzai-ji. No in\u00edcio dos anos setenta  foi aberto como um estilo mon\u00e1stico de treinamento. <\/p>\n<hr \/>\n<p align=center><b><font face=\"tahoma, verdana, arial\" size=4>Biografia<\/font><sup>3<\/sup><\/b><\/p>\n<p>Roshi Joshu Sasaki nasceu em uma fam\u00edlia de agricultoresno munic\u00edpio de Miyagi, no Jap\u00e3o, em 1 abril de de 1907. Em 1921, com quatorze anos de idade, ele se tornou novi\u00e7o em Zuiryo-ji pr\u00f3ximo de Sapporo em Hokkaido aluno do abade do templo,  <a href=\"http:\/\/www.nossacasa.net\/shunya\/nakamura-taiyu\/\">Roshi Miura Isshu Joten<\/a>. Devido a esta afilia\u00e7\u00e3o ele cursou a escola m\u00e9dia de Hanazono, em Kyoto, e fez os cursos preparat\u00f3rios na Universidade de Komazawa em T\u00f3quio. Joshu treinou com Roshi Joten e depois de sete anos se tornou um osho (monge) com a idade de vinte e um anos, em 1928, recebendo o nome Kyozan. Joten mais velho foi  designado Kancho (Abade Principal) de Myoshin-ji, e Osho Joshu o seguiu para continuar seu treinamento. Depois de dois anos ele transferiu-se para o monast\u00e9rio Zuigan-ji, onde ele treinou por mais ou menos dez anos antes de receber a autoridade de Roshi com a idade de quarenta anos em 1947, recebendo o sanzen quarto nome Denkyo. Ele ent\u00e3o se tornou abade de Yotoku-em, no monast\u00e9rio de Zuigan-ji. Em 1953 ele deixou Yotoku-em para se tornar abade de Shoju-um. O templo Shoju nos Alpes japoneses fundado  por Shoju Ronin, mestre de Hakuin. Roshi restabeleceu este templo hist\u00f3rico e continuou a ensinar l\u00e1 at\u00e9 ser convidado para a Am\u00e9rica.<\/p>\n<p>Ele chegou a Los Angeles em 21 de julho de 1962, quando um pequeno grupo tinha se estabelecido para a pr\u00e1tica do Zen no oeste. Ele foi encontrado por seu patrocinador, Dr. Robert Harmon, que alugou uma casa pequena onde o Roshi come\u00e7ou a ensinar. A reputa\u00e7\u00e3o de Roshi Joshu durante os pr\u00f3ximos anos se estende ao longo da Calif\u00f3rnia Meridional, os primeiros monges foram ordenados, e ossesshins de sete dias foram estabelecidos. Em janeiro de 1968 o nome da organiza\u00e7\u00e3o mudou para Rinzai-ji, Inc., e comprou sua primeira propriedade, &#8220;Cimarron Zen Center&#8221;, como Templo Principal. <\/p>\n<p>Tr\u00eas anos mais tarde, em 1971, centro de treinamento principal do Rinzai-ji, &#8220;<a href=\"http:\/\/www.mbzc.org\/\" target=\"_blank\" rel=\"noopener noreferrer\"><font size=\"2\">Mt. Baldy Zen Centre<\/font><\/a>&#8220;, foi aberto no alto de &#8220;San Gabriel Mountains&#8221; ao leste de Los Angeles. Os per\u00edodos de treinamento do ver\u00e3o e inverno tradicionais foram assegurados l\u00e1 sob a dire\u00e7\u00e3o e ensino do Roshi. Um n\u00famero grande de pessoas passaram pelo treinamento Zen e um n\u00famero determinado foi ordenado como monges e monjas. Em 1974, no norte do Novo M\u00e9xico, &#8220;Jemez Bodhi Mandala&#8221;  foi criada como um segundo centro de treinamento. Aqui per\u00edodos de treinamento foram assegurados na primavera e outono.<\/p>\n<p>A realiza\u00e7\u00e3o do &#8220;Summer Seminar on Buddhism&#8221; foi garantida anualmente desde 1977. Ele foi iniciado por Roshi Joshu Sasaki como um dos caminhos para ensinar Zen. Mantido inicialmente no &#8220;<a href=\"http:\/\/www.mbzc.org\/\" target=\"_blank\" rel=\"noopener noreferrer\"><font size=\"2\">Mt. Baldy Zen Centre<\/font><\/a>&#8220;, em Ithaca, Nova Iorque junto com a &#8220;Cornell Universit&#8221;, foi continuado no Bodhi Manda Zen Center onde \u00e9 patrocinado conjuntamente com a &#8220;University of New Mexico&#8221;. <\/p>\n<p>Em 1996 Roshi Joshu Sasaki recebeu o &#8220;Meritorious Achievement Award&#8221; do Bukkyo Dendo Kyokai, uma organiza\u00e7\u00e3o para o desenvolvimento do budismo.<\/p>\n<p>Desde a chegada do Roshi no oeste mais de vinte centros zen foram estabelecidosna Am\u00e9rica do Norte e na Europa,as principais cerimonias budistas s\u00e3o realizadas no Templo Principal, e os monges emonjas ordenados formam um n\u00facleo para a sangha maior. Em seus noventa e cinco anos Roshi continua energicamente e apaixonadamente seus hor\u00e1rios de sesshin, encoraja seus centros e estudantes, e de muitas formas continua a estender Zen para o Oeste.\t\t\t<\/p>\n<div style=\"text-align:right\"><a href=\"#inicio\"><font size=\"1\">Topo<\/font><\/a><\/div>\n<hr \/>\n<p align=center><b><font face=\"tahoma, verdana, arial\" size=4><br \/>\n<a name=\"c\">Mt. Baldy Zen Centre<\/a><\/font><sup>2<\/sup><\/b><\/p>\n<p><a href=\"http:\/\/www.nossacasa.net\/shunya\/wp-content\/uploads\/2020\/07\/Baldy-Zen-Centre.jpg\"><img loading=\"lazy\" decoding=\"async\" src=\"http:\/\/www.nossacasa.net\/shunya\/wp-content\/uploads\/2020\/07\/Baldy-Zen-Centre-300x219.jpg\" alt=\"\" width=\"300\" height=\"219\" class=\"alignleft size-medium wp-image-6665\" srcset=\"http:\/\/www.nossacasa.net\/shunya\/wp-content\/uploads\/2020\/07\/Baldy-Zen-Centre-300x219.jpg 300w, http:\/\/www.nossacasa.net\/shunya\/wp-content\/uploads\/2020\/07\/Baldy-Zen-Centre-768x561.jpg 768w, http:\/\/www.nossacasa.net\/shunya\/wp-content\/uploads\/2020\/07\/Baldy-Zen-Centre-1024x748.jpg 1024w, http:\/\/www.nossacasa.net\/shunya\/wp-content\/uploads\/2020\/07\/Baldy-Zen-Centre-411x300.jpg 411w, http:\/\/www.nossacasa.net\/shunya\/wp-content\/uploads\/2020\/07\/Baldy-Zen-Centre.jpg 2000w\" sizes=\"auto, (max-width: 300px) 100vw, 300px\" \/><\/a><br \/>\nO &#8220;<a href=\"http:\/\/www.mbzc.org\/\" target=\"_blank\" rel=\"noopener noreferrer\"><font size=\"2\">Mt. Baldy Zen Centre<\/font><\/a>&#8221; \u00e9 uma comunidade de estudo e pr\u00e1tica deRinzai Zen budismo. Foi  fundado por Roshi Sasaki Joshu Kyozan, e atrav\u00e9s de sua dire\u00e7\u00e3o os monges e monjas continuam a administrar treinamento na maneira tradicional: Zazen (medita\u00e7\u00e3o sentada formal), cantos, comidas no estilo mon\u00e1stico, e trabalhos praticos.O programa atende tanto a moges ordenados como leigos residentes que, juntos, est\u00e3o se esfor\u00e7ando para a plena maturidade que significa o despertar da Verdadeira Natureza. O hor\u00e1rio \u00e9 rigoroso e projetado para ajudar os disc\u00edpulos a abandonarem seu interesse pessoal e entrar nas rela\u00e7\u00f5es de pr\u00e1tica de grupo. Com este esfor\u00e7o comuns n\u00f3s podemos desenvolver uma sabedoria espiritual que \u00e9 expressa at\u00e9 nas circunst\u00e2ncias ordin\u00e1rias de nossas vidas diariamente. \u00c9 o prop\u00f3sito do Centro de Zen nutrir este desenvolvimento. O Centro est\u00e1 aberto ao longo do ano e oferece m\u00e9todos diferentes de pr\u00e1tica toda esta\u00e7\u00e3o.<\/p>\n<hr \/>\n<ol type=\"1\">\n<font size=\"1\"><b>Notas:<\/b><\/p>\n<li><font size=\"1\">Extra\u00eddo de &#8220;Zen Buddhism &#8211; Hakuin School&#8221;<br \/> (www.ciolek.com\/WWWVLPages\/ZenPages\/Hakuin.html).<\/font><\/li>\n<li><font size=\"1\">Extra\u00eddo de http:\/\/www.izs.org\/.<\/font><\/li>\n<li><font size=\"1\">Extra\u00eddo de http:\/\/www.zen.ca\/.<\/font><\/li>\n<p><\/font><\/ol>\n<hr \/>\n<div style=\"text-align:right\"><a href=\"#inicio\"><font size=\"2\">Topo<\/font><\/a><\/div>\n<hr \/>\n<p><font face=\"Comic Sans MS\" size=\"3\" color=\"#800000\"><a name=\"d\">Linhagem de Miura Joten<\/a><\/font><\/p>\n<div style=\"text-align:center\">\n<ol type=\"1\"><b><u>BUTSU<\/u><\/b><\/p>\n<li><a href=\"http:\/\/www.nossacasa.net\/shunya\/buda\/\">BIBASHI<\/a><\/li>\n<li><a href=\"http:\/\/www.nossacasa.net\/shunya\/buda\/\">SHIKI<\/a><\/li>\n<li><a href=\"http:\/\/www.nossacasa.net\/shunya\/buda\/\">BISHAFU<\/a><\/li>\n<li><a href=\"http:\/\/www.nossacasa.net\/shunya\/buda\/\">KURUSON<\/a><\/li>\n<li><a href=\"http:\/\/www.nossacasa.net\/shunya\/buda\/\">KUNAGONMUNI<\/a><\/li>\n<li><a href=\"http:\/\/www.nossacasa.net\/shunya\/buda\/\">KASHO<\/a><\/li>\n<li><a href=\"http:\/\/www.nossacasa.net\/shunya\/buda\/\">XAQUIAMUNI<\/a><\/li>\n<\/ol>\n<\/div>\n<table width=\"100%\" border=\"0\">\n<tr>\n<td valign=\"top\">\n<font size=\"1\"><\/p>\n<ol type=\"1\"><b><u>\u00cdNDIA<\/u><\/b><\/p>\n<li><a href=\"http:\/\/www.nossacasa.net\/shunya\/mahakashyapa\/\">MAKAKASHO<\/a><\/li>\n<li><a href=\"http:\/\/www.nossacasa.net\/shunya\/ananda\/\">ANANDA<\/a><\/li>\n<li><a href=\"http:\/\/www.nossacasa.net\/shunya\/shanavasa\/\">SHONAWASHU<\/a><\/li>\n<li><a href=\"http:\/\/www.nossacasa.net\/shunya\/upagupta\/\">UBAGIKUTA<\/a><\/li>\n<li><a href=\"http:\/\/www.nossacasa.net\/shunya\/dhritaka\/\">DAITAKA<\/a><\/li>\n<li><a href=\"http:\/\/www.nossacasa.net\/shunya\/michaka\/\">MISHAKA<\/a><\/li>\n<li><a href=\"http:\/\/www.nossacasa.net\/shunya\/vasumitra\/\">BASHUMITSU<\/a><\/li>\n<li><a href=\"http:\/\/www.nossacasa.net\/shunya\/buddhananda\/\">BUTSUDANANDAI<\/a><\/li>\n<li><a href=\"http:\/\/www.nossacasa.net\/shunya\/buddhamitra\/\">FUDAMITA<\/a><\/li>\n<li><a href=\"http:\/\/www.nossacasa.net\/shunya\/parshvanatha\/\">BARISHIBA<\/a><\/li>\n<li><a href=\"http:\/\/www.nossacasa.net\/shunya\/punyayashas\/\">FUNAYASHYA<\/a><\/li>\n<li><a href=\"http:\/\/www.nossacasa.net\/shunya\/ashvagosha\/\">ANABOTEI<\/a><\/li>\n<li><a href=\"http:\/\/www.nossacasa.net\/shunya\/kapimala\/\">KABIMORA<\/a><\/li>\n<li><a href=\"http:\/\/www.nossacasa.net\/shunya\/nagarjuna\/\">NAGYAHARAJUNA<\/a><\/li>\n<li><a href=\"http:\/\/www.nossacasa.net\/shunya\/aryadeva\/\">KANADAIBA<\/a><\/li>\n<li><a href=\"http:\/\/www.nossacasa.net\/shunya\/rahulata\/\">RAGORATA<\/a><\/li>\n<li><a href=\"http:\/\/www.nossacasa.net\/shunya\/sanghanandi\/\">SOGYANANDAI<\/a><\/li>\n<li><a href=\"http:\/\/www.nossacasa.net\/shunya\/gayashata\/\">KAYSHATA<\/a><\/li>\n<li><a href=\"http:\/\/www.nossacasa.net\/shunya\/kumarata\/\">KUMORATA<\/a><\/li>\n<li><a href=\"http:\/\/www.nossacasa.net\/shunya\/jayata\/\">SHAYATA<\/a><\/li>\n<li><a href=\"http:\/\/www.nossacasa.net\/shunya\/vasubandhu\/\">BASHUBANZU<\/a><\/li>\n<li><a href=\"http:\/\/www.nossacasa.net\/shunya\/manorhita\/\">MANURA<\/a><\/li>\n<li><a href=\"http:\/\/www.nossacasa.net\/shunya\/haklenayasha\/\">KAKUROKUNA<\/a><\/li>\n<li><a href=\"http:\/\/www.nossacasa.net\/shunya\/aryasimha\/\">SHSISHIBODAI<\/a><\/li>\n<li><a href=\"http:\/\/www.nossacasa.net\/shunya\/basiasita\/\">BASHASHITA<\/a><\/li>\n<li><a href=\"http:\/\/www.nossacasa.net\/shunya\/punyamitra\/\">FUNYOMITA <\/a><\/li>\n<li><a href=\"http:\/\/www.nossacasa.net\/shunya\/prajnatara\/\">HANNYATARA <\/a><\/li>\n<\/ol>\n<p><\/font>\n<\/td>\n<td valign=\"top\">\n<font size=\"1\"><\/p>\n<ol type=\"1\" start=\"28\"><b><u>CHINA<\/u><\/b><\/p>\n<li><a href=\"http:\/\/www.nossacasa.net\/shunya\/bodhidharma\/\">BODAIDARUMA<\/a><\/li>\n<li><a href=\"http:\/\/www.nossacasa.net\/shunya\/hui-ko\/\">TAISO EKA<\/a><\/li>\n<li><a href=\"http:\/\/www.nossacasa.net\/shunya\/seng-tsan\/\">KANCHI SOSAN<\/a><\/li>\n<li><a href=\"http:\/\/www.nossacasa.net\/shunya\/tao-hsin\/\">DAII DOSHIN<\/a><\/li>\n<li><a href=\"http:\/\/www.nossacasa.net\/shunya\/hung-jen\/\">DAIMAN KONIN<\/a><\/li>\n<li><a href=\"http:\/\/www.nossacasa.net\/shunya\/hueineng\/\">DAIKAN ENO<\/a><\/li>\n<li><a href=\"http:\/\/www.nossacasa.net\/shunya\/nan-yueh-haui-jang\/\">NAN-YUEH HAUI-JANG<\/a><\/li>\n<li><a href=\"http:\/\/www.nossacasa.net\/shunya\/ma-tsu-tao-i\/\">MA-TSU TAO-I<\/a><\/li>\n<li><a href=\"http:\/\/www.nossacasa.net\/shunya\/pai-chang-huai-huai\/\">PAI CHANG HUAI HUAI<\/a><\/li>\n<li><a href=\"http:\/\/www.nossacasa.net\/shunya\/huang-po\/\">HUANG-PO<\/a><\/li>\n<li><a href=\"http:\/\/www.nossacasa.net\/shunya\/lin-chi\/\">LIN-CHI (RINZAI)<\/a><\/li>\n<li><a href=\"http:\/\/www.nossacasa.net\/shunya\/hsing-hua-tsung-chiang\/\">HSING-HUA TS&#8217;UNG-CHIANG<\/a><\/li>\n<li><a href=\"http:\/\/www.nossacasa.net\/shunya\/nan-yuan-hui-yung\/\">NAN-YUAN HUI-YUNG<\/a><\/li>\n<li><a href=\"http:\/\/www.nossacasa.net\/shunya\/feng-hsueh-yen-chao\/\">FENG-HSUEH YEN-CHAO<\/a><\/li>\n<li><a href=\"http:\/\/www.nossacasa.net\/shunya\/shou-shan-shen-nien\/\">SHOU-SHAN SHEN-NIEN<\/a><\/li>\n<li><a href=\"http:\/\/www.nossacasa.net\/shunya\/fen-yang\/\">FEN YANG SHAN CHAO<\/a><\/li>\n<li><a href=\"http:\/\/www.nossacasa.net\/shunya\/shih-shuang\/\">SHIH-SHUANG<\/a><\/li>\n<li><a href=\"http:\/\/www.nossacasa.net\/shunya\/yang-chi-fang-hui\/\">YANG-CH&#8217;I FANG-HUI<\/a><\/li>\n<li><a href=\"http:\/\/www.nossacasa.net\/shunya\/pai-yun-shou-tuan\/\">PAI-YUN SHOU-TUAN<\/a><\/li>\n<li><a href=\"http:\/\/www.nossacasa.net\/shunya\/wu-tsu-fa-yen\/\">WU-TSU FA-YEN<\/a><\/li>\n<li><a href=\"http:\/\/www.nossacasa.net\/shunya\/yuan-wu\/\">YUAN-WU K&#8217;O-CH&#8217;IN<\/a><\/li>\n<li><a href=\"http:\/\/www.nossacasa.net\/shunya\/hu-chiu\/\">HU-CH&#8217;IU<\/a><\/li>\n<li><a href=\"http:\/\/www.nossacasa.net\/shunya\/ying-an\/\">YING-AN<\/a><\/li>\n<li><a href=\"http:\/\/www.nossacasa.net\/shunya\/mi-an\/\">MI-AN<\/a><\/li>\n<li><a href=\"http:\/\/www.nossacasa.net\/shunya\/sung-yuan\/\">SUNG-YUAN<\/a><\/li>\n<li><a href=\"http:\/\/www.nossacasa.net\/shunya\/yun-an-pu-yen\/\">YUN-AN P&#8217;U-YEN<\/a><\/li>\n<li><a href=\"http:\/\/www.nossacasa.net\/shunya\/hsu-tsang-chih-yu\/\">HSU-T&#8217;SANG CHIH-YU<\/a><\/li>\n<\/ol>\n<p><\/font>\n<\/td>\n<\/tr>\n<tr>\n<\/tr>\n<td valign=\"top\">\n<font size=\"1\"><\/p>\n<ol type=\"1\" start=\"55\"><b><u>JAP\u00c3O<\/u><\/b><\/p>\n<li><a href=\"http:\/\/www.nossacasa.net\/shunya\/shomyo\/\" class=\"broken_link\">SHOMYO<\/a><\/li>\n<li><a href=\"http:\/\/www.nossacasa.net\/shunya\/myocho-shuho\/\">MYOCHO SHUHO<\/a><\/li>\n<li><a href=\"http:\/\/www.nossacasa.net\/shunya\/kanzan-egen\/\">KANZAN EGEN<\/a><\/li>\n<li><a href=\"http:\/\/www.nossacasa.net\/shunya\/juo-sohitsu\/\">JUO SOHITSU<\/a><\/li>\n<li><a href=\"http:\/\/www.nossacasa.net\/shunya\/muin-soin\/\">MUIN SOIN<\/a><\/li>\n<li><a href=\"http:\/\/www.nossacasa.net\/shunya\/tozen-soshin\/\">TOZEN SOSHIN<\/a><\/li>\n<li><a href=\"http:\/\/www.nossacasa.net\/shunya\/toyo-eicho\/\">TOYO EICHO<\/a><\/li>\n<li><a href=\"http:\/\/www.nossacasa.net\/shunya\/youzan-keiyou\/\">YOUZAN KEIYOU<\/a><\/li>\n<li><a href=\"http:\/\/www.nossacasa.net\/shunya\/gudou-tosyoku\/\">GUDOU TOSYOKU<\/a><\/li>\n<li><a href=\"http:\/\/www.nossacasa.net\/shunya\/shidou-bunan\/\">SHIDOU BUNAN<\/a><\/li>\n<li><a href=\"http:\/\/www.nossacasa.net\/shunya\/shoju-rojin\/\">SHOJU ROJIN<\/a><\/li>\n<li><a href=\"http:\/\/www.nossacasa.net\/shunya\/hakuin-ekaku\/\">HAKUIN EKAKU<\/a><\/li>\n<li><a href=\"http:\/\/www.nossacasa.net\/shunya\/gasan-jitou\/\">GASAN JITOU<\/a><\/li>\n<li><a href=\"http:\/\/www.nossacasa.net\/shunya\/takuju-kosen\/\">TAKUJU KOSEN<\/a><\/li>\n<li><a href=\"http:\/\/www.nossacasa.net\/shunya\/myoki-soseki\/\">MYOKI SOSEKI<\/a><\/li>\n<li><a href=\"http:\/\/www.nossacasa.net\/shunya\/karyo-zuika\/\">KARYO ZUIKA<\/a><\/li>\n<li><a href=\"http:\/\/www.nossacasa.net\/shunya\/tankai-gensho\/\">TANKAI GENSHO<\/a><\/li>\n<li><a href=\"http:\/\/www.nossacasa.net\/shunya\/dokutan-sosan\/\">DOKUTAN SOSAN<\/a><\/li>\n<li><a href=\"http:\/\/www.nossacasa.net\/shunya\/mukai-koryo\/\">MUKAI KORYO<\/a><\/li>\n<li><a href=\"http:\/\/www.nossacasa.net\/shunya\/nakamura-taiyu\/\">NAKAMURA TAIYU<\/a><\/li>\n<li><a href=\"http:\/\/www.nossacasa.net\/shunya\/miura-isshu-joten\/\">MIURA JOTEN<\/a><\/li>\n<\/ol>\n<p><\/font><\/td>\n<td valign=\"top\">\n<font size=\"1\"><\/p>\n<ol type=\"1\" start=\"76\"><b><u>OCIDENTE<\/u><\/b><\/p>\n<li><a href=\"http:\/\/www.nossacasa.net\/shunya\/sasaki-joshu-kyozan\/\">JOSHU SASAKI<\/a><\/li>\n<\/ol>\n<p><\/font><\/td>\n<\/table>\n<hr \/>\n<div style=\"text-align:right\"><a href=\"#inicio\">Topo<\/a><\/div>\n<hr \/>\n<\/div>\n<!-- AddThis Advanced Settings generic via filter on the_content --><!-- AddThis Share Buttons generic via filter on the_content -->","protected":false},"excerpt":{"rendered":"<p>Sasaki Joshu Kyozan (1907-2014) Refer\u00eancias Biografia Mt. Baldy Zen Centre Linhagem Refer\u00eancias1 Roshi Sasaki Joshu Kyozan, mestre Rinzai da 11a gera\u00e7\u00e3o desde Hakuin Ekaku, da linhagem de Takuju Kosen, recebeu a transmiss\u00e3o do Dharma de Miura Isshu Joten. Sasaki Joshu &hellip; <a href=\"http:\/\/www.nossacasa.net\/shunya\/sasaki-joshu-kyozan\/\">Continue lendo <span class=\"meta-nav\">&rarr;<\/span><\/a><!-- AddThis Advanced Settings generic via filter on get_the_excerpt --><!-- AddThis Share Buttons generic via filter on get_the_excerpt --><\/p>\n","protected":false},"author":1,"featured_media":3173,"parent":0,"menu_order":0,"comment_status":"closed","ping_status":"closed","template":"","meta":{"footnotes":""},"class_list":["post-3172","page","type-page","status-publish","has-post-thumbnail","hentry"],"_links":{"self":[{"href":"http:\/\/www.nossacasa.net\/shunya\/wp-json\/wp\/v2\/pages\/3172","targetHints":{"allow":["GET"]}}],"collection":[{"href":"http:\/\/www.nossacasa.net\/shunya\/wp-json\/wp\/v2\/pages"}],"about":[{"href":"http:\/\/www.nossacasa.net\/shunya\/wp-json\/wp\/v2\/types\/page"}],"author":[{"embeddable":true,"href":"http:\/\/www.nossacasa.net\/shunya\/wp-json\/wp\/v2\/users\/1"}],"replies":[{"embeddable":true,"href":"http:\/\/www.nossacasa.net\/shunya\/wp-json\/wp\/v2\/comments?post=3172"}],"version-history":[{"count":7,"href":"http:\/\/www.nossacasa.net\/shunya\/wp-json\/wp\/v2\/pages\/3172\/revisions"}],"predecessor-version":[{"id":4474,"href":"http:\/\/www.nossacasa.net\/shunya\/wp-json\/wp\/v2\/pages\/3172\/revisions\/4474"}],"wp:featuredmedia":[{"embeddable":true,"href":"http:\/\/www.nossacasa.net\/shunya\/wp-json\/wp\/v2\/media\/3173"}],"wp:attachment":[{"href":"http:\/\/www.nossacasa.net\/shunya\/wp-json\/wp\/v2\/media?parent=3172"}],"curies":[{"name":"wp","href":"https:\/\/api.w.org\/{rel}","templated":true}]}}