{"id":3270,"date":"2018-05-23T14:05:53","date_gmt":"2018-05-23T16:05:53","guid":{"rendered":"http:\/\/www.nossacasa.net\/shunya\/?page_id=3270"},"modified":"2018-05-23T14:06:17","modified_gmt":"2018-05-23T16:06:17","slug":"joan-sutherlandt","status":"publish","type":"page","link":"http:\/\/www.nossacasa.net\/shunya\/joan-sutherlandt\/","title":{"rendered":"Joan Sutherlandt"},"content":{"rendered":"<p><font face=\"Verdana\" size=\"2\"><\/p>\n<div style=\"text-align:justify\">\n<a name=\"inicio\"><\/a><a href=\"http:\/\/www.nossacasa.net\/shunya\/joan-sutherlandt\/joan-sutherlandt-2\/\" rel=\"attachment wp-att-3272\"><img loading=\"lazy\" decoding=\"async\" src=\"http:\/\/www.nossacasa.net\/shunya\/wp-content\/uploads\/2018\/05\/Joan-Sutherlandt.jpg\" alt=\"\" width=\"209\" height=\"237\" class=\"alignleft size-full wp-image-3272\" \/><\/a><font size=\"4\"><b>Joan Sutherlandt (1954-)<\/b><\/font><br \/>\n<a href=\"#a\"><font size=\"1\">Biografia<\/font><\/a><\/p>\n<p align=center><b><font face=\"tahoma, verdana, arial\" size=4><a name=\"a\">Biografia<\/a><\/font><sup>1<\/sup><\/b><\/p>\n<p>Joan Sutherland \u00e9 detentora da linhagem Zen e o co-fundadora, com John Tarrant, do &#8220;Pacific Zen Institute&#8221;. Ela ensina tamb\u00e9m em &#8220;Springs Mountain Sangha&#8221; no Colorado eno &#8220;Mountain Cloud Zen Center&#8221; em Santa Fe. Ela \u00e9 uma escritora e tradutora de chin\u00eas e japon\u00eas; sua publica\u00e7\u00e3o mais recente \u00e9 &#8220;Body of Radiant Knots&#8221; en &#8220;Being Bodies: Buddhist Women on the Paradox of Embodiment&#8221;, e est\u00e1 trabalhando atualmente com John Tarrant e Domingue Rico no Projeto de Liturgia, um revis\u00e3o de textos e cerimonias Zen. Antes se tornar mestre Zen, ela trabalhou como estudiosa e editora no campo da mitologia arcaica e para organiza\u00e7\u00f5es relacionadas com a viol\u00eancia contra a mulheres e movimentos ambientalistas.<\/p>\n<div style=\"text-align:right\"><a href=\"#inicio\"><font size=\"1\">Topo<\/font><\/a><\/div>\n<hr \/>\n<ol type=\"1\">\n<li><font size=\"1\">Extra\u00eddo do site http:\/\/www.pacificzen.org\/.<\/font><\/li>\n<\/ol>\n<\/div>\n<p><\/font><\/p>\n<hr \/>\n<div style=\"text-align:right\"><a href=\"#inicio\">Topo<\/a><\/div>\n<hr \/>\n<!-- AddThis Advanced Settings generic via filter on the_content --><!-- AddThis Share Buttons generic via filter on the_content -->","protected":false},"excerpt":{"rendered":"<p>Joan Sutherlandt (1954-) Biografia Biografia1 Joan Sutherland \u00e9 detentora da linhagem Zen e o co-fundadora, com John Tarrant, do &#8220;Pacific Zen Institute&#8221;. Ela ensina tamb\u00e9m em &#8220;Springs Mountain Sangha&#8221; no Colorado eno &#8220;Mountain Cloud Zen Center&#8221; em Santa Fe. Ela &hellip; <a href=\"http:\/\/www.nossacasa.net\/shunya\/joan-sutherlandt\/\">Continue lendo <span class=\"meta-nav\">&rarr;<\/span><\/a><!-- AddThis Advanced Settings generic via filter on get_the_excerpt --><!-- AddThis Share Buttons generic via filter on get_the_excerpt --><\/p>\n","protected":false},"author":1,"featured_media":0,"parent":0,"menu_order":0,"comment_status":"closed","ping_status":"closed","template":"","meta":{"footnotes":""},"class_list":["post-3270","page","type-page","status-publish","hentry"],"_links":{"self":[{"href":"http:\/\/www.nossacasa.net\/shunya\/wp-json\/wp\/v2\/pages\/3270","targetHints":{"allow":["GET"]}}],"collection":[{"href":"http:\/\/www.nossacasa.net\/shunya\/wp-json\/wp\/v2\/pages"}],"about":[{"href":"http:\/\/www.nossacasa.net\/shunya\/wp-json\/wp\/v2\/types\/page"}],"author":[{"embeddable":true,"href":"http:\/\/www.nossacasa.net\/shunya\/wp-json\/wp\/v2\/users\/1"}],"replies":[{"embeddable":true,"href":"http:\/\/www.nossacasa.net\/shunya\/wp-json\/wp\/v2\/comments?post=3270"}],"version-history":[{"count":2,"href":"http:\/\/www.nossacasa.net\/shunya\/wp-json\/wp\/v2\/pages\/3270\/revisions"}],"predecessor-version":[{"id":3273,"href":"http:\/\/www.nossacasa.net\/shunya\/wp-json\/wp\/v2\/pages\/3270\/revisions\/3273"}],"wp:attachment":[{"href":"http:\/\/www.nossacasa.net\/shunya\/wp-json\/wp\/v2\/media?parent=3270"}],"curies":[{"name":"wp","href":"https:\/\/api.w.org\/{rel}","templated":true}]}}