{"id":3281,"date":"2018-05-23T14:21:37","date_gmt":"2018-05-23T16:21:37","guid":{"rendered":"http:\/\/www.nossacasa.net\/shunya\/?page_id=3281"},"modified":"2018-05-23T14:24:00","modified_gmt":"2018-05-23T16:24:00","slug":"junpo-denis-kelly","status":"publish","type":"page","link":"http:\/\/www.nossacasa.net\/shunya\/junpo-denis-kelly\/","title":{"rendered":"Junpo Denis Kelly"},"content":{"rendered":"<p><font face=\"Verdana\" size=\"2\"><\/p>\n<div style=\"text-align:justify\">\n<a name=\"inicio\"><\/a><a href=\"http:\/\/www.nossacasa.net\/shunya\/junpo-denis-kelly\/junpo-denis-kelly-2\/\" rel=\"attachment wp-att-3284\"><img loading=\"lazy\" decoding=\"async\" src=\"http:\/\/www.nossacasa.net\/shunya\/wp-content\/uploads\/2018\/05\/Junpo-Denis-Kelly-243x300.png\" alt=\"\" width=\"243\" height=\"300\" class=\"alignleft size-medium wp-image-3284\" srcset=\"http:\/\/www.nossacasa.net\/shunya\/wp-content\/uploads\/2018\/05\/Junpo-Denis-Kelly-243x300.png 243w, http:\/\/www.nossacasa.net\/shunya\/wp-content\/uploads\/2018\/05\/Junpo-Denis-Kelly.png 334w\" sizes=\"auto, (max-width: 243px) 100vw, 243px\" \/><\/a><font size=\"4\"><b>Junpo Denis Kelly (-)<\/b><\/font><br \/>\n<a href=\"#a\"><font size=\"1\">Refer\u00eancias<\/font><\/a><br \/>\n<a href=\"#b\"><font size=\"1\">Linhagem<\/font><\/a><\/p>\n<p align=center><b><font face=\"tahoma, verdana, arial\" size=4><br \/>\n<a name=\"a\">Refer\u00eancias<\/a><\/font><sup>1<\/sup><\/b><\/p>\n<p>Sensei Junpo Denis Kelly,  monge Rinzai da 10<sup>a<\/sup> gera\u00e7\u00e3o desde <a href=\"default.asp?menu=316\" class=\"broken_link\"><font size=\"2\">Hakuin Ekaku<\/font><\/a><\/div>\n<p><\/font>, da linhagem de <a href=\"default.asp?menu=593\" class=\"broken_link\"><font size=\"2\">Takuju Kosen<\/font><\/a>, recebeu a transmiss\u00e3o do Dharma de <a href=\"default.asp?menu=652\" class=\"broken_link\"><font size=\"2\">Eido Shimano<\/font><\/a>.<br \/>\nSensei Junpo Denis Kelly \u00e9 Vice-abade, moge principal e instrutor de Yoga do &#8220;Dai-Bosatsu Zendo&#8221;, Livingston Manor, Nova Iorque.<\/p>\n<hr \/>\n<ol type=\"1\">\n<li><font size=\"1\">Extra\u00eddo de &#8220;Zen Buddhism &#8211; Hakuin School&#8221;<br \/> (www.ciolek.com\/WWWVLPages\/ZenPages\/Hakuin.html).<\/font><\/li>\n<\/ol>\n<hr \/>\n<div style=\"text-align:right\"><a href=\"#inicio\"><font size=\"2\">Topo<\/font><\/a><\/div>\n<hr \/>\n<p><font face=\"Comic Sans MS\" size=\"3\" color=\"#800000\"><a name=\"c\">Linhagem de Takuju Kosen<\/a><\/font><\/p>\n<div style=\"text-align:center\">\n<ol type=\"1\"><b><u>BUTSU<\/u><\/b><\/p>\n<li><a href=\"http:\/\/www.nossacasa.net\/shunya\/buda\/\">BIBASHI<\/a><\/li>\n<li><a href=\"http:\/\/www.nossacasa.net\/shunya\/buda\/\">SHIKI<\/a><\/li>\n<li><a href=\"http:\/\/www.nossacasa.net\/shunya\/buda\/\">BISHAFU<\/a><\/li>\n<li><a href=\"http:\/\/www.nossacasa.net\/shunya\/buda\/\">KURUSON<\/a><\/li>\n<li><a href=\"http:\/\/www.nossacasa.net\/shunya\/buda\/\">KUNAGONMUNI<\/a><\/li>\n<li><a href=\"http:\/\/www.nossacasa.net\/shunya\/buda\/\">KASHO<\/a><\/li>\n<li><a href=\"http:\/\/www.nossacasa.net\/shunya\/buda\/\">XAQUIAMUNI<\/a><\/li>\n<\/ol>\n<\/div>\n<table width=\"100%\" border=\"0\">\n<tr>\n<td valign=\"top\">\n<font size=\"1\"><\/p>\n<ol type=\"1\"><b><u>\u00cdNDIA<\/u><\/b><\/p>\n<li><a href=\"http:\/\/www.nossacasa.net\/shunya\/mahakashyapa\/\">MAKAKASHO<\/a><\/li>\n<li><a href=\"http:\/\/www.nossacasa.net\/shunya\/ananda\/\">ANANDA<\/a><\/li>\n<li><a href=\"http:\/\/www.nossacasa.net\/shunya\/shanavasa\/\">SHONAWASHU<\/a><\/li>\n<li><a href=\"http:\/\/www.nossacasa.net\/shunya\/upagupta\/\">UBAGIKUTA<\/a><\/li>\n<li><a href=\"http:\/\/www.nossacasa.net\/shunya\/dhritaka\/\">DAITAKA<\/a><\/li>\n<li><a href=\"http:\/\/www.nossacasa.net\/shunya\/michaka\/\">MISHAKA<\/a><\/li>\n<li><a href=\"http:\/\/www.nossacasa.net\/shunya\/vasumitra\/\">BASHUMITSU<\/a><\/li>\n<li><a href=\"http:\/\/www.nossacasa.net\/shunya\/buddhananda\/\">BUTSUDANANDAI<\/a><\/li>\n<li><a href=\"http:\/\/www.nossacasa.net\/shunya\/buddhamitra\/\">FUDAMITA<\/a><\/li>\n<li><a href=\"http:\/\/www.nossacasa.net\/shunya\/parshvanatha\/\">BARISHIBA<\/a><\/li>\n<li><a href=\"http:\/\/www.nossacasa.net\/shunya\/punyayashas\/\">FUNAYASHYA<\/a><\/li>\n<li><a href=\"http:\/\/www.nossacasa.net\/shunya\/ashvagosha\/\">ANABOTEI<\/a><\/li>\n<li><a href=\"http:\/\/www.nossacasa.net\/shunya\/kapimala\/\">KABIMORA<\/a><\/li>\n<li><a href=\"http:\/\/www.nossacasa.net\/shunya\/nagarjuna\/\">NAGYAHARAJUNA<\/a><\/li>\n<li><a href=\"http:\/\/www.nossacasa.net\/shunya\/aryadeva\/\">KANADAIBA<\/a><\/li>\n<li><a href=\"http:\/\/www.nossacasa.net\/shunya\/rahulata\/\">RAGORATA<\/a><\/li>\n<li><a href=\"http:\/\/www.nossacasa.net\/shunya\/sanghanandi\/\">SOGYANANDAI<\/a><\/li>\n<li><a href=\"http:\/\/www.nossacasa.net\/shunya\/gayashata\/\">KAYSHATA<\/a><\/li>\n<li><a href=\"http:\/\/www.nossacasa.net\/shunya\/kumarata\/\">KUMORATA<\/a><\/li>\n<li><a href=\"http:\/\/www.nossacasa.net\/shunya\/jayata\/\">SHAYATA<\/a><\/li>\n<li><a href=\"http:\/\/www.nossacasa.net\/shunya\/vasubandhu\/\">BASHUBANZU<\/a><\/li>\n<li><a href=\"http:\/\/www.nossacasa.net\/shunya\/manorhita\/\">MANURA<\/a><\/li>\n<li><a href=\"http:\/\/www.nossacasa.net\/shunya\/haklenayasha\/\">KAKUROKUNA<\/a><\/li>\n<li><a href=\"http:\/\/www.nossacasa.net\/shunya\/aryasimha\/\">SHSISHIBODAI<\/a><\/li>\n<li><a href=\"http:\/\/www.nossacasa.net\/shunya\/basiasita\/\">BASHASHITA<\/a><\/li>\n<li><a href=\"http:\/\/www.nossacasa.net\/shunya\/punyamitra\/\">FUNYOMITA <\/a><\/li>\n<li><a href=\"http:\/\/www.nossacasa.net\/shunya\/prajnatara\/\">HANNYATARA <\/a><\/li>\n<\/ol>\n<p><\/font>\n<\/td>\n<td valign=\"top\">\n<font size=\"1\"><\/p>\n<ol type=\"1\" start=\"28\"><b><u>CHINA<\/u><\/b><\/p>\n<li><a href=\"http:\/\/www.nossacasa.net\/shunya\/bodhidharma\/\">BODAIDARUMA<\/a><\/li>\n<li><a href=\"http:\/\/www.nossacasa.net\/shunya\/hui-ko\/\">TAISO EKA<\/a><\/li>\n<li><a href=\"http:\/\/www.nossacasa.net\/shunya\/seng-tsan\/\">KANCHI SOSAN<\/a><\/li>\n<li><a href=\"http:\/\/www.nossacasa.net\/shunya\/tao-hsin\/\">DAII DOSHIN<\/a><\/li>\n<li><a href=\"http:\/\/www.nossacasa.net\/shunya\/hung-jen\/\">DAIMAN KONIN<\/a><\/li>\n<li><a href=\"http:\/\/www.nossacasa.net\/shunya\/hueineng\/\">DAIKAN ENO<\/a><\/li>\n<li><a href=\"http:\/\/www.nossacasa.net\/shunya\/nan-yueh-haui-jang\/\">NAN-YUEH HAUI-JANG<\/a><\/li>\n<li><a href=\"http:\/\/www.nossacasa.net\/shunya\/ma-tsu-tao-i\/\">MA-TSU TAO-I<\/a><\/li>\n<li><a href=\"http:\/\/www.nossacasa.net\/shunya\/pai-chang-huai-huai\/\">PAI CHANG HUAI HUAI<\/a><\/li>\n<li><a href=\"http:\/\/www.nossacasa.net\/shunya\/huang-po\/\">HUANG-PO<\/a><\/li>\n<li><a href=\"http:\/\/www.nossacasa.net\/shunya\/lin-chi\/\">LIN-CHI (RINZAI)<\/a><\/li>\n<li><a href=\"http:\/\/www.nossacasa.net\/shunya\/hsing-hua-tsung-chiang\/\">HSING-HUA TS&#8217;UNG-CHIANG<\/a><\/li>\n<li><a href=\"http:\/\/www.nossacasa.net\/shunya\/nan-yuan-hui-yung\/\">NAN-YUAN HUI-YUNG<\/a><\/li>\n<li><a href=\"http:\/\/www.nossacasa.net\/shunya\/feng-hsueh-yen-chao\/\">FENG-HSUEH YEN-CHAO<\/a><\/li>\n<li><a href=\"http:\/\/www.nossacasa.net\/shunya\/shou-shan-shen-nien\/\">SHOU-SHAN SHEN-NIEN<\/a><\/li>\n<li><a href=\"http:\/\/www.nossacasa.net\/shunya\/fen-yang\/\">FEN YANG SHAN CHAO<\/a><\/li>\n<li><a href=\"http:\/\/www.nossacasa.net\/shunya\/shih-shuang\/\">SHIH-SHUANG<\/a><\/li>\n<li><a href=\"http:\/\/www.nossacasa.net\/shunya\/yang-chi-fang-hui\/\">YANG-CH&#8217;I FANG-HUI<\/a><\/li>\n<li><a href=\"http:\/\/www.nossacasa.net\/shunya\/pai-yun-shou-tuan\/\">PAI-YUN SHOU-TUAN<\/a><\/li>\n<li><a href=\"http:\/\/www.nossacasa.net\/shunya\/wu-tsu-fa-yen\/\">WU-TSU FA-YEN<\/a><\/li>\n<li><a href=\"http:\/\/www.nossacasa.net\/shunya\/yuan-wu\/\">YUAN-WU K&#8217;O-CH&#8217;IN<\/a><\/li>\n<li><a href=\"http:\/\/www.nossacasa.net\/shunya\/hu-chiu\/\">HU-CH&#8217;IU<\/a><\/li>\n<li><a href=\"http:\/\/www.nossacasa.net\/shunya\/ying-an\/\">YING-AN<\/a><\/li>\n<li><a href=\"http:\/\/www.nossacasa.net\/shunya\/mi-an\/\">MI-AN<\/a><\/li>\n<li><a href=\"http:\/\/www.nossacasa.net\/shunya\/sung-yuan\/\">SUNG-YUAN<\/a><\/li>\n<li><a href=\"http:\/\/www.nossacasa.net\/shunya\/yun-an-pu-yen\/\">YUN-AN P&#8217;U-YEN<\/a><\/li>\n<li><a href=\"http:\/\/www.nossacasa.net\/shunya\/hsu-tsang-chih-yu\/\">HSU-T&#8217;SANG CHIH-YU<\/a><\/li>\n<\/ol>\n<p><\/font>\n<\/td>\n<\/tr>\n<tr>\n<td valign=\"top\">\n<font size=\"1\"><\/p>\n<ol type=\"1\" start=\"55\"><b><u>JAP\u00c3O<\/u><\/b><\/p>\n<li><a href=\"http:\/\/www.nossacasa.net\/shunya\/shomyo\/\" class=\"broken_link\">SHOMYO<\/a><\/li>\n<li><a href=\"http:\/\/www.nossacasa.net\/shunya\/myocho-shuho\/\">MYOCHO SHUHO<\/a><\/li>\n<li><a href=\"http:\/\/www.nossacasa.net\/shunya\/kanzan-egen\/\">KANZAN EGEN<\/a><\/li>\n<li><a href=\"http:\/\/www.nossacasa.net\/shunya\/juo-sohitsu\/\">JUO SOHITSU<\/a><\/li>\n<li><a href=\"http:\/\/www.nossacasa.net\/shunya\/muin-soin\/\">MUIN SOIN<\/a><\/li>\n<li><a href=\"http:\/\/www.nossacasa.net\/shunya\/tozen-soshin\/\">TOZEN SOSHIN<\/a><\/li>\n<li><a href=\"http:\/\/www.nossacasa.net\/shunya\/toyo-eicho\/\">TOYO EICHO<\/a><\/li>\n<li><a href=\"http:\/\/www.nossacasa.net\/shunya\/youzan-keiyou\/\">YOUZAN KEIYOU<\/a><\/li>\n<li><a href=\"http:\/\/www.nossacasa.net\/shunya\/gudou-tosyoku\/\">GUDOU TOSYOKU<\/a><\/li>\n<li><a href=\"http:\/\/www.nossacasa.net\/shunya\/shidou-bunan\/\">SHIDOU BUNAN<\/a><\/li>\n<li><a href=\"http:\/\/www.nossacasa.net\/shunya\/shoju-rojin\/\">SHOJU ROJIN<\/a><\/li>\n<li><a href=\"http:\/\/www.nossacasa.net\/shunya\/hakuin-ekaku\/\">HAKUIN EKAKU<\/a><\/li>\n<li><a href=\"http:\/\/www.nossacasa.net\/shunya\/gasan-jitou\/\">GASAN JITOU<\/a><\/li>\n<li><a href=\"http:\/\/www.nossacasa.net\/shunya\/takuju-kosen\/\">TAKUJU KOSEN<\/a><\/li>\n<li><a href=\"http:\/\/www.nossacasa.net\/shunya\/sozan-genkyo\/\">SOZAN GENKYO<\/a><\/li>\n<li><a href=\"http:\/\/www.nossacasa.net\/shunya\/kasan-zenryyo\/\">KASAN ZENRYYO<\/a><\/li>\n<li><a href=\"http:\/\/www.nossacasa.net\/shunya\/sohan-genho\/\">SOHAN GENHO<\/a><\/li>\n<li><a href=\"http:\/\/www.nossacasa.net\/shunya\/gempo-yamamoto\/\">GEMPO YAMAMOTO<\/a><\/li>\n<li><a href=\"http:\/\/www.nossacasa.net\/shunya\/nakagawa-soen\/\">NAKAGAWA SOEN<\/a><\/li>\n<\/ol>\n<p><\/font><\/td>\n<td valign=\"top\">\n<font size=\"1\"><\/p>\n<ol type=\"1\" start=\"74\"><b><u>OCIDENTE<\/u><\/b><\/p>\n<li><a href=\"http:\/\/www.nossacasa.net\/shunya\/eido-shimano\/\">EIDO SHIMANO<\/a><\/li>\n<li><a href=\"http:\/\/www.nossacasa.net\/shunya\/junpo-denis-kelly\/\">JUNPO KELLY<\/a><\/li>\n<\/ol>\n<p><\/font><\/td>\n<\/tr>\n<\/table>\n<hr \/>\n<div style=\"text-align:right\"><a href=\"#inicio\">Topo<\/a><\/div>\n<hr \/>\n<!-- AddThis Advanced Settings generic via filter on the_content --><!-- AddThis Share Buttons generic via filter on the_content -->","protected":false},"excerpt":{"rendered":"<p>Junpo Denis Kelly (-) Refer\u00eancias Linhagem Refer\u00eancias1 Sensei Junpo Denis Kelly, monge Rinzai da 10a gera\u00e7\u00e3o desde Hakuin Ekaku , da linhagem de Takuju Kosen, recebeu a transmiss\u00e3o do Dharma de Eido Shimano. Sensei Junpo Denis Kelly \u00e9 Vice-abade, moge &hellip; <a href=\"http:\/\/www.nossacasa.net\/shunya\/junpo-denis-kelly\/\">Continue lendo <span class=\"meta-nav\">&rarr;<\/span><\/a><!-- AddThis Advanced Settings generic via filter on get_the_excerpt --><!-- AddThis Share Buttons generic via filter on get_the_excerpt --><\/p>\n","protected":false},"author":1,"featured_media":3284,"parent":0,"menu_order":0,"comment_status":"closed","ping_status":"closed","template":"","meta":{"footnotes":""},"class_list":["post-3281","page","type-page","status-publish","has-post-thumbnail","hentry"],"_links":{"self":[{"href":"http:\/\/www.nossacasa.net\/shunya\/wp-json\/wp\/v2\/pages\/3281","targetHints":{"allow":["GET"]}}],"collection":[{"href":"http:\/\/www.nossacasa.net\/shunya\/wp-json\/wp\/v2\/pages"}],"about":[{"href":"http:\/\/www.nossacasa.net\/shunya\/wp-json\/wp\/v2\/types\/page"}],"author":[{"embeddable":true,"href":"http:\/\/www.nossacasa.net\/shunya\/wp-json\/wp\/v2\/users\/1"}],"replies":[{"embeddable":true,"href":"http:\/\/www.nossacasa.net\/shunya\/wp-json\/wp\/v2\/comments?post=3281"}],"version-history":[{"count":4,"href":"http:\/\/www.nossacasa.net\/shunya\/wp-json\/wp\/v2\/pages\/3281\/revisions"}],"predecessor-version":[{"id":3286,"href":"http:\/\/www.nossacasa.net\/shunya\/wp-json\/wp\/v2\/pages\/3281\/revisions\/3286"}],"wp:featuredmedia":[{"embeddable":true,"href":"http:\/\/www.nossacasa.net\/shunya\/wp-json\/wp\/v2\/media\/3284"}],"wp:attachment":[{"href":"http:\/\/www.nossacasa.net\/shunya\/wp-json\/wp\/v2\/media?parent=3281"}],"curies":[{"name":"wp","href":"https:\/\/api.w.org\/{rel}","templated":true}]}}