{"id":3290,"date":"2018-05-23T14:44:21","date_gmt":"2018-05-23T16:44:21","guid":{"rendered":"http:\/\/www.nossacasa.net\/shunya\/?page_id=3290"},"modified":"2018-05-23T15:39:54","modified_gmt":"2018-05-23T17:39:54","slug":"laren-hogen-bays","status":"publish","type":"page","link":"http:\/\/www.nossacasa.net\/shunya\/laren-hogen-bays\/","title":{"rendered":"Laren Hogen Bays"},"content":{"rendered":"<p><font face=\"Verdana\" size=\"2\"><\/p>\n<div style=\"text-align:justify\">\n<a name=\"inicio\"><img loading=\"lazy\" decoding=\"async\" src=\"imagens\/615.jpg\" border=\"0\" width=\"151\" height=\"251\" align=\"left\" alt=\"Laren Hogen Bays\"\/><font size=\"4\"><b>Laren Hogen Bays (-)<\/b><\/font><\/a><br \/>\n<a href=\"#a\"><font size=\"1\">Biografia<\/font><\/a>\/<a href=\"#b\"><font size=\"1\">Linhagem<\/font><\/a><\/p>\n<p align=center><b><font face=\"tahoma, verdana, arial\" size=4><br \/>\n<a name=\"a\">Biografia<\/a><\/font><sup>1<\/sup><\/b><\/p>\n<p>Laren Hogen Bays, Professor de Zen, come\u00e7ou praticar em 1968 com <a href=\"default.asp?menu=186\" class=\"broken_link\"><font size=\"2\">Roshi Philip Kapleau<\/font><\/a><\/div>\n<p><\/font>. Ele foi ordenado monge Zen por <a href=\"default.asp?menu=221\" class=\"broken_link\"><font size=\"2\">Roshi Hakuyu Taizan Maezumi<\/font><\/a> em 1990. Hogen prosseguiu seus estudos de Zen com <a href=\"default.asp?menu=616\" class=\"broken_link\"><font size=\"2\">Roshi Shodo Harada<\/font><\/a> desde 1990. Hogen \u00e9 um M\u00e9dico Homeop\u00e1tico com mestrado em Psicologia. Ele trabalhou para o &#8220;Oregon Department of Corrections&#8221; por 15 anos.<\/p>\n<p>O ensino de Bays \u00e9 direcionado para cada indiv\u00edduo. Ele usa uma variedade de t\u00e9cnicas de pr\u00e1tica de medita\u00e7\u00e3o, inclusive respira\u00e7\u00e3o, estudo de koan, e outras pr\u00e1ticas que ele e o estudante sentem que s\u00e3o apropriados. <\/p>\n<p>Laren Hogen Bays \u00e9 professor no &#8220;<a href=\"http:\/\/www.zendust.org\/\" target=\"_blank\"><font size=\"2\">Zen Community Oregon<\/font><\/a>&#8220;.<\/p>\n<ol type=\"1\">\n<li><font size=\"1\">Extra\u00eddo de http:\/\/www.zendust.org\/.<\/font><\/li>\n<\/ol>\n<hr \/>\n<div style=\"text-align:right\"><a href=\"#inicio\">Topo<\/a><\/div>\n<hr \/>\n<div style=\"text-align:right\"><a href=\"#inicio\"><font size=\"2\">Topo<\/font><\/a><\/div>\n<p><font face=\"Comic Sans MS\" size=\"3\" color=\"#800000\"><a name=\"b\">Linhagem de Inzan Ien<\/a><\/font><\/p>\n<div style=\"text-align:center\">\n<ol type=\"1\"><b><u>BUTSU<\/u><\/b><\/p>\n<li><a href=\"http:\/\/www.nossacasa.net\/shunya\/buda\/\">BIBASHI<\/a><\/li>\n<li><a href=\"http:\/\/www.nossacasa.net\/shunya\/buda\/\">SHIKI<\/a><\/li>\n<li><a href=\"http:\/\/www.nossacasa.net\/shunya\/buda\/\">BISHAFU<\/a><\/li>\n<li><a href=\"http:\/\/www.nossacasa.net\/shunya\/buda\/\">KURUSON<\/a><\/li>\n<li><a href=\"http:\/\/www.nossacasa.net\/shunya\/buda\/\">KUNAGONMUNI<\/a><\/li>\n<li><a href=\"http:\/\/www.nossacasa.net\/shunya\/buda\/\">KASHO<\/a><\/li>\n<li><a href=\"http:\/\/www.nossacasa.net\/shunya\/buda\/\">XAQUIAMUNI<\/a><\/li>\n<\/ol>\n<\/div>\n<table width=\"100%\" border=\"0\">\n<tr>\n<td valign=\"top\">\n<ol type=\"1\"><b><u>\u00cdNDIA<\/u><\/b><\/p>\n<li><a href=\"http:\/\/www.nossacasa.net\/shunya\/mahakashyapa\/\">MAKAKASHO<\/a><\/li>\n<li><a href=\"http:\/\/www.nossacasa.net\/shunya\/ananda\/\">ANANDA<\/a><\/li>\n<li><a href=\"http:\/\/www.nossacasa.net\/shunya\/shanavasa\/\">SHONAWASHU<\/a><\/li>\n<li><a href=\"http:\/\/www.nossacasa.net\/shunya\/upagupta\/\">UBAGIKUTA<\/a><\/li>\n<li><a href=\"http:\/\/www.nossacasa.net\/shunya\/dhritaka\/\">DAITAKA<\/a><\/li>\n<li><a href=\"http:\/\/www.nossacasa.net\/shunya\/michaka\/\">MISHAKA<\/a><\/li>\n<li><a href=\"http:\/\/www.nossacasa.net\/shunya\/vasumitra\/\">BASHUMITSU<\/a><\/li>\n<li><a href=\"http:\/\/www.nossacasa.net\/shunya\/buddhananda\/\">BUTSUDANANDAI<\/a><\/li>\n<li><a href=\"http:\/\/www.nossacasa.net\/shunya\/buddhamitra\/\">FUDAMITA<\/a><\/li>\n<li><a href=\"http:\/\/www.nossacasa.net\/shunya\/parshvanatha\/\">BARISHIBA<\/a><\/li>\n<li><a href=\"http:\/\/www.nossacasa.net\/shunya\/punyayashas\/\">FUNAYASHYA<\/a><\/li>\n<li><a href=\"http:\/\/www.nossacasa.net\/shunya\/ashvagosha\/\">ANABOTEI<\/a><\/li>\n<li><a href=\"http:\/\/www.nossacasa.net\/shunya\/kapimala\/\">KABIMORA<\/a><\/li>\n<li><a href=\"http:\/\/www.nossacasa.net\/shunya\/nagarjuna\/\">NAGYAHARAJUNA<\/a><\/li>\n<li><a href=\"http:\/\/www.nossacasa.net\/shunya\/aryadeva\/\">KANADAIBA<\/a><\/li>\n<li><a href=\"http:\/\/www.nossacasa.net\/shunya\/rahulata\/\">RAGORATA<\/a><\/li>\n<li><a href=\"http:\/\/www.nossacasa.net\/shunya\/sanghanandi\/\">SOGYANANDAI<\/a><\/li>\n<li><a href=\"http:\/\/www.nossacasa.net\/shunya\/gayashata\/\">KAYSHATA<\/a><\/li>\n<li><a href=\"http:\/\/www.nossacasa.net\/shunya\/kumarata\/\">KUMORATA<\/a><\/li>\n<li><a href=\"http:\/\/www.nossacasa.net\/shunya\/jayata\/\">SHAYATA<\/a><\/li>\n<li><a href=\"http:\/\/www.nossacasa.net\/shunya\/vasubandhu\/\">BASHUBANZU<\/a><\/li>\n<li><a href=\"http:\/\/www.nossacasa.net\/shunya\/manorhita\/\">MANURA<\/a><\/li>\n<li><a href=\"http:\/\/www.nossacasa.net\/shunya\/haklenayasha\/\">KAKUROKUNA<\/a><\/li>\n<li><a href=\"http:\/\/www.nossacasa.net\/shunya\/aryasimha\/\">SHSISHIBODAI<\/a><\/li>\n<li><a href=\"http:\/\/www.nossacasa.net\/shunya\/basiasita\/\">BASHASHITA<\/a><\/li>\n<li><a href=\"http:\/\/www.nossacasa.net\/shunya\/punyamitra\/\">FUNYOMITA <\/a><\/li>\n<li><a href=\"http:\/\/www.nossacasa.net\/shunya\/prajnatara\/\">HANNYATARA <\/a><\/li>\n<\/ol>\n<\/td>\n<td valign=\"top\">\n<ol type=\"1\" start=\"28\"><b><u>CHINA<\/u><\/b><\/p>\n<li><a href=\"http:\/\/www.nossacasa.net\/shunya\/bodhidharma\/\">BODAIDARUMA<\/a><\/li>\n<li><a href=\"http:\/\/www.nossacasa.net\/shunya\/hui-ko\/\">TAISO EKA<\/a><\/li>\n<li><a href=\"http:\/\/www.nossacasa.net\/shunya\/seng-tsan\/\">KANCHI SOSAN<\/a><\/li>\n<li><a href=\"http:\/\/www.nossacasa.net\/shunya\/tao-hsin\/\">DAII DOSHIN<\/a><\/li>\n<li><a href=\"http:\/\/www.nossacasa.net\/shunya\/hung-jen\/\">DAIMAN KONIN<\/a><\/li>\n<li><a href=\"http:\/\/www.nossacasa.net\/shunya\/hueineng\/\">DAIKAN ENO<\/a><\/li>\n<li><a href=\"http:\/\/www.nossacasa.net\/shunya\/nan-yueh-haui-jang\/\">NAN-YUEH HAUI-JANG<\/a><\/li>\n<li><a href=\"http:\/\/www.nossacasa.net\/shunya\/ma-tsu-tao-i\/\">MA-TSU TAO-I<\/a><\/li>\n<li><a href=\"http:\/\/www.nossacasa.net\/shunya\/pai-chang-huai-huai\/\">PAI CHANG HUAI HUAI<\/a><\/li>\n<li><a href=\"http:\/\/www.nossacasa.net\/shunya\/huang-po\/\">HUANG-PO<\/a><\/li>\n<li><a href=\"http:\/\/www.nossacasa.net\/shunya\/lin-chi\/\">LIN-CHI (RINZAI)<\/a><\/li>\n<li><a href=\"http:\/\/www.nossacasa.net\/shunya\/hsing-hua-tsung-chiang\/\">HSING-HUA TS&#8217;UNG-CHIANG<\/a><\/li>\n<li><a href=\"http:\/\/www.nossacasa.net\/shunya\/nan-yuan-hui-yung\/\">NAN-YUAN HUI-YUNG<\/a><\/li>\n<li><a href=\"http:\/\/www.nossacasa.net\/shunya\/feng-hsueh-yen-chao\/\">FENG-HSUEH YEN-CHAO<\/a><\/li>\n<li><a href=\"http:\/\/www.nossacasa.net\/shunya\/shou-shan-shen-nien\/\">SHOU-SHAN SHEN-NIEN<\/a><\/li>\n<li><a href=\"http:\/\/www.nossacasa.net\/shunya\/fen-yang\/\">FEN YANG SHAN CHAO<\/a><\/li>\n<li><a href=\"http:\/\/www.nossacasa.net\/shunya\/shih-shuang\/\">SHIH-SHUANG<\/a><\/li>\n<li><a href=\"http:\/\/www.nossacasa.net\/shunya\/yang-chi-fang-hui\/\">YANG-CH&#8217;I FANG-HUI<\/a><\/li>\n<li><a href=\"http:\/\/www.nossacasa.net\/shunya\/pai-yun-shou-tuan\/\">PAI-YUN SHOU-TUAN<\/a><\/li>\n<li><a href=\"http:\/\/www.nossacasa.net\/shunya\/wu-tsu-fa-yen\/\">WU-TSU FA-YEN<\/a><\/li>\n<li><a href=\"http:\/\/www.nossacasa.net\/shunya\/yuan-wu\/\">YUAN-WU K&#8217;O-CH&#8217;IN<\/a><\/li>\n<li><a href=\"http:\/\/www.nossacasa.net\/shunya\/hu-chiu\/\">HU-CH&#8217;IU<\/a><\/li>\n<li><a href=\"http:\/\/www.nossacasa.net\/shunya\/ying-an\/\">YING-AN<\/a><\/li>\n<li><a href=\"http:\/\/www.nossacasa.net\/shunya\/mi-an\/\">MI-AN<\/a><\/li>\n<li><a href=\"http:\/\/www.nossacasa.net\/shunya\/sung-yuan\/\">SUNG-YUAN<\/a><\/li>\n<li><a href=\"http:\/\/www.nossacasa.net\/shunya\/yun-an-pu-yen\/\">YUN-AN P&#8217;U-YEN<\/a><\/li>\n<li><a href=\"http:\/\/www.nossacasa.net\/shunya\/hsu-tsang-chih-yu\/\">HSU-T&#8217;SANG CHIH-YU<\/a><\/li>\n<\/ol>\n<\/td>\n<\/tr>\n<tr>\n<td valign=\"top\">\n<ol type=\"1\" start=\"55\"><b><u>JAP\u00c3O<\/u><\/b><\/p>\n<li><a href=\"http:\/\/www.nossacasa.net\/shunya\/shomyo\/\" class=\"broken_link\">SHOMYO<\/a><\/li>\n<li><a href=\"http:\/\/www.nossacasa.net\/shunya\/myocho-shuho\/\">MYOCHO SHUHO<\/a><\/li>\n<li><a href=\"http:\/\/www.nossacasa.net\/shunya\/kanzan-egen\/\">KANZAN EGEN<\/a><\/li>\n<li><a href=\"http:\/\/www.nossacasa.net\/shunya\/juo-sohitsu\/\">JUO SOHITSU<\/a><\/li>\n<li><a href=\"http:\/\/www.nossacasa.net\/shunya\/muin-soin\/\">MUIN SOIN<\/a><\/li>\n<li><a href=\"http:\/\/www.nossacasa.net\/shunya\/tozen-soshin\/\">TOZEN SOSHIN<\/a><\/li>\n<li><a href=\"http:\/\/www.nossacasa.net\/shunya\/toyo-eicho\/\">TOYO EICHO<\/a><\/li>\n<li><a href=\"http:\/\/www.nossacasa.net\/shunya\/youzan-keiyou\/\">YOUZAN KEIYOU<\/a><\/li>\n<li><a href=\"http:\/\/www.nossacasa.net\/shunya\/gudou-tosyoku\/\">GUDOU TOSYOKU<\/a><\/li>\n<li><a href=\"http:\/\/www.nossacasa.net\/shunya\/shidou-bunan\/\">SHIDOU BUNAN<\/a><\/li>\n<li><a href=\"http:\/\/www.nossacasa.net\/shunya\/shoju-rojin\/\">SHOJU ROJIN<\/a><\/li>\n<li><a href=\"http:\/\/www.nossacasa.net\/shunya\/hakuin-ekaku\/\">HAKUIN EKAKU<\/a><\/li>\n<li><a href=\"http:\/\/www.nossacasa.net\/shunya\/gasan-jitou\/\">GASAN JITOU<\/a><\/li>\n<li><a href=\"http:\/\/www.nossacasa.net\/shunya\/inzan-ien\/\">INZAN IEN<\/a><\/li>\n<li><a href=\"http:\/\/www.nossacasa.net\/shunya\/taigen-gisan\/\">TAIGEN SHIGEN<\/a><\/li>\n<li><a href=\"http:\/\/www.nossacasa.net\/shunya\/gisan-zenrai\/\">GISAN ZENRAI<\/a><\/li>\n<li><a href=\"http:\/\/www.nossacasa.net\/shunya\/giboku-tekisui\/\">GIBOKU TEKISUI<\/a><\/li>\n<li><a href=\"http:\/\/www.nossacasa.net\/shunya\/ryoen-genseki\/\">RYOEN GENSEKI<\/a><\/li>\n<li><a href=\"http:\/\/www.nossacasa.net\/shunya\/seisetsu-genjo-seki\/\">SEISETSU GENJO<\/a><\/li>\n<li><a href=\"http:\/\/www.nossacasa.net\/shunya\/yamada-mumon\/\">YAMADA MUMON<\/a><\/li>\n<li><a href=\"http:\/\/www.nossacasa.net\/shunya\/harada-shodo\/\">HARADA SHODO<\/a><\/li>\n<\/ol>\n<\/td>\n<td valign=\"top\">\n<font size=\"1\"><\/p>\n<ol type=\"1\" start=\"76\"><b><u>OCIDENTE<\/u><\/b><\/p>\n<li><a href=\"http:\/\/www.nossacasa.net\/shunya\/laren-hogen-bays\/\">LAREN HOGEN<\/a><\/li>\n<\/ol>\n<p><\/font><\/td>\n<\/tr>\n<\/table>\n<hr \/>\n<div style=\"text-align:right\"><a href=\"#inicio\">Topo<\/a><\/div>\n<hr \/>\n<!-- AddThis Advanced Settings generic via filter on the_content --><!-- AddThis Share Buttons generic via filter on the_content -->","protected":false},"excerpt":{"rendered":"<p>Laren Hogen Bays (-) Biografia\/Linhagem Biografia1 Laren Hogen Bays, Professor de Zen, come\u00e7ou praticar em 1968 com Roshi Philip Kapleau . Ele foi ordenado monge Zen por Roshi Hakuyu Taizan Maezumi em 1990. Hogen prosseguiu seus estudos de Zen com &hellip; <a href=\"http:\/\/www.nossacasa.net\/shunya\/laren-hogen-bays\/\">Continue lendo <span class=\"meta-nav\">&rarr;<\/span><\/a><!-- AddThis Advanced Settings generic via filter on get_the_excerpt --><!-- AddThis Share Buttons generic via filter on get_the_excerpt --><\/p>\n","protected":false},"author":1,"featured_media":0,"parent":0,"menu_order":0,"comment_status":"closed","ping_status":"closed","template":"","meta":{"footnotes":""},"class_list":["post-3290","page","type-page","status-publish","hentry"],"_links":{"self":[{"href":"http:\/\/www.nossacasa.net\/shunya\/wp-json\/wp\/v2\/pages\/3290","targetHints":{"allow":["GET"]}}],"collection":[{"href":"http:\/\/www.nossacasa.net\/shunya\/wp-json\/wp\/v2\/pages"}],"about":[{"href":"http:\/\/www.nossacasa.net\/shunya\/wp-json\/wp\/v2\/types\/page"}],"author":[{"embeddable":true,"href":"http:\/\/www.nossacasa.net\/shunya\/wp-json\/wp\/v2\/users\/1"}],"replies":[{"embeddable":true,"href":"http:\/\/www.nossacasa.net\/shunya\/wp-json\/wp\/v2\/comments?post=3290"}],"version-history":[{"count":11,"href":"http:\/\/www.nossacasa.net\/shunya\/wp-json\/wp\/v2\/pages\/3290\/revisions"}],"predecessor-version":[{"id":3337,"href":"http:\/\/www.nossacasa.net\/shunya\/wp-json\/wp\/v2\/pages\/3290\/revisions\/3337"}],"wp:attachment":[{"href":"http:\/\/www.nossacasa.net\/shunya\/wp-json\/wp\/v2\/media?parent=3290"}],"curies":[{"name":"wp","href":"https:\/\/api.w.org\/{rel}","templated":true}]}}