{"id":3294,"date":"2018-05-23T14:51:57","date_gmt":"2018-05-23T16:51:57","guid":{"rendered":"http:\/\/www.nossacasa.net\/shunya\/?page_id=3294"},"modified":"2018-05-28T16:06:11","modified_gmt":"2018-05-28T18:06:11","slug":"taigen-gisan","status":"publish","type":"page","link":"http:\/\/www.nossacasa.net\/shunya\/taigen-gisan\/","title":{"rendered":"Taigen Gisan"},"content":{"rendered":"<p><font face=\"Verdana\" size=\"2\"><\/p>\n<div style=\"text-align:justify\">\n<a name=\"inicio\"><\/a><a href=\"http:\/\/www.nossacasa.net\/shunya\/?attachment_id=3295\" rel=\"attachment wp-att-3295\"><img loading=\"lazy\" decoding=\"async\" src=\"http:\/\/www.nossacasa.net\/shunya\/wp-content\/uploads\/2018\/05\/Taigen-Gisan.jpg\" alt=\"\" width=\"291\" height=\"173\" class=\"alignleft size-full wp-image-3295\" \/><\/a><font size=\"4\"><b>Taigen Gisan (1768-1837)<\/b><\/font><br \/>\n<a href=\"#a\">Refer\u00eancias<\/a><br \/>\n<a href=\"#b\">Linhagem<\/a><\/p>\n<p align=center><b><font face=\"tahoma, verdana, arial\" size=4><a name=\"a\">Refer\u00eancias<\/a><\/font><sup>1<\/sup><\/b><\/p>\n<p>Roshi Taigen Gisan (Taigen Shigen), mestre Rinzai da 4<sup>a.<\/sup> gera\u00e7\u00e3o desde  <a href=\"http:\/\/www.nossacasa.net\/shunya\/hakuin-ekaku\/\">Hakuin Ekaku<\/a>,  foi sucessor do Dharma de <a href=\"http:\/\/www.nossacasa.net\/shunya\/inzan-ien\/\">Inzan Ien<\/a>.<\/p>\n<p>Nos anos 20, foi Abade do templo Tenryu-ji, Jap\u00e3o.<\/p>\n<p>Roshi Taigen Gisan transmitiu o Dharma para:<\/p>\n<ol type=\"1\">\n<li><a href=\"http:\/\/www.nossacasa.net\/shunya\/gisan-zenrai\/\">Gisan Zenrai (1802-1878)<\/a><\/li>\n<li><a href=\"http:\/\/764\" class=\"broken_link\">Shoen Daisetsu, Daisetsu Jo&#8217;en, Daisetsu So&#8217;en (1797-1855)<\/a><\/li>\n<li>Etan Daishin (1792-1870)<\/li>\n<\/ol>\n<div style=\"text-align:right\"><a href=\"#inicio\">Topo<\/a><\/div>\n<hr \/>\n<ol type=\"1\">\nFontes:<\/p>\n<li>&#8220;Zen Buddhism &#8211; Hakuin School&#8221; www.ciolek.com\/WWWVLPages\/ZenPages\/Hakuin.html<\/li>\n<li>http:\/\/www.kaihan.com\/.<\/li>\n<\/ol>\n<hr \/>\n<div style=\"text-align:right\"><a href=\"#inicio\">Topo<\/a><\/div>\n<hr \/>\n<div style=\"text-align:right\"><a href=\"#inicio\">Topo<\/a><\/div>\n<p><font face=\"Comic Sans MS\" size=\"3\" color=\"#800000\"><a name=\"b\">Linhagem de Inzan Ien<\/a><\/font><\/p>\n<div style=\"text-align:center\">\n<ol type=\"1\"><b><u>BUTSU<\/u><\/b><\/p>\n<li><a href=\"http:\/\/www.nossacasa.net\/shunya\/buda\/\">BIBASHI<\/a><\/li>\n<li><a href=\"http:\/\/www.nossacasa.net\/shunya\/buda\/\">SHIKI<\/a><\/li>\n<li><a href=\"http:\/\/www.nossacasa.net\/shunya\/buda\/\">BISHAFU<\/a><\/li>\n<li><a href=\"http:\/\/www.nossacasa.net\/shunya\/buda\/\">KURUSON<\/a><\/li>\n<li><a href=\"http:\/\/www.nossacasa.net\/shunya\/buda\/\">KUNAGONMUNI<\/a><\/li>\n<li><a href=\"http:\/\/www.nossacasa.net\/shunya\/buda\/\">KASHO<\/a><\/li>\n<li><a href=\"http:\/\/www.nossacasa.net\/shunya\/buda\/\">XAQUIAMUNI<\/a><\/li>\n<\/ol>\n<\/div>\n<table width=\"100%\" border=\"0\">\n<tr>\n<td valign=\"top\">\n<ol type=\"1\"><b><u>\u00cdNDIA<\/u><\/b><\/p>\n<li><a href=\"http:\/\/www.nossacasa.net\/shunya\/mahakashyapa\/\">MAKAKASHO<\/a><\/li>\n<li><a href=\"http:\/\/www.nossacasa.net\/shunya\/ananda\/\">ANANDA<\/a><\/li>\n<li><a href=\"http:\/\/www.nossacasa.net\/shunya\/shanavasa\/\">SHONAWASHU<\/a><\/li>\n<li><a href=\"http:\/\/www.nossacasa.net\/shunya\/upagupta\/\">UBAGIKUTA<\/a><\/li>\n<li><a href=\"http:\/\/www.nossacasa.net\/shunya\/dhritaka\/\">DAITAKA<\/a><\/li>\n<li><a href=\"http:\/\/www.nossacasa.net\/shunya\/michaka\/\">MISHAKA<\/a><\/li>\n<li><a href=\"http:\/\/www.nossacasa.net\/shunya\/vasumitra\/\">BASHUMITSU<\/a><\/li>\n<li><a href=\"http:\/\/www.nossacasa.net\/shunya\/buddhananda\/\">BUTSUDANANDAI<\/a><\/li>\n<li><a href=\"http:\/\/www.nossacasa.net\/shunya\/buddhamitra\/\">FUDAMITA<\/a><\/li>\n<li><a href=\"http:\/\/www.nossacasa.net\/shunya\/parshvanatha\/\">BARISHIBA<\/a><\/li>\n<li><a href=\"http:\/\/www.nossacasa.net\/shunya\/punyayashas\/\">FUNAYASHYA<\/a><\/li>\n<li><a href=\"http:\/\/www.nossacasa.net\/shunya\/ashvagosha\/\">ANABOTEI<\/a><\/li>\n<li><a href=\"http:\/\/www.nossacasa.net\/shunya\/kapimala\/\">KABIMORA<\/a><\/li>\n<li><a href=\"http:\/\/www.nossacasa.net\/shunya\/nagarjuna\/\">NAGYAHARAJUNA<\/a><\/li>\n<li><a href=\"http:\/\/www.nossacasa.net\/shunya\/aryadeva\/\">KANADAIBA<\/a><\/li>\n<li><a href=\"http:\/\/www.nossacasa.net\/shunya\/rahulata\/\">RAGORATA<\/a><\/li>\n<li><a href=\"http:\/\/www.nossacasa.net\/shunya\/sanghanandi\/\">SOGYANANDAI<\/a><\/li>\n<li><a href=\"http:\/\/www.nossacasa.net\/shunya\/gayashata\/\">KAYSHATA<\/a><\/li>\n<li><a href=\"http:\/\/www.nossacasa.net\/shunya\/kumarata\/\">KUMORATA<\/a><\/li>\n<li><a href=\"http:\/\/www.nossacasa.net\/shunya\/jayata\/\">SHAYATA<\/a><\/li>\n<li><a href=\"http:\/\/www.nossacasa.net\/shunya\/vasubandhu\/\">BASHUBANZU<\/a><\/li>\n<li><a href=\"http:\/\/www.nossacasa.net\/shunya\/manorhita\/\">MANURA<\/a><\/li>\n<li><a href=\"http:\/\/www.nossacasa.net\/shunya\/haklenayasha\/\">KAKUROKUNA<\/a><\/li>\n<li><a href=\"http:\/\/www.nossacasa.net\/shunya\/aryasimha\/\">SHSISHIBODAI<\/a><\/li>\n<li><a href=\"http:\/\/www.nossacasa.net\/shunya\/basiasita\/\">BASHASHITA<\/a><\/li>\n<li><a href=\"http:\/\/www.nossacasa.net\/shunya\/punyamitra\/\">FUNYOMITA <\/a><\/li>\n<li><a href=\"http:\/\/www.nossacasa.net\/shunya\/prajnatara\/\">HANNYATARA <\/a><\/li>\n<\/ol>\n<\/td>\n<td valign=\"top\">\n<ol type=\"1\" start=\"28\"><b><u>CHINA<\/u><\/b><\/p>\n<li><a href=\"http:\/\/www.nossacasa.net\/shunya\/bodhidharma\/\">BODAIDARUMA<\/a><\/li>\n<li><a href=\"http:\/\/www.nossacasa.net\/shunya\/hui-ko\/\">TAISO EKA<\/a><\/li>\n<li><a href=\"http:\/\/www.nossacasa.net\/shunya\/seng-tsan\/\">KANCHI SOSAN<\/a><\/li>\n<li><a href=\"http:\/\/www.nossacasa.net\/shunya\/tao-hsin\/\">DAII DOSHIN<\/a><\/li>\n<li><a href=\"http:\/\/www.nossacasa.net\/shunya\/hung-jen\/\">DAIMAN KONIN<\/a><\/li>\n<li><a href=\"http:\/\/www.nossacasa.net\/shunya\/hueineng\/\">DAIKAN ENO<\/a><\/li>\n<li><a href=\"http:\/\/www.nossacasa.net\/shunya\/nan-yueh-haui-jang\/\">NAN-YUEH HAUI-JANG<\/a><\/li>\n<li><a href=\"http:\/\/www.nossacasa.net\/shunya\/ma-tsu-tao-i\/\">MA-TSU TAO-I<\/a><\/li>\n<li><a href=\"http:\/\/www.nossacasa.net\/shunya\/pai-chang-huai-huai\/\">PAI CHANG HUAI HUAI<\/a><\/li>\n<li><a href=\"http:\/\/www.nossacasa.net\/shunya\/huang-po\/\">HUANG-PO<\/a><\/li>\n<li><a href=\"http:\/\/www.nossacasa.net\/shunya\/lin-chi\/\">LIN-CHI (RINZAI)<\/a><\/li>\n<li><a href=\"http:\/\/www.nossacasa.net\/shunya\/hsing-hua-tsung-chiang\/\">HSING-HUA TS&#8217;UNG-CHIANG<\/a><\/li>\n<li><a href=\"http:\/\/www.nossacasa.net\/shunya\/nan-yuan-hui-yung\/\">NAN-YUAN HUI-YUNG<\/a><\/li>\n<li><a href=\"http:\/\/www.nossacasa.net\/shunya\/feng-hsueh-yen-chao\/\">FENG-HSUEH YEN-CHAO<\/a><\/li>\n<li><a href=\"http:\/\/www.nossacasa.net\/shunya\/shou-shan-shen-nien\/\">SHOU-SHAN SHEN-NIEN<\/a><\/li>\n<li><a href=\"http:\/\/www.nossacasa.net\/shunya\/fen-yang\/\">FEN YANG SHAN CHAO<\/a><\/li>\n<li><a href=\"http:\/\/www.nossacasa.net\/shunya\/shih-shuang\/\">SHIH-SHUANG<\/a><\/li>\n<li><a href=\"http:\/\/www.nossacasa.net\/shunya\/yang-chi-fang-hui\/\">YANG-CH&#8217;I FANG-HUI<\/a><\/li>\n<li><a href=\"http:\/\/www.nossacasa.net\/shunya\/pai-yun-shou-tuan\/\">PAI-YUN SHOU-TUAN<\/a><\/li>\n<li><a href=\"http:\/\/www.nossacasa.net\/shunya\/wu-tsu-fa-yen\/\">WU-TSU FA-YEN<\/a><\/li>\n<li><a href=\"http:\/\/www.nossacasa.net\/shunya\/yuan-wu\/\">YUAN-WU K&#8217;O-CH&#8217;IN<\/a><\/li>\n<li><a href=\"http:\/\/www.nossacasa.net\/shunya\/hu-chiu\/\">HU-CH&#8217;IU<\/a><\/li>\n<li><a href=\"http:\/\/www.nossacasa.net\/shunya\/ying-an\/\">YING-AN<\/a><\/li>\n<li><a href=\"http:\/\/www.nossacasa.net\/shunya\/mi-an\/\">MI-AN<\/a><\/li>\n<li><a href=\"http:\/\/www.nossacasa.net\/shunya\/sung-yuan\/\">SUNG-YUAN<\/a><\/li>\n<li><a href=\"http:\/\/www.nossacasa.net\/shunya\/yun-an-pu-yen\/\">YUN-AN P&#8217;U-YEN<\/a><\/li>\n<li><a href=\"http:\/\/www.nossacasa.net\/shunya\/hsu-tsang-chih-yu\/\">HSU-T&#8217;SANG CHIH-YU<\/a><\/li>\n<\/ol>\n<\/td>\n<\/tr>\n<tr>\n<td valign=\"top\">\n<ol type=\"1\" start=\"55\"><b><u>JAP\u00c3O<\/u><\/b><\/p>\n<li><a href=\"http:\/\/www.nossacasa.net\/shunya\/shomyo\/\" class=\"broken_link\">SHOMYO<\/a><\/li>\n<li><a href=\"http:\/\/www.nossacasa.net\/shunya\/myocho-shuho\/\">MYOCHO SHUHO<\/a><\/li>\n<li><a href=\"http:\/\/www.nossacasa.net\/shunya\/kanzan-egen\/\">KANZAN EGEN<\/a><\/li>\n<li><a href=\"http:\/\/www.nossacasa.net\/shunya\/juo-sohitsu\/\">JUO SOHITSU<\/a><\/li>\n<li><a href=\"http:\/\/www.nossacasa.net\/shunya\/muin-soin\/\">MUIN SOIN<\/a><\/li>\n<li><a href=\"http:\/\/www.nossacasa.net\/shunya\/tozen-soshin\/\">TOZEN SOSHIN<\/a><\/li>\n<li><a href=\"http:\/\/www.nossacasa.net\/shunya\/toyo-eicho\/\">TOYO EICHO<\/a><\/li>\n<li><a href=\"http:\/\/www.nossacasa.net\/shunya\/youzan-keiyou\/\">YOUZAN KEIYOU<\/a><\/li>\n<li><a href=\"http:\/\/www.nossacasa.net\/shunya\/gudou-tosyoku\/\">GUDOU TOSYOKU<\/a><\/li>\n<li><a href=\"http:\/\/www.nossacasa.net\/shunya\/shidou-bunan\/\">SHIDOU BUNAN<\/a><\/li>\n<li><a href=\"http:\/\/www.nossacasa.net\/shunya\/shoju-rojin\/\">SHOJU ROJIN<\/a><\/li>\n<li><a href=\"http:\/\/www.nossacasa.net\/shunya\/hakuin-ekaku\/\">HAKUIN EKAKU<\/a><\/li>\n<li><a href=\"http:\/\/www.nossacasa.net\/shunya\/gasan-jitou\/\">GASAN JITOU<\/a><\/li>\n<li><a href=\"http:\/\/www.nossacasa.net\/shunya\/inzan-ien\/\">INZAN IEN<\/a><\/li>\n<li><a href=\"http:\/\/www.nossacasa.net\/shunya\/taigen-gisan\/\">TAIGEN SHIGEN<\/a><\/li>\n<\/ol>\n<\/td>\n<\/tr>\n<\/table>\n<hr \/>\n<div style=\"text-align:right\"><a href=\"#inicio\">Topo<\/a><\/div>\n<hr \/>\n<\/div>\n<p><\/font><\/p>\n<!-- AddThis Advanced Settings generic via filter on the_content --><!-- AddThis Share Buttons generic via filter on the_content -->","protected":false},"excerpt":{"rendered":"<p>Taigen Gisan (1768-1837) Refer\u00eancias Linhagem Refer\u00eancias1 Roshi Taigen Gisan (Taigen Shigen), mestre Rinzai da 4a. gera\u00e7\u00e3o desde Hakuin Ekaku, foi sucessor do Dharma de Inzan Ien. Nos anos 20, foi Abade do templo Tenryu-ji, Jap\u00e3o. Roshi Taigen Gisan transmitiu o &hellip; <a href=\"http:\/\/www.nossacasa.net\/shunya\/taigen-gisan\/\">Continue lendo <span class=\"meta-nav\">&rarr;<\/span><\/a><!-- AddThis Advanced Settings generic via filter on get_the_excerpt --><!-- AddThis Share Buttons generic via filter on get_the_excerpt --><\/p>\n","protected":false},"author":1,"featured_media":3295,"parent":0,"menu_order":0,"comment_status":"closed","ping_status":"closed","template":"","meta":{"footnotes":""},"class_list":["post-3294","page","type-page","status-publish","has-post-thumbnail","hentry"],"_links":{"self":[{"href":"http:\/\/www.nossacasa.net\/shunya\/wp-json\/wp\/v2\/pages\/3294","targetHints":{"allow":["GET"]}}],"collection":[{"href":"http:\/\/www.nossacasa.net\/shunya\/wp-json\/wp\/v2\/pages"}],"about":[{"href":"http:\/\/www.nossacasa.net\/shunya\/wp-json\/wp\/v2\/types\/page"}],"author":[{"embeddable":true,"href":"http:\/\/www.nossacasa.net\/shunya\/wp-json\/wp\/v2\/users\/1"}],"replies":[{"embeddable":true,"href":"http:\/\/www.nossacasa.net\/shunya\/wp-json\/wp\/v2\/comments?post=3294"}],"version-history":[{"count":6,"href":"http:\/\/www.nossacasa.net\/shunya\/wp-json\/wp\/v2\/pages\/3294\/revisions"}],"predecessor-version":[{"id":4443,"href":"http:\/\/www.nossacasa.net\/shunya\/wp-json\/wp\/v2\/pages\/3294\/revisions\/4443"}],"wp:featuredmedia":[{"embeddable":true,"href":"http:\/\/www.nossacasa.net\/shunya\/wp-json\/wp\/v2\/media\/3295"}],"wp:attachment":[{"href":"http:\/\/www.nossacasa.net\/shunya\/wp-json\/wp\/v2\/media?parent=3294"}],"curies":[{"name":"wp","href":"https:\/\/api.w.org\/{rel}","templated":true}]}}