{"id":3317,"date":"2018-05-23T15:24:36","date_gmt":"2018-05-23T17:24:36","guid":{"rendered":"http:\/\/www.nossacasa.net\/shunya\/?page_id=3317"},"modified":"2018-05-28T15:18:16","modified_gmt":"2018-05-28T17:18:16","slug":"seisetsu-genjo-seki","status":"publish","type":"page","link":"http:\/\/www.nossacasa.net\/shunya\/seisetsu-genjo-seki\/","title":{"rendered":"Seisetsu Genjo Seki"},"content":{"rendered":"<div style=\"text-align:justify\"><font face=\"Verdana\" size=\"2\"><br \/>\n<a name=\"inicio\"><font size=\"4\"><a href=\"http:\/\/www.nossacasa.net\/shunya\/seisetsu-genjo-seki\/seisetsu-genjo-seki-2\/\" rel=\"attachment wp-att-3319\"><img loading=\"lazy\" decoding=\"async\" src=\"http:\/\/www.nossacasa.net\/shunya\/wp-content\/uploads\/2018\/05\/Seisetsu-Genjo-Seki.jpg\" alt=\"\" width=\"220\" height=\"277\" class=\"alignleft size-full wp-image-3319\" \/><\/a><b>Seisetsu Genjo Seki (1877-1945)<\/b><\/font><\/a><br \/>\n<a href=\"#a\">Refer\u00eancias<\/a><br \/>\n<a href=\"#b\">Biografia<\/a><br \/>\n<a href=\"#c\">Linhagem<\/a><\/p>\n<hr \/>\n<p align=center><b><font face=\"tahoma, verdana, arial\" size=4><a name=\"a\">Refer\u00eancias<\/a><\/font><sup>1<\/sup><\/b><\/p>\n<p>Roshi Seisetsu Genjo Seki (Seisetsu Genjyo Seki),  mestre Rinzai da 8<sup>a.<\/sup> gera\u00e7\u00e3o desde  <a href=\"http:\/\/www.nossacasa.net\/shunya\/hakuin-ekaku\/\">Hakuin Ekaku<\/a>, recebeu a transmiss\u00e3o do Dharma de <a href=\"http:\/\/www.nossacasa.net\/shunya\/ryoen-genseki\/\">Ryoen Genseki<\/a>.<\/p>\n<p>Nos anos 20, foi Abade do templo Tenryu-ji, Jap\u00e3o.<\/p>\n<p>Roshi Seisetsu Genjo Seki transmitiu o Dharma para:<\/p>\n<ol type=\"1\">\n<li><a href=\"http:\/\/www.nossacasa.net\/shunya\/seki-bokuou-souun\/\">Seki Bokuou Sou&#8217;un (1903-1991)<\/a>\n<\/li>\n<li><a href=\"http:\/\/www.nossacasa.net\/shunya\/yamada-mumon\/\">Yamada Mumon (1900-1988)<\/a>\n<\/li>\n<\/ol>\n<div style=\"text-align:right\"><a href=\"#inicio\">Topo<\/a><\/div>\n<hr \/>\n<p align=center><b><font face=\"tahoma, verdana, arial\" size=4><br \/>\n<a name=\"b\">Biografia<\/a><\/font><sup>2<\/sup><\/b><\/p>\n<p>Roshi Seisetsu Genjo Seki faleceu em 2 de outubro de 1945. Roshi Omori descreve morte do Seisetsu Roshi abaixo:<br \/>\n<dir><br \/>\n&#8220;<i>Em 1 de outubro de 1945 Roshi Seisetsu disse, &#8220;Quando eu levantar minha m\u00e3o, comece a cantar os Quatro Votos. Ent\u00e3o, no fim, quando voc\u00ea bater o sino, eu pararei de respirar. Por favor fa\u00e7a isto.&#8221;Roshi Yamada Mumon e dois outros estavam a seu lado da cama&#8230;.No fim, quando eles baterem o sino, o doutor veio voando para injetar um estimulante de cora\u00e7\u00e3o. Ent\u00e3o, Roshi Seisetsu disse, &#8220;N\u00e3o hoje.&#8221; E acrescentou, &#8220;Amanh\u00e3, quando eu levantar minha m\u00e3o, voc\u00ea n\u00e3o deve me dar a inje\u00e7\u00e3o.&#8221; Ele proibiu o doutor de dar a ele um tiro. Na noite de 2 de outubro, ele levantou sua m\u00e3o, e eles recitaram o sutra. Quando o sino era batido, &#8220;Chiinnn,&#8221; ele disse, &#8220;Aaaaa&#8221; com um grande bocejo e deu seu \u00faltimo respiro. Isto foi verdadeiramente um magn\u00edfico \u00faltimo momento.<\/i>&#8221;<br \/>\n<\/dir><\/p>\n<hr \/>\n<ol type=\"1\">\nFontes:<\/p>\n<li>&#8220;Zen Buddhism &#8211; Hakuin School&#8221;<br \/> (www.ciolek.com\/WWWVLPages\/ZenPages\/Hakuin.html)<\/li>\n<li>http:\/\/www.izs.org\/<\/li>\n<\/ol>\n<hr \/>\n<div style=\"text-align:right\"><a href=\"#inicio\">Topo<\/a><\/div>\n<hr \/>\n<div style=\"text-align:right\"><a href=\"#inicio\"><font size=\"2\">Topo<\/font><\/a><\/div>\n<p><\/font><font face=\"Comic Sans MS\" size=\"3\" color=\"#800000\"><a name=\"c\">Linhagem de Inzan Ien<\/a><\/font><\/p>\n<div style=\"text-align:center\">\n<ol type=\"1\"><b><u>BUTSU<\/u><\/b><\/p>\n<li><a href=\"http:\/\/www.nossacasa.net\/shunya\/buda\/\">BIBASHI<\/a><\/li>\n<li><a href=\"http:\/\/www.nossacasa.net\/shunya\/buda\/\">SHIKI<\/a><\/li>\n<li><a href=\"http:\/\/www.nossacasa.net\/shunya\/buda\/\">BISHAFU<\/a><\/li>\n<li><a href=\"http:\/\/www.nossacasa.net\/shunya\/buda\/\">KURUSON<\/a><\/li>\n<li><a href=\"http:\/\/www.nossacasa.net\/shunya\/buda\/\">KUNAGONMUNI<\/a><\/li>\n<li><a href=\"http:\/\/www.nossacasa.net\/shunya\/buda\/\">KASHO<\/a><\/li>\n<li><a href=\"http:\/\/www.nossacasa.net\/shunya\/buda\/\">XAQUIAMUNI<\/a><\/li>\n<\/ol>\n<\/div>\n<table width=\"100%\" border=\"0\">\n<tr>\n<td valign=\"top\">\n<ol type=\"1\"><b><u>\u00cdNDIA<\/u><\/b><\/p>\n<li><a href=\"http:\/\/www.nossacasa.net\/shunya\/mahakashyapa\/\">MAKAKASHO<\/a><\/li>\n<li><a href=\"http:\/\/www.nossacasa.net\/shunya\/ananda\/\">ANANDA<\/a><\/li>\n<li><a href=\"http:\/\/www.nossacasa.net\/shunya\/shanavasa\/\">SHONAWASHU<\/a><\/li>\n<li><a href=\"http:\/\/www.nossacasa.net\/shunya\/upagupta\/\">UBAGIKUTA<\/a><\/li>\n<li><a href=\"http:\/\/www.nossacasa.net\/shunya\/dhritaka\/\">DAITAKA<\/a><\/li>\n<li><a href=\"http:\/\/www.nossacasa.net\/shunya\/michaka\/\">MISHAKA<\/a><\/li>\n<li><a href=\"http:\/\/www.nossacasa.net\/shunya\/vasumitra\/\">BASHUMITSU<\/a><\/li>\n<li><a href=\"http:\/\/www.nossacasa.net\/shunya\/buddhananda\/\">BUTSUDANANDAI<\/a><\/li>\n<li><a href=\"http:\/\/www.nossacasa.net\/shunya\/buddhamitra\/\">FUDAMITA<\/a><\/li>\n<li><a href=\"http:\/\/www.nossacasa.net\/shunya\/parshvanatha\/\">BARISHIBA<\/a><\/li>\n<li><a href=\"http:\/\/www.nossacasa.net\/shunya\/punyayashas\/\">FUNAYASHYA<\/a><\/li>\n<li><a href=\"http:\/\/www.nossacasa.net\/shunya\/ashvagosha\/\">ANABOTEI<\/a><\/li>\n<li><a href=\"http:\/\/www.nossacasa.net\/shunya\/kapimala\/\">KABIMORA<\/a><\/li>\n<li><a href=\"http:\/\/www.nossacasa.net\/shunya\/nagarjuna\/\">NAGYAHARAJUNA<\/a><\/li>\n<li><a href=\"http:\/\/www.nossacasa.net\/shunya\/aryadeva\/\">KANADAIBA<\/a><\/li>\n<li><a href=\"http:\/\/www.nossacasa.net\/shunya\/rahulata\/\">RAGORATA<\/a><\/li>\n<li><a href=\"http:\/\/www.nossacasa.net\/shunya\/sanghanandi\/\">SOGYANANDAI<\/a><\/li>\n<li><a href=\"http:\/\/www.nossacasa.net\/shunya\/gayashata\/\">KAYSHATA<\/a><\/li>\n<li><a href=\"http:\/\/www.nossacasa.net\/shunya\/kumarata\/\">KUMORATA<\/a><\/li>\n<li><a href=\"http:\/\/www.nossacasa.net\/shunya\/jayata\/\">SHAYATA<\/a><\/li>\n<li><a href=\"http:\/\/www.nossacasa.net\/shunya\/vasubandhu\/\">BASHUBANZU<\/a><\/li>\n<li><a href=\"http:\/\/www.nossacasa.net\/shunya\/manorhita\/\">MANURA<\/a><\/li>\n<li><a href=\"http:\/\/www.nossacasa.net\/shunya\/haklenayasha\/\">KAKUROKUNA<\/a><\/li>\n<li><a href=\"http:\/\/www.nossacasa.net\/shunya\/aryasimha\/\">SHSISHIBODAI<\/a><\/li>\n<li><a href=\"http:\/\/www.nossacasa.net\/shunya\/basiasita\/\">BASHASHITA<\/a><\/li>\n<li><a href=\"http:\/\/www.nossacasa.net\/shunya\/punyamitra\/\">FUNYOMITA <\/a><\/li>\n<li><a href=\"http:\/\/www.nossacasa.net\/shunya\/prajnatara\/\">HANNYATARA <\/a><\/li>\n<\/ol>\n<\/td>\n<td valign=\"top\">\n<ol type=\"1\" start=\"28\"><b><u>CHINA<\/u><\/b><\/p>\n<li><a href=\"http:\/\/www.nossacasa.net\/shunya\/bodhidharma\/\">BODAIDARUMA<\/a><\/li>\n<li><a href=\"http:\/\/www.nossacasa.net\/shunya\/hui-ko\/\">TAISO EKA<\/a><\/li>\n<li><a href=\"http:\/\/www.nossacasa.net\/shunya\/seng-tsan\/\">KANCHI SOSAN<\/a><\/li>\n<li><a href=\"http:\/\/www.nossacasa.net\/shunya\/tao-hsin\/\">DAII DOSHIN<\/a><\/li>\n<li><a href=\"http:\/\/www.nossacasa.net\/shunya\/hung-jen\/\">DAIMAN KONIN<\/a><\/li>\n<li><a href=\"http:\/\/www.nossacasa.net\/shunya\/hueineng\/\">DAIKAN ENO<\/a><\/li>\n<li><a href=\"http:\/\/www.nossacasa.net\/shunya\/nan-yueh-haui-jang\/\">NAN-YUEH HAUI-JANG<\/a><\/li>\n<li><a href=\"http:\/\/www.nossacasa.net\/shunya\/ma-tsu-tao-i\/\">MA-TSU TAO-I<\/a><\/li>\n<li><a href=\"http:\/\/www.nossacasa.net\/shunya\/pai-chang-huai-huai\/\">PAI CHANG HUAI HUAI<\/a><\/li>\n<li><a href=\"http:\/\/www.nossacasa.net\/shunya\/huang-po\/\">HUANG-PO<\/a><\/li>\n<li><a href=\"http:\/\/www.nossacasa.net\/shunya\/lin-chi\/\">LIN-CHI (RINZAI)<\/a><\/li>\n<li><a href=\"http:\/\/www.nossacasa.net\/shunya\/hsing-hua-tsung-chiang\/\">HSING-HUA TS&#8217;UNG-CHIANG<\/a><\/li>\n<li><a href=\"http:\/\/www.nossacasa.net\/shunya\/nan-yuan-hui-yung\/\">NAN-YUAN HUI-YUNG<\/a><\/li>\n<li><a href=\"http:\/\/www.nossacasa.net\/shunya\/feng-hsueh-yen-chao\/\">FENG-HSUEH YEN-CHAO<\/a><\/li>\n<li><a href=\"http:\/\/www.nossacasa.net\/shunya\/shou-shan-shen-nien\/\">SHOU-SHAN SHEN-NIEN<\/a><\/li>\n<li><a href=\"http:\/\/www.nossacasa.net\/shunya\/fen-yang\/\">FEN YANG SHAN CHAO<\/a><\/li>\n<li><a href=\"http:\/\/www.nossacasa.net\/shunya\/shih-shuang\/\">SHIH-SHUANG<\/a><\/li>\n<li><a href=\"http:\/\/www.nossacasa.net\/shunya\/yang-chi-fang-hui\/\">YANG-CH&#8217;I FANG-HUI<\/a><\/li>\n<li><a href=\"http:\/\/www.nossacasa.net\/shunya\/pai-yun-shou-tuan\/\">PAI-YUN SHOU-TUAN<\/a><\/li>\n<li><a href=\"http:\/\/www.nossacasa.net\/shunya\/wu-tsu-fa-yen\/\">WU-TSU FA-YEN<\/a><\/li>\n<li><a href=\"http:\/\/www.nossacasa.net\/shunya\/yuan-wu\/\">YUAN-WU K&#8217;O-CH&#8217;IN<\/a><\/li>\n<li><a href=\"http:\/\/www.nossacasa.net\/shunya\/hu-chiu\/\">HU-CH&#8217;IU<\/a><\/li>\n<li><a href=\"http:\/\/www.nossacasa.net\/shunya\/ying-an\/\">YING-AN<\/a><\/li>\n<li><a href=\"http:\/\/www.nossacasa.net\/shunya\/mi-an\/\">MI-AN<\/a><\/li>\n<li><a href=\"http:\/\/www.nossacasa.net\/shunya\/sung-yuan\/\">SUNG-YUAN<\/a><\/li>\n<li><a href=\"http:\/\/www.nossacasa.net\/shunya\/yun-an-pu-yen\/\">YUN-AN P&#8217;U-YEN<\/a><\/li>\n<li><a href=\"http:\/\/www.nossacasa.net\/shunya\/hsu-tsang-chih-yu\/\">HSU-T&#8217;SANG CHIH-YU<\/a><\/li>\n<\/ol>\n<\/td>\n<\/tr>\n<tr>\n<td valign=\"top\">\n<ol type=\"1\" start=\"55\"><b><u>JAP\u00c3O<\/u><\/b><\/p>\n<li><a href=\"http:\/\/www.nossacasa.net\/shunya\/shomyo\/\" class=\"broken_link\">SHOMYO<\/a><\/li>\n<li><a href=\"http:\/\/www.nossacasa.net\/shunya\/myocho-shuho\/\">MYOCHO SHUHO<\/a><\/li>\n<li><a href=\"http:\/\/www.nossacasa.net\/shunya\/kanzan-egen\/\">KANZAN EGEN<\/a><\/li>\n<li><a href=\"http:\/\/www.nossacasa.net\/shunya\/juo-sohitsu\/\">JUO SOHITSU<\/a><\/li>\n<li><a href=\"http:\/\/www.nossacasa.net\/shunya\/muin-soin\/\">MUIN SOIN<\/a><\/li>\n<li><a href=\"http:\/\/www.nossacasa.net\/shunya\/tozen-soshin\/\">TOZEN SOSHIN<\/a><\/li>\n<li><a href=\"http:\/\/www.nossacasa.net\/shunya\/toyo-eicho\/\">TOYO EICHO<\/a><\/li>\n<li><a href=\"http:\/\/www.nossacasa.net\/shunya\/youzan-keiyou\/\">YOUZAN KEIYOU<\/a><\/li>\n<li><a href=\"http:\/\/www.nossacasa.net\/shunya\/gudou-tosyoku\/\">GUDOU TOSYOKU<\/a><\/li>\n<li><a href=\"http:\/\/www.nossacasa.net\/shunya\/shidou-bunan\/\">SHIDOU BUNAN<\/a><\/li>\n<li><a href=\"http:\/\/www.nossacasa.net\/shunya\/shoju-rojin\/\">SHOJU ROJIN<\/a><\/li>\n<li><a href=\"http:\/\/www.nossacasa.net\/shunya\/hakuin-ekaku\/\">HAKUIN EKAKU<\/a><\/li>\n<li><a href=\"http:\/\/www.nossacasa.net\/shunya\/gasan-jitou\/\">GASAN JITOU<\/a><\/li>\n<li><a href=\"http:\/\/www.nossacasa.net\/shunya\/inzan-ien\/\">INZAN IEN<\/a><\/li>\n<li><a href=\"http:\/\/www.nossacasa.net\/shunya\/taigen-gisan\/\">TAIGEN SHIGEN<\/a><\/li>\n<li><a href=\"http:\/\/www.nossacasa.net\/shunya\/gisan-zenrai\/\">GISAN ZENRAI<\/a><\/li>\n<li><a href=\"http:\/\/www.nossacasa.net\/shunya\/giboku-tekisui\/\">GIBOKU TEKISUI<\/a><\/li>\n<li><a href=\"http:\/\/www.nossacasa.net\/shunya\/ryoen-genseki\/\">RYOEN GENSEKI<\/a><\/li>\n<li><a href=\"http:\/\/www.nossacasa.net\/shunya\/seisetsu-genjo-seki\/\">SEISETSU GENJO<\/a><\/li>\n<\/ol>\n<\/td>\n<\/tr>\n<\/table>\n<hr \/>\n<div style=\"text-align:right\"><a href=\"#inicio\">Topo<\/a><\/div>\n<hr \/>\n<\/div>\n<!-- AddThis Advanced Settings generic via filter on the_content --><!-- AddThis Share Buttons generic via filter on the_content -->","protected":false},"excerpt":{"rendered":"<p>Seisetsu Genjo Seki (1877-1945) Refer\u00eancias Biografia Linhagem Refer\u00eancias1 Roshi Seisetsu Genjo Seki (Seisetsu Genjyo Seki), mestre Rinzai da 8a. gera\u00e7\u00e3o desde Hakuin Ekaku, recebeu a transmiss\u00e3o do Dharma de Ryoen Genseki. Nos anos 20, foi Abade do templo Tenryu-ji, Jap\u00e3o. &hellip; <a href=\"http:\/\/www.nossacasa.net\/shunya\/seisetsu-genjo-seki\/\">Continue lendo <span class=\"meta-nav\">&rarr;<\/span><\/a><!-- AddThis Advanced Settings generic via filter on get_the_excerpt --><!-- AddThis Share Buttons generic via filter on get_the_excerpt --><\/p>\n","protected":false},"author":1,"featured_media":3319,"parent":0,"menu_order":0,"comment_status":"closed","ping_status":"closed","template":"","meta":{"footnotes":""},"class_list":["post-3317","page","type-page","status-publish","has-post-thumbnail","hentry"],"_links":{"self":[{"href":"http:\/\/www.nossacasa.net\/shunya\/wp-json\/wp\/v2\/pages\/3317","targetHints":{"allow":["GET"]}}],"collection":[{"href":"http:\/\/www.nossacasa.net\/shunya\/wp-json\/wp\/v2\/pages"}],"about":[{"href":"http:\/\/www.nossacasa.net\/shunya\/wp-json\/wp\/v2\/types\/page"}],"author":[{"embeddable":true,"href":"http:\/\/www.nossacasa.net\/shunya\/wp-json\/wp\/v2\/users\/1"}],"replies":[{"embeddable":true,"href":"http:\/\/www.nossacasa.net\/shunya\/wp-json\/wp\/v2\/comments?post=3317"}],"version-history":[{"count":7,"href":"http:\/\/www.nossacasa.net\/shunya\/wp-json\/wp\/v2\/pages\/3317\/revisions"}],"predecessor-version":[{"id":4436,"href":"http:\/\/www.nossacasa.net\/shunya\/wp-json\/wp\/v2\/pages\/3317\/revisions\/4436"}],"wp:featuredmedia":[{"embeddable":true,"href":"http:\/\/www.nossacasa.net\/shunya\/wp-json\/wp\/v2\/media\/3319"}],"wp:attachment":[{"href":"http:\/\/www.nossacasa.net\/shunya\/wp-json\/wp\/v2\/media?parent=3317"}],"curies":[{"name":"wp","href":"https:\/\/api.w.org\/{rel}","templated":true}]}}