{"id":3345,"date":"2018-05-23T16:04:42","date_gmt":"2018-05-23T18:04:42","guid":{"rendered":"http:\/\/www.nossacasa.net\/shunya\/?page_id=3345"},"modified":"2020-07-09T16:31:09","modified_gmt":"2020-07-09T18:31:09","slug":"sekijun-karen-sunna","status":"publish","type":"page","link":"http:\/\/www.nossacasa.net\/shunya\/sekijun-karen-sunna\/","title":{"rendered":"Sekijun Karen Sunna (1942- )"},"content":{"rendered":"<div style=\"text-align:justify\">\n<a name=\"inicio\"><\/a><a href=\"http:\/\/www.nossacasa.net\/shunya\/?attachment_id=3346\" rel=\"attachment wp-att-3346\"><img loading=\"lazy\" decoding=\"async\" src=\"http:\/\/www.nossacasa.net\/shunya\/wp-content\/uploads\/2018\/05\/Sekijun-Karen-Sunna.gif\" alt=\"\" width=\"151\" height=\"224\" class=\"alignleft size-full wp-image-3346\" \/><\/a><\/p>\n<p align=center><a name=\"a\"><strong>Biografia<\/strong><\/a><sup>1<\/sup><\/p>\n<p>Sensei Sekijun Karen Sunna \u00e9 professora do &#8220;<a href=\"http:\/\/www.mnzenctr.com\/\" target=\"_blank\" rel=\"noopener noreferrer\">Minnesota Zen Meditation Center<\/a>&#8220;, e \u00e9 uma das sucessoras do Dharma de <a href=\"http:\/\/www.nossacasa.net\/shunya\/dainin-katagiri\/\">Roshi Dainin Katagiri<\/a>.<\/p>\n<p>Sensei Sekijun Karen Sunna transmitiu o Dhrama para <a href=\"http:\/\/www.nossacasa.net\/shunya\/tim-zentetsu-burkett\/\">Tim Zentetsu Burkett<\/a>.<\/p>\n<p>O envolvimento da Sekijun Karen Sunna com MZMC acontece desde o in\u00edcio do Centro. Em 1972 ela ajudou a criar a organiza\u00e7\u00e3o, que foi formada a fim de trazer o professor de Zen japon\u00eas, Roshi Dainin Katagiri, para ensinar na \u00e1rea de &#8220;Twin Cities&#8221;. Sunna estudou com Katagiri at\u00e9 sua morte em 1990. Ela foi ordenada em 1980 e recebeu transmiss\u00e3o de Dharma (permiss\u00e3o para ensinar Zen independentemente) em 1989, assumiu a responsabilidade do Centro de Zen em setembro de 1996. Sunna recebeu Ph.D. em psicologia cl\u00ednica da &#8220;University of Minnesota&#8221; em 1973. <\/p>\n<hr \/>\n<ol type=\"1\">\n<font size=\"1\"><b>Notas:<\/b><\/p>\n<li>Extra\u00eddo de http:\/\/www.mnzenctr.com\/.<\/li>\n<p><\/font><\/ol>\n<hr \/>\n<div style=\"text-align:right\"><a href=\"#inicio\">Topo<\/a><\/div>\n<hr \/>\n<\/div>\n<!-- AddThis Advanced Settings generic via filter on the_content --><!-- AddThis Share Buttons generic via filter on the_content -->","protected":false},"excerpt":{"rendered":"<p>Biografia1 Sensei Sekijun Karen Sunna \u00e9 professora do &#8220;Minnesota Zen Meditation Center&#8220;, e \u00e9 uma das sucessoras do Dharma de Roshi Dainin Katagiri. Sensei Sekijun Karen Sunna transmitiu o Dhrama para Tim Zentetsu Burkett. O envolvimento da Sekijun Karen Sunna &hellip; <a href=\"http:\/\/www.nossacasa.net\/shunya\/sekijun-karen-sunna\/\">Continue lendo <span class=\"meta-nav\">&rarr;<\/span><\/a><!-- AddThis Advanced Settings generic via filter on get_the_excerpt --><!-- AddThis Share Buttons generic via filter on get_the_excerpt --><\/p>\n","protected":false},"author":1,"featured_media":0,"parent":0,"menu_order":0,"comment_status":"closed","ping_status":"closed","template":"","meta":{"footnotes":""},"class_list":["post-3345","page","type-page","status-publish","hentry"],"_links":{"self":[{"href":"http:\/\/www.nossacasa.net\/shunya\/wp-json\/wp\/v2\/pages\/3345","targetHints":{"allow":["GET"]}}],"collection":[{"href":"http:\/\/www.nossacasa.net\/shunya\/wp-json\/wp\/v2\/pages"}],"about":[{"href":"http:\/\/www.nossacasa.net\/shunya\/wp-json\/wp\/v2\/types\/page"}],"author":[{"embeddable":true,"href":"http:\/\/www.nossacasa.net\/shunya\/wp-json\/wp\/v2\/users\/1"}],"replies":[{"embeddable":true,"href":"http:\/\/www.nossacasa.net\/shunya\/wp-json\/wp\/v2\/comments?post=3345"}],"version-history":[{"count":7,"href":"http:\/\/www.nossacasa.net\/shunya\/wp-json\/wp\/v2\/pages\/3345\/revisions"}],"predecessor-version":[{"id":6894,"href":"http:\/\/www.nossacasa.net\/shunya\/wp-json\/wp\/v2\/pages\/3345\/revisions\/6894"}],"wp:attachment":[{"href":"http:\/\/www.nossacasa.net\/shunya\/wp-json\/wp\/v2\/media?parent=3345"}],"curies":[{"name":"wp","href":"https:\/\/api.w.org\/{rel}","templated":true}]}}