{"id":3348,"date":"2018-05-23T16:18:04","date_gmt":"2018-05-23T18:18:04","guid":{"rendered":"http:\/\/www.nossacasa.net\/shunya\/?page_id=3348"},"modified":"2020-07-05T21:45:02","modified_gmt":"2020-07-05T23:45:02","slug":"dainin-katagiri","status":"publish","type":"page","link":"http:\/\/www.nossacasa.net\/shunya\/dainin-katagiri\/","title":{"rendered":"Dainin Katagiri"},"content":{"rendered":"<div style=\"text-align:justify\">\n<a name=\"inicio\"><\/a><a href=\"http:\/\/www.nossacasa.net\/shunya\/dainin-katagiri\/dainin-katagiri-2\/\" rel=\"attachment wp-att-3351\"><img loading=\"lazy\" decoding=\"async\" src=\"http:\/\/www.nossacasa.net\/shunya\/wp-content\/uploads\/2018\/05\/Dainin-Katagiri-204x300.jpg\" alt=\"\" width=\"204\" height=\"300\" class=\"alignleft size-medium wp-image-3351\" srcset=\"http:\/\/www.nossacasa.net\/shunya\/wp-content\/uploads\/2018\/05\/Dainin-Katagiri-204x300.jpg 204w, http:\/\/www.nossacasa.net\/shunya\/wp-content\/uploads\/2018\/05\/Dainin-Katagiri.jpg 220w\" sizes=\"auto, (max-width: 204px) 100vw, 204px\" \/><\/a><br \/>\n<a href=\"http:\/\/www.nossacasa.net\/shunya\/quanto-tempo-praticar\/attachment\/597\/\" rel=\"attachment wp-att-1774\"><img loading=\"lazy\" decoding=\"async\" src=\"http:\/\/www.nossacasa.net\/shunya\/wp-content\/uploads\/2013\/02\/597.gif\" alt=\"\" width=\"106\" height=\"158\" class=\"alignleft size-full wp-image-1774\" \/><\/a><b>Dainin Katagiri (1928-1990)<\/b><\/p>\n<p><b>Dainin Katagiri <\/b>(1928-1990) nasceu em Osaka, Jap&atilde;o. Praticou no monast&eacute;rio Eiheiji por tr&ecirc;s anos com o mestre Eko Hashimoto, e frequentou a Universidade de Komazawa. Em 1963 veio para os Estados Unidos para a Miss&atilde;o Zenshuji Soto Zen em Los Angeles, mudou-se mais tarde para Miss&atilde;o Sokoji Zen e para o Centro Zen de S&atilde;o Francisco, onde auxiliou o <a href=\"http:\/\/www.nossacasa.net\/shunya\/shunryu-suzuki\/\">mestre Shunryu Suzuki<\/a>. Em 1982, se tornou o primeiro abade do Centro Zen de Medita&ccedil;&atilde;o de Minnesota em Minneapolis, onde ele ajudou o desenvolvimento do centro de Hokyoji, na &aacute;rea rural do sudeste de Minnesota. Entre 1984 e 1985 retornou como abade do Centro Zen de S&atilde;o Francisco. Publicou o livro &#8220;Returning to Silence&#8221; em 1988 (Shambhala, Boston &amp; London, 1988). Este livro foi traduzido para o portugu&ecirc;s como &#8220;Retornando para o sil&ecirc;ncio&#8221; e publicado pela Editora Pensamento. Katagiri Roshi morreu em 1990.<br \/>\nRoshi Katagiri transmitiu o Dharma entre outros para <a href=\"http:\/\/www.nossacasa.net\/shunya\/steve-hagen\/\">Steve Hagen<\/a>; <a href=\"http:\/\/www.nossacasa.net\/shunya\/sekijun-karen-sunna\/\">Sekijun Karen Sunna<\/a>; <a href=\"http:\/\/www.nossacasa.net\/shunya\/joen-snyder-o-neal\/\">Joen Snyder O &#8216;Neal<\/a> e <a href=\"http:\/\/www.nossacasa.net\/shunya\/norm-randolph\/\">Norm Randolph<\/a>.<\/p>\n<hr \/>\n<p>O &#8220;<a href=\"http:\/\/www.mnzenctr.com\/\" target=\"_blank\" rel=\"noopener noreferrer\">Minnesota Zen Meditation Center<\/a>&#8221; foi formado quando Dainin Katagiri Roshi, foi convidado para vir a Calif\u00f3rnia em 1972 para ensinar um pequeno mas crescente grupo de estudantes de Minneapolis interessados no Dharma. Depois de sua morte, Sensei Shohaku Okumura serviu como professor respons\u00e1vel interino at\u00e9 a instala\u00e7\u00e3o de Karen Sunna, que estudou com Roshi Katagiri, e assumiu a responsabilidade pelo Centro. Karen foi sucedida por Tim Burkett, que durante muito tempo foi aluno de Roshi Katagiri e Roshi Suzuki. Tim se torna o professor respons\u00e1vel em 1 de novembro de 2002, e \u00e9 formalmente empossado em 29 de mar\u00e7o de 2003, na &#8220;Mountain Seat Ceremony&#8221;. <\/p>\n<hr \/>\n<p><font face=\"Comic Sans MS\" size=\"3\" color=\"#800000\">Livros<\/font><br \/>\nRetornando ao Sil\u00eancio<\/p>\n<hr \/>\n<div style=\"text-align:right\"><a href=\"#inicio\">Topo<\/a><\/div>\n<hr \/>\n<\/div>\n<!-- AddThis Advanced Settings generic via filter on the_content --><!-- AddThis Share Buttons generic via filter on the_content -->","protected":false},"excerpt":{"rendered":"<p>Dainin Katagiri (1928-1990) Dainin Katagiri (1928-1990) nasceu em Osaka, Jap&atilde;o. Praticou no monast&eacute;rio Eiheiji por tr&ecirc;s anos com o mestre Eko Hashimoto, e frequentou a Universidade de Komazawa. Em 1963 veio para os Estados Unidos para a Miss&atilde;o Zenshuji Soto &hellip; <a href=\"http:\/\/www.nossacasa.net\/shunya\/dainin-katagiri\/\">Continue lendo <span class=\"meta-nav\">&rarr;<\/span><\/a><!-- AddThis Advanced Settings generic via filter on get_the_excerpt --><!-- AddThis Share Buttons generic via filter on get_the_excerpt --><\/p>\n","protected":false},"author":1,"featured_media":3351,"parent":0,"menu_order":0,"comment_status":"closed","ping_status":"closed","template":"","meta":{"footnotes":""},"class_list":["post-3348","page","type-page","status-publish","has-post-thumbnail","hentry"],"_links":{"self":[{"href":"http:\/\/www.nossacasa.net\/shunya\/wp-json\/wp\/v2\/pages\/3348","targetHints":{"allow":["GET"]}}],"collection":[{"href":"http:\/\/www.nossacasa.net\/shunya\/wp-json\/wp\/v2\/pages"}],"about":[{"href":"http:\/\/www.nossacasa.net\/shunya\/wp-json\/wp\/v2\/types\/page"}],"author":[{"embeddable":true,"href":"http:\/\/www.nossacasa.net\/shunya\/wp-json\/wp\/v2\/users\/1"}],"replies":[{"embeddable":true,"href":"http:\/\/www.nossacasa.net\/shunya\/wp-json\/wp\/v2\/comments?post=3348"}],"version-history":[{"count":6,"href":"http:\/\/www.nossacasa.net\/shunya\/wp-json\/wp\/v2\/pages\/3348\/revisions"}],"predecessor-version":[{"id":6746,"href":"http:\/\/www.nossacasa.net\/shunya\/wp-json\/wp\/v2\/pages\/3348\/revisions\/6746"}],"wp:featuredmedia":[{"embeddable":true,"href":"http:\/\/www.nossacasa.net\/shunya\/wp-json\/wp\/v2\/media\/3351"}],"wp:attachment":[{"href":"http:\/\/www.nossacasa.net\/shunya\/wp-json\/wp\/v2\/media?parent=3348"}],"curies":[{"name":"wp","href":"https:\/\/api.w.org\/{rel}","templated":true}]}}