{"id":3357,"date":"2018-05-23T16:30:47","date_gmt":"2018-05-23T18:30:47","guid":{"rendered":"http:\/\/www.nossacasa.net\/shunya\/?page_id=3357"},"modified":"2020-07-09T15:36:29","modified_gmt":"2020-07-09T17:36:29","slug":"steve-hagen","status":"publish","type":"page","link":"http:\/\/www.nossacasa.net\/shunya\/steve-hagen\/","title":{"rendered":"Steve Hagen (1945-)"},"content":{"rendered":"<p><font face=\"Verdana\" size=\"2\"><\/p>\n<div style=\"text-align:justify\">\n<a name=\"inicio\"><\/a><a href=\"http:\/\/www.nossacasa.net\/shunya\/quanto-tempo-praticar\/attachment\/576\/\" rel=\"attachment wp-att-1768\"><img loading=\"lazy\" decoding=\"async\" src=\"http:\/\/www.nossacasa.net\/shunya\/wp-content\/uploads\/2013\/02\/576.jpg\" alt=\"\" width=\"200\" height=\"210\" class=\"alignleft size-full wp-image-1768\" \/><\/a><\/p>\n<hr \/>\n<p><a href=\"#a\">Biografia<\/a><br \/>\n<a href=\"#b\">Dharma Field<\/a><br \/>\n<a href=\"#c\">Livros<\/a><br \/>\n<a href=\"#d\">Textos<\/a><\/p>\n<hr \/>\n<p align=center><b><a name=\"a\">Biografia<\/a><sup>1<\/sup><\/b><\/p>\n<p align=\"JUSTIFY\">Steve Hagen Sensei come&ccedil;ou a estudar o budismo em 1967, em 1975  tornou-se aluno de Roshi Dainin Katagiri, autor de &#8220;Retornado ao sil\u00eancio&#8221;,  em Minneapolis, e em 1979 foi ordenado como monge Zen. Mais tarde estudou com professores nos E.U.A., &Aacute;sia, e a Europa, e recebeu transmiss&atilde;o de Dharma (endosso para ensinar) de <a href=\"http:\/\/www.nossacasa.net\/shunya\/dainin-katagiri\/\">Roshi Katagiri<\/a> em 1989. <br \/>Ele &eacute; o autor de &#8220;Buddhism Plain and Simple&#8221; (Tuttle, 1997)- traduzido para o portugu&ecirc;s como &#8220;Budismo claro e simples&#8221; (Pensamento), e &#8220;How the World Can Be the Way It Is: An Inquiry for the New Millennium into Science, Philosophy, and Perception&#8221; (Quest Books, 1995). Ele editou tamb&eacute;m que &#8220;You Have to Say Something&#8221;, uma cole&ccedil;&atilde;o de palestras do Dharma Roshi Katagiri que publicou por Shambhala. Al&eacute;m de suas ocupa&ccedil;&otilde;es como professor do Dharma, ele est&aacute; trabalhando atualmente em v&aacute;rios outros livros.<\/p>\n<hr \/>\n<div style=\"text-align:right\"><a href=\"#inicio\">Topo<\/a><\/div>\n<hr \/>\n<p align=center><b><font face=\"tahoma, verdana, arial\" size=4><a name=\"b\">Dharma Field<\/a><\/font><sup>1<\/sup><\/b><\/p>\n<p>&#8220;<a href=\"http:\/\/www.dharmafield.org\/\" target=\"_blank\" rel=\"noopener noreferrer\">Dharma Field<\/a>&#8221; \u00e9 uma comunidade dedicada para aprender e compartilhar os ensinamentos e pr\u00e1ticas do Zen  budismo de uam forma a ser assimilado por qualquer cultura.<\/p>\n<p>&#8220;Dharma Field&#8221; oferece diariamente se\u00e7\u00e3o de medita\u00e7\u00e3o,  retiros de medita\u00e7\u00e3o, ensinos do Dharma, eventos sociais e especiais, como tamb\u00e9m oportunidades de trabalhos volunt\u00e1rios, que s\u00e3o abertos a todos.<\/p>\n<p>&#8220;Dharma Field&#8221; oferece tamb\u00e9m um curr\u00edculo de quatro anos em estudos budistas como tamb\u00e9m semin\u00e1rios avan\u00e7ados e outras classes que fornecem um completo e profundo estudo dos ensinamentos Zen, dos ensinamentos de Buddha, dos ensinamentos sobre a Sabedoria no budismo Mahayana, e a ess\u00eancia da psicologia budista.<\/p>\n<p>O Professor respons\u00e1vel pelo &#8220;Dharma Field&#8221; \u00e9 Steve Hagen, herdeiro do Dharma de Roshi Dainin Katagiri e autor de &#8220;Buddhism Plain and Simple&#8221; e &#8220;How the World Can Be the Way It Is&#8221;. <\/p>\n<hr \/>\n<div style=\"text-align:right\"><a href=\"#inicio\">Topo<\/a><\/div>\n<p><a name=\"c\"><strong>Livros<\/strong><\/a><br \/>\n<a href=\"http:\/\/www.nossacasa.net\/shunya\/budismo-claro-e-simples\/\">Budismo claro e simples<\/a><\/p>\n<hr \/>\n<p><a name=\"d\"><strong>Textos<\/strong><\/a><br \/>\n<a href=\"http:\/\/www.nossacasa.net\/shunya\/jornada-no-agora\/\">A jornada no agora<\/a>><br \/>\n<a href=\"http:\/\/www.nossacasa.net\/shunya\/meditacao-2\/\">Medita\u00e7\u00e3o<\/a><\/p>\n<hr \/>\n<\/div>\n<p><\/font><\/p>\n<div style=\"text-align:right\"><a href=\"#inicio\">Topo<\/a><\/div>\n<hr \/>\n<!-- AddThis Advanced Settings generic via filter on the_content --><!-- AddThis Share Buttons generic via filter on the_content -->","protected":false},"excerpt":{"rendered":"<p>Biografia Dharma Field Livros Textos Biografia1 Steve Hagen Sensei come&ccedil;ou a estudar o budismo em 1967, em 1975 tornou-se aluno de Roshi Dainin Katagiri, autor de &#8220;Retornado ao sil\u00eancio&#8221;, em Minneapolis, e em 1979 foi ordenado como monge Zen. Mais &hellip; <a href=\"http:\/\/www.nossacasa.net\/shunya\/steve-hagen\/\">Continue lendo <span class=\"meta-nav\">&rarr;<\/span><\/a><!-- AddThis Advanced Settings generic via filter on get_the_excerpt --><!-- AddThis Share Buttons generic via filter on get_the_excerpt --><\/p>\n","protected":false},"author":1,"featured_media":6879,"parent":0,"menu_order":0,"comment_status":"closed","ping_status":"closed","template":"","meta":{"footnotes":""},"class_list":["post-3357","page","type-page","status-publish","has-post-thumbnail","hentry"],"_links":{"self":[{"href":"http:\/\/www.nossacasa.net\/shunya\/wp-json\/wp\/v2\/pages\/3357","targetHints":{"allow":["GET"]}}],"collection":[{"href":"http:\/\/www.nossacasa.net\/shunya\/wp-json\/wp\/v2\/pages"}],"about":[{"href":"http:\/\/www.nossacasa.net\/shunya\/wp-json\/wp\/v2\/types\/page"}],"author":[{"embeddable":true,"href":"http:\/\/www.nossacasa.net\/shunya\/wp-json\/wp\/v2\/users\/1"}],"replies":[{"embeddable":true,"href":"http:\/\/www.nossacasa.net\/shunya\/wp-json\/wp\/v2\/comments?post=3357"}],"version-history":[{"count":6,"href":"http:\/\/www.nossacasa.net\/shunya\/wp-json\/wp\/v2\/pages\/3357\/revisions"}],"predecessor-version":[{"id":6888,"href":"http:\/\/www.nossacasa.net\/shunya\/wp-json\/wp\/v2\/pages\/3357\/revisions\/6888"}],"wp:featuredmedia":[{"embeddable":true,"href":"http:\/\/www.nossacasa.net\/shunya\/wp-json\/wp\/v2\/media\/6879"}],"wp:attachment":[{"href":"http:\/\/www.nossacasa.net\/shunya\/wp-json\/wp\/v2\/media?parent=3357"}],"curies":[{"name":"wp","href":"https:\/\/api.w.org\/{rel}","templated":true}]}}