{"id":3362,"date":"2018-05-23T17:35:51","date_gmt":"2018-05-23T19:35:51","guid":{"rendered":"http:\/\/www.nossacasa.net\/shunya\/?page_id=3362"},"modified":"2018-05-23T17:58:28","modified_gmt":"2018-05-23T19:58:28","slug":"tim-zentetsu-burkett","status":"publish","type":"page","link":"http:\/\/www.nossacasa.net\/shunya\/tim-zentetsu-burkett\/","title":{"rendered":"Tim Zentetsu Burkett"},"content":{"rendered":"<p><font face=\"Verdana\" size=\"2\"><\/p>\n<div style=\"text-align:justify\">\n<a name=\"inicio\"><\/a><a href=\"http:\/\/www.nossacasa.net\/shunya\/quanto-tempo-praticar\/attachment\/633\/\" rel=\"attachment wp-att-1806\"><\/a><a href=\"http:\/\/www.nossacasa.net\/shunya\/tim-zentetsu-burkett\/tim-zentetsu-burkett\/\" rel=\"attachment wp-att-3363\"><img loading=\"lazy\" decoding=\"async\" src=\"http:\/\/www.nossacasa.net\/shunya\/wp-content\/uploads\/2018\/05\/Tim-Zentetsu-Burkett-300x169.jpg\" alt=\"\" width=\"300\" height=\"169\" class=\"alignleft size-medium wp-image-3363\" srcset=\"http:\/\/www.nossacasa.net\/shunya\/wp-content\/uploads\/2018\/05\/Tim-Zentetsu-Burkett-300x169.jpg 300w, http:\/\/www.nossacasa.net\/shunya\/wp-content\/uploads\/2018\/05\/Tim-Zentetsu-Burkett-768x432.jpg 768w, http:\/\/www.nossacasa.net\/shunya\/wp-content\/uploads\/2018\/05\/Tim-Zentetsu-Burkett-1024x576.jpg 1024w, http:\/\/www.nossacasa.net\/shunya\/wp-content\/uploads\/2018\/05\/Tim-Zentetsu-Burkett-500x281.jpg 500w, http:\/\/www.nossacasa.net\/shunya\/wp-content\/uploads\/2018\/05\/Tim-Zentetsu-Burkett.jpg 1280w\" sizes=\"auto, (max-width: 300px) 100vw, 300px\" \/><\/a><img loading=\"lazy\" decoding=\"async\" src=\"http:\/\/www.nossacasa.net\/shunya\/wp-content\/uploads\/2013\/02\/633.gif\" alt=\"\" width=\"150\" height=\"203\" class=\"alignleft size-full wp-image-1806\" \/><font size=\"4\"><b>Tim Zentetsu Burkett (1943-)<\/b><\/font><\/p>\n<p align=center><b><font face=\"tahoma, verdana, arial\" size=4><a name=\"a\">Biografia<\/a><\/font><sup>1<\/sup><\/b><\/p>\n<p>Sensei Tim Zentetsu Burkett \u00e9 professor do  &#8220;<a href=\"http:\/\/www.mnzenctr.com\/\" target=\"_blank\"><font size=\"2\">Minnesota Zen Meditation Center<\/font><\/a>&#8220;, e recebeu a Transmiss\u00e3o do Dharma de <a href=\"http:\/\/www.nossacasa.net\/shunya\/sekijun-karen-sunna\/\">Karen Sunna<\/a>.<\/p>\n<p> Sensei Tim come\u00e7ou com praticante do Zen  budismo na  Calif\u00f3rnia em 1964 com  <a href=\"default.asp?menu=50\" class=\"broken_link\"><font size=\"2\">Roshi Suzuki<\/font><\/a><\/div>\n<p><\/font>. Ele foi ordenado monge Zen em 1978 e serviu como presidente do MZMC de 1978 at\u00e9 1983. Tim recebeu autoriza\u00e7\u00e3o para ensinar independentemente de Karen Sunna em 2002 e tornou-se Professor Respons\u00e1vel do MZMC em 1 de novembro de 2002. Ele ser\u00e1 formalmente empossado em uma &#8220;Mountain Seat Ceremony&#8221; a ser realizada em 29 de mar\u00e7o de 2003. Tim \u00e9 um Ph.D. em psic\u00f3logia. <\/p>\n<div style=\"text-align:right\"><a href=\"#inicio\"><font size=\"1\">Topo<\/font><\/a><\/div>\n<hr \/>\n<ol type=\"1\">\n<b>Notas:<\/b><\/p>\n<li>Extra\u00eddo de http:\/\/www.mnzenctr.com\/.<\/li>\n<\/ol>\n<hr \/>\n<div style=\"text-align:right\"><a href=\"#inicio\">Topo<\/a><\/div>\n<hr \/>\n<!-- AddThis Advanced Settings generic via filter on the_content --><!-- AddThis Share Buttons generic via filter on the_content -->","protected":false},"excerpt":{"rendered":"<p>Tim Zentetsu Burkett (1943-) Biografia1 Sensei Tim Zentetsu Burkett \u00e9 professor do &#8220;Minnesota Zen Meditation Center&#8220;, e recebeu a Transmiss\u00e3o do Dharma de Karen Sunna. Sensei Tim come\u00e7ou com praticante do Zen budismo na Calif\u00f3rnia em 1964 com Roshi Suzuki &hellip; <a href=\"http:\/\/www.nossacasa.net\/shunya\/tim-zentetsu-burkett\/\">Continue lendo <span class=\"meta-nav\">&rarr;<\/span><\/a><!-- AddThis Advanced Settings generic via filter on get_the_excerpt --><!-- AddThis Share Buttons generic via filter on get_the_excerpt --><\/p>\n","protected":false},"author":1,"featured_media":3363,"parent":0,"menu_order":0,"comment_status":"closed","ping_status":"closed","template":"","meta":{"footnotes":""},"class_list":["post-3362","page","type-page","status-publish","has-post-thumbnail","hentry"],"_links":{"self":[{"href":"http:\/\/www.nossacasa.net\/shunya\/wp-json\/wp\/v2\/pages\/3362","targetHints":{"allow":["GET"]}}],"collection":[{"href":"http:\/\/www.nossacasa.net\/shunya\/wp-json\/wp\/v2\/pages"}],"about":[{"href":"http:\/\/www.nossacasa.net\/shunya\/wp-json\/wp\/v2\/types\/page"}],"author":[{"embeddable":true,"href":"http:\/\/www.nossacasa.net\/shunya\/wp-json\/wp\/v2\/users\/1"}],"replies":[{"embeddable":true,"href":"http:\/\/www.nossacasa.net\/shunya\/wp-json\/wp\/v2\/comments?post=3362"}],"version-history":[{"count":2,"href":"http:\/\/www.nossacasa.net\/shunya\/wp-json\/wp\/v2\/pages\/3362\/revisions"}],"predecessor-version":[{"id":3365,"href":"http:\/\/www.nossacasa.net\/shunya\/wp-json\/wp\/v2\/pages\/3362\/revisions\/3365"}],"wp:featuredmedia":[{"embeddable":true,"href":"http:\/\/www.nossacasa.net\/shunya\/wp-json\/wp\/v2\/media\/3363"}],"wp:attachment":[{"href":"http:\/\/www.nossacasa.net\/shunya\/wp-json\/wp\/v2\/media?parent=3362"}],"curies":[{"name":"wp","href":"https:\/\/api.w.org\/{rel}","templated":true}]}}