{"id":3411,"date":"2018-05-23T23:38:04","date_gmt":"2018-05-24T01:38:04","guid":{"rendered":"http:\/\/www.nossacasa.net\/shunya\/?page_id=3411"},"modified":"2021-04-06T20:26:41","modified_gmt":"2021-04-06T22:26:41","slug":"john-tarrant","status":"publish","type":"page","link":"http:\/\/www.nossacasa.net\/shunya\/john-tarrant\/","title":{"rendered":"John Tarrant"},"content":{"rendered":"<p><font face=\"Verdana\" size=\"2\"><\/p>\n<div style=\"text-align:justify\">\n<a name=\"inicio\"><\/a><a href=\"http:\/\/www.nossacasa.net\/shunya\/john-tarrant\/john-tarrant-2\/\" rel=\"attachment wp-att-3416\"><img loading=\"lazy\" decoding=\"async\" src=\"http:\/\/www.nossacasa.net\/shunya\/wp-content\/uploads\/2018\/05\/John-Tarrant.jpg\" alt=\"\" width=\"225\" height=\"225\" class=\"alignleft size-full wp-image-3416\" srcset=\"http:\/\/www.nossacasa.net\/shunya\/wp-content\/uploads\/2018\/05\/John-Tarrant.jpg 225w, http:\/\/www.nossacasa.net\/shunya\/wp-content\/uploads\/2018\/05\/John-Tarrant-150x150.jpg 150w, http:\/\/www.nossacasa.net\/shunya\/wp-content\/uploads\/2018\/05\/John-Tarrant-50x50.jpg 50w\" sizes=\"auto, (max-width: 225px) 100vw, 225px\" \/><\/a><br \/>\n<b>John Tarrant (1949-)<\/b><\/p>\n<hr \/>\n<p><a href=\"#a\">Refer\u00eancias<\/a><br \/>\n<a href=\"#b\">Biografia<\/a><br \/>\n<a href=\"#c\">Livros<\/a><br \/>\n<a href=\"#d\">Textos<\/a><br \/>\n<a href=\"#e\">Linhagem de Hakuun Yasutani<\/a><\/p>\n<hr \/>\n<p><a name=\"a\"><b>Refer\u00eancias<\/b><\/a><\/p>\n<p>John Tarrant (John Nanryu Ji&#8217;un-ken Tarrant), nasceu em 14 de agosto de 1949 e \u00e9 mestre do <a href=\"http:\/\/www.pacificzen.org\/\" target=\"_blank\" rel=\"noopener noreferrer\" class=\"broken_link\">Instituto Zen do Pac\u00edfico<\/a>. Um professor de Zen iconoclasta, o primeiro herdeiro de Dharma de Robert Aitken. Um poeta com doutorado em Psicologia. Muito conhecido por seus muitos teisho (palestars do Dharma, principalmente em koans).  John Tarrant \u00e9 hoje, indiscutivelmente, o mais importante mestre de koan no Ocidente.<\/p>\n<p>John Tarrant foi Herdeiro do Dharma de <a href=\"http:\/\/www.nossacasa.net\/shunya\/robert-aitken\/\">Robert Aitken<\/a>.<\/p>\n<p>John Tarrant \u00e9 da 85<sup>a.<\/sup>gera\u00e7\u00e3o desde Buda, da 34<sup>a.<\/sup>gera\u00e7\u00e3o desde Dogen, da 31<sup>a.<\/sup>gera\u00e7\u00e3o da linhagem  <a href=\"http:\/\/www.nossacasa.net\/shunya\/meiho-sotetsu\/\">Meiho Sotetsu<\/a> e da 13<sup>a.<\/sup> gera\u00e7\u00e3o da &#8220;<i>Three Treasures Lineage<\/i>&#8220;(Linhagem dos Tr\u00eas Tesouros), iniciada por <a href=\"http:\/\/www.nossacasa.net\/shunya\/tokuho-ryoko\/\">Tokuo Ryoko<\/a>.<\/p>\n<div style=\"text-align:right\"><a href=\"#inicio\">Topo<\/a><\/div>\n<hr \/>\n<p><a name=\"b\"><b>Biografia<\/b><\/a><\/p>\n<p>John Tarrant \u00e9 de uma nova gera\u00e7\u00e3o de mestres Zen treinados nas tradi\u00e7\u00f5es orientais e ocidentais, \u00e9 o autor de &#8220;A Luz Dentro da Escurid\u00e3o: Zen, Alma e a Vida Espiritual&#8221;. Ele \u00e9 participou da antologia po\u00e9tica: &#8220;Beneath a Single Moon: Buddhist poets in America and What Book&#8221;.<\/p>\n<p>Ele \u00e9 origin\u00e1rio de uma antiga fam\u00edlia tasmaniana, e seus primeiros interesses espirituais foram marcados pela literatura inglesa, o povo latino e a cultura Abor\u00edgine australiana. Ele trabalhou nas antigas fundi\u00e7\u00f5es de cobre na Tasm\u00e2nia, como um peixeiro em &#8220;Great Barrier Reef&#8221;, e como um lobista no parlamento para defender a propriedade de terra dos Abor\u00edgines, antes de se formar pela &#8221; Australian National University&#8221;. <\/p>\n<p>John praticou medita\u00e7\u00e3o nas grandes tradi\u00e7\u00f5es budistas, \u00e9 um Roshi Zen, e ensina professores de medita\u00e7\u00e3o e de treinamento em medita\u00e7\u00e3o nos Estados Unidos e na Austr\u00e1lia. Ele tem PhD em psicologia. <\/p>\n<p>Ele ensina medita\u00e7\u00e3o para m\u00e9dicos no &#8220;Program in Integrative Medicine&#8221; na &#8220;University of Arizona&#8221; em Tucson. Ele presta consulta para organiza\u00e7\u00f5es de como integrar espiritualidade ao local de trabalho. Ele \u00e9 o fundador do &#8220;<a href=\"http:\/\/www.pacificzen.org\/\" target=\"_blank\" rel=\"noopener noreferrer\" class=\"broken_link\">Pacific Zen Institute<\/a>&#8221; e seu grande interesse est\u00e1 em integrar medita\u00e7\u00e3o, alma e arte.<\/p>\n<div style=\"text-align:right\"><a href=\"#inicio\">Topo<\/a><\/div>\n<hr \/>\n<ol type=\"1\">\n<li>http:\/\/www.impermanent.net\/zcboston\/lineage.html<\/li>\n<li>http:\/\/www.pacificzen.org\/<\/li>\n<\/ol>\n<p><a name=\"c\"><b>Livros<\/b><\/a><br \/>\n<a href=\"http:\/\/www.nossacasa.net\/shunya\/a-luz-dentro-da-escuridao\/\">A luz dentro da escurid\u00e3o &#8211; Zen, alma e vida espiritual<\/a><\/p>\n<hr \/>\n<p><a name=\"d\"><b>Textos<\/b><\/a><br \/>\n<a href=\"http:\/\/www.nossacasa.net\/shunya\/ao-lugar-primitivo\/\">Ao lugar primitivo<\/a><br \/>\n<a href=\"http:\/\/www.nossacasa.net\/shunya\/a-travessia-interior\/\">A travessia interior<\/a><\/p>\n<hr \/>\n<div style=\"text-align:right\"><a href=\"#inicio\">Topo<\/a><\/div>\n<hr \/>\n<p><a name=\"e\">Linhagem de Hakuun Yasutani desde Saquiamuni<\/a><\/p>\n<div style=\"text-align:center\">\n<ol type=\"1\"><b><u>BUTSU<\/u><\/b><\/p>\n<li><a href=\"http:\/\/www.nossacasa.net\/shunya\/buda\/\">BIBASHI<\/a><\/li>\n<li><a href=\"http:\/\/www.nossacasa.net\/shunya\/buda\/\">SHIKI<\/a><\/li>\n<li><a href=\"http:\/\/www.nossacasa.net\/shunya\/buda\/\">BISHAFU<\/a><\/li>\n<li><a href=\"http:\/\/www.nossacasa.net\/shunya\/buda\/\">KURUSON<\/a><\/li>\n<li><a href=\"http:\/\/www.nossacasa.net\/shunya\/buda\/\">KUNAGONMUNI<\/a><\/li>\n<li><a href=\"http:\/\/www.nossacasa.net\/shunya\/buda\/\">KASHO<\/a><\/li>\n<li><a href=\"http:\/\/www.nossacasa.net\/shunya\/buda\/\">XAQUIAMUNI<\/a><\/li>\n<\/ol>\n<\/div>\n<table width=\"100%\" border=\"0\">\n<tr>\n<td valign=\"top\">\n<ol type=\"1\"><b><u>\u00cdNDIA<\/u><\/b><\/p>\n<li><a href=\"http:\/\/www.nossacasa.net\/shunya\/mahakashyapa\/\">MAKAKASHO<\/a><\/li>\n<li><a href=\"http:\/\/www.nossacasa.net\/shunya\/ananda\/\">ANANDA<\/a><\/li>\n<li><a href=\"http:\/\/www.nossacasa.net\/shunya\/shanavasa\/\">SHONAWASHU<\/a><\/li>\n<li><a href=\"http:\/\/www.nossacasa.net\/shunya\/upagupta\/\">UBAGIKUTA<\/a><\/li>\n<li><a href=\"http:\/\/www.nossacasa.net\/shunya\/dhritaka\/\">DAITAKA<\/a><\/li>\n<li><a href=\"http:\/\/www.nossacasa.net\/shunya\/michaka\/\">MISHAKA<\/a><\/li>\n<li><a href=\"http:\/\/www.nossacasa.net\/shunya\/vasumitra\/\">BASHUMITSU<\/a><\/li>\n<li><a href=\"http:\/\/www.nossacasa.net\/shunya\/buddhananda\/\">BUTSUDANANDAI<\/a><\/li>\n<li><a href=\"http:\/\/www.nossacasa.net\/shunya\/buddhamitra\/\">FUDAMITA<\/a><\/li>\n<li><a href=\"http:\/\/www.nossacasa.net\/shunya\/parshvanatha\/\">BARISHIBA<\/a><\/li>\n<li><a href=\"http:\/\/www.nossacasa.net\/shunya\/punyayashas\/\">FUNAYASHYA<\/a><\/li>\n<li><a href=\"http:\/\/www.nossacasa.net\/shunya\/ashvagosha\/\">ANABOTEI<\/a><\/li>\n<li><a href=\"http:\/\/www.nossacasa.net\/shunya\/kapimala\/\">KABIMORA<\/a><\/li>\n<li><a href=\"http:\/\/www.nossacasa.net\/shunya\/nagarjuna\/\">NAGYAHARAJUNA<\/a><\/li>\n<li><a href=\"http:\/\/www.nossacasa.net\/shunya\/aryadeva\/\">KANADAIBA<\/a><\/li>\n<li><a href=\"http:\/\/www.nossacasa.net\/shunya\/rahulata\/\">RAGORATA<\/a><\/li>\n<li><a href=\"http:\/\/www.nossacasa.net\/shunya\/sanghanandi\/\">SOGYANANDAI<\/a><\/li>\n<li><a href=\"http:\/\/www.nossacasa.net\/shunya\/gayashata\/\">KAYSHATA<\/a><\/li>\n<li><a href=\"http:\/\/www.nossacasa.net\/shunya\/kumarata\/\">KUMORATA<\/a><\/li>\n<li><a href=\"http:\/\/www.nossacasa.net\/shunya\/jayata\/\">SHAYATA<\/a><\/li>\n<li><a href=\"http:\/\/www.nossacasa.net\/shunya\/vasubandhu\/\">BASHUBANZU<\/a><\/li>\n<li><a href=\"http:\/\/www.nossacasa.net\/shunya\/manorhita\/\">MANURA<\/a><\/li>\n<li><a href=\"http:\/\/www.nossacasa.net\/shunya\/haklenayasha\/\">KAKUROKUNA<\/a><\/li>\n<li><a href=\"http:\/\/www.nossacasa.net\/shunya\/aryasimha\/\">SHSISHIBODAI<\/a><\/li>\n<li><a href=\"http:\/\/www.nossacasa.net\/shunya\/basiasita\/\">BASHASHITA<\/a><\/li>\n<li><a href=\"http:\/\/www.nossacasa.net\/shunya\/punyamitra\/\">FUNYOMITA <\/a><\/li>\n<li><a href=\"http:\/\/www.nossacasa.net\/shunya\/prajnatara\/\">HANNYATARA <\/a><\/li>\n<\/ol>\n<\/td>\n<td valign=\"top\">\n<ol type=\"1\" start=\"28\"><b><u>CHINA<\/u><\/b><\/p>\n<li><a href=\"http:\/\/www.nossacasa.net\/shunya\/bodhidharma\/\">BODAIDARUMA<\/a><\/li>\n<li><a href=\"http:\/\/www.nossacasa.net\/shunya\/hui-ko\/\">TAISO EKA<\/a><\/li>\n<li><a href=\"http:\/\/www.nossacasa.net\/shunya\/seng-tsan\/\">KANCHI SOSAN<\/a><\/li>\n<li><a href=\"http:\/\/www.nossacasa.net\/shunya\/tao-hsin\/\">DAII DOSHIN<\/a><\/li>\n<li><a href=\"http:\/\/www.nossacasa.net\/shunya\/hung-jen\/\">DAIMAN KONIN<\/a><\/li>\n<li><a href=\"http:\/\/www.nossacasa.net\/shunya\/hueineng\/\">DAIKAN ENO<\/a><\/li>\n<li><a href=\"http:\/\/www.nossacasa.net\/shunya\/ching-yuan\/\">SEIGEN GYOSHI<\/a><\/li>\n<li><a href=\"http:\/\/www.nossacasa.net\/shunya\/shih-tou\/\">SEKITO KISEN<\/a><\/li>\n<li><a href=\"http:\/\/www.nossacasa.net\/shunya\/yaoshan-weiyan\/\">YAKUSAN IGEN<\/a><\/li>\n<li><a href=\"http:\/\/www.nossacasa.net\/shunya\/yun-yen-tan-sheng\/\">UNGAN DONJO<\/a><\/li>\n<li><a href=\"http:\/\/www.nossacasa.net\/shunya\/tung-shan-liang-chieh\/\">TOZAN RYOKAI<\/a><\/li>\n<li><a href=\"http:\/\/www.nossacasa.net\/shunya\/yun-chu-tao-ying\/\">UNGO DOYO<\/a><\/li>\n<li><a href=\"http:\/\/www.nossacasa.net\/shunya\/tao-pi\/\">DOAN DOHI<\/a><\/li>\n<li><a href=\"http:\/\/www.nossacasa.net\/shunya\/kuan-chih\/\">DOAN KANSHI<\/a><\/li>\n<li><a href=\"http:\/\/www.nossacasa.net\/shunya\/yuan-kuan\/\">RYOSAN ENKAN<\/a><\/li>\n<li><a href=\"http:\/\/www.nossacasa.net\/shunya\/ta-yang-ching-hsuan\/\">TAIYO KIYOGEN<\/a><\/li>\n<li><a href=\"http:\/\/www.nossacasa.net\/shunya\/tou-tzu-yi-ching\/\">TOSHI GISEI<\/a><\/li>\n<li><a href=\"http:\/\/www.nossacasa.net\/shunya\/fu-jung-tao-kai\/\">FUYO DOKAI<\/a><\/li>\n<li><a href=\"http:\/\/www.nossacasa.net\/shunya\/tan-hsia\/\">TANKA SHIJUN<\/a><\/li>\n<li><a href=\"http:\/\/www.nossacasa.net\/shunya\/wu-kung\/\">CHORO SEIRIYO<\/a><\/li>\n<li><a href=\"http:\/\/www.nossacasa.net\/shunya\/tsung-chueh\/6\">TENDO SOKAKU<\/a><\/li>\n<li><a href=\"http:\/\/www.nossacasa.net\/shunya\/hsue-tou\/\">SECCHO CHIKAN<\/a><\/li>\n<li><a href=\"http:\/\/www.nossacasa.net\/shunya\/tien-tung-ju-ching\/\">TENDO NYOJO<\/a><\/li>\n<\/ol>\n<\/td>\n<\/tr>\n<tr>\n<td valign=\"top\">\n<ol type=\"1\" start=\"51\"><b><u>JAP\u00c3O<\/u><\/b><\/p>\n<li><a href=\"http:\/\/www.nossacasa.net\/shunya\/eihei-dogen\/\">EIHEI DOGEN<\/a><\/li>\n<li><a href=\"http:\/\/www.nossacasa.net\/shunya\/koun-ejo\/\">KOUN EJO<\/a><\/li>\n<li><a href=\"http:\/\/www.nossacasa.net\/shunya\/tettsu-gikai\/\">TETSU GIKAI<\/a><\/li>\n<li><a href=\"http:\/\/www.nossacasa.net\/shunya\/keizan-jokin\/\">KEIZAN JOKIN<\/a><\/li>\n<li><a href=\"http:\/\/www.nossacasa.net\/shunya\/meiho-sotetsu\/\">MEIHO SOTETSU<\/a><\/li>\n<li><a href=\"http:\/\/www.nossacasa.net\/shunya\/shugan-dochin\/\">SHUGAN DOCHIN<\/a><\/li>\n<li><a href=\"http:\/\/www.nossacasa.net\/shunya\/tetsuzan-shikaku\/\">TETSUZAN SHIKAKU<\/a><\/li>\n<li><a href=\"http:\/\/www.nossacasa.net\/shunya\/keigen-eisho\/\">KEIGAN EISHO<\/a><\/li>\n<li><a href=\"http:\/\/www.nossacasa.net\/shunya\/chuzan-ryohun\/\">CHUZAN RYOHUN<\/a><\/li>\n<li><a href=\"http:\/\/www.nossacasa.net\/shunya\/gisan-tonin\/\">GISAN TONIN<\/a><\/li>\n<li><a href=\"http:\/\/www.nossacasa.net\/shunya\/shogaku-kenryu\/\">SHOGAKU KENRYU<\/a><\/li>\n<li><a href=\"http:\/\/www.nossacasa.net\/shunya\/kinen-horyu\/\">KINEN HORYU<\/a><\/li>\n<li><a href=\"http:\/\/www.nossacasa.net\/shunya\/teishitsu-chisen\/\">TEISHITSU CHISEN<\/a><\/li>\n<li><a href=\"http:\/\/www.nossacasa.net\/shunya\/kokei-shojun\/\">KOKEI SHOJUN<\/a><\/li>\n<li><a href=\"http:\/\/www.nossacasa.net\/shunya\/sekiso-juho\/\">SEKISO YUHO<\/a><\/li>\n<li><a href=\"http:\/\/www.nossacasa.net\/shunya\/kaiten-genju\/\">KAITEN GENJU<\/a><\/li>\n<li><a href=\"http:\/\/www.nossacasa.net\/shunya\/shuzan-shunsho\/\">SHUZAN SHUNSHO<\/a><\/li>\n<li><a href=\"http:\/\/www.nossacasa.net\/shunya\/chozan-giketsu\/\">CHOZAN GIKETSU<\/a><\/li>\n<li><a href=\"http:\/\/www.nossacasa.net\/shunya\/fukushu-koshi\/\">FUKUSHU KOCHI<\/a><\/li>\n<li><a href=\"http:\/\/www.nossacasa.net\/shunya\/myodo-yuton\/\">MYODO YUTON<\/a><\/li>\n<li><a href=\"http:\/\/www.nossacasa.net\/shunya\/hakuho-gentekki\/\">HAKUHO GENTEKI<\/a><\/li>\n<li><a href=\"http:\/\/www.nossacasa.net\/shunya\/gesshu-soko\/\">GESSHU SOKO<\/a><\/li>\n<li><a href=\"http:\/\/www.nossacasa.net\/shunya\/tokuho-ryoko\/\">TOKUO RYOKO<\/a><\/li>\n<li><a href=\"http:\/\/www.nossacasa.net\/shunya\/mokushi-soen\/\">MOKUSHI SOEN<\/a><\/li>\n<li><a href=\"http:\/\/www.nossacasa.net\/shunya\/sekiso-tesshu\/\">SEKISO TESSHU<\/a><\/li>\n<li><a href=\"http:\/\/www.nossacasa.net\/shunya\/ryuko-ryoshu\/\">RYUKO RYOSHU<\/a><\/li>\n<li><a href=\"http:\/\/www.nossacasa.net\/shunya\/renzan-soho\/\">RENZAN SOHO<\/a><\/li>\n<li><a href=\"http:\/\/www.nossacasa.net\/shunya\/motsugai-shido\/\">MOTSUGAI SHIDO<\/a><\/li>\n<li><a href=\"http:\/\/www.nossacasa.net\/shunya\/gukei-youn\/\">GUKEI YOUN<\/a><\/li>\n<li><a href=\"http:\/\/www.nossacasa.net\/shunya\/kakusho-sodo\/\">KAKUSHO SODO<\/a><\/li>\n<li><a href=\"http:\/\/www.nossacasa.net\/shunya\/daiun-sogaku\/\">DAIUN SOGAKU<\/a><\/li>\n<li><a href=\"http:\/\/www.nossacasa.net\/shunya\/hakuun-ryoko\/\">HAKUUN RYOKO<\/a><\/li>\n<li><a href=\"http:\/\/www.nossacasa.net\/shunya\/koun-zenshin-yamada\/\">KOUN YAMADA<\/a><\/li>\n<\/ol>\n<\/td>\n<td valign=\"top\">\n<ol type=\"1\" start=\"84\"><b><u>OCIDENTE<\/u><\/b><\/p>\n<li><a href=\"http:\/\/www.nossacasa.net\/shunya\/robert-aitken\/\">ROBERT AITKEN<\/a><\/li>\n<li><a href=\"http:\/\/www.nossacasa.net\/shunya\/john-tarrant\/\">JOHN TARRANT<\/a><\/li>\n<\/ol>\n<\/td>\n<\/tr>\n<\/table>\n<hr \/>\n<div style=\"text-align:right\"><a href=\"#inicio\">Topo<\/a><\/div>\n<hr \/>\n<\/div>\n<p><\/font><\/p>\n<!-- AddThis Advanced Settings generic via filter on the_content --><!-- AddThis Share Buttons generic via filter on the_content -->","protected":false},"excerpt":{"rendered":"<p>John Tarrant (1949-) Refer\u00eancias Biografia Livros Textos Linhagem de Hakuun Yasutani Refer\u00eancias John Tarrant (John Nanryu Ji&#8217;un-ken Tarrant), nasceu em 14 de agosto de 1949 e \u00e9 mestre do Instituto Zen do Pac\u00edfico. Um professor de Zen iconoclasta, o primeiro &hellip; <a href=\"http:\/\/www.nossacasa.net\/shunya\/john-tarrant\/\">Continue lendo <span class=\"meta-nav\">&rarr;<\/span><\/a><!-- AddThis Advanced Settings generic via filter on get_the_excerpt --><!-- AddThis Share Buttons generic via filter on get_the_excerpt --><\/p>\n","protected":false},"author":1,"featured_media":3416,"parent":0,"menu_order":0,"comment_status":"closed","ping_status":"closed","template":"","meta":{"footnotes":""},"class_list":["post-3411","page","type-page","status-publish","has-post-thumbnail","hentry"],"_links":{"self":[{"href":"http:\/\/www.nossacasa.net\/shunya\/wp-json\/wp\/v2\/pages\/3411","targetHints":{"allow":["GET"]}}],"collection":[{"href":"http:\/\/www.nossacasa.net\/shunya\/wp-json\/wp\/v2\/pages"}],"about":[{"href":"http:\/\/www.nossacasa.net\/shunya\/wp-json\/wp\/v2\/types\/page"}],"author":[{"embeddable":true,"href":"http:\/\/www.nossacasa.net\/shunya\/wp-json\/wp\/v2\/users\/1"}],"replies":[{"embeddable":true,"href":"http:\/\/www.nossacasa.net\/shunya\/wp-json\/wp\/v2\/comments?post=3411"}],"version-history":[{"count":15,"href":"http:\/\/www.nossacasa.net\/shunya\/wp-json\/wp\/v2\/pages\/3411\/revisions"}],"predecessor-version":[{"id":7167,"href":"http:\/\/www.nossacasa.net\/shunya\/wp-json\/wp\/v2\/pages\/3411\/revisions\/7167"}],"wp:featuredmedia":[{"embeddable":true,"href":"http:\/\/www.nossacasa.net\/shunya\/wp-json\/wp\/v2\/media\/3416"}],"wp:attachment":[{"href":"http:\/\/www.nossacasa.net\/shunya\/wp-json\/wp\/v2\/media?parent=3411"}],"curies":[{"name":"wp","href":"https:\/\/api.w.org\/{rel}","templated":true}]}}