{"id":3420,"date":"2018-05-24T09:11:40","date_gmt":"2018-05-24T11:11:40","guid":{"rendered":"http:\/\/www.nossacasa.net\/shunya\/?page_id=3420"},"modified":"2020-07-11T18:10:08","modified_gmt":"2020-07-11T20:10:08","slug":"robert-aitken","status":"publish","type":"page","link":"http:\/\/www.nossacasa.net\/shunya\/robert-aitken\/","title":{"rendered":"Robert Aitken"},"content":{"rendered":"<p><font face=\"Verdana\" size=\"2\"><\/p>\n<div style=\"text-align:justify\">\n<a name=\"inicio\"><\/a><a href=\"http:\/\/www.nossacasa.net\/shunya\/robert-aitken\/robert_baker_aitken\/\" rel=\"attachment wp-att-3425\"><img loading=\"lazy\" decoding=\"async\" src=\"http:\/\/www.nossacasa.net\/shunya\/wp-content\/uploads\/2018\/05\/Robert_Baker_Aitken-300x225.jpg\" alt=\"\" width=\"300\" height=\"225\" class=\"alignleft size-medium wp-image-3425\" srcset=\"http:\/\/www.nossacasa.net\/shunya\/wp-content\/uploads\/2018\/05\/Robert_Baker_Aitken-300x225.jpg 300w, http:\/\/www.nossacasa.net\/shunya\/wp-content\/uploads\/2018\/05\/Robert_Baker_Aitken-400x300.jpg 400w, http:\/\/www.nossacasa.net\/shunya\/wp-content\/uploads\/2018\/05\/Robert_Baker_Aitken.jpg 640w\" sizes=\"auto, (max-width: 300px) 100vw, 300px\" \/><\/a><a href=\"http:\/\/www.nossacasa.net\/shunya\/quanto-tempo-praticar\/attachment\/609\/\" rel=\"attachment wp-att-1787\"><img loading=\"lazy\" decoding=\"async\" src=\"http:\/\/www.nossacasa.net\/shunya\/wp-content\/uploads\/2013\/02\/609-300x225.jpg\" alt=\"\" width=\"300\" height=\"225\" class=\"alignleft size-medium wp-image-1787\" srcset=\"http:\/\/www.nossacasa.net\/shunya\/wp-content\/uploads\/2013\/02\/609-300x225.jpg 300w, http:\/\/www.nossacasa.net\/shunya\/wp-content\/uploads\/2013\/02\/609.jpg 320w\" sizes=\"auto, (max-width: 300px) 100vw, 300px\" \/><\/a><br \/>\n<b>Robert Aitken (1917- )<\/b><\/p>\n<hr \/>\n<p><a href=\"#a\">Refer\u00eancias<\/a><br \/>\n<a href=\"#b\">Biografia<\/a><br \/>\n<a href=\"#c\">Linhagem<\/a><\/p>\n<hr \/>\n<p><a name=\"a\"><b>Refer\u00eancias<\/b><\/a><\/p>\n<p>Robert Aitken \u00e9 da 84<sup>a.<\/sup>gera\u00e7\u00e3o desde Buda, da 33<sup>a.<\/sup>gera\u00e7\u00e3o desde Dogen, da 30<sup>a.<\/sup>gera\u00e7\u00e3o da linhagem <a href=\"http:\/\/www.nossacasa.net\/shunya\/meiho-sotetsu\/\">Meiho Sotetsu<\/a> e da 12<sup>a.<\/sup> gera\u00e7\u00e3o da &#8220;<i>Three Treasures Lineage<\/i>&#8220;(Linhagem dos Tr\u00eas Tesouros), iniciada por <a href=\"http:\/\/www.nossacasa.net\/shunya\/tokuho-ryoko\/\">Tokuo Ryoko<\/a>.<\/p>\n<p>Robert Aitken (Robert Chotan Gyoun Aitken) recebeu a transmiss\u00e3o do Dharma de <a href=\"http:\/\/www.nossacasa.net\/shunya\/koun-zenshin-yamada\/\">Koun Zenshin Yamada<\/a><\/p>\n<p>Robert Aitken  transmitiu o Dharma para:<\/p>\n<ol type=\"1\">\n<li>Augusto Nyo&#8217;ei Gen&#8217;un Alcalde (1950- )\n<\/li>\n<li>Geoff Dawson\n<\/li>\n<li>Jack Kenzan Kan&#8217;un Ken Duffy (1951- )\n<\/li>\n<li><a href=\"http:\/\/www.nossacasa.net\/shunya\/john-tarrant\/\">John Tarrant<\/a>\n<\/li>\n<li>Joseph Bobrow\n<\/li>\n<li>Pat Seisho Shin&#8217;un Hawk (1942- )\n<\/li>\n<li>Pia Jinji Gyger; Manfred Steger (1961- )\n<\/li>\n<li>Rolf Drosten\n<\/li>\n<li>Ross Bolleter (1946- )\n<\/li>\n<li>Subhana Barzaghi, (1954- )\n<\/li>\n<\/ol>\n<hr \/>\n<div style=\"text-align:right\"><a href=\"#inicio\">Topo<\/a><\/div>\n<hr \/>\n<p align=center><b><font face=\"tahoma, verdana, arial\" size=4><a name=\"b\">Biografia<\/a><\/font><\/b><\/p>\n<p><div id=\"attachment_1789\" style=\"width: 110px\" class=\"wp-caption alignleft\"><a href=\"http:\/\/www.nossacasa.net\/shunya\/quanto-tempo-praticar\/609b\/\" rel=\"attachment wp-att-1789\"><img loading=\"lazy\" decoding=\"async\" aria-describedby=\"caption-attachment-1789\" src=\"http:\/\/www.nossacasa.net\/shunya\/wp-content\/uploads\/2013\/02\/609b.jpg\" alt=\"\" width=\"100\" height=\"101\" class=\"size-full wp-image-1789\" srcset=\"http:\/\/www.nossacasa.net\/shunya\/wp-content\/uploads\/2013\/02\/609b.jpg 100w, http:\/\/www.nossacasa.net\/shunya\/wp-content\/uploads\/2013\/02\/609b-50x50.jpg 50w\" sizes=\"auto, (max-width: 100px) 100vw, 100px\" \/><\/a><p id=\"caption-attachment-1789\" class=\"wp-caption-text\">Robert e Ane Aitken<\/p><\/div><div id=\"attachment_1788\" style=\"width: 82px\" class=\"wp-caption alignright\"><a href=\"http:\/\/www.nossacasa.net\/shunya\/quanto-tempo-praticar\/609a\/\" rel=\"attachment wp-att-1788\"><img loading=\"lazy\" decoding=\"async\" aria-describedby=\"caption-attachment-1788\" src=\"http:\/\/www.nossacasa.net\/shunya\/wp-content\/uploads\/2013\/02\/609a.jpg\" alt=\"\" width=\"72\" height=\"98\" class=\"size-full wp-image-1788\" \/><\/a><p id=\"caption-attachment-1788\" class=\"wp-caption-text\">Robert e Ane Aitken<\/p><\/div>Robert Aitken nasceu em 19 de junho de 1917, disc\u00edpulo de Zenshin Yamada estudou tamb\u00e9m com Senzaki Nyogen e Nakagawa Soen.  Em 1959, junto com sua esposa <a href=\"default.asp?menu=610\" class=\"broken_link\"><font size=\"2\">Anne Hopkins Aitken<\/font><\/a>, fundou a &#8220;<a href=\"http:\/\/www.robertaitken.net\/\" target=\"_blank\" rel=\"noopener noreferrer\" class=\"broken_link\"><font size=\"2\">Diamond Sangha<\/font><\/a>&#8220;, uma sociedade de Zen budista em Honolulu. Atualmente est\u00e1 aposentado e vive no distrito de Puna na Grande Ilha de Hawai. Sempre residiu no Hawai, diplomou-se na &#8220;University of Hawai&#8221; com o grau de bacharel em literatura inglesa e realizou mestrado em estudos japoneses.<\/p>\n<p>Em 1941, ele foi capturado em Guam por for\u00e7as invasoras japonesas, e mantido preso no Jap\u00e3o durante toda a Segunda Guerra Mundial.  No acampamento, ele conheceu o estudioso brit\u00e2nico R.H. Blyth, que o introduziu no budismo Zen. Depois da guerra, ele praticou Zen com Senzaki Nyogen Sensei em Los Angeles, viajando com freq\u00fcencia para o Jap\u00e3o para praticar em monast\u00e9rios e realizar retiros com Nakagawa Soen Roshi, Yasutani Hakuun Roshi, e Yamada Koun Roshi. Em 1974, ele recebeu autoriza\u00e7\u00e3o para ensinar de Yamada Roshi, Abade do &#8220;Sanbo Kyodan&#8221; em Kamakura, Jap\u00e3o, que lhe deu a transmiss\u00e3o como mestre independente em 1985. <\/p>\n<p> Aitken Roshi \u00e9 o autor de oito livros sobre budismo Zen, e co-autor de um livro sobre o di\u00e1logo entre o budismo e o cristianismo. No Hawai ele ajudava a fundar o &#8220;Koko An Zendo&#8221;, o &#8220;Palolo Zen Center&#8221;, o &#8220;Maui Zendo&#8221; e o &#8220;Garden Island Sangha&#8221;. V\u00e1rios outros centros na Europa, Am\u00e9rica do Norte, Am\u00e9rica do Sul, e Australia s\u00e3o afiliados ao &#8220;Diamond Sangha&#8221;.<\/p>\n<p>  Aitken Roshi \u00e9 co-fundador do &#8220;Buddhist Peace Fellowship&#8221; e faz parte de seus conselheiros  internacionais. Ele partcipou de forma ativa em v\u00e1rios movimentos plea paz, justi\u00e7a social e ecologia, e seus textos refletem reflete sua preocupa\u00e7\u00e3o de  que os  budistas estejam comprometidos com asaplica\u00e7\u00f5es sociais de sua experi\u00eancia.  <\/p>\n<p>     Aitken Roshi deu transmiss\u00e3o do Dharma como mestres independentes para:<\/p>\n<ul type=\"disc\">\n<li> Nelson Foster, &#8220;Honolulu Diamond Sangha&#8221; e &#8220;Ring of Bone Zendo&#8221; na Cidade de Nevada, Calif\u00f3rnia;\n\t<\/li>\n<li>John Tarrant, &#8220;Pacific Zen Institute&#8221; em Santa Rosa, Calif\u00f3rnia;\n\t<\/li>\n<li>Patrick Hawk, &#8221; Zen Desert Sangha&#8221; em Tucson, Arizona, e &#8220;Mountain Cloud Zen Center&#8221; em Santa F\u00e9, Novo Mexico;\n\t<\/li>\n<li>Joseph Bobrow, &#8220;Harbor Sangha&#8221; em San Francisco, Calif\u00f3rnia;\n\t<\/li>\n<li>Jack Duffy, &#8220;Three Treasures Sangha&#8221; em Seattle, Washington;\n\t<\/li>\n<li>Augusto Alcalde, Vimalakirti Sangha, in Cordoba, Argentina;\n\t<\/li>\n<li>Rolf Drosten , Grupo de Leverkusen Zen, em Leverkusen, Alemanha.\n<\/li>\n<\/ul>\n<p>Ele autorizou Pia Gyger, &#8220;One Ground Zendo&#8221; em Luzern, Su\u00ed\u00e7a, a atuar como professor afiliado da &#8220;Diamond Sangha&#8221;. Em uni\u00e3o com John Tarrant deu  transmiss\u00e3o como mestres independentes para Subhana Barzaghi em Sydney, New South Wales, Austr\u00e1lia; e para Ross Bolleter em Perth, Austr\u00e1lia Ocidental.  <\/p>\n<p>     Como um mestre aposentado, Aitken Roshi trabalha com alguns estudantes antigos, e continua a estudar e escrever. Seu trabalho mais recente titulado, &#8220;Zen Master Raven: Sayings and Doings of a Wise Bird&#8221; (Mestre Zen Corvo: Declara\u00e7\u00f5es e A\u00e7\u00f5es de um P\u00e1ssaro S\u00e1bio), acaba de ser publicada pela Tuttle ( 2002).  <\/p>\n<hr \/>\n<ol type=\"1\">\nFontes:<\/p>\n<li>&#8220;Zen Buddhism &#8211; Hakuin School&#8221;<br \/>\nwww.ciolek.com\/WWWVLPages\/ZenPages\/Hakuin.html<\/li>\n<li>http:\/\/www.impermanent.net\/zcboston\/lineage.html<\/li>\n<\/ol>\n<hr \/>\n<div style=\"text-align:right\"><a href=\"#inicio\">Topo<\/a><\/div>\n<hr \/>\n<p><a name=\"c\">Linhagem de Hakuun Yasutani desde Saquiamuni<\/a><\/p>\n<hr \/>\n<div style=\"text-align:center\">\n<ol type=\"1\"><b><u>BUTSU<\/u><\/b><\/p>\n<li><a href=\"http:\/\/www.nossacasa.net\/shunya\/buda\/\">BIBASHI<\/a><\/li>\n<li><a href=\"http:\/\/www.nossacasa.net\/shunya\/buda\/\">SHIKI<\/a><\/li>\n<li><a href=\"http:\/\/www.nossacasa.net\/shunya\/buda\/\">BISHAFU<\/a><\/li>\n<li><a href=\"http:\/\/www.nossacasa.net\/shunya\/buda\/\">KURUSON<\/a><\/li>\n<li><a href=\"http:\/\/www.nossacasa.net\/shunya\/buda\/\">KUNAGONMUNI<\/a><\/li>\n<li><a href=\"http:\/\/www.nossacasa.net\/shunya\/buda\/\">KASHO<\/a><\/li>\n<li><a href=\"http:\/\/www.nossacasa.net\/shunya\/buda\/\">XAQUIAMUNI<\/a><\/li>\n<\/ol>\n<\/div>\n<table width=\"100%\" border=\"0\">\n<tr>\n<td valign=\"top\">\n<ol type=\"1\"><b><u>\u00cdNDIA<\/u><\/b><\/p>\n<li><a href=\"http:\/\/www.nossacasa.net\/shunya\/mahakashyapa\/\">MAKAKASHO<\/a><\/li>\n<li><a href=\"http:\/\/www.nossacasa.net\/shunya\/ananda\/\">ANANDA<\/a><\/li>\n<li><a href=\"http:\/\/www.nossacasa.net\/shunya\/shanavasa\/\">SHONAWASHU<\/a><\/li>\n<li><a href=\"http:\/\/www.nossacasa.net\/shunya\/upagupta\/\">UBAGIKUTA<\/a><\/li>\n<li><a href=\"http:\/\/www.nossacasa.net\/shunya\/dhritaka\/\">DAITAKA<\/a><\/li>\n<li><a href=\"http:\/\/www.nossacasa.net\/shunya\/michaka\/\">MISHAKA<\/a><\/li>\n<li><a href=\"http:\/\/www.nossacasa.net\/shunya\/vasumitra\/\">BASHUMITSU<\/a><\/li>\n<li><a href=\"http:\/\/www.nossacasa.net\/shunya\/buddhananda\/\">BUTSUDANANDAI<\/a><\/li>\n<li><a href=\"http:\/\/www.nossacasa.net\/shunya\/buddhamitra\/\">FUDAMITA<\/a><\/li>\n<li><a href=\"http:\/\/www.nossacasa.net\/shunya\/parshvanatha\/\">BARISHIBA<\/a><\/li>\n<li><a href=\"http:\/\/www.nossacasa.net\/shunya\/punyayashas\/\">FUNAYASHYA<\/a><\/li>\n<li><a href=\"http:\/\/www.nossacasa.net\/shunya\/ashvagosha\/\">ANABOTEI<\/a><\/li>\n<li><a href=\"http:\/\/www.nossacasa.net\/shunya\/kapimala\/\">KABIMORA<\/a><\/li>\n<li><a href=\"http:\/\/www.nossacasa.net\/shunya\/nagarjuna\/\">NAGYAHARAJUNA<\/a><\/li>\n<li><a href=\"http:\/\/www.nossacasa.net\/shunya\/aryadeva\/\">KANADAIBA<\/a><\/li>\n<li><a href=\"http:\/\/www.nossacasa.net\/shunya\/rahulata\/\">RAGORATA<\/a><\/li>\n<li><a href=\"http:\/\/www.nossacasa.net\/shunya\/sanghanandi\/\">SOGYANANDAI<\/a><\/li>\n<li><a href=\"http:\/\/www.nossacasa.net\/shunya\/gayashata\/\">KAYSHATA<\/a><\/li>\n<li><a href=\"http:\/\/www.nossacasa.net\/shunya\/kumarata\/\">KUMORATA<\/a><\/li>\n<li><a href=\"http:\/\/www.nossacasa.net\/shunya\/jayata\/\">SHAYATA<\/a><\/li>\n<li><a href=\"http:\/\/www.nossacasa.net\/shunya\/vasubandhu\/\">BASHUBANZU<\/a><\/li>\n<li><a href=\"http:\/\/www.nossacasa.net\/shunya\/manorhita\/\">MANURA<\/a><\/li>\n<li><a href=\"http:\/\/www.nossacasa.net\/shunya\/haklenayasha\/\">KAKUROKUNA<\/a><\/li>\n<li><a href=\"http:\/\/www.nossacasa.net\/shunya\/aryasimha\/\">SHSISHIBODAI<\/a><\/li>\n<li><a href=\"http:\/\/www.nossacasa.net\/shunya\/basiasita\/\">BASHASHITA<\/a><\/li>\n<li><a href=\"http:\/\/www.nossacasa.net\/shunya\/punyamitra\/\">FUNYOMITA <\/a><\/li>\n<li><a href=\"http:\/\/www.nossacasa.net\/shunya\/prajnatara\/\">HANNYATARA <\/a><\/li>\n<\/ol>\n<\/td>\n<td valign=\"top\">\n<ol type=\"1\" start=\"28\"><b><u>CHINA<\/u><\/b><\/p>\n<li><a href=\"http:\/\/www.nossacasa.net\/shunya\/bodhidharma\/\">BODAIDARUMA<\/a><\/li>\n<li><a href=\"http:\/\/www.nossacasa.net\/shunya\/hui-ko\/\">TAISO EKA<\/a><\/li>\n<li><a href=\"http:\/\/www.nossacasa.net\/shunya\/seng-tsan\/\">KANCHI SOSAN<\/a><\/li>\n<li><a href=\"http:\/\/www.nossacasa.net\/shunya\/tao-hsin\/\">DAII DOSHIN<\/a><\/li>\n<li><a href=\"http:\/\/www.nossacasa.net\/shunya\/hung-jen\/\">DAIMAN KONIN<\/a><\/li>\n<li><a href=\"http:\/\/www.nossacasa.net\/shunya\/hueineng\/\">DAIKAN ENO<\/a><\/li>\n<li><a href=\"http:\/\/www.nossacasa.net\/shunya\/ching-yuan\/\">SEIGEN GYOSHI<\/a><\/li>\n<li><a href=\"http:\/\/www.nossacasa.net\/shunya\/shih-tou\/\">SEKITO KISEN<\/a><\/li>\n<li><a href=\"http:\/\/www.nossacasa.net\/shunya\/yaoshan-weiyan\/\">YAKUSAN IGEN<\/a><\/li>\n<li><a href=\"http:\/\/www.nossacasa.net\/shunya\/yun-yen-tan-sheng\/\">UNGAN DONJO<\/a><\/li>\n<li><a href=\"http:\/\/www.nossacasa.net\/shunya\/tung-shan-liang-chieh\/\">TOZAN RYOKAI<\/a><\/li>\n<li><a href=\"http:\/\/www.nossacasa.net\/shunya\/yun-chu-tao-ying\/\">UNGO DOYO<\/a><\/li>\n<li><a href=\"http:\/\/www.nossacasa.net\/shunya\/tao-pi\/\">DOAN DOHI<\/a><\/li>\n<li><a href=\"http:\/\/www.nossacasa.net\/shunya\/kuan-chih\/\">DOAN KANSHI<\/a><\/li>\n<li><a href=\"http:\/\/www.nossacasa.net\/shunya\/yuan-kuan\/\">RYOSAN ENKAN<\/a><\/li>\n<li><a href=\"http:\/\/www.nossacasa.net\/shunya\/ta-yang-ching-hsuan\/\">TAIYO KIYOGEN<\/a><\/li>\n<li><a href=\"http:\/\/www.nossacasa.net\/shunya\/tou-tzu-yi-ching\/\">TOSHI GISEI<\/a><\/li>\n<li><a href=\"http:\/\/www.nossacasa.net\/shunya\/fu-jung-tao-kai\/\">FUYO DOKAI<\/a><\/li>\n<li><a href=\"http:\/\/www.nossacasa.net\/shunya\/tan-hsia\/\">TANKA SHIJUN<\/a><\/li>\n<li><a href=\"http:\/\/www.nossacasa.net\/shunya\/wu-kung\/\">CHORO SEIRIYO<\/a><\/li>\n<li><a href=\"http:\/\/www.nossacasa.net\/shunya\/tsung-chueh\/6\">TENDO SOKAKU<\/a><\/li>\n<li><a href=\"http:\/\/www.nossacasa.net\/shunya\/hsue-tou\/\">SECCHO CHIKAN<\/a><\/li>\n<li><a href=\"http:\/\/www.nossacasa.net\/shunya\/tien-tung-ju-ching\/\">TENDO NYOJO<\/a><\/li>\n<\/ol>\n<\/td>\n<\/tr>\n<tr>\n<td valign=\"top\">\n<ol type=\"1\" start=\"51\"><b><u>JAP\u00c3O<\/u><\/b><\/p>\n<li><a href=\"http:\/\/www.nossacasa.net\/shunya\/eihei-dogen\/\">EIHEI DOGEN<\/a><\/li>\n<li><a href=\"http:\/\/www.nossacasa.net\/shunya\/koun-ejo\/\">KOUN EJO<\/a><\/li>\n<li><a href=\"http:\/\/www.nossacasa.net\/shunya\/tettsu-gikai\/\">TETSU GIKAI<\/a><\/li>\n<li><a href=\"http:\/\/www.nossacasa.net\/shunya\/keizan-jokin\/\">KEIZAN JOKIN<\/a><\/li>\n<li><a href=\"http:\/\/www.nossacasa.net\/shunya\/meiho-sotetsu\/\">MEIHO SOTETSU<\/a><\/li>\n<li><a href=\"http:\/\/www.nossacasa.net\/shunya\/shugan-dochin\/\">SHUGAN DOCHIN<\/a><\/li>\n<li><a href=\"http:\/\/www.nossacasa.net\/shunya\/tetsuzan-shikaku\/\">TETSUZAN SHIKAKU<\/a><\/li>\n<li><a href=\"http:\/\/www.nossacasa.net\/shunya\/keigen-eisho\/\">KEIGAN EISHO<\/a><\/li>\n<li><a href=\"http:\/\/www.nossacasa.net\/shunya\/chuzan-ryohun\/\">CHUZAN RYOHUN<\/a><\/li>\n<li><a href=\"http:\/\/www.nossacasa.net\/shunya\/gisan-tonin\/\">GISAN TONIN<\/a><\/li>\n<li><a href=\"http:\/\/www.nossacasa.net\/shunya\/shogaku-kenryu\/\">SHOGAKU KENRYU<\/a><\/li>\n<li><a href=\"http:\/\/www.nossacasa.net\/shunya\/kinen-horyu\/\">KINEN HORYU<\/a><\/li>\n<li><a href=\"http:\/\/www.nossacasa.net\/shunya\/teishitsu-chisen\/\">TEISHITSU CHISEN<\/a><\/li>\n<li><a href=\"http:\/\/www.nossacasa.net\/shunya\/kokei-shojun\/\">KOKEI SHOJUN<\/a><\/li>\n<li><a href=\"http:\/\/www.nossacasa.net\/shunya\/sekiso-juho\/\">SEKISO YUHO<\/a><\/li>\n<li><a href=\"http:\/\/www.nossacasa.net\/shunya\/kaiten-genju\/\">KAITEN GENJU<\/a><\/li>\n<li><a href=\"http:\/\/www.nossacasa.net\/shunya\/shuzan-shunsho\/\">SHUZAN SHUNSHO<\/a><\/li>\n<li><a href=\"http:\/\/www.nossacasa.net\/shunya\/chozan-giketsu\/\">CHOZAN GIKETSU<\/a><\/li>\n<li><a href=\"http:\/\/www.nossacasa.net\/shunya\/fukushu-koshi\/\">FUKUSHU KOCHI<\/a><\/li>\n<li><a href=\"http:\/\/www.nossacasa.net\/shunya\/myodo-yuton\/\">MYODO YUTON<\/a><\/li>\n<li><a href=\"http:\/\/www.nossacasa.net\/shunya\/hakuho-gentekki\/\">HAKUHO GENTEKI<\/a><\/li>\n<li><a href=\"http:\/\/www.nossacasa.net\/shunya\/gesshu-soko\/\">GESSHU SOKO<\/a><\/li>\n<li><a href=\"http:\/\/www.nossacasa.net\/shunya\/tokuho-ryoko\/\">TOKUO RYOKO<\/a><\/li>\n<li><a href=\"http:\/\/www.nossacasa.net\/shunya\/mokushi-soen\/\">MOKUSHI SOEN<\/a><\/li>\n<li><a href=\"http:\/\/www.nossacasa.net\/shunya\/sekiso-tesshu\/\">SEKISO TESSHU<\/a><\/li>\n<li><a href=\"http:\/\/www.nossacasa.net\/shunya\/ryuko-ryoshu\/\">RYUKO RYOSHU<\/a><\/li>\n<li><a href=\"http:\/\/www.nossacasa.net\/shunya\/renzan-soho\/\">RENZAN SOHO<\/a><\/li>\n<li><a href=\"http:\/\/www.nossacasa.net\/shunya\/motsugai-shido\/\">MOTSUGAI SHIDO<\/a><\/li>\n<li><a href=\"http:\/\/www.nossacasa.net\/shunya\/gukei-youn\/\">GUKEI YOUN<\/a><\/li>\n<li><a href=\"http:\/\/www.nossacasa.net\/shunya\/kakusho-sodo\/\">KAKUSHO SODO<\/a><\/li>\n<li><a href=\"http:\/\/www.nossacasa.net\/shunya\/daiun-sogaku\/\">DAIUN SOGAKU<\/a><\/li>\n<li><a href=\"http:\/\/www.nossacasa.net\/shunya\/hakuun-ryoko\/\">HAKUUN RYOKO<\/a><\/li>\n<li><a href=\"http:\/\/www.nossacasa.net\/shunya\/koun-zenshin-yamada\/\">KOUN YAMADA<\/a><\/li>\n<\/ol>\n<\/td>\n<td valign=\"top\">\n<ol type=\"1\" start=\"84\"><b><u>OCIDENTE<\/u><\/b><\/p>\n<li><a href=\"http:\/\/www.nossacasa.net\/shunya\/robert-aitken\/\">ROBERT AITKEN<\/a><\/li>\n<\/ol>\n<\/td>\n<\/tr>\n<\/table>\n<hr \/>\n<div style=\"text-align:right\"><a href=\"#inicio\">Topo<\/a><\/div>\n<hr \/>\n<\/div>\n<p><\/font><\/p>\n<!-- AddThis Advanced Settings generic via filter on the_content --><!-- AddThis Share Buttons generic via filter on the_content -->","protected":false},"excerpt":{"rendered":"<p>Robert Aitken (1917- ) Refer\u00eancias Biografia Linhagem Refer\u00eancias Robert Aitken \u00e9 da 84a.gera\u00e7\u00e3o desde Buda, da 33a.gera\u00e7\u00e3o desde Dogen, da 30a.gera\u00e7\u00e3o da linhagem Meiho Sotetsu e da 12a. gera\u00e7\u00e3o da &#8220;Three Treasures Lineage&#8220;(Linhagem dos Tr\u00eas Tesouros), iniciada por Tokuo Ryoko. &hellip; <a href=\"http:\/\/www.nossacasa.net\/shunya\/robert-aitken\/\">Continue lendo <span class=\"meta-nav\">&rarr;<\/span><\/a><!-- AddThis Advanced Settings generic via filter on get_the_excerpt --><!-- AddThis Share Buttons generic via filter on get_the_excerpt --><\/p>\n","protected":false},"author":1,"featured_media":0,"parent":0,"menu_order":0,"comment_status":"closed","ping_status":"closed","template":"","meta":{"footnotes":""},"class_list":["post-3420","page","type-page","status-publish","hentry"],"_links":{"self":[{"href":"http:\/\/www.nossacasa.net\/shunya\/wp-json\/wp\/v2\/pages\/3420","targetHints":{"allow":["GET"]}}],"collection":[{"href":"http:\/\/www.nossacasa.net\/shunya\/wp-json\/wp\/v2\/pages"}],"about":[{"href":"http:\/\/www.nossacasa.net\/shunya\/wp-json\/wp\/v2\/types\/page"}],"author":[{"embeddable":true,"href":"http:\/\/www.nossacasa.net\/shunya\/wp-json\/wp\/v2\/users\/1"}],"replies":[{"embeddable":true,"href":"http:\/\/www.nossacasa.net\/shunya\/wp-json\/wp\/v2\/comments?post=3420"}],"version-history":[{"count":9,"href":"http:\/\/www.nossacasa.net\/shunya\/wp-json\/wp\/v2\/pages\/3420\/revisions"}],"predecessor-version":[{"id":6952,"href":"http:\/\/www.nossacasa.net\/shunya\/wp-json\/wp\/v2\/pages\/3420\/revisions\/6952"}],"wp:attachment":[{"href":"http:\/\/www.nossacasa.net\/shunya\/wp-json\/wp\/v2\/media?parent=3420"}],"curies":[{"name":"wp","href":"https:\/\/api.w.org\/{rel}","templated":true}]}}