{"id":3427,"date":"2018-05-24T09:26:46","date_gmt":"2018-05-24T11:26:46","guid":{"rendered":"http:\/\/www.nossacasa.net\/shunya\/?page_id=3427"},"modified":"2020-07-11T18:10:08","modified_gmt":"2020-07-11T20:10:08","slug":"koun-zenshin-yamada","status":"publish","type":"page","link":"http:\/\/www.nossacasa.net\/shunya\/koun-zenshin-yamada\/","title":{"rendered":"Koun Zenshin Yamada"},"content":{"rendered":"<p><font face=\"Verdana\" size=\"2\"><\/p>\n<div style=\"text-align:justify\">\n<a name=\"inicio\"><\/a><a href=\"http:\/\/www.nossacasa.net\/shunya\/koun-zenshin-yamada\/koun-zenshin-yamada-2\/\" rel=\"attachment wp-att-3429\"><img loading=\"lazy\" decoding=\"async\" src=\"http:\/\/www.nossacasa.net\/shunya\/wp-content\/uploads\/2018\/05\/Koun-Zenshin-Yamada.jpg\" alt=\"\" width=\"190\" height=\"240\" class=\"alignright size-full wp-image-3429\" \/><\/a><br \/>\n<b>Koun Zenshin Yamada (1907-1989)<\/b><\/p>\n<hr \/>\n<p><a href=\"#a\">Refer\u00eancias<\/a><br \/>\n<a href=\"#b\">Linhagem de Hakuun Yasutani<\/a><\/p>\n<hr \/>\n<p><a name=\"a\"><b>Refer\u00eancias<\/b><\/a><br \/>\nRoshi  Yamada recebeu a transmiss\u00e3o do Dharma de <a href=\"http:\/\/www.nossacasa.net\/shunya\/hakuun-ryoko\/\">Hakuun Ryoko Yasutani<\/a>, fundador junto com <a href=\"http:\/\/www.nossacasa.net\/shunya\/daiun-sogaku\/\">Harada Daiun Sogaku<\/a> da <a href=\"http:\/\/www.nossacasa.net\/shunya\/daiun-sogaku\/#c\">Escola Sanbo Kyodan<\/a>.<\/p>\n<p>Koun Zenshin Yamada nasceu em 13 de mar\u00e7o de 1907 e morreu em 13 de setembro de 1989. Depois da morte de Hakuun Yasutani ele tornou-se o principal respons\u00e1vel pela escola &#8220;Sanbo Kyodan&#8221;. <\/p>\n<p>Roshi  Yamada  transmitiu o Dharma para:<\/p>\n<ol type=\"1\">\n<li>Ama Genun-ken Samy (1936- )\n<\/li>\n<li>Ana Maria Kiun-an Schl\u00fcter (1935- )\n<\/li>\n<li><a href=\"http:\/\/www.nossacasa.net\/shunya\/anne-aitken\/\">Anne Aitken<\/a>\n<\/li>\n<li>David Tetsuun-ken Loy (1947- )\n<\/li>\n<li>Doshu Zuiun-ken Adachi\n<\/li>\n<li>Elaine Koun-an MacInnes (1924- )\n<\/li>\n<li>Gundula Zuiun-an Meyer\n<\/li>\n<li>Hugo Makibi Aiun-ken Enomiya-Lassalle (1898- 1990)\n<\/li>\n<li>Joan Jo-un Rieck (1936- )\n<\/li>\n<li>Johannes Houn-ken Kopp (1927- )\n<\/li>\n<li>Kathleen Seiun-an Reiley (1944- )\n<\/li>\n<li>Kodo Nyoun-ken Hasegawa (1909 &#8211; 1998)\n<\/li>\n<li>Ludwigis Koun-an Fabian\n<\/li>\n<li>Masamichi Ryoun-ken Yamada (1940- )\n<\/li>\n<li>Mila Gyokuun-an Golez\n<\/li>\n<li>Niklaus Goun-ken Brantschen (1937- )\n<\/li>\n<li>Osamu Shoun-ken Ashida\n<\/li>\n<li>Paul Choun-ken Shepherd (1948- )\n<\/li>\n<li>Peter Choun-ken Lengsfeld (1930- )\n<\/li>\n<li><a href=\"http:\/\/www.nossacasa.net\/shunya\/robert-aitken\/\">Robert Aitken<\/a>\n<\/li>\n<li>Roselyn Seiun-an Stone  (1931- )\n<\/li>\n<li>Ruben Keiun-ken Habito (1947- )\n<\/li>\n<li>Shitetsu Shoun-ken Sendo\n<\/li>\n<li>Shue Reiunken Usami\n<\/li>\n<li>Sonia Soni-an Punzalan\n<\/li>\n<li>Teido Kakuun-ken Nakamura\n<\/li>\n<li>Victor Yuun-ken Loew (1924-1994)\n<\/li>\n<li>Willigis Koun-ken Jaege (1925- )\n<\/li>\n<\/ol>\n<hr \/>\n<p>Koun Yamada \u00e9 da 83<sup>a.<\/sup>gera\u00e7\u00e3o desde Buda, da 32<sup>a.<\/sup>gera\u00e7\u00e3o desde Dogen, da 29<sup>a.<\/sup>gera\u00e7\u00e3o da linhagem  <a href=\"http:\/\/www.nossacasa.net\/shunya\/meiho-sotetsu\/\">Meiho Sotetsu<\/a> e da 11<sup>a.<\/sup> gera\u00e7\u00e3o da &#8220;<i>Three Treasures Lineage<\/i>&#8220;(Linhagem dos Tr\u00eas Tesouros), iniciada por <a href=\"http:\/\/www.nossacasa.net\/shunya\/tokuho-ryoko\/\">Tokuo Ryoko<\/a>.<\/p>\n<p>Voc\u00ea pode encontrar mais freq\u00fcentemente Koun (Cultivando Nuvem) Zenshin sendo chamado de Roshi Yamada. Seu companheiro de quarto no segundo grau foi Soen Nakagawa que iria um dia ser t\u00e3o importante em trazer Zen para o Ocidente, mas ele pr\u00f3prio formou-se em legisla\u00e7\u00e3o alem\u00e3 e trabalhou em seguro. Estando em servi\u00e7o na Manchuria, ele uma vez mais encontrou Soen Nakagawa, que o convenceu a come\u00e7ar a estudar a pr\u00e1tica do zazen. Ao longo de sua vida ele trabalhou para encontrar professores que pudessem ajudar grupos de m\u00e9dicos leigos, e embora ele tenha continuado a trabalhar normalmente ele se tornou sucessor do Yasutani, tendo o seu grande kensho descrito nos &#8220;Tr\u00eas Pilares do Zen&#8221;. Quando Roshi Yasutani se aposentou, a &#8220;Diamond Sangha&#8221; ficou sem um professor visitante, e Roshi Yamada tomou seu lugar. Como professor de Roshi Aitken (e primaz da &#8220;Daimond Sangha&#8221; por 13 anos) Roshi Yamada \u00e9 um dos grandes respons\u00e1veis pela vitalidade da &#8220;Diamond Sangha&#8221; hoje.<\/p>\n<hr \/>\n<ol type=\"1\">\nFontes:<\/p>\n<li>&#8220;Zen Buddhism &#8211; Hakuin School&#8221;<br \/>\nwww.ciolek.com\/WWWVLPages\/ZenPages\/Hakuin.html<\/li>\n<li>http:\/\/www.impermanent.net\/zcboston\/lineage.html<\/li>\n<li>http:\/\/www.ysdharma.org\/ourzen.htm<\/li>\n<\/ol>\n<hr \/>\n<div style=\"text-align:right\"><a href=\"#inicio\">Topo<\/a><\/div>\n<hr \/>\n<p><a name=\"e\">Linhagem de Hakuun Yasutani desde Saquiamuni<\/a><\/p>\n<div style=\"text-align:center\">\n<ol type=\"1\"><b><u>BUTSU<\/u><\/b><\/p>\n<li><a href=\"http:\/\/www.nossacasa.net\/shunya\/buda\/\">BIBASHI<\/a><\/li>\n<li><a href=\"http:\/\/www.nossacasa.net\/shunya\/buda\/\">SHIKI<\/a><\/li>\n<li><a href=\"http:\/\/www.nossacasa.net\/shunya\/buda\/\">BISHAFU<\/a><\/li>\n<li><a href=\"http:\/\/www.nossacasa.net\/shunya\/buda\/\">KURUSON<\/a><\/li>\n<li><a href=\"http:\/\/www.nossacasa.net\/shunya\/buda\/\">KUNAGONMUNI<\/a><\/li>\n<li><a href=\"http:\/\/www.nossacasa.net\/shunya\/buda\/\">KASHO<\/a><\/li>\n<li><a href=\"http:\/\/www.nossacasa.net\/shunya\/buda\/\">XAQUIAMUNI<\/a><\/li>\n<\/ol>\n<\/div>\n<table width=\"100%\" border=\"0\">\n<tr>\n<td valign=\"top\">\n<ol type=\"1\"><b><u>\u00cdNDIA<\/u><\/b><\/p>\n<li><a href=\"http:\/\/www.nossacasa.net\/shunya\/mahakashyapa\/\">MAKAKASHO<\/a><\/li>\n<li><a href=\"http:\/\/www.nossacasa.net\/shunya\/ananda\/\">ANANDA<\/a><\/li>\n<li><a href=\"http:\/\/www.nossacasa.net\/shunya\/shanavasa\/\">SHONAWASHU<\/a><\/li>\n<li><a href=\"http:\/\/www.nossacasa.net\/shunya\/upagupta\/\">UBAGIKUTA<\/a><\/li>\n<li><a href=\"http:\/\/www.nossacasa.net\/shunya\/dhritaka\/\">DAITAKA<\/a><\/li>\n<li><a href=\"http:\/\/www.nossacasa.net\/shunya\/michaka\/\">MISHAKA<\/a><\/li>\n<li><a href=\"http:\/\/www.nossacasa.net\/shunya\/vasumitra\/\">BASHUMITSU<\/a><\/li>\n<li><a href=\"http:\/\/www.nossacasa.net\/shunya\/buddhananda\/\">BUTSUDANANDAI<\/a><\/li>\n<li><a href=\"http:\/\/www.nossacasa.net\/shunya\/buddhamitra\/\">FUDAMITA<\/a><\/li>\n<li><a href=\"http:\/\/www.nossacasa.net\/shunya\/parshvanatha\/\">BARISHIBA<\/a><\/li>\n<li><a href=\"http:\/\/www.nossacasa.net\/shunya\/punyayashas\/\">FUNAYASHYA<\/a><\/li>\n<li><a href=\"http:\/\/www.nossacasa.net\/shunya\/ashvagosha\/\">ANABOTEI<\/a><\/li>\n<li><a href=\"http:\/\/www.nossacasa.net\/shunya\/kapimala\/\">KABIMORA<\/a><\/li>\n<li><a href=\"http:\/\/www.nossacasa.net\/shunya\/nagarjuna\/\">NAGYAHARAJUNA<\/a><\/li>\n<li><a href=\"http:\/\/www.nossacasa.net\/shunya\/aryadeva\/\">KANADAIBA<\/a><\/li>\n<li><a href=\"http:\/\/www.nossacasa.net\/shunya\/rahulata\/\">RAGORATA<\/a><\/li>\n<li><a href=\"http:\/\/www.nossacasa.net\/shunya\/sanghanandi\/\">SOGYANANDAI<\/a><\/li>\n<li><a href=\"http:\/\/www.nossacasa.net\/shunya\/gayashata\/\">KAYSHATA<\/a><\/li>\n<li><a href=\"http:\/\/www.nossacasa.net\/shunya\/kumarata\/\">KUMORATA<\/a><\/li>\n<li><a href=\"http:\/\/www.nossacasa.net\/shunya\/jayata\/\">SHAYATA<\/a><\/li>\n<li><a href=\"http:\/\/www.nossacasa.net\/shunya\/vasubandhu\/\">BASHUBANZU<\/a><\/li>\n<li><a href=\"http:\/\/www.nossacasa.net\/shunya\/manorhita\/\">MANURA<\/a><\/li>\n<li><a href=\"http:\/\/www.nossacasa.net\/shunya\/haklenayasha\/\">KAKUROKUNA<\/a><\/li>\n<li><a href=\"http:\/\/www.nossacasa.net\/shunya\/aryasimha\/\">SHSISHIBODAI<\/a><\/li>\n<li><a href=\"http:\/\/www.nossacasa.net\/shunya\/basiasita\/\">BASHASHITA<\/a><\/li>\n<li><a href=\"http:\/\/www.nossacasa.net\/shunya\/punyamitra\/\">FUNYOMITA <\/a><\/li>\n<li><a href=\"http:\/\/www.nossacasa.net\/shunya\/prajnatara\/\">HANNYATARA <\/a><\/li>\n<\/ol>\n<\/td>\n<td valign=\"top\">\n<ol type=\"1\" start=\"28\"><b><u>CHINA<\/u><\/b><\/p>\n<li><a href=\"http:\/\/www.nossacasa.net\/shunya\/bodhidharma\/\">BODAIDARUMA<\/a><\/li>\n<li><a href=\"http:\/\/www.nossacasa.net\/shunya\/hui-ko\/\">TAISO EKA<\/a><\/li>\n<li><a href=\"http:\/\/www.nossacasa.net\/shunya\/seng-tsan\/\">KANCHI SOSAN<\/a><\/li>\n<li><a href=\"http:\/\/www.nossacasa.net\/shunya\/tao-hsin\/\">DAII DOSHIN<\/a><\/li>\n<li><a href=\"http:\/\/www.nossacasa.net\/shunya\/hung-jen\/\">DAIMAN KONIN<\/a><\/li>\n<li><a href=\"http:\/\/www.nossacasa.net\/shunya\/hueineng\/\">DAIKAN ENO<\/a><\/li>\n<li><a href=\"http:\/\/www.nossacasa.net\/shunya\/ching-yuan\/\">SEIGEN GYOSHI<\/a><\/li>\n<li><a href=\"http:\/\/www.nossacasa.net\/shunya\/shih-tou\/\">SEKITO KISEN<\/a><\/li>\n<li><a href=\"http:\/\/www.nossacasa.net\/shunya\/yaoshan-weiyan\/\">YAKUSAN IGEN<\/a><\/li>\n<li><a href=\"http:\/\/www.nossacasa.net\/shunya\/yun-yen-tan-sheng\/\">UNGAN DONJO<\/a><\/li>\n<li><a href=\"http:\/\/www.nossacasa.net\/shunya\/tung-shan-liang-chieh\/\">TOZAN RYOKAI<\/a><\/li>\n<li><a href=\"http:\/\/www.nossacasa.net\/shunya\/yun-chu-tao-ying\/\">UNGO DOYO<\/a><\/li>\n<li><a href=\"http:\/\/www.nossacasa.net\/shunya\/tao-pi\/\">DOAN DOHI<\/a><\/li>\n<li><a href=\"http:\/\/www.nossacasa.net\/shunya\/kuan-chih\/\">DOAN KANSHI<\/a><\/li>\n<li><a href=\"http:\/\/www.nossacasa.net\/shunya\/yuan-kuan\/\">RYOSAN ENKAN<\/a><\/li>\n<li><a href=\"http:\/\/www.nossacasa.net\/shunya\/ta-yang-ching-hsuan\/\">TAIYO KIYOGEN<\/a><\/li>\n<li><a href=\"http:\/\/www.nossacasa.net\/shunya\/tou-tzu-yi-ching\/\">TOSHI GISEI<\/a><\/li>\n<li><a href=\"http:\/\/www.nossacasa.net\/shunya\/fu-jung-tao-kai\/\">FUYO DOKAI<\/a><\/li>\n<li><a href=\"http:\/\/www.nossacasa.net\/shunya\/tan-hsia\/\">TANKA SHIJUN<\/a><\/li>\n<li><a href=\"http:\/\/www.nossacasa.net\/shunya\/wu-kung\/\">CHORO SEIRIYO<\/a><\/li>\n<li><a href=\"http:\/\/www.nossacasa.net\/shunya\/tsung-chueh\/\">TENDO SOKAKU<\/a><\/li>\n<li><a href=\"http:\/\/www.nossacasa.net\/shunya\/hsue-tou\/\">SECCHO CHIKAN<\/a><\/li>\n<li><a href=\"http:\/\/www.nossacasa.net\/shunya\/tien-tung-ju-ching\/\">TENDO NYOJO<\/a><\/li>\n<\/ol>\n<\/td>\n<\/tr>\n<tr>\n<td valign=\"top\">\n<ol type=\"1\" start=\"51\"><b><u>JAP\u00c3O<\/u><\/b><\/p>\n<li><a href=\"http:\/\/www.nossacasa.net\/shunya\/eihei-dogen\/\">EIHEI DOGEN<\/a><\/li>\n<li><a href=\"http:\/\/www.nossacasa.net\/shunya\/koun-ejo\/\">KOUN EJO<\/a><\/li>\n<li><a href=\"http:\/\/www.nossacasa.net\/shunya\/tettsu-gikai\/\">TETSU GIKAI<\/a><\/li>\n<li><a href=\"http:\/\/www.nossacasa.net\/shunya\/keizan-jokin\/\">KEIZAN JOKIN<\/a><\/li>\n<li><a href=\"http:\/\/www.nossacasa.net\/shunya\/meiho-sotetsu\/\">MEIHO SOTETSU<\/a><\/li>\n<li><a href=\"http:\/\/www.nossacasa.net\/shunya\/shugan-dochin\/\">SHUGAN DOCHIN<\/a><\/li>\n<li><a href=\"http:\/\/www.nossacasa.net\/shunya\/tetsuzan-shikaku\/\">TETSUZAN SHIKAKU<\/a><\/li>\n<li><a href=\"http:\/\/www.nossacasa.net\/shunya\/keigen-eisho\/\">KEIGAN EISHO<\/a><\/li>\n<li><a href=\"http:\/\/www.nossacasa.net\/shunya\/chuzan-ryohun\/\">CHUZAN RYOHUN<\/a><\/li>\n<li><a href=\"http:\/\/www.nossacasa.net\/shunya\/gisan-tonin\/\">GISAN TONIN<\/a><\/li>\n<li><a href=\"http:\/\/www.nossacasa.net\/shunya\/shogaku-kenryu\/\">SHOGAKU KENRYU<\/a><\/li>\n<li><a href=\"http:\/\/www.nossacasa.net\/shunya\/kinen-horyu\/\">KINEN HORYU<\/a><\/li>\n<li><a href=\"http:\/\/www.nossacasa.net\/shunya\/teishitsu-chisen\/\">TEISHITSU CHISEN<\/a><\/li>\n<li><a href=\"http:\/\/www.nossacasa.net\/shunya\/kokei-shojun\/\">KOKEI SHOJUN<\/a><\/li>\n<li><a href=\"http:\/\/www.nossacasa.net\/shunya\/sekiso-juho\/\">SEKISO YUHO<\/a><\/li>\n<li><a href=\"http:\/\/www.nossacasa.net\/shunya\/kaiten-genju\/\">KAITEN GENJU<\/a><\/li>\n<li><a href=\"http:\/\/www.nossacasa.net\/shunya\/shuzan-shunsho\/\">SHUZAN SHUNSHO<\/a><\/li>\n<li><a href=\"http:\/\/www.nossacasa.net\/shunya\/chozan-giketsu\/\">CHOZAN GIKETSU<\/a><\/li>\n<li><a href=\"http:\/\/www.nossacasa.net\/shunya\/fukushu-koshi\/\">FUKUSHU KOCHI<\/a><\/li>\n<li><a href=\"http:\/\/www.nossacasa.net\/shunya\/myodo-yuton\/\">MYODO YUTON<\/a><\/li>\n<li><a href=\"http:\/\/www.nossacasa.net\/shunya\/hakuho-gentekki\/\">HAKUHO GENTEKI<\/a><\/li>\n<li><a href=\"http:\/\/www.nossacasa.net\/shunya\/gesshu-soko\/\">GESSHU SOKO<\/a><\/li>\n<li><a href=\"http:\/\/www.nossacasa.net\/shunya\/tokuho-ryoko\/\">TOKUO RYOKO<\/a><\/li>\n<li><a href=\"http:\/\/www.nossacasa.net\/shunya\/mokushi-soen\/\">MOKUSHI SOEN<\/a><\/li>\n<li><a href=\"http:\/\/www.nossacasa.net\/shunya\/sekiso-tesshu\/\">SEKISO TESSHU<\/a><\/li>\n<li><a href=\"http:\/\/www.nossacasa.net\/shunya\/ryuko-ryoshu\/\">RYUKO RYOSHU<\/a><\/li>\n<li><a href=\"http:\/\/www.nossacasa.net\/shunya\/renzan-soho\/\">RENZAN SOHO<\/a><\/li>\n<li><a href=\"http:\/\/www.nossacasa.net\/shunya\/motsugai-shido\/\">MOTSUGAI SHIDO<\/a><\/li>\n<li><a href=\"http:\/\/www.nossacasa.net\/shunya\/gukei-youn\/\">GUKEI YOUN<\/a><\/li>\n<li><a href=\"http:\/\/www.nossacasa.net\/shunya\/kakusho-sodo\/\">KAKUSHO SODO<\/a><\/li>\n<li><a href=\"http:\/\/www.nossacasa.net\/shunya\/daiun-sogaku\/\">DAIUN SOGAKU<\/a><\/li>\n<li><a href=\"http:\/\/www.nossacasa.net\/shunya\/hakuun-ryoko\/\">HAKUUN RYOKO<\/a><\/li>\n<li><a href=\"http:\/\/www.nossacasa.net\/shunya\/koun-zenshin-yamada\/\">KOUN YAMADA<\/a><\/li>\n<\/ol>\n<\/td>\n<\/tr>\n<\/table>\n<hr \/>\n<div style=\"text-align:right\"><a href=\"#inicio\">Topo<\/a><\/div>\n<hr \/>\n<\/div>\n<p><\/font><\/p>\n<!-- AddThis Advanced Settings generic via filter on the_content --><!-- AddThis Share Buttons generic via filter on the_content -->","protected":false},"excerpt":{"rendered":"<p>Koun Zenshin Yamada (1907-1989) Refer\u00eancias Linhagem de Hakuun Yasutani Refer\u00eancias Roshi Yamada recebeu a transmiss\u00e3o do Dharma de Hakuun Ryoko Yasutani, fundador junto com Harada Daiun Sogaku da Escola Sanbo Kyodan. Koun Zenshin Yamada nasceu em 13 de mar\u00e7o de &hellip; <a href=\"http:\/\/www.nossacasa.net\/shunya\/koun-zenshin-yamada\/\">Continue lendo <span class=\"meta-nav\">&rarr;<\/span><\/a><!-- AddThis Advanced Settings generic via filter on get_the_excerpt --><!-- AddThis Share Buttons generic via filter on get_the_excerpt --><\/p>\n","protected":false},"author":1,"featured_media":3429,"parent":0,"menu_order":0,"comment_status":"closed","ping_status":"closed","template":"","meta":{"footnotes":""},"class_list":["post-3427","page","type-page","status-publish","has-post-thumbnail","hentry"],"_links":{"self":[{"href":"http:\/\/www.nossacasa.net\/shunya\/wp-json\/wp\/v2\/pages\/3427","targetHints":{"allow":["GET"]}}],"collection":[{"href":"http:\/\/www.nossacasa.net\/shunya\/wp-json\/wp\/v2\/pages"}],"about":[{"href":"http:\/\/www.nossacasa.net\/shunya\/wp-json\/wp\/v2\/types\/page"}],"author":[{"embeddable":true,"href":"http:\/\/www.nossacasa.net\/shunya\/wp-json\/wp\/v2\/users\/1"}],"replies":[{"embeddable":true,"href":"http:\/\/www.nossacasa.net\/shunya\/wp-json\/wp\/v2\/comments?post=3427"}],"version-history":[{"count":7,"href":"http:\/\/www.nossacasa.net\/shunya\/wp-json\/wp\/v2\/pages\/3427\/revisions"}],"predecessor-version":[{"id":4546,"href":"http:\/\/www.nossacasa.net\/shunya\/wp-json\/wp\/v2\/pages\/3427\/revisions\/4546"}],"wp:featuredmedia":[{"embeddable":true,"href":"http:\/\/www.nossacasa.net\/shunya\/wp-json\/wp\/v2\/media\/3429"}],"wp:attachment":[{"href":"http:\/\/www.nossacasa.net\/shunya\/wp-json\/wp\/v2\/media?parent=3427"}],"curies":[{"name":"wp","href":"https:\/\/api.w.org\/{rel}","templated":true}]}}