{"id":3446,"date":"2018-05-24T10:15:50","date_gmt":"2018-05-24T12:15:50","guid":{"rendered":"http:\/\/www.nossacasa.net\/shunya\/?page_id=3446"},"modified":"2020-07-11T18:10:08","modified_gmt":"2020-07-11T20:10:08","slug":"diane-eshin-rizzetto","status":"publish","type":"page","link":"http:\/\/www.nossacasa.net\/shunya\/diane-eshin-rizzetto\/","title":{"rendered":"Diane Eshin Rizzetto (1942-)"},"content":{"rendered":"<p><font face=\"Verdana\" size=\"2\"><\/p>\n<div style=\"text-align:justify\">\n<a name=\"inicio\"><\/a><a href=\"http:\/\/www.nossacasa.net\/shunya\/diane-eshin-rizzetto\/diane-eshin-rizzetto-2\/\" rel=\"attachment wp-att-3448\"><img loading=\"lazy\" decoding=\"async\" src=\"http:\/\/www.nossacasa.net\/shunya\/wp-content\/uploads\/2018\/05\/Diane-Eshin-Rizzetto-209x300.jpg\" alt=\"\" width=\"209\" height=\"300\" class=\"alignleft size-medium wp-image-3448\" srcset=\"http:\/\/www.nossacasa.net\/shunya\/wp-content\/uploads\/2018\/05\/Diane-Eshin-Rizzetto-209x300.jpg 209w, http:\/\/www.nossacasa.net\/shunya\/wp-content\/uploads\/2018\/05\/Diane-Eshin-Rizzetto.jpg 300w\" sizes=\"auto, (max-width: 209px) 100vw, 209px\" \/><\/a><a href=\"http:\/\/www.nossacasa.net\/shunya\/quanto-tempo-praticar\/attachment\/601\/\" rel=\"attachment wp-att-1777\"><img loading=\"lazy\" decoding=\"async\" src=\"http:\/\/www.nossacasa.net\/shunya\/wp-content\/uploads\/2013\/02\/601.jpg\" alt=\"\" width=\"240\" height=\"180\" class=\"alignright size-full wp-image-1777\" \/><\/a><\/p>\n<hr \/>\n<p><a href=\"#a\"><font size=\"1\">Biografia<\/font><\/a><br \/>\n<a href=\"#b\"><font size=\"1\">Linhagem<\/font><\/a><\/p>\n<p align=center><b><font face=\"tahoma, verdana, arial\" size=4><a name=\"a\">Biografia<\/a><\/font><sup>1<\/sup><\/b><\/p>\n<p>Diane Rizzetto nasceu em 30 de outubro de 1942 em Boston, Massachusetts. Ela casou ainda jovem e teve tr\u00eas crian\u00e7as. Em 1978 ela mudou para Calif\u00f3rnia e logo depois come\u00e7ou a estudar com Sojun Mel Weitsman no Centro de Zen Berkeley. Depois de praticar no Centro de Berkeley por v\u00e1rios anos, ela come\u00e7ou a estudar com Charlotte Joko Beck do Centro Zen de San Diego.<\/p>\n<p>Diane recebeu a transmiss\u00e3o do dharma de <a href=\"http:\/\/www.nossacasa.net\/shunya\/charlotte-joko-beck\/\">Joko<\/a> em 1994 e instalou-se como professora e abade do &#8220;Bay Zen Center&#8221;. Junto com Joko e outros herdeiros de seu dharma fundaram a <a href=\"https:\/\/www.ordinarymind.com\/ordinary-mind-school\" rel=\"noopener noreferrer\" target=\"_blank\" class=\"broken_link\">Escola Zen da Mente Comum<\/a>, uma tentativa n\u00e3o sect\u00e1ria para cultivar consci\u00eancia nas atividades de di\u00e1rias da vida.<\/p>\n<hr \/>\n<div style=\"text-align:right\"><a href=\"#inicio\"><font size=\"2\">Topo<\/font><\/a><\/div>\n<hr \/>\n<p><font face=\"Comic Sans MS\" size=\"3\" color=\"#800000\"><a name=\"b\">Linhagem <font size=\"2\">(desde Sakiamuni Buda)<\/font><\/a><\/font><\/p>\n<div style=\"text-align:center\">\n<ol type=\"1\"><b><u>BUTSU<\/u><\/b><\/p>\n<li><a href=\"http:\/\/www.nossacasa.net\/shunya\/buda\/\">BIBASHI<\/a><\/li>\n<li><a href=\"http:\/\/www.nossacasa.net\/shunya\/buda\/\">SHIKI<\/a><\/li>\n<li><a href=\"http:\/\/www.nossacasa.net\/shunya\/buda\/\">BISHAFU<\/a><\/li>\n<li><a href=\"http:\/\/www.nossacasa.net\/shunya\/buda\/\">KURUSON<\/a><\/li>\n<li><a href=\"http:\/\/www.nossacasa.net\/shunya\/buda\/\">KUNAGONMUNI<\/a><\/li>\n<li><a href=\"http:\/\/www.nossacasa.net\/shunya\/buda\/\">KASHO<\/a><\/li>\n<li><a href=\"http:\/\/www.nossacasa.net\/shunya\/buda\/\">XAQUIAMUNI<\/a><\/li>\n<\/ol>\n<\/div>\n<table width=\"100%\" border=\"0\">\n<tr>\n<td valign=\"top\">\n<ol type=\"1\"><b><u>\u00cdNDIA<\/u><\/b><\/p>\n<li><a href=\"http:\/\/www.nossacasa.net\/shunya\/mahakashyapa\/\">MAKAKASHO<\/a><\/li>\n<li><a href=\"http:\/\/www.nossacasa.net\/shunya\/ananda\/\">ANANDA<\/a><\/li>\n<li><a href=\"http:\/\/www.nossacasa.net\/shunya\/shanavasa\/\">SHONAWASHU<\/a><\/li>\n<li><a href=\"http:\/\/www.nossacasa.net\/shunya\/upagupta\/\">UBAGIKUTA<\/a><\/li>\n<li><a href=\"http:\/\/www.nossacasa.net\/shunya\/dhritaka\/\">DAITAKA<\/a><\/li>\n<li><a href=\"http:\/\/www.nossacasa.net\/shunya\/michaka\/\">MISHAKA<\/a><\/li>\n<li><a href=\"http:\/\/www.nossacasa.net\/shunya\/vasumitra\/\">BASHUMITSU<\/a><\/li>\n<li><a href=\"http:\/\/www.nossacasa.net\/shunya\/buddhananda\/\">BUTSUDANANDAI<\/a><\/li>\n<li><a href=\"http:\/\/www.nossacasa.net\/shunya\/buddhamitra\/\">FUDAMITA<\/a><\/li>\n<li><a href=\"http:\/\/www.nossacasa.net\/shunya\/parshvanatha\/\">BARISHIBA<\/a><\/li>\n<li><a href=\"http:\/\/www.nossacasa.net\/shunya\/punyayashas\/\">FUNAYASHYA<\/a><\/li>\n<li><a href=\"http:\/\/www.nossacasa.net\/shunya\/ashvagosha\/\">ANABOTEI<\/a><\/li>\n<li><a href=\"http:\/\/www.nossacasa.net\/shunya\/kapimala\/\">KABIMORA<\/a><\/li>\n<li><a href=\"http:\/\/www.nossacasa.net\/shunya\/nagarjuna\/\">NAGYAHARAJUNA<\/a><\/li>\n<li><a href=\"http:\/\/www.nossacasa.net\/shunya\/aryadeva\/\">KANADAIBA<\/a><\/li>\n<li><a href=\"http:\/\/www.nossacasa.net\/shunya\/rahulata\/\">RAGORATA<\/a><\/li>\n<li><a href=\"http:\/\/www.nossacasa.net\/shunya\/sanghanandi\/\">SOGYANANDAI<\/a><\/li>\n<li><a href=\"http:\/\/www.nossacasa.net\/shunya\/gayashata\/\">KAYSHATA<\/a><\/li>\n<li><a href=\"http:\/\/www.nossacasa.net\/shunya\/kumarata\/\">KUMORATA<\/a><\/li>\n<li><a href=\"http:\/\/www.nossacasa.net\/shunya\/jayata\/\">SHAYATA<\/a><\/li>\n<li><a href=\"http:\/\/www.nossacasa.net\/shunya\/vasubandhu\/\">BASHUBANZU<\/a><\/li>\n<li><a href=\"http:\/\/www.nossacasa.net\/shunya\/manorhita\/\">MANURA<\/a><\/li>\n<li><a href=\"http:\/\/www.nossacasa.net\/shunya\/haklenayasha\/\">KAKUROKUNA<\/a><\/li>\n<li><a href=\"http:\/\/www.nossacasa.net\/shunya\/aryasimha\/\">SHSISHIBODAI<\/a><\/li>\n<li><a href=\"http:\/\/www.nossacasa.net\/shunya\/basiasita\/\">BASHASHITA<\/a><\/li>\n<li><a href=\"http:\/\/www.nossacasa.net\/shunya\/punyamitra\/\">FUNYOMITA <\/a><\/li>\n<li><a href=\"http:\/\/www.nossacasa.net\/shunya\/prajnatara\/\">HANNYATARA <\/a><\/li>\n<\/ol>\n<\/td>\n<td valign=\"top\">\n<ol type=\"1\" start=\"28\"><b><u>CHINA<\/u><\/b><\/p>\n<li><a href=\"http:\/\/www.nossacasa.net\/shunya\/bodhidharma\/\">BODAIDARUMA<\/a><\/li>\n<li><a href=\"http:\/\/www.nossacasa.net\/shunya\/hui-ko\/\">TAISO EKA<\/a><\/li>\n<li><a href=\"http:\/\/www.nossacasa.net\/shunya\/seng-tsan\/\">KANCHI SOSAN<\/a><\/li>\n<li><a href=\"http:\/\/www.nossacasa.net\/shunya\/tao-hsin\/\">DAII DOSHIN<\/a><\/li>\n<li><a href=\"http:\/\/www.nossacasa.net\/shunya\/hung-jen\/\">DAIMAN KONIN<\/a><\/li>\n<li><a href=\"http:\/\/www.nossacasa.net\/shunya\/hueineng\/\">DAIKAN ENO<\/a><\/li>\n<li><a href=\"http:\/\/www.nossacasa.net\/shunya\/ching-yuan\/\">SEIGEN GYOSHI<\/a><\/li>\n<li><a href=\"http:\/\/www.nossacasa.net\/shunya\/shih-tou\/\">SEKITO KISEN<\/a><\/li>\n<li><a href=\"http:\/\/www.nossacasa.net\/shunya\/yaoshan-weiyan\/\">YAKUSAN IGEN<\/a><\/li>\n<li><a href=\"http:\/\/www.nossacasa.net\/shunya\/yun-yen-tan-sheng\/\">UNGAN DONJO<\/a><\/li>\n<li><a href=\"http:\/\/www.nossacasa.net\/shunya\/tung-shan-liang-chieh\/\">TOZAN RYOKAI<\/a><\/li>\n<li><a href=\"http:\/\/www.nossacasa.net\/shunya\/yun-chu-tao-ying\/\">UNGO DOYO<\/a><\/li>\n<li><a href=\"http:\/\/www.nossacasa.net\/shunya\/tao-pi\/\">DOAN DOHI<\/a><\/li>\n<li><a href=\"http:\/\/www.nossacasa.net\/shunya\/kuan-chih\/\">DOAN KANSHI<\/a><\/li>\n<li><a href=\"http:\/\/www.nossacasa.net\/shunya\/yuan-kuan\/\">RYOSAN ENKAN<\/a><\/li>\n<li><a href=\"http:\/\/www.nossacasa.net\/shunya\/ta-yang-ching-hsuan\/\">TAIYO KIYOGEN<\/a><\/li>\n<li><a href=\"http:\/\/www.nossacasa.net\/shunya\/tou-tzu-yi-ching\/\">TOSHI GISEI<\/a><\/li>\n<li><a href=\"http:\/\/www.nossacasa.net\/shunya\/fu-jung-tao-kai\/\">FUYO DOKAI<\/a><\/li>\n<li><a href=\"http:\/\/www.nossacasa.net\/shunya\/tan-hsia\/\">TANKA SHIJUN<\/a><\/li>\n<li><a href=\"http:\/\/www.nossacasa.net\/shunya\/wu-kung\/\">CHORO SEIRIYO<\/a><\/li>\n<li><a href=\"http:\/\/www.nossacasa.net\/shunya\/tsung-chueh\/6\">TENDO SOKAKU<\/a><\/li>\n<li><a href=\"http:\/\/www.nossacasa.net\/shunya\/hsue-tou\/\">SECCHO CHIKAN<\/a><\/li>\n<li><a href=\"http:\/\/www.nossacasa.net\/shunya\/tien-tung-ju-ching\/\">TENDO NYOJO<\/a><\/li>\n<\/ol>\n<\/td>\n<\/tr>\n<tr>\n<td valign=\"top\">\n<ol type=\"1\" start=\"51\"><b><u>JAP\u00c3O<\/u><\/b><\/p>\n<li><a href=\"http:\/\/www.nossacasa.net\/shunya\/eihei-dogen\/\">EIHEI DOGEN<\/a><\/li>\n<li><a href=\"http:\/\/www.nossacasa.net\/shunya\/koun-ejo\/\">KOUN EJO<\/a><\/li>\n<li><a href=\"http:\/\/www.nossacasa.net\/shunya\/tettsu-gikai\/\">TETSU GIKAI<\/a><\/li>\n<li><a href=\"http:\/\/www.nossacasa.net\/shunya\/keizan-jokin\/\">KEIZAN JOKIN<\/a><\/li>\n<li><a href=\"http:\/\/www.nossacasa.net\/shunya\/meiho-sotetsu\/\">MEIHO SOTETSU<\/a><\/li>\n<li><a href=\"http:\/\/www.nossacasa.net\/shunya\/shugan-dochin\/\">SHUGAN DOCHIN<\/a><\/li>\n<li><a href=\"http:\/\/www.nossacasa.net\/shunya\/tetsuzan-shikaku\/\">TETSUZAN SHIKAKU<\/a><\/li>\n<li><a href=\"http:\/\/www.nossacasa.net\/shunya\/keigen-eisho\/\">KEIGAN EISHO<\/a><\/li>\n<li><a href=\"http:\/\/www.nossacasa.net\/shunya\/chuzan-ryohun\/\">CHUZAN RYOHUN<\/a><\/li>\n<li><a href=\"http:\/\/www.nossacasa.net\/shunya\/gisan-tonin\/\">GISAN TONIN<\/a><\/li>\n<li><a href=\"http:\/\/www.nossacasa.net\/shunya\/shogaku-kenryu\/\">SHOGAKU KENRYU<\/a><\/li>\n<li><a href=\"http:\/\/www.nossacasa.net\/shunya\/kinen-horyu\/\">KINEN HORYU<\/a><\/li>\n<li><a href=\"http:\/\/www.nossacasa.net\/shunya\/teishitsu-chisen\/\">TEISHITSU CHISEN<\/a><\/li>\n<li><a href=\"http:\/\/www.nossacasa.net\/shunya\/kokei-shojun\/\">KOKEI SHOJUN<\/a><\/li>\n<li><a href=\"http:\/\/www.nossacasa.net\/shunya\/sekiso-juho\/\">SEKISO YUHO<\/a><\/li>\n<li><a href=\"http:\/\/www.nossacasa.net\/shunya\/kaiten-genju\/\">KAITEN GENJU<\/a><\/li>\n<li><a href=\"http:\/\/www.nossacasa.net\/shunya\/shuzan-shunsho\/\">SHUZAN SHUNSHO<\/a><\/li>\n<li><a href=\"http:\/\/www.nossacasa.net\/shunya\/chozan-giketsu\/\">CHOZAN GIKETSU<\/a><\/li>\n<li><a href=\"http:\/\/www.nossacasa.net\/shunya\/fukushu-koshi\/\">FUKUSHU KOCHI<\/a><\/li>\n<li><a href=\"http:\/\/www.nossacasa.net\/shunya\/myodo-yuton\/\">MYODO YUTON<\/a><\/li>\n<li><a href=\"http:\/\/www.nossacasa.net\/shunya\/hakuho-gentekki\/\">HAKUHO GENTEKI<\/a><\/li>\n<li><a href=\"http:\/\/www.nossacasa.net\/shunya\/gesshu-soko\/\">GESSHU SOKO<\/a><\/li>\n<li><a href=\"http:\/\/www.nossacasa.net\/shunya\/tokuho-ryoko\/\">TOKUO RYOKO<\/a><\/li>\n<li><a href=\"http:\/\/www.nossacasa.net\/shunya\/mokushi-soen\/\">MOKUSHI SOEN<\/a><\/li>\n<li><a href=\"http:\/\/www.nossacasa.net\/shunya\/sekiso-tesshu\/\">SEKISO TESSHU<\/a><\/li>\n<li><a href=\"http:\/\/www.nossacasa.net\/shunya\/ryuko-ryoshu\/\">RYUKO RYOSHU<\/a><\/li>\n<li><a href=\"http:\/\/www.nossacasa.net\/shunya\/renzan-soho\/\">RENZAN SOHO<\/a><\/li>\n<li><a href=\"http:\/\/www.nossacasa.net\/shunya\/motsugai-shido\/\">MOTSUGAI SHIDO<\/a><\/li>\n<li><a href=\"http:\/\/www.nossacasa.net\/shunya\/gukei-youn\/\">GUKEI YOUN<\/a><\/li>\n<li><a href=\"http:\/\/www.nossacasa.net\/shunya\/kakusho-sodo\/\">KAKUSHO SODO<\/a><\/li>\n<li><a href=\"http:\/\/www.nossacasa.net\/shunya\/daiun-sogaku\/\">DAIUN SOGAKU<\/a><\/li>\n<li><a href=\"http:\/\/www.nossacasa.net\/shunya\/hakuun-ryoko\/\">HAKUUN RYOKO<\/a><\/li>\n<\/ol>\n<\/td>\n<td valign=\"top\">\n<ol type=\"1\" start=\"83\"><b><u>OCIDENTE<\/u><\/b><\/p>\n<li><a href=\"http:\/\/www.nossacasa.net\/shunya\/taizan-maezumi\/\">TAIZAN MAEZUMI<\/a><\/li>\n<li><a href=\"http:\/\/www.nossacasa.net\/shunya\/charlotte-joko-beck\/\">CHARLOTTE JOKO BECK<\/a><\/li>\n<li><a href=\"http:\/\/www.nossacasa.net\/shunya\/diane-eshin-rizzetto\/\">DIANE ESHIN RIZZETTO<\/a><\/li>\n<p>< <\/ol>\n<\/td>\n<\/tr>\n<\/table>\n<hr \/>\n<div style=\"text-align:right\"><a href=\"#inicio\">Topo<\/a><\/div>\n<hr \/>\n<\/div>\n<p><\/font><\/p>\n<!-- AddThis Advanced Settings generic via filter on the_content --><!-- AddThis Share Buttons generic via filter on the_content -->","protected":false},"excerpt":{"rendered":"<p>Biografia Linhagem Biografia1 Diane Rizzetto nasceu em 30 de outubro de 1942 em Boston, Massachusetts. Ela casou ainda jovem e teve tr\u00eas crian\u00e7as. Em 1978 ela mudou para Calif\u00f3rnia e logo depois come\u00e7ou a estudar com Sojun Mel Weitsman no &hellip; <a href=\"http:\/\/www.nossacasa.net\/shunya\/diane-eshin-rizzetto\/\">Continue lendo <span class=\"meta-nav\">&rarr;<\/span><\/a><!-- AddThis Advanced Settings generic via filter on get_the_excerpt --><!-- AddThis Share Buttons generic via filter on get_the_excerpt --><\/p>\n","protected":false},"author":1,"featured_media":3448,"parent":0,"menu_order":0,"comment_status":"closed","ping_status":"closed","template":"","meta":{"footnotes":""},"class_list":["post-3446","page","type-page","status-publish","has-post-thumbnail","hentry"],"_links":{"self":[{"href":"http:\/\/www.nossacasa.net\/shunya\/wp-json\/wp\/v2\/pages\/3446","targetHints":{"allow":["GET"]}}],"collection":[{"href":"http:\/\/www.nossacasa.net\/shunya\/wp-json\/wp\/v2\/pages"}],"about":[{"href":"http:\/\/www.nossacasa.net\/shunya\/wp-json\/wp\/v2\/types\/page"}],"author":[{"embeddable":true,"href":"http:\/\/www.nossacasa.net\/shunya\/wp-json\/wp\/v2\/users\/1"}],"replies":[{"embeddable":true,"href":"http:\/\/www.nossacasa.net\/shunya\/wp-json\/wp\/v2\/comments?post=3446"}],"version-history":[{"count":5,"href":"http:\/\/www.nossacasa.net\/shunya\/wp-json\/wp\/v2\/pages\/3446\/revisions"}],"predecessor-version":[{"id":6953,"href":"http:\/\/www.nossacasa.net\/shunya\/wp-json\/wp\/v2\/pages\/3446\/revisions\/6953"}],"wp:featuredmedia":[{"embeddable":true,"href":"http:\/\/www.nossacasa.net\/shunya\/wp-json\/wp\/v2\/media\/3448"}],"wp:attachment":[{"href":"http:\/\/www.nossacasa.net\/shunya\/wp-json\/wp\/v2\/media?parent=3446"}],"curies":[{"name":"wp","href":"https:\/\/api.w.org\/{rel}","templated":true}]}}