{"id":3479,"date":"2018-05-24T11:20:10","date_gmt":"2018-05-24T13:20:10","guid":{"rendered":"http:\/\/www.nossacasa.net\/shunya\/?page_id=3479"},"modified":"2020-07-06T19:24:44","modified_gmt":"2020-07-06T21:24:44","slug":"john-denko-mokudo-mortensen","status":"publish","type":"page","link":"http:\/\/www.nossacasa.net\/shunya\/john-denko-mokudo-mortensen\/","title":{"rendered":"John Denko Mokudo Mortensen (1947-)"},"content":{"rendered":"<p><font face=\"Verdana\" size=\"2\"><\/p>\n<div style=\"text-align:justify\">\n<a name=\"inicio\"><\/a><a href=\"http:\/\/www.nossacasa.net\/shunya\/john-denko-mokudo-mortensen\/john-denko-mokudo-mortensen-2\/\" rel=\"attachment wp-att-3481\"><img loading=\"lazy\" decoding=\"async\" src=\"http:\/\/www.nossacasa.net\/shunya\/wp-content\/uploads\/2018\/05\/John-Denko-Mokudo-Mortensen-300x226.png\" alt=\"\" width=\"300\" height=\"226\" class=\"alignleft size-medium wp-image-3481\" srcset=\"http:\/\/www.nossacasa.net\/shunya\/wp-content\/uploads\/2018\/05\/John-Denko-Mokudo-Mortensen-300x226.png 300w, http:\/\/www.nossacasa.net\/shunya\/wp-content\/uploads\/2018\/05\/John-Denko-Mokudo-Mortensen.png 389w\" sizes=\"auto, (max-width: 300px) 100vw, 300px\" \/><\/a><a href=\"http:\/\/www.nossacasa.net\/shunya\/quanto-tempo-praticar\/attachment\/656\/\" rel=\"attachment wp-att-1820\"><img loading=\"lazy\" decoding=\"async\" src=\"http:\/\/www.nossacasa.net\/shunya\/wp-content\/uploads\/2013\/02\/656.jpg\" alt=\"\" width=\"200\" height=\"267\" class=\"alignright size-full wp-image-1820\" \/><\/a><font size=\"4\"><b>John Denko Mokudo Mortensen<br \/> (1947-)<\/b><\/font><br \/>\n<a href=\"#a\">Refer\u00eancias<\/a><br \/>\n<a href=\"#b\">Biografia><\/a><br \/>\n<a href=\"#c\">Pine Hill Zendo<\/a><br \/>\n<a href=\"#d\">Scandinavian Zen Centre<\/a><br \/>\n<a href=\"#e\">Linhagem<\/a><br \/>\n< \n\n<p align=center><b><font face=\"tahoma, verdana, arial\" size=4><a name=\"a\">Refer\u00eancias<\/a><\/font><sup>1<\/sup><\/b><br \/>\nSensei John Denko Mokudo Mortensen,  monge Rinzai da 10<sup>a<\/sup> gera\u00e7\u00e3o desde <a href=\"http:\/\/www.nossacasa.net\/shunya\/hakuin-ekaku\/\">Hakuin Ekaku<\/a>, da linhagem de <a href=\"http:\/\/www.nossacasa.net\/shunya\/takuju-kosen\/\">Takuju Kosen<\/a>, recebeu a transmiss\u00e3o do Dharma de <a href=\"http:\/\/www.nossacasa.net\/shunya\/eido-shimano\/\">Eido Shimano<\/a>.<\/p>\n<p>Sensei John Denko Mokudo Mortensen \u00e9 Abade do &#8220;<a href=\"http:\/\/www.pinehillzendo.org\/\" target=\"_blank\" rel=\"noopener noreferrer\" class=\"broken_link\">Pine Hill Zendo<\/a>&#8220;,  l\u00edder espiritual do &#8220;Zen Center in Denmark&#8221; e tamb\u00e9m vice presidente do &#8220;<a href=\"http:\/\/www.zenstudies.org\/\" target=\"_blank\" rel=\"noopener noreferrer\" class=\"broken_link\">The Zen Studies Society<\/a>&#8221; em Nova Iorque.<\/p>\n<div style=\"text-align:right\"><a href=\"#inicio\">Topo<\/a><\/div>\n<hr \/>\n<p align=center><b><font face=\"tahoma, verdana, arial\" size=4><a name=\"b\">Biografia<\/a><\/font><sup>2<\/sup><\/b><\/p>\n<p>O monge Denko John Mortensen se iteressou pelo Zen budismo nos anos sessenta quando estava na academia na Dinamarca. Ele foi para Ryutaku-Ji no Jap\u00e3o onde encontrou  <a href=\"http:\/\/www.nossacasa.net\/shunya\/nakagawa-soen\/\">Nakagawa Soen<\/a> na primavera de 1971. Ele se tornou um disc\u00edpulo de <a href=\"http:\/\/www.nossacasa.net\/shunya\/eido-shimano\/\">Eido Shimano<\/a> na primavera de 1979 e foi ordenado monge Rinzai Zen budista em 4 de julho 1980.<\/p>\n<p>Em 8 de dezembro 1998 Sensei Denko foi certificado como um Professor de Dharma por Roshi Eido Shimano em uma cerimonia no &#8220;Dai Bosatsu Zendo&#8221;.<\/p>\n<p>Em 19 de novembro de 2002 Denko recebeu Transmiss\u00e3o de Dharma (Inka) de Roshi Eido Sotai Shimano em uma cerimonia no &#8220;Pine Hill Zendo&#8221;.<\/p>\n<div style=\"text-align:right\"><a href=\"#inicio\"><font size=\"1\">Topo<\/font><\/a><\/div>\n<hr \/>\n<p align=center><b><font face=\"tahoma, verdana, arial\" size=4><a name=\"c\">Pine Hill Zendo<\/a><\/font><sup>2<\/sup><\/b><\/p>\n<p><div id=\"attachment_1821\" style=\"width: 210px\" class=\"wp-caption alignright\"><a href=\"http:\/\/www.nossacasa.net\/shunya\/quanto-tempo-praticar\/656a\/\" rel=\"attachment wp-att-1821\"><img loading=\"lazy\" decoding=\"async\" aria-describedby=\"caption-attachment-1821\" src=\"http:\/\/www.nossacasa.net\/shunya\/wp-content\/uploads\/2013\/02\/656a.jpg\" alt=\"\" width=\"200\" height=\"133\" class=\"size-full wp-image-1821\" \/><\/a><p id=\"caption-attachment-1821\" class=\"wp-caption-text\">Pine Hill Zendo<\/p><\/div>O &#8220;<a href=\"http:\/\/www.pinehillzendo.org\/\" target=\"_blank\" rel=\"noopener noreferrer\" class=\"broken_link\">Pine Hill Zendo<\/a>&#8221; \u00e9 um autentico templo Rinzai Zen budista situado nas aforas de Katonah em Westchester do norte.<\/p>\n<p>Ele \u00e9 associado &#8220;The Zen Studies Society&#8221; e pode ser considerado um sub templo do monast\u00e9rio do &#8220;Dai Bosatsu Zendo Kongo Ji Internacional&#8221; no Catskills.<\/p>\n<p>Pine Hill Zendo foi oficialmente criado em Nova Iorque, em 30 de outubro de 1998 como uma organiza\u00e7\u00e3o dreligiosa sem fins lucrativos.<\/p>\n<p>O zendo foi aberto para o p\u00fablico em 13 de outubro de 1999. Em 11 de junho de 2000 Roshi Eido T. Shimano, abade do &#8220;The Zen Studies Society&#8221;, oficialmente dedicou o &#8220;Pine Hill Zendo&#8221;, e ao mesmo tempo instalou Denko John Mortensen como seu abade.<\/p>\n<div style=\"text-align:right\"><a href=\"#inicio\"><font size=\"1\">Topo<\/font><\/a><\/div>\n<hr \/>\n<p align=center><b><font face=\"tahoma, verdana, arial\" size=4><a name=\"d\">Scandinavian Zen Centre<\/a><\/font><sup>2<\/sup><\/b><\/p>\n<p>&#8220;<a href=\"http:\/\/www.pinehillzendo.org\/szc\/english\/index_e.html\" target=\"_blank\" rel=\"noopener noreferrer\" class=\"broken_link\">Scandinavian Zen Centre<\/a>&#8221; foi iniciado por Sensei Denko John Mortensen como um local para seus ensinamentos na Dinamarca. Sensei Denko ensina na Dinamarca em Abril e Setembro todos os anos. O Centro \u00e9 da linhagem tradicional do Zen Rinzai, tal como foi trazida para o Ocidente por Roshi Soen Nakagawa de Ryutakuji, em Mishima, no Jap\u00e3o, e por Roshi Eido Shimano da &#8220;Zen Studies Society&#8221;, em Nova Iorque, EEUU.<\/p>\n<p>Sensei Denko \u00e9 um dos cinco ocidentais que completaram o treinamento tradicional do budismo Zen Rinzai, e foi certificado como Mestre Zen. Ele \u00e9 tamb\u00e9m o Abade do &#8220;Pine Hill Zendo&#8221; em Katonah, USA e o vice presidente do &#8220;Zen Studies Society&#8221; na cidade de Nova Iorque.<\/p>\n<hr \/>\n<ol type=\"1\">\n<li><font size=\"1\">Extra\u00eddo de &#8220;Zen Buddhism &#8211; Hakuin School&#8221;<br \/> (www.ciolek.com\/WWWVLPages\/ZenPages\/Hakuin.html).<\/font><\/li>\n<li><font size=\"1\">Extra\u00eddo do site http:\/\/www.pinehillzendo.org\/.<\/font><\/li>\n<\/ol>\n<hr \/>\n<div style=\"text-align:right\"><a href=\"#inicio\"><font size=\"2\">Topo<\/font><\/a><\/div>\n<hr \/>\n<p><font face=\"Comic Sans MS\" size=\"3\" color=\"#800000\"><a name=\"e\">Linhagem de Takuju Kosen<\/a><\/font><\/p>\n<div style=\"text-align:center\">\n<ol type=\"1\"><b><u>BUTSU<\/u><\/b><\/p>\n<li><a href=\"http:\/\/www.nossacasa.net\/shunya\/buda\/\">BIBASHI<\/a><\/li>\n<li><a href=\"http:\/\/www.nossacasa.net\/shunya\/buda\/\">SHIKI<\/a><\/li>\n<li><a href=\"http:\/\/www.nossacasa.net\/shunya\/buda\/\">BISHAFU<\/a><\/li>\n<li><a href=\"http:\/\/www.nossacasa.net\/shunya\/buda\/\">KURUSON<\/a><\/li>\n<li><a href=\"http:\/\/www.nossacasa.net\/shunya\/buda\/\">KUNAGONMUNI<\/a><\/li>\n<li><a href=\"http:\/\/www.nossacasa.net\/shunya\/buda\/\">KASHO<\/a><\/li>\n<li><a href=\"http:\/\/www.nossacasa.net\/shunya\/buda\/\">XAQUIAMUNI<\/a><\/li>\n<\/ol>\n<\/div>\n<table width=\"100%\" border=\"0\">\n<tr>\n<td valign=\"top\">\n<font size=\"1\"><\/p>\n<ol type=\"1\"><b><u>\u00cdNDIA<\/u><\/b><\/p>\n<li><a href=\"http:\/\/www.nossacasa.net\/shunya\/mahakashyapa\/\">MAKAKASHO<\/a><\/li>\n<li><a href=\"http:\/\/www.nossacasa.net\/shunya\/ananda\/\">ANANDA<\/a><\/li>\n<li><a href=\"http:\/\/www.nossacasa.net\/shunya\/shanavasa\/\">SHONAWASHU<\/a><\/li>\n<li><a href=\"http:\/\/www.nossacasa.net\/shunya\/upagupta\/\">UBAGIKUTA<\/a><\/li>\n<li><a href=\"http:\/\/www.nossacasa.net\/shunya\/dhritaka\/\">DAITAKA<\/a><\/li>\n<li><a href=\"http:\/\/www.nossacasa.net\/shunya\/michaka\/\">MISHAKA<\/a><\/li>\n<li><a href=\"http:\/\/www.nossacasa.net\/shunya\/vasumitra\/\">BASHUMITSU<\/a><\/li>\n<li><a href=\"http:\/\/www.nossacasa.net\/shunya\/buddhananda\/\">BUTSUDANANDAI<\/a><\/li>\n<li><a href=\"http:\/\/www.nossacasa.net\/shunya\/buddhamitra\/\">FUDAMITA<\/a><\/li>\n<li><a href=\"http:\/\/www.nossacasa.net\/shunya\/parshvanatha\/\">BARISHIBA<\/a><\/li>\n<li><a href=\"http:\/\/www.nossacasa.net\/shunya\/punyayashas\/\">FUNAYASHYA<\/a><\/li>\n<li><a href=\"http:\/\/www.nossacasa.net\/shunya\/ashvagosha\/\">ANABOTEI<\/a><\/li>\n<li><a href=\"http:\/\/www.nossacasa.net\/shunya\/kapimala\/\">KABIMORA<\/a><\/li>\n<li><a href=\"http:\/\/www.nossacasa.net\/shunya\/nagarjuna\/\">NAGYAHARAJUNA<\/a><\/li>\n<li><a href=\"http:\/\/www.nossacasa.net\/shunya\/aryadeva\/\">KANADAIBA<\/a><\/li>\n<li><a href=\"http:\/\/www.nossacasa.net\/shunya\/rahulata\/\">RAGORATA<\/a><\/li>\n<li><a href=\"http:\/\/www.nossacasa.net\/shunya\/sanghanandi\/\">SOGYANANDAI<\/a><\/li>\n<li><a href=\"http:\/\/www.nossacasa.net\/shunya\/gayashata\/\">KAYSHATA<\/a><\/li>\n<li><a href=\"http:\/\/www.nossacasa.net\/shunya\/kumarata\/\">KUMORATA<\/a><\/li>\n<li><a href=\"http:\/\/www.nossacasa.net\/shunya\/jayata\/\">SHAYATA<\/a><\/li>\n<li><a href=\"http:\/\/www.nossacasa.net\/shunya\/vasubandhu\/\">BASHUBANZU<\/a><\/li>\n<li><a href=\"http:\/\/www.nossacasa.net\/shunya\/manorhita\/\">MANURA<\/a><\/li>\n<li><a href=\"http:\/\/www.nossacasa.net\/shunya\/haklenayasha\/\">KAKUROKUNA<\/a><\/li>\n<li><a href=\"http:\/\/www.nossacasa.net\/shunya\/aryasimha\/\">SHSISHIBODAI<\/a><\/li>\n<li><a href=\"http:\/\/www.nossacasa.net\/shunya\/basiasita\/\">BASHASHITA<\/a><\/li>\n<li><a href=\"http:\/\/www.nossacasa.net\/shunya\/punyamitra\/\">FUNYOMITA <\/a><\/li>\n<li><a href=\"http:\/\/www.nossacasa.net\/shunya\/prajnatara\/\">HANNYATARA <\/a><\/li>\n<\/ol>\n<p><\/font>\n<\/td>\n<td valign=\"top\">\n<font size=\"1\"><\/p>\n<ol type=\"1\" start=\"28\"><b><u>CHINA<\/u><\/b><\/p>\n<li><a href=\"http:\/\/www.nossacasa.net\/shunya\/bodhidharma\/\">BODAIDARUMA<\/a><\/li>\n<li><a href=\"http:\/\/www.nossacasa.net\/shunya\/hui-ko\/\">TAISO EKA<\/a><\/li>\n<li><a href=\"http:\/\/www.nossacasa.net\/shunya\/seng-tsan\/\">KANCHI SOSAN<\/a><\/li>\n<li><a href=\"http:\/\/www.nossacasa.net\/shunya\/tao-hsin\/\">DAII DOSHIN<\/a><\/li>\n<li><a href=\"http:\/\/www.nossacasa.net\/shunya\/hung-jen\/\">DAIMAN KONIN<\/a><\/li>\n<li><a href=\"http:\/\/www.nossacasa.net\/shunya\/hueineng\/\">DAIKAN ENO<\/a><\/li>\n<li><a href=\"http:\/\/www.nossacasa.net\/shunya\/nan-yueh-haui-jang\/\">NAN-YUEH HAUI-JANG<\/a><\/li>\n<li><a href=\"http:\/\/www.nossacasa.net\/shunya\/ma-tsu-tao-i\/\">MA-TSU TAO-I<\/a><\/li>\n<li><a href=\"http:\/\/www.nossacasa.net\/shunya\/pai-chang-huai-huai\/\">PAI CHANG HUAI HUAI<\/a><\/li>\n<li><a href=\"http:\/\/www.nossacasa.net\/shunya\/huang-po\/\">HUANG-PO<\/a><\/li>\n<li><a href=\"http:\/\/www.nossacasa.net\/shunya\/lin-chi\/\">LIN-CHI (RINZAI)<\/a><\/li>\n<li><a href=\"http:\/\/www.nossacasa.net\/shunya\/hsing-hua-tsung-chiang\/\">HSING-HUA TS&#8217;UNG-CHIANG<\/a><\/li>\n<li><a href=\"http:\/\/www.nossacasa.net\/shunya\/nan-yuan-hui-yung\/\">NAN-YUAN HUI-YUNG<\/a><\/li>\n<li><a href=\"http:\/\/www.nossacasa.net\/shunya\/feng-hsueh-yen-chao\/\">FENG-HSUEH YEN-CHAO<\/a><\/li>\n<li><a href=\"http:\/\/www.nossacasa.net\/shunya\/shou-shan-shen-nien\/\">SHOU-SHAN SHEN-NIEN<\/a><\/li>\n<li><a href=\"http:\/\/www.nossacasa.net\/shunya\/fen-yang\/\">FEN YANG SHAN CHAO<\/a><\/li>\n<li><a href=\"http:\/\/www.nossacasa.net\/shunya\/shih-shuang\/\">SHIH-SHUANG<\/a><\/li>\n<li><a href=\"http:\/\/www.nossacasa.net\/shunya\/yang-chi-fang-hui\/\">YANG-CH&#8217;I FANG-HUI<\/a><\/li>\n<li><a href=\"http:\/\/www.nossacasa.net\/shunya\/pai-yun-shou-tuan\/\">PAI-YUN SHOU-TUAN<\/a><\/li>\n<li><a href=\"http:\/\/www.nossacasa.net\/shunya\/wu-tsu-fa-yen\/\">WU-TSU FA-YEN<\/a><\/li>\n<li><a href=\"http:\/\/www.nossacasa.net\/shunya\/yuan-wu\/\">YUAN-WU K&#8217;O-CH&#8217;IN<\/a><\/li>\n<li><a href=\"http:\/\/www.nossacasa.net\/shunya\/hu-chiu\/\">HU-CH&#8217;IU<\/a><\/li>\n<li><a href=\"http:\/\/www.nossacasa.net\/shunya\/ying-an\/\">YING-AN<\/a><\/li>\n<li><a href=\"http:\/\/www.nossacasa.net\/shunya\/mi-an\/\">MI-AN<\/a><\/li>\n<li><a href=\"http:\/\/www.nossacasa.net\/shunya\/sung-yuan\/\">SUNG-YUAN<\/a><\/li>\n<li><a href=\"http:\/\/www.nossacasa.net\/shunya\/yun-an-pu-yen\/\">YUN-AN P&#8217;U-YEN<\/a><\/li>\n<li><a href=\"http:\/\/www.nossacasa.net\/shunya\/hsu-tsang-chih-yu\/\">HSU-T&#8217;SANG CHIH-YU<\/a><\/li>\n<\/ol>\n<p><\/font>\n<\/td>\n<\/tr>\n<tr>\n<td valign=\"top\">\n<font size=\"1\"><\/p>\n<ol type=\"1\" start=\"55\"><b><u>JAP\u00c3O<\/u><\/b><\/p>\n<li><a href=\"http:\/\/www.nossacasa.net\/shunya\/shomyo\/\" class=\"broken_link\">SHOMYO<\/a><\/li>\n<li><a href=\"http:\/\/www.nossacasa.net\/shunya\/myocho-shuho\/\">MYOCHO SHUHO<\/a><\/li>\n<li><a href=\"http:\/\/www.nossacasa.net\/shunya\/kanzan-egen\/\">KANZAN EGEN<\/a><\/li>\n<li><a href=\"http:\/\/www.nossacasa.net\/shunya\/juo-sohitsu\/\">JUO SOHITSU<\/a><\/li>\n<li><a href=\"http:\/\/www.nossacasa.net\/shunya\/muin-soin\/\">MUIN SOIN<\/a><\/li>\n<li><a href=\"http:\/\/www.nossacasa.net\/shunya\/tozen-soshin\/\">TOZEN SOSHIN<\/a><\/li>\n<li><a href=\"http:\/\/www.nossacasa.net\/shunya\/toyo-eicho\/\">TOYO EICHO<\/a><\/li>\n<li><a href=\"http:\/\/www.nossacasa.net\/shunya\/youzan-keiyou\/\">YOUZAN KEIYOU<\/a><\/li>\n<li><a href=\"http:\/\/www.nossacasa.net\/shunya\/gudou-tosyoku\/\">GUDOU TOSYOKU<\/a><\/li>\n<li><a href=\"http:\/\/www.nossacasa.net\/shunya\/shidou-bunan\/\">SHIDOU BUNAN<\/a><\/li>\n<li><a href=\"http:\/\/www.nossacasa.net\/shunya\/shoju-rojin\/\">SHOJU ROJIN<\/a><\/li>\n<li><a href=\"http:\/\/www.nossacasa.net\/shunya\/hakuin-ekaku\/\">HAKUIN EKAKU<\/a><\/li>\n<li><a href=\"http:\/\/www.nossacasa.net\/shunya\/gasan-jitou\/\">GASAN JITOU<\/a><\/li>\n<li><a href=\"http:\/\/www.nossacasa.net\/shunya\/takuju-kosen\/\">TAKUJU KOSEN<\/a><\/li>\n<li><a href=\"http:\/\/www.nossacasa.net\/shunya\/sozan-genkyo\/\">SOZAN GENKYO<\/a><\/li>\n<li><a href=\"http:\/\/www.nossacasa.net\/shunya\/kasan-zenryyo\/\">KASAN ZENRYYO<\/a><\/li>\n<li><a href=\"http:\/\/www.nossacasa.net\/shunya\/sohan-genho\/\">SOHAN GENHO<\/a><\/li>\n<li><a href=\"http:\/\/www.nossacasa.net\/shunya\/gempo-yamamoto\/\">GEMPO YAMAMOTO<\/a><\/li>\n<li><a href=\"http:\/\/www.nossacasa.net\/shunya\/nakagawa-soen\/\">NAKAGAWA SOEN<\/a><\/li>\n<\/ol>\n<p><\/font><\/td>\n<td valign=\"top\">\n<font size=\"1\"><\/p>\n<ol type=\"1\" start=\"74\"><b><u>OCIDENTE<\/u><\/b><\/p>\n<li><a href=\"http:\/\/www.nossacasa.net\/shunya\/eido-shimano\/\">EIDO SHIMANO<\/a><\/li>\n<li><a href=\"http:\/\/www.nossacasa.net\/shunya\/john-denko-mokudo-mortensen\/\">JOHN MORTENSEN<\/a><\/li>\n<\/ol>\n<p><\/font><\/p>\n<\/td>\n<\/tr>\n<\/table>\n<hr \/>\n<div style=\"text-align:right\"><a href=\"#inicio\">Topo<\/a><\/div>\n<hr \/>\n<\/div>\n<p><\/font><\/p>\n<!-- AddThis Advanced Settings generic via filter on the_content --><!-- AddThis Share Buttons generic via filter on the_content -->","protected":false},"excerpt":{"rendered":"<p>John Denko Mokudo Mortensen (1947-) Refer\u00eancias Biografia> Pine Hill Zendo Scandinavian Zen Centre Linhagem < Refer\u00eancias1 Sensei John Denko Mokudo Mortensen, monge Rinzai da 10a gera\u00e7\u00e3o desde Hakuin Ekaku, da linhagem de Takuju Kosen, recebeu a transmiss\u00e3o do Dharma de &hellip; <a href=\"http:\/\/www.nossacasa.net\/shunya\/john-denko-mokudo-mortensen\/\">Continue lendo <span class=\"meta-nav\">&rarr;<\/span><\/a><!-- AddThis Advanced Settings generic via filter on get_the_excerpt --><!-- AddThis Share Buttons generic via filter on get_the_excerpt --><\/p>\n","protected":false},"author":1,"featured_media":3481,"parent":0,"menu_order":0,"comment_status":"closed","ping_status":"closed","template":"","meta":{"footnotes":""},"class_list":["post-3479","page","type-page","status-publish","has-post-thumbnail","hentry"],"_links":{"self":[{"href":"http:\/\/www.nossacasa.net\/shunya\/wp-json\/wp\/v2\/pages\/3479","targetHints":{"allow":["GET"]}}],"collection":[{"href":"http:\/\/www.nossacasa.net\/shunya\/wp-json\/wp\/v2\/pages"}],"about":[{"href":"http:\/\/www.nossacasa.net\/shunya\/wp-json\/wp\/v2\/types\/page"}],"author":[{"embeddable":true,"href":"http:\/\/www.nossacasa.net\/shunya\/wp-json\/wp\/v2\/users\/1"}],"replies":[{"embeddable":true,"href":"http:\/\/www.nossacasa.net\/shunya\/wp-json\/wp\/v2\/comments?post=3479"}],"version-history":[{"count":4,"href":"http:\/\/www.nossacasa.net\/shunya\/wp-json\/wp\/v2\/pages\/3479\/revisions"}],"predecessor-version":[{"id":6849,"href":"http:\/\/www.nossacasa.net\/shunya\/wp-json\/wp\/v2\/pages\/3479\/revisions\/6849"}],"wp:featuredmedia":[{"embeddable":true,"href":"http:\/\/www.nossacasa.net\/shunya\/wp-json\/wp\/v2\/media\/3481"}],"wp:attachment":[{"href":"http:\/\/www.nossacasa.net\/shunya\/wp-json\/wp\/v2\/media?parent=3479"}],"curies":[{"name":"wp","href":"https:\/\/api.w.org\/{rel}","templated":true}]}}