{"id":3487,"date":"2018-05-24T11:53:48","date_gmt":"2018-05-24T13:53:48","guid":{"rendered":"http:\/\/www.nossacasa.net\/shunya\/?page_id=3487"},"modified":"2020-07-11T18:10:08","modified_gmt":"2020-07-11T20:10:08","slug":"shingetsu-coen","status":"publish","type":"page","link":"http:\/\/www.nossacasa.net\/shunya\/shingetsu-coen\/","title":{"rendered":"Shingetsu Coen (1947-)"},"content":{"rendered":"<p><font face=\"Verdana\" size=\"2\"><\/p>\n<div style=\"text-align:justify\">\n<a name=\"inicio\"><\/a><a href=\"http:\/\/www.nossacasa.net\/shunya\/?attachment_id=3488\" rel=\"attachment wp-att-3488\"><img loading=\"lazy\" decoding=\"async\" src=\"http:\/\/www.nossacasa.net\/shunya\/wp-content\/uploads\/2018\/05\/Shingetsu-Coen-300x219.jpg\" alt=\"\" width=\"300\" height=\"219\" class=\"alignleft size-medium wp-image-3488\" srcset=\"http:\/\/www.nossacasa.net\/shunya\/wp-content\/uploads\/2018\/05\/Shingetsu-Coen-300x219.jpg 300w, http:\/\/www.nossacasa.net\/shunya\/wp-content\/uploads\/2018\/05\/Shingetsu-Coen-411x300.jpg 411w, http:\/\/www.nossacasa.net\/shunya\/wp-content\/uploads\/2018\/05\/Shingetsu-Coen.jpg 458w\" sizes=\"auto, (max-width: 300px) 100vw, 300px\" \/><\/a><a href=\"http:\/\/www.nossacasa.net\/shunya\/quanto-tempo-praticar\/attachment\/142\/\" rel=\"attachment wp-att-1707\"><img loading=\"lazy\" decoding=\"async\" src=\"http:\/\/www.nossacasa.net\/shunya\/wp-content\/uploads\/2013\/02\/142.jpg\" alt=\"\" width=\"151\" height=\"231\" class=\"alignright size-full wp-image-1707\" \/><\/a><br \/>\n<a href=\"#a\">Refer\u00eancias<\/a><br \/>\n<a href=\"#b\">Biografia<\/a><br \/>\n<a href=\"#c\">Entrevistas<\/a><br \/>\n<a href=\"#d\">Textos<\/a><br \/>\n<a href=\"#e\">Linhagem<\/a><\/p>\n<p align=center><b><font face=\"tahoma, verdana, arial\" size=4><a name=\"a\">Refer\u00eancias<\/a><\/font><sup>1<\/sup><\/b><\/p>\n<p>Shingetsu Coen \u00e9 da 91<sup>a.<\/sup>gera\u00e7\u00e3o desde Buda e da 40<sup>a.<\/sup>gera\u00e7\u00e3o desde Dogen.<\/p>\n<p>Shingetsu Coen foi Herdeira do Dharma de <a href=\"http:\/\/www.nossacasa.net\/shunya\/zenguetsu-suigan\/\">Zenguetsu Suigan<\/a> e \u00e9 da 37<sup>a.<\/sup>gera\u00e7\u00e3o da linhagem  <a href=\"http:\/\/www.nossacasa.net\/shunya\/gasan-joseki\/\">Gasan Joseki<\/a>.<\/p>\n<hr \/>\n<div style=\"text-align:right\"><a href=\"#inicio\"><font size=\"1\">Topo<\/font><\/a><\/div>\n<p align=center><b><font face=\"tahoma, verdana, arial\" size=4><a name=\"b\">Biografia<\/a><\/font><sup>1<\/sup><\/b><\/p>\n<p>Monja Coen Sensei \u00e9 mission\u00e1ria oficial da tradi\u00e7\u00e3o Soto Shu &#8211; Zen Budismo com sede no Jap\u00e3o e \u00e9 a Primaz Fundadora da Comunidade Zen Budista, criada em 2001, com sede em Pacaembu.<\/p>\n<p>Iniciou seus estudos budistas no Zen Center of Los Angeles &#8211; ZCLA. Foi ordenada monja em 1983, mesmo ano em que foi para o Jap\u00e3o aonde permaneceu por 12 anos sendo oito dos primeiros anos no Convento Zen Budista de Nagoia, Aichi Senmon Nisodo e Tokubetsu Nisodo.<\/p>\n<p>Participou de v\u00e1rios cursos e programas de forma\u00e7\u00e3o para monges tendo se graduado no mestrado da tradi\u00e7\u00e3o Soto Shu.<\/p>\n<p>Retornou ao Brasil em 1995, e liderou as atividades no Templo Busshinji, bairro da Liberdade, em S\u00e3o Paulo, e sede da tradi\u00e7\u00e3o Soto Shu para a Am\u00e9rica do Sul durante seis anos. Foi, em 1997, a primeira mulher e primeira pessoa de origem n\u00e3o japonesa a assumir a Presid\u00eancia da Federa\u00e7\u00e3o das Seitas Budistas do Brasil, por um ano.<\/p>\n<p>Participa de encontros educacionais, inter religiosos e promove a Caminhada Zen, em parques p\u00fablicos, com o objetivo de divulga\u00e7\u00e3o do princ\u00edpio da n\u00e3o viol\u00eancia e a cria\u00e7\u00e3o de culturas de paz, justi\u00e7a, cura da Terra e de todos os seres vivos.<\/p>\n<p>Inspira-se na frase de Mahatma Gandhi:<br \/>\nTemos que ser a transforma\u00e7\u00e3o que queremos no mundo.<\/p>\n<p>Comunidade Zen Budista<br \/>\nRua Desembargador Paulo Passal\u00e1qua 134<br \/>\nCep.: 01248-010 &#8211; Pacaembu &#8211; S\u00e3o Paulo &#8211; SP<\/p>\n<p>Coen foi disc\u00edpula de <a href=\"http:\/\/www.nossacasa.net\/shunya\/shundo-aoyama\/\">Shundo Aoyama<\/a>, Abadessa Superiora de <a href=\"https:\/\/www.monjacoen.com.br\/videos\/470-temple-aichi-senmon-nisodo\" rel=\"noopener noreferrer\" target=\"_blank\" class=\"broken_link\">Aichi Senmom Nisodo<\/a>, onde praticou durante 8 anos e recebeu a Transmiss\u00e3o do Dharma de <a href=\"http:\/\/www.nossacasa.net\/shunya\/zenguetsu-suigan\/\">Zengetsu Suigan Daiosho<\/a>.<\/p>\n<hr \/>\n<ol type=\"1\">\n<li>Retirado do site http:\/\/www.monjacoen.com.br\/monja-coen-sensei\n<\/li>\n<\/ol>\n<hr \/>\n<div style=\"text-align:right\"><a href=\"#inicio\">Topo<\/a><\/div>\n<p><font face=\"Comic Sans MS\" size=\"3\" color=\"#800000\"><a name=\"c\">Entrevistas<\/a><\/p>\n<li><a href=\"http:\/\/www.nossacasa.net\/shunya\/entrevista-da-sensei-coen-a-revista-tpm\/\">Entrevista da Sensei Coen \u00e0 Revista TPM<\/a>\n<\/li>\n<li><a href=\"http:\/\/www.nossacasa.net\/shunya\/entrevista-com-coen-sensei-por-mariana-sayad\/\">Entrevista com Coen Sensei por Mariana Sayad<\/a>\n<\/li>\n<li><a href=\"http:\/\/www.nossacasa.net\/shunya\/proximo-o-lago\/\">Pr\u00f3ximo ao lago&#8230;<\/a><br \/>\n<hr \/>\n<div style=\"text-align:right\"><a href=\"#inicio\">Topo<\/a><\/div>\n<p><font face=\"Comic Sans MS\" size=\"3\" color=\"#800000\"><a name=\"d\">Textos<\/a><\/p>\n<li><a href=\"http:\/\/www.nossacasa.net\/shunya\/paz\/\">Paz<\/a><\/li>\n<li><a href=\"http:\/\/www.nossacasa.net\/shunya\/qual-o-compromisso-de-minha-religiao-com-a-paz\/\">Qual o compromisso de minha religi\u00e3o com a paz?<\/a><\/li>\n<li><a href=\"http:\/\/www.nossacasa.net\/shunya\/o-que-e-uma-cultura-de-paz\/\">O que \u00e9 uma cultura de paz?<\/a><\/li>\n<li><a href=\"http:\/\/www.nossacasa.net\/shunya\/genero-no-budismo\/\">G\u00eanero no budismo<\/a><\/li>\n<li><a href=\"http:\/\/www.nossacasa.net\/shunya\/como-dar-vida-as-nossas-vidas\/\">Como dar vida as nossas vidas<\/a><\/li>\n<li><a href=\"http:\/\/www.nossacasa.net\/shunya\/sobre-a-guerra\/\"> Sobre a guerra<\/a><\/li>\n<li><a href=\"http:\/\/www.nossacasa.net\/shunya\/zenguetsu-suigan-daiosho-yogo-roshi\/\"> Zenguetsu Suigan Daiosho, Yogo Roshi<\/a><\/li>\n<li><a href=\"http:\/\/www.nossacasa.net\/shunya\/o-equilibrista-mantem-o-equilibrio-se-equilibrando\/\">O equilibrista mant&eacute;m o equil&iacute;brio se equilibrando<\/a><\/li>\n<li><a href=\"http:\/\/www.nossacasa.net\/shunya\/a-participacao-das-religioes-na-construcao-da-paz\/\">A participa&ccedil;&atilde;o das relig&otilde;es na constru&ccedil;&atilde;o da paz<\/a>\n<\/li>\n<li><a href=\"http:\/\/www.nossacasa.net\/shunya\/as-transformacoes-comecam-conosco\/\">As Transforma\u00e7\u00f5es Come\u00e7am Conosco<\/a><\/li>\n<li><a href=\"http:\/\/www.nossacasa.net\/shunya\/budismo-onde-cada-um-e-discipulo-de-si-mesmo\/\">Budismo, onde cada um \u00e9 disc\u00edpulo de si mesmo<\/a><\/li>\n<li><a href=http:\/\/www.nossacasa.net\/shunya\/para-o-budismo-a-crise-religiosa-e-sinal-de-transformacao\/\">Para o budismo, a crise religiosa \u00e9 sinal de transforma\u00e7\u00e3o<\/a><\/li>\n<hr \/>\n<div style=\"text-align:right\"><a href=\"#inicio\">Topo<\/a><\/div>\n<hr \/>\n<p><\/font><font face=\"Comic Sans MS\" size=\"3\" color=\"#800000\"><a name=\"d\">Linhagem de Gasan Joseki<font size=\"2\">(desde Sakiamuni Buda)<\/font><\/a><\/font><\/p>\n<div style=\"text-align:center\">\n<ol type=\"1\"><b><u>BUTSU<\/u><\/b><\/p>\n<li><a href=\"http:\/\/www.nossacasa.net\/shunya\/buda\/\">BIBASHI<\/a><\/li>\n<li><a href=\"http:\/\/www.nossacasa.net\/shunya\/buda\/\">SHIKI<\/a><\/li>\n<li><a href=\"http:\/\/www.nossacasa.net\/shunya\/buda\/\">BISHAFU<\/a><\/li>\n<li><a href=\"http:\/\/www.nossacasa.net\/shunya\/buda\/\">KURUSON<\/a><\/li>\n<li><a href=\"http:\/\/www.nossacasa.net\/shunya\/buda\/\">KUNAGONMUNI<\/a><\/li>\n<li><a href=\"http:\/\/www.nossacasa.net\/shunya\/buda\/\">KASHO<\/a><\/li>\n<li><a href=\"http:\/\/www.nossacasa.net\/shunya\/buda\/\">XAQUIAMUNI<\/a><\/li>\n<\/ol>\n<\/div>\n<table width=\"100%\" border=\"0\">\n<tr>\n<td valign=\"top\">\n<ol type=\"1\"><b><u>\u00cdNDIA<\/u><\/b><\/p>\n<li><a href=\"http:\/\/www.nossacasa.net\/shunya\/mahakashyapa\/\">MAKAKASHO<\/a><\/li>\n<li><a href=\"http:\/\/www.nossacasa.net\/shunya\/ananda\/\">ANANDA<\/a><\/li>\n<li><a href=\"http:\/\/www.nossacasa.net\/shunya\/shanavasa\/\">SHONAWASHU<\/a><\/li>\n<li><a href=\"http:\/\/www.nossacasa.net\/shunya\/upagupta\/\">UBAGIKUTA<\/a><\/li>\n<li><a href=\"http:\/\/www.nossacasa.net\/shunya\/dhritaka\/\">DAITAKA<\/a><\/li>\n<li><a href=\"http:\/\/www.nossacasa.net\/shunya\/michaka\/\">MISHAKA<\/a><\/li>\n<li><a href=\"http:\/\/www.nossacasa.net\/shunya\/vasumitra\/\">BASHUMITSU<\/a><\/li>\n<li><a href=\"http:\/\/www.nossacasa.net\/shunya\/buddhananda\/\">BUTSUDANANDAI<\/a><\/li>\n<li><a href=\"http:\/\/www.nossacasa.net\/shunya\/buddhamitra\/\">FUDAMITA<\/a><\/li>\n<li><a href=\"http:\/\/www.nossacasa.net\/shunya\/parshvanatha\/\">BARISHIBA<\/a><\/li>\n<li><a href=\"http:\/\/www.nossacasa.net\/shunya\/punyayashas\/\">FUNAYASHYA<\/a><\/li>\n<li><a href=\"http:\/\/www.nossacasa.net\/shunya\/ashvagosha\/\">ANABOTEI<\/a><\/li>\n<li><a href=\"http:\/\/www.nossacasa.net\/shunya\/kapimala\/\">KABIMORA<\/a><\/li>\n<li><a href=\"http:\/\/www.nossacasa.net\/shunya\/nagarjuna\/\">NAGYAHARAJUNA<\/a><\/li>\n<li><a href=\"http:\/\/www.nossacasa.net\/shunya\/aryadeva\/\">KANADAIBA<\/a><\/li>\n<li><a href=\"http:\/\/www.nossacasa.net\/shunya\/rahulata\/\">RAGORATA<\/a><\/li>\n<li><a href=\"http:\/\/www.nossacasa.net\/shunya\/sanghanandi\/\">SOGYANANDAI<\/a><\/li>\n<li><a href=\"http:\/\/www.nossacasa.net\/shunya\/gayashata\/\">KAYSHATA<\/a><\/li>\n<li><a href=\"http:\/\/www.nossacasa.net\/shunya\/kumarata\/\">KUMORATA<\/a><\/li>\n<li><a href=\"http:\/\/www.nossacasa.net\/shunya\/jayata\/\">SHAYATA<\/a><\/li>\n<li><a href=\"http:\/\/www.nossacasa.net\/shunya\/vasubandhu\/\">BASHUBANZU<\/a><\/li>\n<li><a href=\"http:\/\/www.nossacasa.net\/shunya\/manorhita\/\">MANURA<\/a><\/li>\n<li><a href=\"http:\/\/www.nossacasa.net\/shunya\/haklenayasha\/\">KAKUROKUNA<\/a><\/li>\n<li><a href=\"http:\/\/www.nossacasa.net\/shunya\/aryasimha\/\">SHSISHIBODAI<\/a><\/li>\n<li><a href=\"http:\/\/www.nossacasa.net\/shunya\/basiasita\/\">BASHASHITA<\/a><\/li>\n<li><a href=\"http:\/\/www.nossacasa.net\/shunya\/punyamitra\/\">FUNYOMITA <\/a><\/li>\n<li><a href=\"http:\/\/www.nossacasa.net\/shunya\/prajnatara\/\">HANNYATARA <\/a><\/li>\n<\/ol>\n<\/td>\n<td valign=\"top\">\n<ol type=\"1\" start=\"28\"><b><u>CHINA<\/u><\/b><\/p>\n<li><a href=\"http:\/\/www.nossacasa.net\/shunya\/bodhidharma\/\">BODAIDARUMA<\/a><\/li>\n<li><a href=\"http:\/\/www.nossacasa.net\/shunya\/hui-ko\/\">TAISO EKA<\/a><\/li>\n<li><a href=\"http:\/\/www.nossacasa.net\/shunya\/seng-tsan\/\">KANCHI SOSAN<\/a><\/li>\n<li><a href=\"http:\/\/www.nossacasa.net\/shunya\/tao-hsin\/\">DAII DOSHIN<\/a><\/li>\n<li><a href=\"http:\/\/www.nossacasa.net\/shunya\/hung-jen\/\">DAIMAN KONIN<\/a><\/li>\n<li><a href=\"http:\/\/www.nossacasa.net\/shunya\/hueineng\/\">DAIKAN ENO<\/a><\/li>\n<li><a href=\"http:\/\/www.nossacasa.net\/shunya\/ching-yuan\/\">SEIGEN GYOSHI<\/a><\/li>\n<li><a href=\"http:\/\/www.nossacasa.net\/shunya\/shih-tou\/\">SEKITO KISEN<\/a><\/li>\n<li><a href=\"http:\/\/www.nossacasa.net\/shunya\/yaoshan-weiyan\/\">YAKUSAN IGEN<\/a><\/li>\n<li><a href=\"http:\/\/www.nossacasa.net\/shunya\/yun-yen-tan-sheng\/\">UNGAN DONJO<\/a><\/li>\n<li><a href=\"http:\/\/www.nossacasa.net\/shunya\/tung-shan-liang-chieh\/\">TOZAN RYOKAI<\/a><\/li>\n<li><a href=\"http:\/\/www.nossacasa.net\/shunya\/yun-chu-tao-ying\/\">UNGO DOYO<\/a><\/li>\n<li><a href=\"http:\/\/www.nossacasa.net\/shunya\/tao-pi\/\">DOAN DOHI<\/a><\/li>\n<li><a href=\"http:\/\/www.nossacasa.net\/shunya\/kuan-chih\/\">DOAN KANSHI<\/a><\/li>\n<li><a href=\"http:\/\/www.nossacasa.net\/shunya\/yuan-kuan\/\">RYOSAN ENKAN<\/a><\/li>\n<li><a href=\"http:\/\/www.nossacasa.net\/shunya\/ta-yang-ching-hsuan\/\">TAIYO KIYOGEN<\/a><\/li>\n<li><a href=\"http:\/\/www.nossacasa.net\/shunya\/tou-tzu-yi-ching\/\">TOSHI GISEI<\/a><\/li>\n<li><a href=\"http:\/\/www.nossacasa.net\/shunya\/fu-jung-tao-kai\/\">FUYO DOKAI<\/a><\/li>\n<li><a href=\"http:\/\/www.nossacasa.net\/shunya\/tan-hsia\/\">TANKA SHIJUN<\/a><\/li>\n<li><a href=\"http:\/\/www.nossacasa.net\/shunya\/wu-kung\/\">CHORO SEIRIYO<\/a><\/li>\n<li><a href=\"http:\/\/www.nossacasa.net\/shunya\/tsung-chueh\/6\">TENDO SOKAKU<\/a><\/li>\n<li><a href=\"http:\/\/www.nossacasa.net\/shunya\/hsue-tou\/\">SECCHO CHIKAN<\/a><\/li>\n<li><a href=\"http:\/\/www.nossacasa.net\/shunya\/tien-tung-ju-ching\/\">TENDO NYOJO<\/a><\/li>\n<\/ol>\n<\/td>\n<\/tr>\n<tr>\n<td valign=\"top\">\n<ol type=\"1\" start=\"51\"><b><u>JAP\u00c3O<\/u><\/b><\/p>\n<li><a href=\"http:\/\/www.nossacasa.net\/shunya\/eihei-dogen\/\">EIHEI DOGEN<\/a><\/li>\n<li><a href=\"http:\/\/www.nossacasa.net\/shunya\/koun-ejo\/\">KOUN EJO<\/a><\/li>\n<li><a href=\"http:\/\/www.nossacasa.net\/shunya\/tettsu-gikai\/\">TETSU GIKAI<\/a><\/li>\n<li><a href=\"http:\/\/www.nossacasa.net\/shunya\/keizan-jokin\/\">KEIZAN JOKIN<\/a><\/li>\n<li><a href=\"http:\/\/www.nossacasa.net\/shunya\/gasan-joseki\/\">GASAN JOSEKI<\/a><\/li>\n<li><a href=\"http:\/\/www.nossacasa.net\/shunya\/tsugen-jakurei\/\">TSUGEN JAKUREI<\/a><\/li>\n<li><a href=\"http:\/\/www.nossacasa.net\/shunya\/fusai-zengu\/\">FUSAI ZENGU<\/a><\/li>\n<li><a href=\"http:\/\/www.nossacasa.net\/shunya\/gyoku-so-riotin\/\">GYOKU SO RIOTIN<\/a><\/li>\n<li><a href=\"http:\/\/www.nossacasa.net\/shunya\/shokai-jiko\/\">SHOKAI JIKO<\/a><\/li>\n<li><a href=\"http:\/\/www.nossacasa.net\/shunya\/mioshitsu-eto\/\">MIOSHITSU ETO<\/a><\/li>\n<li><a href=\"http:\/\/www.nossacasa.net\/shunya\/kokugan-shuho\/\">KOKUGAN SHUHO<\/a><\/li>\n<li><a href=\"http:\/\/www.nossacasa.net\/shunya\/suian-shosen\/\">SUIAN SHOSEN<\/a><\/li>\n<li><a href=\"http:\/\/www.nossacasa.net\/shunya\/joan-shoto\/\">JOAN SHOTO<\/a><\/li>\n<li><a href=\"http:\/\/www.nossacasa.net\/shunya\/san-no-juin\/\">SAN NO JUIN<\/a><\/li>\n<li><a href=\"http:\/\/www.nossacasa.net\/shunya\/chumyo-zenteki\/\">CHUMYO ZENTEKI<\/a><\/li>\n<li><a href=\"http:\/\/www.nossacasa.net\/shunya\/daisen-junchi\/\">DAISEN JUNCHI <\/a><\/li>\n<li><a href=\"http:\/\/www.nossacasa.net\/shunya\/fui-eiryo\/\">FUI EIRYO<\/a><\/li>\n<li><a href=\"http:\/\/www.nossacasa.net\/shunya\/muin-eyu\/\">MUIN EYU<\/a><\/li>\n<li><a href=\"http:\/\/www.nossacasa.net\/shunya\/ippo-sojun\/\">IPPO SOJUN<\/a><\/li>\n<li><a href=\"http:\/\/www.nossacasa.net\/shunya\/moan-soshuku\/\">MOAN SOSHUKU<\/a><\/li>\n<li><a href=\"http:\/\/www.nossacasa.net\/shunya\/kosetu-junsa\/\">KOSETSU JUNSA <\/a><\/li>\n<li><a href=\"http:\/\/www.nossacasa.net\/shunya\/shinan-gentatsu\/\">SHINAN GENTATSU<\/a><\/li>\n<li><a href=\"http:\/\/www.nossacasa.net\/shunya\/gekkai-soju\/\">GEKKAI SOJU<\/a><\/li>\n<li><a href=\"http:\/\/www.nossacasa.net\/shunya\/nanriyu-sonjun\/\">NANRIYU SONJUN<\/a><\/li>\n<li><a href=\"http:\/\/www.nossacasa.net\/shunya\/takuchu-yuton\/\">TAKUCHU YUTON<\/a><\/li>\n<li><a href=\"http:\/\/www.nossacasa.net\/shunya\/gokei-yoton\/\">GOKEI YOTON<\/a><\/li>\n<li><a href=\"http:\/\/www.nossacasa.net\/shunya\/goho-yoju\/\">GOHO YOJU<\/a><\/li>\n<li><a href=\"http:\/\/www.nossacasa.net\/shunya\/tengan-shunsa\/\">TENGAN SHUNSA<\/a><\/li>\n<li><a href=\"http:\/\/www.nossacasa.net\/shunya\/osan-yosa\/\">OSAN YOSA<\/a><\/li>\n<li><a href=\"http:\/\/www.nossacasa.net\/shunya\/hakudo-jurin\/\">HAKUDO JURIN<\/a><\/li>\n<li><a href=\"http:\/\/www.nossacasa.net\/shunya\/getsudo-kaiin\/\">GETSUDO KAIIN<\/a><\/li>\n<li><a href=\"http:\/\/www.nossacasa.net\/shunya\/gekko-riomon\/\">GEKKO RIOMON<\/a><\/li>\n<li><a href=\"http:\/\/www.nossacasa.net\/shunya\/kodo-soun\/\">KODO SOUN<\/a><\/li>\n<li><a href=\"http:\/\/www.nossacasa.net\/shunya\/kohan-tesuzan\/\">KOHAN TESUZAN<\/a><\/li>\n<li><a href=\"http:\/\/www.nossacasa.net\/shunya\/sokai-tetsuriyu\/\">SOKAI TETSURIYU<\/a><\/li>\n<li><a href=\"http:\/\/www.nossacasa.net\/shunya\/umon-katsuriyu\/\">UMON KATSURIYU<\/a><\/li>\n<li><a href=\"http:\/\/www.nossacasa.net\/shunya\/shudo-tetsukan\/\">SHUDO TETSUKAN<\/a><\/li>\n<li><a href=\"http:\/\/www.nossacasa.net\/shunya\/isseki-tetsugan\/\">ISSEKI TETSUGAN<\/a><\/li>\n<li><a href=\"http:\/\/www.nossacasa.net\/shunya\/taino-tetsush\/\">TAINO TETSUSHI<\/a><\/li>\n<li><a href=\"http:\/\/www.nossacasa.net\/shunya\/zenguetsu-suigan\/\">ZENGETSU SUIGAN<\/a><\/li>\n<\/ol>\n<\/td>\n<td valign=\"top\">\n<ol type=\"1\" start=\"91\"><b><u>OCIDENTE<\/u><\/b><\/p>\n<li><a href=\"http:\/\/www.nossacasa.net\/shunya\/shingetsu-coen\/\">SHINGETSU COEN<\/a><\/li>\n<\/ol>\n<\/td>\n<\/tr>\n<\/table>\n<hr \/>\n<div style=\"text-align:right\"><a href=\"#inicio\">Topo<\/a><\/div>\n<hr \/>\n<p>><\/li>\n<p><\/font><\/div>\n<p><\/font><\/p>\n<!-- AddThis Advanced Settings generic via filter on the_content --><!-- AddThis Share Buttons generic via filter on the_content -->","protected":false},"excerpt":{"rendered":"<p>Refer\u00eancias Biografia Entrevistas Textos Linhagem Refer\u00eancias1 Shingetsu Coen \u00e9 da 91a.gera\u00e7\u00e3o desde Buda e da 40a.gera\u00e7\u00e3o desde Dogen. Shingetsu Coen foi Herdeira do Dharma de Zenguetsu Suigan e \u00e9 da 37a.gera\u00e7\u00e3o da linhagem Gasan Joseki. Topo Biografia1 Monja Coen Sensei &hellip; <a href=\"http:\/\/www.nossacasa.net\/shunya\/shingetsu-coen\/\">Continue lendo <span class=\"meta-nav\">&rarr;<\/span><\/a><!-- AddThis Advanced Settings generic via filter on get_the_excerpt --><!-- AddThis Share Buttons generic via filter on get_the_excerpt --><\/p>\n","protected":false},"author":1,"featured_media":0,"parent":0,"menu_order":0,"comment_status":"closed","ping_status":"closed","template":"","meta":{"footnotes":""},"class_list":["post-3487","page","type-page","status-publish","hentry"],"_links":{"self":[{"href":"http:\/\/www.nossacasa.net\/shunya\/wp-json\/wp\/v2\/pages\/3487","targetHints":{"allow":["GET"]}}],"collection":[{"href":"http:\/\/www.nossacasa.net\/shunya\/wp-json\/wp\/v2\/pages"}],"about":[{"href":"http:\/\/www.nossacasa.net\/shunya\/wp-json\/wp\/v2\/types\/page"}],"author":[{"embeddable":true,"href":"http:\/\/www.nossacasa.net\/shunya\/wp-json\/wp\/v2\/users\/1"}],"replies":[{"embeddable":true,"href":"http:\/\/www.nossacasa.net\/shunya\/wp-json\/wp\/v2\/comments?post=3487"}],"version-history":[{"count":47,"href":"http:\/\/www.nossacasa.net\/shunya\/wp-json\/wp\/v2\/pages\/3487\/revisions"}],"predecessor-version":[{"id":6848,"href":"http:\/\/www.nossacasa.net\/shunya\/wp-json\/wp\/v2\/pages\/3487\/revisions\/6848"}],"wp:attachment":[{"href":"http:\/\/www.nossacasa.net\/shunya\/wp-json\/wp\/v2\/media?parent=3487"}],"curies":[{"name":"wp","href":"https:\/\/api.w.org\/{rel}","templated":true}]}}