{"id":3694,"date":"2018-05-25T11:07:53","date_gmt":"2018-05-25T13:07:53","guid":{"rendered":"http:\/\/www.nossacasa.net\/shunya\/?page_id=3694"},"modified":"2020-07-11T18:10:10","modified_gmt":"2020-07-11T20:10:10","slug":"zenguetsu-suigan","status":"publish","type":"page","link":"http:\/\/www.nossacasa.net\/shunya\/zenguetsu-suigan\/","title":{"rendered":"Zenguetsu Suigan"},"content":{"rendered":"<div style=\"text-align:justify\"><font face=\"Verdana\" size=\"2\"><br \/>\n<a name=\"inicio\"><\/a><a href=\"http:\/\/www.nossacasa.net\/shunya\/?attachment_id=3695\" rel=\"attachment wp-att-3695\"><img loading=\"lazy\" decoding=\"async\" src=\"http:\/\/www.nossacasa.net\/shunya\/wp-content\/uploads\/2018\/05\/Zenguetsu-Suigan-300x239.jpeg\" alt=\"\" width=\"300\" height=\"239\" class=\"alignleft size-medium wp-image-3695\" srcset=\"http:\/\/www.nossacasa.net\/shunya\/wp-content\/uploads\/2018\/05\/Zenguetsu-Suigan-300x239.jpeg 300w, http:\/\/www.nossacasa.net\/shunya\/wp-content\/uploads\/2018\/05\/Zenguetsu-Suigan-377x300.jpeg 377w, http:\/\/www.nossacasa.net\/shunya\/wp-content\/uploads\/2018\/05\/Zenguetsu-Suigan.jpeg 576w\" sizes=\"auto, (max-width: 300px) 100vw, 300px\" \/><\/a><\/font><font size=\"4\"><b>Zenguetsu Suigan  &#8211; Yogo Roshi <br \/>(1912-1996)<\/b><\/font><br \/>\n<a href=\"#a\">Refer\u00eancias<\/a><br \/>\n<a href=\"#b\">Biografia<\/a><br \/>\n<a href=\"#e\">Linhagem<\/a><\/p>\n<p align=center><b><font face=\"tahoma, verdana, arial\" size=4><a name=\"a\">Refer\u00eancias<\/a><sup>1<\/sup><\/font><\/b><\/p>\n<p>Zenguetsu Suigan \u00e9 da 90<sup>a.<\/sup>gera\u00e7\u00e3o desde Buda e da 39<sup>a.<\/sup>gera\u00e7\u00e3o desde Dogen.<\/p>\n<p>Zenguetsu Suigan foi Herdeiro do Dharma de <a href=\"http:\/\/www.nossacasa.net\/shunya\/taino-tetsush\/\">Taino Tetsushi<\/a> e seu sucessor em Soji-ji, e seu nome est\u00e1 associado a uma das linhagens principais dentro do Soto Zen. <\/p>\n<p>Zenguetsu Suigani \u00e9 da 36<sup>a.<\/sup>gera\u00e7\u00e3o da linhagem  <a href=\"http:\/\/www.nossacasa.net\/shunya\/gasan-joseki\/\">Gasan Joseki<\/a> e transmitiu o Dharma para <a href=\"http:\/\/www.nossacasa.net\/shunya\/shingetsu-coen\/\">Shingetsu Coen<\/a>.<\/p>\n<hr \/>\n<div style=\"text-align:right\"><a href=\"#inicio\">Topo<\/a><\/div>\n<p align=center><b><font face=\"tahoma, verdana, arial\" size=4><a name=\"b\">Biografia<\/a><sup>2<\/sup><\/font><\/b><\/p>\n<p><b>Zenguetsu Suigan Daiosho, <\/b>Yogo Roshi foi Abade Superior do mosteiro Saijoji, em Odawara, e Vice-Abade Superior do mosteiro sede de Sojiji, em Yokohama. <\/p>\n<p><div id=\"attachment_1775\" style=\"width: 292px\" class=\"wp-caption alignleft\"><a href=\"http:\/\/www.nossacasa.net\/shunya\/quanto-tempo-praticar\/598a\/\" rel=\"attachment wp-att-1775\"><img loading=\"lazy\" decoding=\"async\" aria-describedby=\"caption-attachment-1775\" src=\"http:\/\/www.nossacasa.net\/shunya\/wp-content\/uploads\/2013\/02\/598a.jpg\" alt=\"\" width=\"282\" height=\"197\" class=\"size-full wp-image-1775\" \/><\/a><p id=\"caption-attachment-1775\" class=\"wp-caption-text\">Templo Saijoji<\/p><\/div>Yogo Roshi viveu uma \u00e9poca de grandes mudan\u00e7as e soube se transformar com elas. Ele foi eleito professor dos professores da escola Soto Zen, cargo que ocupou por muitos anos. Era respeitado pelos seus estudos, conhecimentos do Dharma, do Shoboguenzo, do Denkoroko, Shoyoroku, etc. Era respeitado por sua pr\u00e1tica mon\u00e1stica que o levou de cargos de dire\u00e7ao a Abade Superior do Mosteiro Saijo-ji, posi\u00e7ao que manteve at\u00e9 sua morte, e Vice-Abade Superior do mosteiro-sede de Soji-ji. Yogo Roshi deixou muitas caligrafias, escritos, tapes, v\u00eddeos e livros. Disc\u00edpulos corretamente transmitidos somam-se vinte  e centenas de milhares de pessoas a quem transmitiu os preceitos budistas para leigos. Incans\u00e1vel, nunca recusou um visitante, nem se escusava das in\u00fameras celebra\u00e7oes de cerim\u00f4nias para as quais era constantemente solicitado.<br \/>\nCerta vez, fui passar oito meses num mosteiro em Obama, chamado Hosshinji. <\/p>\n<p><a href=\"http:\/\/www.nossacasa.net\/shunya\/shingetsu-coen\/\">Coen Sensei<\/a> foi  a d\u00e9cima sexta a receber a transmiss\u00e3o do Dharma de Yogo Roshi e conta:<br \/>\n Quando cheguei, o monge cozinheiro, que tamb\u00e9m era o monge-recepcionista, me questionou:<br \/>\n&#8211; Qual o Dharma de Yogo Roshi?<br \/>\n&#8211; Nyo Ze. Kaku no gotoku. As coisas sao como sao. O universo \u00e9 como \u00e9.<br \/>\nMeu interlocutor sorriu satisfeito. <\/p>\n<p>Dia 21 de dezembro, ao amanhecer, silenciosa e tranq\u00fcilamente, Zenguetsu Suigan Daiosho, Yogo Roshi, entrou parinirvana, em seus aposentos internos de Abade Superior do Mosteiro Saijo-ji, na montanha Daiyuzan, em Odawara, Kanagawa-ken, Japao. Em 9 de setembro do mesmo ano, 1.996, havia completado 84 anos.<\/p>\n<p>&#8220;O verdadeiro Dharmakaya nem aparece nem desaparece&#8230;&#8221; <\/p>\n<p>As palavras da dedicat\u00f3ria dos servi\u00e7os memoriais para monges \u00e9 clara: o verdadeiro corpo do Dharma, o verdadeiro corpo da Lei ,dos Ensinamentos Corretos, nao aparece nem desaparece. O famoso nao-nascido e nao-morto dos textos Zen Budistas mais uma vez se revelando.<\/p>\n<hr \/>\n<ol type=\"1\">\n<li>Retirado do site http:\/\/www.caravelas.net\/\n<\/li>\n<\/ol>\n<hr \/>\n<div style=\"text-align:right\"><a href=\"#inicio\">Topo<\/a><\/div>\n<hr \/>\n<p><font face=\"Comic Sans MS\" size=\"3\" color=\"#800000\"><a name=\"d\">Linhagem de Gasan Joseki<font size=\"2\">(desde Sakiamuni Buda)<\/font><\/a><\/font><\/p>\n<div style=\"text-align:center\">\n<ol type=\"1\"><b><u>BUTSU<\/u><\/b><\/p>\n<li><a href=\"http:\/\/www.nossacasa.net\/shunya\/buda\/\">BIBASHI<\/a><\/li>\n<li><a href=\"http:\/\/www.nossacasa.net\/shunya\/buda\/\">SHIKI<\/a><\/li>\n<li><a href=\"http:\/\/www.nossacasa.net\/shunya\/buda\/\">BISHAFU<\/a><\/li>\n<li><a href=\"http:\/\/www.nossacasa.net\/shunya\/buda\/\">KURUSON<\/a><\/li>\n<li><a href=\"http:\/\/www.nossacasa.net\/shunya\/buda\/\">KUNAGONMUNI<\/a><\/li>\n<li><a href=\"http:\/\/www.nossacasa.net\/shunya\/buda\/\">KASHO<\/a><\/li>\n<li><a href=\"http:\/\/www.nossacasa.net\/shunya\/buda\/\">XAQUIAMUNI<\/a><\/li>\n<\/ol>\n<\/div>\n<table width=\"100%\" border=\"0\">\n<tr>\n<td valign=\"top\">\n<ol type=\"1\"><b><u>\u00cdNDIA<\/u><\/b><\/p>\n<li><a href=\"http:\/\/www.nossacasa.net\/shunya\/mahakashyapa\/\">MAKAKASHO<\/a><\/li>\n<li><a href=\"http:\/\/www.nossacasa.net\/shunya\/ananda\/\">ANANDA<\/a><\/li>\n<li><a href=\"http:\/\/www.nossacasa.net\/shunya\/shanavasa\/\">SHONAWASHU<\/a><\/li>\n<li><a href=\"http:\/\/www.nossacasa.net\/shunya\/upagupta\/\">UBAGIKUTA<\/a><\/li>\n<li><a href=\"http:\/\/www.nossacasa.net\/shunya\/dhritaka\/\">DAITAKA<\/a><\/li>\n<li><a href=\"http:\/\/www.nossacasa.net\/shunya\/michaka\/\">MISHAKA<\/a><\/li>\n<li><a href=\"http:\/\/www.nossacasa.net\/shunya\/vasumitra\/\">BASHUMITSU<\/a><\/li>\n<li><a href=\"http:\/\/www.nossacasa.net\/shunya\/buddhananda\/\">BUTSUDANANDAI<\/a><\/li>\n<li><a href=\"http:\/\/www.nossacasa.net\/shunya\/buddhamitra\/\">FUDAMITA<\/a><\/li>\n<li><a href=\"http:\/\/www.nossacasa.net\/shunya\/parshvanatha\/\">BARISHIBA<\/a><\/li>\n<li><a href=\"http:\/\/www.nossacasa.net\/shunya\/punyayashas\/\">FUNAYASHYA<\/a><\/li>\n<li><a href=\"http:\/\/www.nossacasa.net\/shunya\/ashvagosha\/\">ANABOTEI<\/a><\/li>\n<li><a href=\"http:\/\/www.nossacasa.net\/shunya\/kapimala\/\">KABIMORA<\/a><\/li>\n<li><a href=\"http:\/\/www.nossacasa.net\/shunya\/nagarjuna\/\">NAGYAHARAJUNA<\/a><\/li>\n<li><a href=\"http:\/\/www.nossacasa.net\/shunya\/aryadeva\/\">KANADAIBA<\/a><\/li>\n<li><a href=\"http:\/\/www.nossacasa.net\/shunya\/rahulata\/\">RAGORATA<\/a><\/li>\n<li><a href=\"http:\/\/www.nossacasa.net\/shunya\/sanghanandi\/\">SOGYANANDAI<\/a><\/li>\n<li><a href=\"http:\/\/www.nossacasa.net\/shunya\/gayashata\/\">KAYSHATA<\/a><\/li>\n<li><a href=\"http:\/\/www.nossacasa.net\/shunya\/kumarata\/\">KUMORATA<\/a><\/li>\n<li><a href=\"http:\/\/www.nossacasa.net\/shunya\/jayata\/\">SHAYATA<\/a><\/li>\n<li><a href=\"http:\/\/www.nossacasa.net\/shunya\/vasubandhu\/\">BASHUBANZU<\/a><\/li>\n<li><a href=\"http:\/\/www.nossacasa.net\/shunya\/manorhita\/\">MANURA<\/a><\/li>\n<li><a href=\"http:\/\/www.nossacasa.net\/shunya\/haklenayasha\/\">KAKUROKUNA<\/a><\/li>\n<li><a href=\"http:\/\/www.nossacasa.net\/shunya\/aryasimha\/\">SHSISHIBODAI<\/a><\/li>\n<li><a href=\"http:\/\/www.nossacasa.net\/shunya\/basiasita\/\">BASHASHITA<\/a><\/li>\n<li><a href=\"http:\/\/www.nossacasa.net\/shunya\/punyamitra\/\">FUNYOMITA <\/a><\/li>\n<li><a href=\"http:\/\/www.nossacasa.net\/shunya\/prajnatara\/\">HANNYATARA <\/a><\/li>\n<\/ol>\n<\/td>\n<td valign=\"top\">\n<ol type=\"1\" start=\"28\"><b><u>CHINA<\/u><\/b><\/p>\n<li><a href=\"http:\/\/www.nossacasa.net\/shunya\/bodhidharma\/\">BODAIDARUMA<\/a><\/li>\n<li><a href=\"http:\/\/www.nossacasa.net\/shunya\/hui-ko\/\">TAISO EKA<\/a><\/li>\n<li><a href=\"http:\/\/www.nossacasa.net\/shunya\/seng-tsan\/\">KANCHI SOSAN<\/a><\/li>\n<li><a href=\"http:\/\/www.nossacasa.net\/shunya\/tao-hsin\/\">DAII DOSHIN<\/a><\/li>\n<li><a href=\"http:\/\/www.nossacasa.net\/shunya\/hung-jen\/\">DAIMAN KONIN<\/a><\/li>\n<li><a href=\"http:\/\/www.nossacasa.net\/shunya\/hueineng\/\">DAIKAN ENO<\/a><\/li>\n<li><a href=\"http:\/\/www.nossacasa.net\/shunya\/ching-yuan\/\">SEIGEN GYOSHI<\/a><\/li>\n<li><a href=\"http:\/\/www.nossacasa.net\/shunya\/shih-tou\/\">SEKITO KISEN<\/a><\/li>\n<li><a href=\"http:\/\/www.nossacasa.net\/shunya\/yaoshan-weiyan\/\">YAKUSAN IGEN<\/a><\/li>\n<li><a href=\"http:\/\/www.nossacasa.net\/shunya\/yun-yen-tan-sheng\/\">UNGAN DONJO<\/a><\/li>\n<li><a href=\"http:\/\/www.nossacasa.net\/shunya\/tung-shan-liang-chieh\/\">TOZAN RYOKAI<\/a><\/li>\n<li><a href=\"http:\/\/www.nossacasa.net\/shunya\/yun-chu-tao-ying\/\">UNGO DOYO<\/a><\/li>\n<li><a href=\"http:\/\/www.nossacasa.net\/shunya\/tao-pi\/\">DOAN DOHI<\/a><\/li>\n<li><a href=\"http:\/\/www.nossacasa.net\/shunya\/kuan-chih\/\">DOAN KANSHI<\/a><\/li>\n<li><a href=\"http:\/\/www.nossacasa.net\/shunya\/yuan-kuan\/\">RYOSAN ENKAN<\/a><\/li>\n<li><a href=\"http:\/\/www.nossacasa.net\/shunya\/ta-yang-ching-hsuan\/\">TAIYO KIYOGEN<\/a><\/li>\n<li><a href=\"http:\/\/www.nossacasa.net\/shunya\/tou-tzu-yi-ching\/\">TOSHI GISEI<\/a><\/li>\n<li><a href=\"http:\/\/www.nossacasa.net\/shunya\/fu-jung-tao-kai\/\">FUYO DOKAI<\/a><\/li>\n<li><a href=\"http:\/\/www.nossacasa.net\/shunya\/tan-hsia\/\">TANKA SHIJUN<\/a><\/li>\n<li><a href=\"http:\/\/www.nossacasa.net\/shunya\/wu-kung\/\">CHORO SEIRIYO<\/a><\/li>\n<li><a href=\"http:\/\/www.nossacasa.net\/shunya\/tsung-chueh\/6\">TENDO SOKAKU<\/a><\/li>\n<li><a href=\"http:\/\/www.nossacasa.net\/shunya\/hsue-tou\/\">SECCHO CHIKAN<\/a><\/li>\n<li><a href=\"http:\/\/www.nossacasa.net\/shunya\/tien-tung-ju-ching\/\">TENDO NYOJO<\/a><\/li>\n<\/ol>\n<\/td>\n<\/tr>\n<tr>\n<td valign=\"top\">\n<ol type=\"1\" start=\"51\"><b><u>JAP\u00c3O<\/u><\/b><\/p>\n<li><a href=\"http:\/\/www.nossacasa.net\/shunya\/eihei-dogen\/\">EIHEI DOGEN<\/a><\/li>\n<li><a href=\"http:\/\/www.nossacasa.net\/shunya\/koun-ejo\/\">KOUN EJO<\/a><\/li>\n<li><a href=\"http:\/\/www.nossacasa.net\/shunya\/tettsu-gikai\/\">TETSU GIKAI<\/a><\/li>\n<li><a href=\"http:\/\/www.nossacasa.net\/shunya\/keizan-jokin\/\">KEIZAN JOKIN<\/a><\/li>\n<li><a href=\"http:\/\/www.nossacasa.net\/shunya\/gasan-joseki\/\">GASAN JOSEKI<\/a><\/li>\n<li><a href=\"http:\/\/www.nossacasa.net\/shunya\/tsugen-jakurei\/\">TSUGEN JAKUREI<\/a><\/li>\n<li><a href=\"http:\/\/www.nossacasa.net\/shunya\/fusai-zengu\/\">FUSAI ZENGU<\/a><\/li>\n<li><a href=\"http:\/\/www.nossacasa.net\/shunya\/gyoku-so-riotin\/\">GYOKU SO RIOTIN<\/a><\/li>\n<li><a href=\"http:\/\/www.nossacasa.net\/shunya\/shokai-jiko\/\">SHOKAI JIKO<\/a><\/li>\n<li><a href=\"http:\/\/www.nossacasa.net\/shunya\/mioshitsu-eto\/\">MIOSHITSU ETO<\/a><\/li>\n<li><a href=\"http:\/\/www.nossacasa.net\/shunya\/kokugan-shuho\/\">KOKUGAN SHUHO<\/a><\/li>\n<li><a href=\"http:\/\/www.nossacasa.net\/shunya\/suian-shosen\/\">SUIAN SHOSEN<\/a><\/li>\n<li><a href=\"http:\/\/www.nossacasa.net\/shunya\/joan-shoto\/\">JOAN SHOTO<\/a><\/li>\n<li><a href=\"http:\/\/www.nossacasa.net\/shunya\/san-no-juin\/\">SAN NO JUIN<\/a><\/li>\n<li><a href=\"http:\/\/www.nossacasa.net\/shunya\/chumyo-zenteki\/\">CHUMYO ZENTEKI<\/a><\/li>\n<li><a href=\"http:\/\/www.nossacasa.net\/shunya\/daisen-junchi\/\">DAISEN JUNCHI <\/a><\/li>\n<li><a href=\"http:\/\/www.nossacasa.net\/shunya\/fui-eiryo\/\">FUI EIRYO<\/a><\/li>\n<li><a href=\"http:\/\/www.nossacasa.net\/shunya\/muin-eyu\/\">MUIN EYU<\/a><\/li>\n<li><a href=\"http:\/\/www.nossacasa.net\/shunya\/ippo-sojun\/\">IPPO SOJUN<\/a><\/li>\n<li><a href=\"http:\/\/www.nossacasa.net\/shunya\/moan-soshuku\/\">MOAN SOSHUKU<\/a><\/li>\n<li><a href=\"http:\/\/www.nossacasa.net\/shunya\/kosetu-junsa\/\">KOSETSU JUNSA <\/a><\/li>\n<li><a href=\"http:\/\/www.nossacasa.net\/shunya\/shinan-gentatsu\/\">SHINAN GENTATSU<\/a><\/li>\n<li><a href=\"http:\/\/www.nossacasa.net\/shunya\/gekkai-soju\/\">GEKKAI SOJU<\/a><\/li>\n<li><a href=\"http:\/\/www.nossacasa.net\/shunya\/nanriyu-sonjun\/\">NANRIYU SONJUN<\/a><\/li>\n<li><a href=\"http:\/\/www.nossacasa.net\/shunya\/takuchu-yuton\/\">TAKUCHU YUTON<\/a><\/li>\n<li><a href=\"http:\/\/www.nossacasa.net\/shunya\/gokei-yoton\/\">GOKEI YOTON<\/a><\/li>\n<li><a href=\"http:\/\/www.nossacasa.net\/shunya\/goho-yoju\/\">GOHO YOJU<\/a><\/li>\n<li><a href=\"http:\/\/www.nossacasa.net\/shunya\/tengan-shunsa\/\">TENGAN SHUNSA<\/a><\/li>\n<li><a href=\"http:\/\/www.nossacasa.net\/shunya\/osan-yosa\/\">OSAN YOSA<\/a><\/li>\n<li><a href=\"http:\/\/www.nossacasa.net\/shunya\/hakudo-jurin\/\">HAKUDO JURIN<\/a><\/li>\n<li><a href=\"http:\/\/www.nossacasa.net\/shunya\/getsudo-kaiin\/\">GETSUDO KAIIN<\/a><\/li>\n<li><a href=\"http:\/\/www.nossacasa.net\/shunya\/gekko-riomon\/\">GEKKO RIOMON<\/a><\/li>\n<li><a href=\"http:\/\/www.nossacasa.net\/shunya\/kodo-soun\/\">KODO SOUN<\/a><\/li>\n<li><a href=\"http:\/\/www.nossacasa.net\/shunya\/kohan-tesuzan\/\">KOHAN TESUZAN<\/a><\/li>\n<li><a href=\"http:\/\/www.nossacasa.net\/shunya\/sokai-tetsuriyu\/\">SOKAI TETSURIYU<\/a><\/li>\n<li><a href=\"http:\/\/www.nossacasa.net\/shunya\/umon-katsuriyu\/\">UMON KATSURIYU<\/a><\/li>\n<li><a href=\"http:\/\/www.nossacasa.net\/shunya\/shudo-tetsukan\/\">SHUDO TETSUKAN<\/a><\/li>\n<li><a href=\"http:\/\/www.nossacasa.net\/shunya\/isseki-tetsugan\/\">ISSEKI TETSUGAN<\/a><\/li>\n<li><a href=\"http:\/\/www.nossacasa.net\/shunya\/taino-tetsush\/\">TAINO TETSUSHI<\/a><\/li>\n<li><a href=\"http:\/\/www.nossacasa.net\/shunya\/zenguetsu-suigan\/\">ZENGETSU SUIGAN<\/a><\/li>\n<\/ol>\n<\/td>\n<\/tr>\n<\/table>\n<hr \/>\n<div style=\"text-align:right\"><a href=\"#inicio\">Topo<\/a><\/div>\n<hr \/>\n<\/div>\n<!-- AddThis Advanced Settings generic via filter on the_content --><!-- AddThis Share Buttons generic via filter on the_content -->","protected":false},"excerpt":{"rendered":"<p>Zenguetsu Suigan &#8211; Yogo Roshi (1912-1996) Refer\u00eancias Biografia Linhagem Refer\u00eancias1 Zenguetsu Suigan \u00e9 da 90a.gera\u00e7\u00e3o desde Buda e da 39a.gera\u00e7\u00e3o desde Dogen. Zenguetsu Suigan foi Herdeiro do Dharma de Taino Tetsushi e seu sucessor em Soji-ji, e seu nome est\u00e1 &hellip; <a href=\"http:\/\/www.nossacasa.net\/shunya\/zenguetsu-suigan\/\">Continue lendo <span class=\"meta-nav\">&rarr;<\/span><\/a><!-- AddThis Advanced Settings generic via filter on get_the_excerpt --><!-- AddThis Share Buttons generic via filter on get_the_excerpt --><\/p>\n","protected":false},"author":1,"featured_media":3695,"parent":0,"menu_order":0,"comment_status":"closed","ping_status":"closed","template":"","meta":{"footnotes":""},"class_list":["post-3694","page","type-page","status-publish","has-post-thumbnail","hentry"],"_links":{"self":[{"href":"http:\/\/www.nossacasa.net\/shunya\/wp-json\/wp\/v2\/pages\/3694","targetHints":{"allow":["GET"]}}],"collection":[{"href":"http:\/\/www.nossacasa.net\/shunya\/wp-json\/wp\/v2\/pages"}],"about":[{"href":"http:\/\/www.nossacasa.net\/shunya\/wp-json\/wp\/v2\/types\/page"}],"author":[{"embeddable":true,"href":"http:\/\/www.nossacasa.net\/shunya\/wp-json\/wp\/v2\/users\/1"}],"replies":[{"embeddable":true,"href":"http:\/\/www.nossacasa.net\/shunya\/wp-json\/wp\/v2\/comments?post=3694"}],"version-history":[{"count":2,"href":"http:\/\/www.nossacasa.net\/shunya\/wp-json\/wp\/v2\/pages\/3694\/revisions"}],"predecessor-version":[{"id":3697,"href":"http:\/\/www.nossacasa.net\/shunya\/wp-json\/wp\/v2\/pages\/3694\/revisions\/3697"}],"wp:featuredmedia":[{"embeddable":true,"href":"http:\/\/www.nossacasa.net\/shunya\/wp-json\/wp\/v2\/media\/3695"}],"wp:attachment":[{"href":"http:\/\/www.nossacasa.net\/shunya\/wp-json\/wp\/v2\/media?parent=3694"}],"curies":[{"name":"wp","href":"https:\/\/api.w.org\/{rel}","templated":true}]}}