{"id":3700,"date":"2018-05-25T11:28:51","date_gmt":"2018-05-25T13:28:51","guid":{"rendered":"http:\/\/www.nossacasa.net\/shunya\/?page_id=3700"},"modified":"2020-07-11T18:10:10","modified_gmt":"2020-07-11T20:10:10","slug":"jan-chozen-soule-bays","status":"publish","type":"page","link":"http:\/\/www.nossacasa.net\/shunya\/jan-chozen-soule-bays\/","title":{"rendered":"Jan Chozen Soule Bays (1945-)"},"content":{"rendered":"<div style=\"text-align:justify\"><font face=\"Verdana\" size=\"2\"><br \/>\n<a name=\"inicio\"><\/a><a href=\"http:\/\/www.nossacasa.net\/shunya\/?attachment_id=3701\" rel=\"attachment wp-att-3701\"><img loading=\"lazy\" decoding=\"async\" src=\"http:\/\/www.nossacasa.net\/shunya\/wp-content\/uploads\/2018\/05\/Jan-Chozen-Soule-Bays-300x200.jpg\" alt=\"\" width=\"300\" height=\"200\" class=\"alignleft size-medium wp-image-3701\" srcset=\"http:\/\/www.nossacasa.net\/shunya\/wp-content\/uploads\/2018\/05\/Jan-Chozen-Soule-Bays-300x200.jpg 300w, http:\/\/www.nossacasa.net\/shunya\/wp-content\/uploads\/2018\/05\/Jan-Chozen-Soule-Bays-768x511.jpg 768w, http:\/\/www.nossacasa.net\/shunya\/wp-content\/uploads\/2018\/05\/Jan-Chozen-Soule-Bays.jpg 1024w, http:\/\/www.nossacasa.net\/shunya\/wp-content\/uploads\/2018\/05\/Jan-Chozen-Soule-Bays-451x300.jpg 451w\" sizes=\"auto, (max-width: 300px) 100vw, 300px\" \/><\/a><a href=\"http:\/\/www.nossacasa.net\/shunya\/quanto-tempo-praticar\/attachment\/614\/\" rel=\"attachment wp-att-1795\"><img loading=\"lazy\" decoding=\"async\" src=\"http:\/\/www.nossacasa.net\/shunya\/wp-content\/uploads\/2013\/02\/614.jpg\" alt=\"\" width=\"150\" height=\"252\" class=\"alignright size-full wp-image-1795\" \/><\/a><\/p>\n<hr \/>\n<hr \/>\n<hr \/>\n<hr \/>\n<hr \/>\n<hr \/>\n<hr \/>\n<hr \/>\n<hr \/>\n<hr \/>\n<p><\/font><br \/>\n<a href=\"#a\">Refer\u00eancias<\/a><br \/>\n<a href=\"#b\">Biografia<\/a><br \/>\n<a href=\"#C\">Linhagem<\/a><\/p>\n<p align=center><b><font face=\"tahoma, verdana, arial\" size=4><a name=\"a\">Refer\u00eancias<\/a><\/font><sup>1<\/sup><\/b><\/p>\n<p>Jan Chozen Soule Bays,  nasceu em 9 de agosto de 1945,  foi sucessora do Dharma de <a href=\"http:\/\/www.nossacasa.net\/shunya\/taizan-maezumi\/\">Roshi Hakuyu Taizan Maezumi<\/a>. Ap\u00f3s completar seus treinamento Soto em 1983, ela estudou Rinzai com <a href=\"http:\/\/www.nossacasa.net\/shunya\/harada-shodo\/\">Roshi Shodo Harada<\/a>, no monast\u00e9rio Sogen-ji no Jap\u00e3o.<\/p>\n<div style=\"text-align:right\"><a href=\"#inicio\">Topo<\/a><\/div>\n<hr \/>\n<p align=center><b><font face=\"tahoma, verdana, arial\" size=4><a name=\"a\">Biografia<\/a><\/font><sup>2<\/sup><\/b><\/p>\n<p>Roshi Jan Chozen Bays, foi ordenada como monge Zen em 1977 e recebeu transmiss\u00e3o do Dharma (autoridade para ensinar) de Maezumi Roshi em 1983. Ela continuou a aprofundar sua pr\u00e1tica estudando com Roshi Shodo Harada no Monast\u00e9rio Sogen-ji  no Jap\u00e3o. Ela \u00e9 esposa, m\u00e3e, e pediatra que trabalha com quest\u00f5es relativas a abuso de crian\u00e7a.<br \/>\nRoshi Jan Chozen Bays \u00e9 autora de &#8220;Jizo Bodhisattva: Modern Healing and Traditional Buddhist Practice&#8221;, Tuttle, 2001. <\/p>\n<p>Roshi Jan Chozen Bays \u00e9 professora no &#8220;<a href=\"http:\/\/www.zendust.org\/\" target=\"_blank\" rel=\"noopener noreferrer\">Zen Community Oregon<\/a>&#8220;.<\/p>\n<ol type=\"1\">\n<li>Extra\u00eddo de &#8220;Zen Buddhism &#8211; Hakuin School&#8221;www.ciolek.com\/WWWVLPages\/ZenPages\/Hakuin.html).<\/li>\n<li>Extra\u00eddo de http:\/\/www.zendust.org\/.<\/li>\n<\/ol>\n<hr \/>\n<div style=\"text-align:right\"><a href=\"#inicio\">Topo<\/a><\/div>\n<hr \/>\n<p><a name=\"c\">Linhagem  de Hakuun Ryoko (desde Sakiamuni Buda)<\/a><\/p>\n<div style=\"text-align:center\">\n<ol type=\"1\"><b><u>BUTSU<\/u><\/b><\/p>\n<li><a href=\"http:\/\/www.nossacasa.net\/shunya\/buda\/\">BIBASHI<\/a><\/li>\n<li><a href=\"http:\/\/www.nossacasa.net\/shunya\/buda\/\">SHIKI<\/a><\/li>\n<li><a href=\"http:\/\/www.nossacasa.net\/shunya\/buda\/\">BISHAFU<\/a><\/li>\n<li><a href=\"http:\/\/www.nossacasa.net\/shunya\/buda\/\">KURUSON<\/a><\/li>\n<li><a href=\"http:\/\/www.nossacasa.net\/shunya\/buda\/\">KUNAGONMUNI<\/a><\/li>\n<li><a href=\"http:\/\/www.nossacasa.net\/shunya\/buda\/\">KASHO<\/a><\/li>\n<li><a href=\"http:\/\/www.nossacasa.net\/shunya\/buda\/\">XAQUIAMUNI<\/a><\/li>\n<\/ol>\n<\/div>\n<table width=\"100%\" border=\"0\">\n<tr>\n<td valign=\"top\">\n<ol type=\"1\"><b><u>\u00cdNDIA<\/u><\/b><\/p>\n<li><a href=\"http:\/\/www.nossacasa.net\/shunya\/mahakashyapa\/\">MAKAKASHO<\/a><\/li>\n<li><a href=\"http:\/\/www.nossacasa.net\/shunya\/ananda\/\">ANANDA<\/a><\/li>\n<li><a href=\"http:\/\/www.nossacasa.net\/shunya\/shanavasa\/\">SHONAWASHU<\/a><\/li>\n<li><a href=\"http:\/\/www.nossacasa.net\/shunya\/upagupta\/\">UBAGIKUTA<\/a><\/li>\n<li><a href=\"http:\/\/www.nossacasa.net\/shunya\/dhritaka\/\">DAITAKA<\/a><\/li>\n<li><a href=\"http:\/\/www.nossacasa.net\/shunya\/michaka\/\">MISHAKA<\/a><\/li>\n<li><a href=\"http:\/\/www.nossacasa.net\/shunya\/vasumitra\/\">BASHUMITSU<\/a><\/li>\n<li><a href=\"http:\/\/www.nossacasa.net\/shunya\/buddhananda\/\">BUTSUDANANDAI<\/a><\/li>\n<li><a href=\"http:\/\/www.nossacasa.net\/shunya\/buddhamitra\/\">FUDAMITA<\/a><\/li>\n<li><a href=\"http:\/\/www.nossacasa.net\/shunya\/parshvanatha\/\">BARISHIBA<\/a><\/li>\n<li><a href=\"http:\/\/www.nossacasa.net\/shunya\/punyayashas\/\">FUNAYASHYA<\/a><\/li>\n<li><a href=\"http:\/\/www.nossacasa.net\/shunya\/ashvagosha\/\">ANABOTEI<\/a><\/li>\n<li><a href=\"http:\/\/www.nossacasa.net\/shunya\/kapimala\/\">KABIMORA<\/a><\/li>\n<li><a href=\"http:\/\/www.nossacasa.net\/shunya\/nagarjuna\/\">NAGYAHARAJUNA<\/a><\/li>\n<li><a href=\"http:\/\/www.nossacasa.net\/shunya\/aryadeva\/\">KANADAIBA<\/a><\/li>\n<li><a href=\"http:\/\/www.nossacasa.net\/shunya\/rahulata\/\">RAGORATA<\/a><\/li>\n<li><a href=\"http:\/\/www.nossacasa.net\/shunya\/sanghanandi\/\">SOGYANANDAI<\/a><\/li>\n<li><a href=\"http:\/\/www.nossacasa.net\/shunya\/gayashata\/\">KAYSHATA<\/a><\/li>\n<li><a href=\"http:\/\/www.nossacasa.net\/shunya\/kumarata\/\">KUMORATA<\/a><\/li>\n<li><a href=\"http:\/\/www.nossacasa.net\/shunya\/jayata\/\">SHAYATA<\/a><\/li>\n<li><a href=\"http:\/\/www.nossacasa.net\/shunya\/vasubandhu\/\">BASHUBANZU<\/a><\/li>\n<li><a href=\"http:\/\/www.nossacasa.net\/shunya\/manorhita\/\">MANURA<\/a><\/li>\n<li><a href=\"http:\/\/www.nossacasa.net\/shunya\/haklenayasha\/\">KAKUROKUNA<\/a><\/li>\n<li><a href=\"http:\/\/www.nossacasa.net\/shunya\/aryasimha\/\">SHSISHIBODAI<\/a><\/li>\n<li><a href=\"http:\/\/www.nossacasa.net\/shunya\/basiasita\/\">BASHASHITA<\/a><\/li>\n<li><a href=\"http:\/\/www.nossacasa.net\/shunya\/punyamitra\/\">FUNYOMITA <\/a><\/li>\n<li><a href=\"http:\/\/www.nossacasa.net\/shunya\/prajnatara\/\">HANNYATARA <\/a><\/li>\n<\/ol>\n<\/td>\n<td valign=\"top\">\n<ol type=\"1\" start=\"28\"><b><u>CHINA<\/u><\/b><\/p>\n<li><a href=\"http:\/\/www.nossacasa.net\/shunya\/bodhidharma\/\">BODAIDARUMA<\/a><\/li>\n<li><a href=\"http:\/\/www.nossacasa.net\/shunya\/hui-ko\/\">TAISO EKA<\/a><\/li>\n<li><a href=\"http:\/\/www.nossacasa.net\/shunya\/seng-tsan\/\">KANCHI SOSAN<\/a><\/li>\n<li><a href=\"http:\/\/www.nossacasa.net\/shunya\/tao-hsin\/\">DAII DOSHIN<\/a><\/li>\n<li><a href=\"http:\/\/www.nossacasa.net\/shunya\/hung-jen\/\">DAIMAN KONIN<\/a><\/li>\n<li><a href=\"http:\/\/www.nossacasa.net\/shunya\/hueineng\/\">DAIKAN ENO<\/a><\/li>\n<li><a href=\"http:\/\/www.nossacasa.net\/shunya\/ching-yuan\/\">SEIGEN GYOSHI<\/a><\/li>\n<li><a href=\"http:\/\/www.nossacasa.net\/shunya\/shih-tou\/\">SEKITO KISEN<\/a><\/li>\n<li><a href=\"http:\/\/www.nossacasa.net\/shunya\/yaoshan-weiyan\/\">YAKUSAN IGEN<\/a><\/li>\n<li><a href=\"http:\/\/www.nossacasa.net\/shunya\/yun-yen-tan-sheng\/\">UNGAN DONJO<\/a><\/li>\n<li><a href=\"http:\/\/www.nossacasa.net\/shunya\/tung-shan-liang-chieh\/\">TOZAN RYOKAI<\/a><\/li>\n<li><a href=\"http:\/\/www.nossacasa.net\/shunya\/yun-chu-tao-ying\/\">UNGO DOYO<\/a><\/li>\n<li><a href=\"http:\/\/www.nossacasa.net\/shunya\/tao-pi\/\">DOAN DOHI<\/a><\/li>\n<li><a href=\"http:\/\/www.nossacasa.net\/shunya\/kuan-chih\/\">DOAN KANSHI<\/a><\/li>\n<li><a href=\"http:\/\/www.nossacasa.net\/shunya\/yuan-kuan\/\">RYOSAN ENKAN<\/a><\/li>\n<li><a href=\"http:\/\/www.nossacasa.net\/shunya\/ta-yang-ching-hsuan\/\">TAIYO KIYOGEN<\/a><\/li>\n<li><a href=\"http:\/\/www.nossacasa.net\/shunya\/tou-tzu-yi-ching\/\">TOSHI GISEI<\/a><\/li>\n<li><a href=\"http:\/\/www.nossacasa.net\/shunya\/fu-jung-tao-kai\/\">FUYO DOKAI<\/a><\/li>\n<li><a href=\"http:\/\/www.nossacasa.net\/shunya\/tan-hsia\/\">TANKA SHIJUN<\/a><\/li>\n<li><a href=\"http:\/\/www.nossacasa.net\/shunya\/wu-kung\/\">CHORO SEIRIYO<\/a><\/li>\n<li><a href=\"http:\/\/www.nossacasa.net\/shunya\/tsung-chueh\/6\">TENDO SOKAKU<\/a><\/li>\n<li><a href=\"http:\/\/www.nossacasa.net\/shunya\/hsue-tou\/\">SECCHO CHIKAN<\/a><\/li>\n<li><a href=\"http:\/\/www.nossacasa.net\/shunya\/tien-tung-ju-ching\/\">TENDO NYOJO<\/a><\/li>\n<\/ol>\n<\/td>\n<\/tr>\n<tr>\n<td valign=\"top\">\n<ol type=\"1\" start=\"51\"><b><u>JAP\u00c3O<\/u><\/b><\/p>\n<li><a href=\"http:\/\/www.nossacasa.net\/shunya\/eihei-dogen\/\">EIHEI DOGEN<\/a><\/li>\n<li><a href=\"http:\/\/www.nossacasa.net\/shunya\/koun-ejo\/\">KOUN EJO<\/a><\/li>\n<li><a href=\"http:\/\/www.nossacasa.net\/shunya\/tettsu-gikai\/\">TETSU GIKAI<\/a><\/li>\n<li><a href=\"http:\/\/www.nossacasa.net\/shunya\/keizan-jokin\/\">KEIZAN JOKIN<\/a><\/li>\n<li><a href=\"http:\/\/www.nossacasa.net\/shunya\/meiho-sotetsu\/\">MEIHO SOTETSU<\/a><\/li>\n<li><a href=\"http:\/\/www.nossacasa.net\/shunya\/shugan-dochin\/\">SHUGAN DOCHIN<\/a><\/li>\n<li><a href=\"http:\/\/www.nossacasa.net\/shunya\/tetsuzan-shikaku\/\">TETSUZAN SHIKAKU<\/a><\/li>\n<li><a href=\"http:\/\/www.nossacasa.net\/shunya\/keigen-eisho\/\">KEIGAN EISHO<\/a><\/li>\n<li><a href=\"http:\/\/www.nossacasa.net\/shunya\/chuzan-ryohun\/\">CHUZAN RYOHUN<\/a><\/li>\n<li><a href=\"http:\/\/www.nossacasa.net\/shunya\/gisan-tonin\/\">GISAN TONIN<\/a><\/li>\n<li><a href=\"http:\/\/www.nossacasa.net\/shunya\/shogaku-kenryu\/\">SHOGAKU KENRYU<\/a><\/li>\n<li><a href=\"http:\/\/www.nossacasa.net\/shunya\/kinen-horyu\/\">KINEN HORYU<\/a><\/li>\n<li><a href=\"http:\/\/www.nossacasa.net\/shunya\/teishitsu-chisen\/\">TEISHITSU CHISEN<\/a><\/li>\n<li><a href=\"http:\/\/www.nossacasa.net\/shunya\/kokei-shojun\/\">KOKEI SHOJUN<\/a><\/li>\n<li><a href=\"http:\/\/www.nossacasa.net\/shunya\/sekiso-juho\/\">SEKISO YUHO<\/a><\/li>\n<li><a href=\"http:\/\/www.nossacasa.net\/shunya\/kaiten-genju\/\">KAITEN GENJU<\/a><\/li>\n<li><a href=\"http:\/\/www.nossacasa.net\/shunya\/shuzan-shunsho\/\">SHUZAN SHUNSHO<\/a><\/li>\n<li><a href=\"http:\/\/www.nossacasa.net\/shunya\/chozan-giketsu\/\">CHOZAN GIKETSU<\/a><\/li>\n<li><a href=\"http:\/\/www.nossacasa.net\/shunya\/fukushu-koshi\/\">FUKUSHU KOCHI<\/a><\/li>\n<li><a href=\"http:\/\/www.nossacasa.net\/shunya\/myodo-yuton\/\">MYODO YUTON<\/a><\/li>\n<li><a href=\"http:\/\/www.nossacasa.net\/shunya\/hakuho-gentekki\/\">HAKUHO GENTEKI<\/a><\/li>\n<li><a href=\"http:\/\/www.nossacasa.net\/shunya\/gesshu-soko\/\">GESSHU SOKO<\/a><\/li>\n<li><a href=\"http:\/\/www.nossacasa.net\/shunya\/tokuho-ryoko\/\">TOKUO RYOKO<\/a><\/li>\n<li><a href=\"http:\/\/www.nossacasa.net\/shunya\/mokushi-soen\/\">MOKUSHI SOEN<\/a><\/li>\n<li><a href=\"http:\/\/www.nossacasa.net\/shunya\/sekiso-tesshu\/\">SEKISO TESSHU<\/a><\/li>\n<li><a href=\"http:\/\/www.nossacasa.net\/shunya\/ryuko-ryoshu\/\">RYUKO RYOSHU<\/a><\/li>\n<li><a href=\"http:\/\/www.nossacasa.net\/shunya\/renzan-soho\/\">RENZAN SOHO<\/a><\/li>\n<li><a href=\"http:\/\/www.nossacasa.net\/shunya\/motsugai-shido\/\">MOTSUGAI SHIDO<\/a><\/li>\n<li><a href=\"http:\/\/www.nossacasa.net\/shunya\/gukei-youn\/\">GUKEI YOUN<\/a><\/li>\n<li><a href=\"http:\/\/www.nossacasa.net\/shunya\/kakusho-sodo\/\">KAKUSHO SODO<\/a><\/li>\n<li><a href=\"http:\/\/www.nossacasa.net\/shunya\/daiun-sogaku\/\">DAIUN SOGAKU<\/a><\/li>\n<li><a href=\"http:\/\/www.nossacasa.net\/shunya\/hakuun-ryoko\/\">HAKUUN RYOKO<\/a><\/li>\n<\/ol>\n<\/td>\n<td valign=\"top\">\n<ol type=\"1\" start=\"83\"><b><u>OCIDENTE<\/u><\/b><\/p>\n<li><a href=\"http:\/\/www.nossacasa.net\/shunya\/taizan-maezumi\/\">TAIZAN MAEZUMI<\/a><\/li>\n<li><a href=\"http:\/\/www.nossacasa.net\/shunya\/jan-chozen-soule-bays\/\">JAN BAYS<\/a><\/li>\n<\/ol>\n<\/td>\n<\/tr>\n<\/table>\n<hr \/>\n<\/div>\n<div style=\"text-align:right\"><a href=\"#inicio\">Topo<\/a><\/div>\n<!-- AddThis Advanced Settings generic via filter on the_content --><!-- AddThis Share Buttons generic via filter on the_content -->","protected":false},"excerpt":{"rendered":"<p>Refer\u00eancias Biografia Linhagem Refer\u00eancias1 Jan Chozen Soule Bays, nasceu em 9 de agosto de 1945, foi sucessora do Dharma de Roshi Hakuyu Taizan Maezumi. Ap\u00f3s completar seus treinamento Soto em 1983, ela estudou Rinzai com Roshi Shodo Harada, no monast\u00e9rio &hellip; <a href=\"http:\/\/www.nossacasa.net\/shunya\/jan-chozen-soule-bays\/\">Continue lendo <span class=\"meta-nav\">&rarr;<\/span><\/a><!-- AddThis Advanced Settings generic via filter on get_the_excerpt --><!-- AddThis Share Buttons generic via filter on get_the_excerpt --><\/p>\n","protected":false},"author":1,"featured_media":0,"parent":0,"menu_order":0,"comment_status":"closed","ping_status":"closed","template":"","meta":{"footnotes":""},"class_list":["post-3700","page","type-page","status-publish","hentry"],"_links":{"self":[{"href":"http:\/\/www.nossacasa.net\/shunya\/wp-json\/wp\/v2\/pages\/3700","targetHints":{"allow":["GET"]}}],"collection":[{"href":"http:\/\/www.nossacasa.net\/shunya\/wp-json\/wp\/v2\/pages"}],"about":[{"href":"http:\/\/www.nossacasa.net\/shunya\/wp-json\/wp\/v2\/types\/page"}],"author":[{"embeddable":true,"href":"http:\/\/www.nossacasa.net\/shunya\/wp-json\/wp\/v2\/users\/1"}],"replies":[{"embeddable":true,"href":"http:\/\/www.nossacasa.net\/shunya\/wp-json\/wp\/v2\/comments?post=3700"}],"version-history":[{"count":4,"href":"http:\/\/www.nossacasa.net\/shunya\/wp-json\/wp\/v2\/pages\/3700\/revisions"}],"predecessor-version":[{"id":6805,"href":"http:\/\/www.nossacasa.net\/shunya\/wp-json\/wp\/v2\/pages\/3700\/revisions\/6805"}],"wp:attachment":[{"href":"http:\/\/www.nossacasa.net\/shunya\/wp-json\/wp\/v2\/media?parent=3700"}],"curies":[{"name":"wp","href":"https:\/\/api.w.org\/{rel}","templated":true}]}}