{"id":3706,"date":"2018-05-25T11:39:26","date_gmt":"2018-05-25T13:39:26","guid":{"rendered":"http:\/\/www.nossacasa.net\/shunya\/?page_id=3706"},"modified":"2020-07-06T16:42:15","modified_gmt":"2020-07-06T18:42:15","slug":"norm-randolph","status":"publish","type":"page","link":"http:\/\/www.nossacasa.net\/shunya\/norm-randolph\/","title":{"rendered":"Norm Randolph (1943-)"},"content":{"rendered":"<div style=\"text-align:justify\"><font face=\"Verdana\" size=\"2\"><br \/>\n<a name=\"inicio\"><\/a><a href=\"http:\/\/www.nossacasa.net\/shunya\/norm-randolph\/norm-randolph-2\/\" rel=\"attachment wp-att-3708\"><img loading=\"lazy\" decoding=\"async\" src=\"http:\/\/www.nossacasa.net\/shunya\/wp-content\/uploads\/2018\/05\/Norm-Randolph-272x300.jpg\" alt=\"\" width=\"272\" height=\"300\" class=\"alignleft size-medium wp-image-3708\" srcset=\"http:\/\/www.nossacasa.net\/shunya\/wp-content\/uploads\/2018\/05\/Norm-Randolph-272x300.jpg 272w, http:\/\/www.nossacasa.net\/shunya\/wp-content\/uploads\/2018\/05\/Norm-Randolph.jpg 640w\" sizes=\"auto, (max-width: 272px) 100vw, 272px\" \/><\/a><\/font><\/p>\n<hr \/>\n<p align=center><b><font face=\"tahoma, verdana, arial\" size=4><br \/>\n<a name=\"a\">Biografia<\/a><\/font><sup>1<\/sup><\/b><\/p>\n<p>Sensei Norm Randolph  nasceu em S\u00e3o Francisco em 1943. Se formou na &#8220;University of California&#8221; em Berkeley em psicologia e trabalha em uma cl\u00ednica psiqui\u00e1trica da For\u00e7a A\u00e9rea. Em 1969 ele encontrou <a href=\"http:\/\/www.nossacasa.net\/shunya\/dainin-katagiri\/\">Roshi Dainin Katagiri<\/a> em S\u00e3o Francisco, e mudou-se para Minneapolis quando Roshi Katagiri foi para l\u00e1 em 1972. Ele foi ordenados monge Zen em 1978 e recebeu Transmiss\u00e3o de Dharma em 1989. Ele trabalha atualmente em um hospital de Minneapolis, e ajuda com ensino em v\u00e1rios centros Zen de Minneapolis. <\/p>\n<div style=\"text-align:right\"><a href=\"#inicio\"><font size=\"1\">Topo<\/font><\/a><\/div>\n<hr \/>\n<ol type=\"1\">\n<b>Notas:<\/b><\/p>\n<li>Extra\u00eddo de http:\/\/www.dharmafield.org\/.<\/li>\n<\/ol>\n<hr \/>\n<\/div>\n<div style=\"text-align:right\"><a href=\"#inicio\">Topo<\/a><\/div>\n<hr \/>\n<!-- AddThis Advanced Settings generic via filter on the_content --><!-- AddThis Share Buttons generic via filter on the_content -->","protected":false},"excerpt":{"rendered":"<p>Biografia1 Sensei Norm Randolph nasceu em S\u00e3o Francisco em 1943. Se formou na &#8220;University of California&#8221; em Berkeley em psicologia e trabalha em uma cl\u00ednica psiqui\u00e1trica da For\u00e7a A\u00e9rea. Em 1969 ele encontrou Roshi Dainin Katagiri em S\u00e3o Francisco, e &hellip; <a href=\"http:\/\/www.nossacasa.net\/shunya\/norm-randolph\/\">Continue lendo <span class=\"meta-nav\">&rarr;<\/span><\/a><!-- AddThis Advanced Settings generic via filter on get_the_excerpt --><!-- AddThis Share Buttons generic via filter on get_the_excerpt --><\/p>\n","protected":false},"author":1,"featured_media":0,"parent":0,"menu_order":0,"comment_status":"closed","ping_status":"closed","template":"","meta":{"footnotes":""},"class_list":["post-3706","page","type-page","status-publish","hentry"],"_links":{"self":[{"href":"http:\/\/www.nossacasa.net\/shunya\/wp-json\/wp\/v2\/pages\/3706","targetHints":{"allow":["GET"]}}],"collection":[{"href":"http:\/\/www.nossacasa.net\/shunya\/wp-json\/wp\/v2\/pages"}],"about":[{"href":"http:\/\/www.nossacasa.net\/shunya\/wp-json\/wp\/v2\/types\/page"}],"author":[{"embeddable":true,"href":"http:\/\/www.nossacasa.net\/shunya\/wp-json\/wp\/v2\/users\/1"}],"replies":[{"embeddable":true,"href":"http:\/\/www.nossacasa.net\/shunya\/wp-json\/wp\/v2\/comments?post=3706"}],"version-history":[{"count":4,"href":"http:\/\/www.nossacasa.net\/shunya\/wp-json\/wp\/v2\/pages\/3706\/revisions"}],"predecessor-version":[{"id":6801,"href":"http:\/\/www.nossacasa.net\/shunya\/wp-json\/wp\/v2\/pages\/3706\/revisions\/6801"}],"wp:attachment":[{"href":"http:\/\/www.nossacasa.net\/shunya\/wp-json\/wp\/v2\/media?parent=3706"}],"curies":[{"name":"wp","href":"https:\/\/api.w.org\/{rel}","templated":true}]}}