{"id":3781,"date":"2018-05-25T15:21:18","date_gmt":"2018-05-25T17:21:18","guid":{"rendered":"http:\/\/www.nossacasa.net\/shunya\/?page_id=3781"},"modified":"2020-07-11T18:10:10","modified_gmt":"2020-07-11T20:10:10","slug":"horin-daigyo","status":"publish","type":"page","link":"http:\/\/www.nossacasa.net\/shunya\/horin-daigyo\/","title":{"rendered":"Daigyo Moriyama (1938-2011)"},"content":{"rendered":"<div style=\"text-align:justify\"><font face=\"Verdana\" size=\"2\"><br \/>\n<a href=\"http:\/\/www.nossacasa.net\/shunya\/quanto-tempo-praticar\/attachment\/1044\/\" rel=\"attachment wp-att-1842\"><img loading=\"lazy\" decoding=\"async\" src=\"http:\/\/www.nossacasa.net\/shunya\/wp-content\/uploads\/2013\/02\/1044.jpg\" alt=\"\" width=\"200\" height=\"265\" class=\"alignright size-full wp-image-1842\" \/><\/a><br \/>\n<a name=\"inicio\"><\/a><a href=\"http:\/\/www.nossacasa.net\/shunya\/horin-daigyo\/horin-daigyo-2\/\" rel=\"attachment wp-att-3783\"><img loading=\"lazy\" decoding=\"async\" src=\"http:\/\/www.nossacasa.net\/shunya\/wp-content\/uploads\/2018\/05\/Horin-Daigyo-278x300.jpg\" alt=\"\" width=\"278\" height=\"300\" class=\"alignright size-medium wp-image-3783\" srcset=\"http:\/\/www.nossacasa.net\/shunya\/wp-content\/uploads\/2018\/05\/Horin-Daigyo-278x300.jpg 278w, http:\/\/www.nossacasa.net\/shunya\/wp-content\/uploads\/2018\/05\/Horin-Daigyo.jpg 296w\" sizes=\"auto, (max-width: 278px) 100vw, 278px\" \/><\/a><b><font size=\"4\">Horin Daigyo(1938-2011)<br \/>\nMoriyama roshi<\/font><\/b><br \/>\n<a href=\"#a\"><font size=\"1\">Biografia<\/font><\/a><br \/>\n<a href=\"#b\"><font size=\"1\">Livros<\/font><\/a><br \/>\n<a href=\"#c\"><font size=\"1\">Textos<\/font><\/a><br \/>\n<a href=\"#d\"><font size=\"1\">Entrevistas<\/font><\/a><br \/>\n<a href=\"#e\"><font size=\"1\">Linhagem<\/font><\/a><\/p>\n<p align=center><b><font face=\"tahoma, verdana, arial\" size=4><a name=\"a\">Biografia<\/a><\/font><sup>1<\/sup><\/b><\/p>\n<p>Nasceu em Mar\u00e7o de 1938, no extremo norte do Jap\u00e3o, conhecido como ilha de Sakhaline &#8211; ocupada depoisa da guerra pelos sovi\u00e9ticos.<br \/>\nAos 22 anos,conclui seus estudos de filosofia em Tokyo, e reencontra seu mestre Hakusan Kojun Roshi.<\/p>\n<p>Ele come\u00e7a a praticar o zazen, e impressiona pela dignidade ecompaix\u00e3o viva de um Roshi. Decide tornar-se monge.<\/p>\n<p>\u00c9 ordenado com a idade de 24 anos e passa um ano em Eihei-ji, templo fundado por Meste Dogen. Durante 5 anos em Soji-ji, um templo fundado por mestre <a href=\"http:\/\/www.nossacasa.net\/shunya\/keizan-jokin\/\">Keizan Jokin<\/a><\/font>, ele realiza a pr\u00e1tica mon\u00e1stica, e inicia um curso especial para transformar-se em professor do Dharma.<\/p>\n<p>Ele recebe a transmiss\u00e3o de seu Mestre, <a href=\"http:\/\/www.nossacasa.net\/shunya\/hakusan-koojun\/\">Hakusan Kojun Roshi<\/a>.<\/p>\n<p>Seu mestre o envia para seu irm\u00e3o do Dharma, <a href=\"http:\/\/www.nossacasa.net\/shunya\/zuigako-rempo\/\">Niwa Roshi<\/a> para completar sua forma\u00e7\u00e3o. Ele ficar\u00e1 2 anos na se\u00e7\u00e3o de Tokyo do Eihei-ji. Niwa Roshi lhe pede ent\u00e3o para ir \u00e0 S\u00e3o Francisco, na Calif\u00f3rnia, USA, retomar o templo precedentemente dirigido por <a href=\"http:\/\/www.nossacasa.net\/shunya\/shunryu-suzuki\/\">Shunryu Suzuki<\/a> (este havia se retirado deste templo para fundar o Zen Center.  Esse seria o primeiro encontro de Roshi Moryama com o ocidente &#8211; o S\u00e3o Francisco do fim dos anos 60! Grande choque, e grande admira\u00e7\u00e3o pela for\u00e7a da pr\u00e1tica dos ocidentais.<\/p>\n<p>Ap\u00f3s 3 anos, Moryama Roshi volta ao Jap\u00e3o, junto a Niwa Roshi, nesse momento ele \u00e9 professor, depois Ino (Mestre professor de monges). Depois de 6 anos ele recebe o t\u00edtulo  de Shike (Mestre de monast\u00e9rio). Ajudado por seus mestres ele funda o <a href=\"http:\/\/thingsasian.com\/story\/zuigakuin\" rel=\"noopener noreferrer\" target=\"_blank\">Zuigakuin<\/a> nas montanhas japonesas. <\/p>\n<p>Zagakuim \u00e9 um pequeno templo, consagrado \u00e0 pr\u00e1tica tal como ela \u00e9 exposta por mestre <a href=\"http:\/\/www.nossacasa.net\/shunya\/eihei-dogen\/2\">Eihei D\u00f4gen<\/a>: medita\u00e7\u00e3o (Zazen) e trabalho (Samu) &#8211; a pr\u00e1tica inclui tamb\u00e9m Takahatsu (pedir esmolas), reatando assim com a tradi\u00e7\u00e3o budista dos monges mendicantes e pobres &#8211; a outra fonte de renda \u00e9 somente doa\u00e7\u00f5es feitas pelos pelos visitantes e disc\u00edpulos.<\/p>\n<p>Pouco conforto &#8211; nada de eletricidade, nem telefone, pouco aquecimento &#8211; mas rico de Dhrama, e aberto \u00e0 todos: japoneses e estranjeiros, homens e mulheres, o \u00fanico que conta \u00e9 o desejo de praticar e seguir o caminho dos Patriarcas; uma vida simples, preciosa, uma pr\u00e1tica rara no Jap\u00e3o atual, \u00e9 o dom de Mestre Moryama \u00e0 todos os disc\u00edpulos. O templo foi aberto em 1978, o zendo terminou em 1980.<\/p>\n<p>Em 1992, Roshi Niwa pede a Moryama para partir, desta vez para a Am\u00e9rica do Sul. Mestre Moryama foi nomeado Sokan (respons\u00e1vel nacional). Ele morou em S\u00e3o paulo, cidade de emigra\u00e7\u00e3o de numerosos japoneses ap\u00f3s-guerra. Ele reconstr\u00f3i o templo da comunidade, e cria grupos de Zazen para brasileiros, em S\u00e3o Paulo e em outras cidades brasileiras. Sua disc\u00edpula Joshin Sensei come\u00e7ar\u00e1 grupos de zazen na Argentina, no Uruguai e no Chile. Mas desejoso de seguir a vida simples de monge, Meste Moryama quando tudo est\u00e1 em ordem se demite e volta a Zuigakuin, onde continua a acolher visitantes e praticantes at\u00e9 o in\u00edcio do ano 2000 quando parte para Porto Alegre no Brasil, para dirigir um novo templo. Em sua aus\u00eancia, Zuigakuin n\u00e3o aceita mais os visitantes estrangeiros e as pessoas interessadas podem dirigir-se \u00e0 &#8220;Demeure Sans Limites&#8221;, a\u00ed onde prossegue seu Dharma, atrav\u00e9s de sua sucessora Joshin Sensei.<\/p>\n<p>Moryama tem ministrado ensinamentos tanto para monges quanto para disc\u00edpulos leigos, por mais de 30 anos. Desde o in\u00edcio, sempre teve especial interesse em acessar a pr\u00e1tica do Zen para pessoas que n\u00e3o tem experiencia anterior no Budismo. <\/p>\n<p>Em 26 de fevereiro de 1998 Roshi Moriyama concedia uma entrevista para Revista Bodigaya em que declarava &#8220;eu tenho um novo projeto. O Grupo VIAZEN vai iniciar a constru\u00e7\u00e3o de um Centro de Treinamento Zen nas montanhas&#8221;. <\/p>\n<p>Em fevereiro de 2000, mudou-se para Porto Alegre e conforme declara\u00e7\u00e3o sua para Revista Bodigaya, quando anunciou a constru\u00e7\u00e3o do Mosteiro Zen Internacional Dogen Zenji, ele veio par ficar. &#8220;Vim morrer no Brasil&#8221;.<br \/>\n<u>Dados pessoais:<\/u><\/p>\n<p>1970-73 &#8211; Monge Superior do Soko-ji Zen Temple, em San Francisco, USA<br \/>\n1978 &#8211; Funda\u00e7ao do Zuigakuin International Zen Temple, pr\u00f3ximo a Tokyo, Japao<br \/>\n1992 &#8211; Funda\u00e7ao do Hokai-ji International Zen Temple, em St.Agreve, Fran\u00e7a<br \/>\n1993-96 &#8211; Monge Superior do Templo Bushin-ji, em S\u00e3o Paulo, Brasil. Nessa ocasi\u00e3o, teve seu primeiro contato e visita \u00e0 ViaZen, em Porto Alegre.<br \/>\nFevereiro de 2000 &#8211; Muda-se para Porto Alegre, Brasil. <\/p>\n<hr \/>\n<p>Moriyama depois voltou ao Jap\u00e3o e anos se passaram sem nos vermos. Em abril de 2011 eu ia levar alguns alunos para uma viagem-peregrina\u00e7\u00e3o ao Jap\u00e3o. Em janeiro, gra\u00e7as a minha amiga Coen Sensei, entrei em contato com um disc\u00edpulo do Roshi em Tokyo. Ele me disse que Moriyama ficava a maior parte do tempo nas montanhas, onde tinha constru\u00eddo um pequeno Templo. Combinamos um encontro com o Roshi em Tokyo, para que ele conversasse com meus alunos quando as cerejeiras estivessem floridas. Ainda antes de nossa viagem, o Roshi viria ao Brasil, e eu ent\u00e3o o reveria primeiro aqui. Tudo acertado, o disc\u00edpulo me disse que o Roshi ficara feliz com o convite para o encontro, mandava-me um grande abra\u00e7o, e pediu tamb\u00e9m para avisar que ao chegar no Brasil ele me telefonaria.<\/p>\n<p>No dia 18 de fevereiro de 2011 Moriyama Roshi saiu do Templo Kitijyo-in onde estava hospedado para caminhar e nunca mais foi visto. Quando Togari Sensei percebeu que Moriyama n\u00e3o voltava nem dava not\u00edcias, ligou para os disc\u00edpulos do Roshi que de imediato se mobilizaram, e varreram todas as possibilidades conhecidas. Dias depois comunicaram o desaparecimento a pol\u00edcia que mobilizou sua pr\u00f3pria investiga\u00e7\u00e3o. Em mar\u00e7o Fukushima foi devastada pelo tsunami. Em julho o governo japon\u00eas encerrou as investiga\u00e7\u00f5es e Moriyama Roshi foi dado como desaparecido. Somente seus disc\u00edpulos seguiram buscando. (Shogyo Gustavo Pinto, 2014).<\/p>\n<hr \/>\n<p><font face=\"Comic Sans MS\" size=\"3\" color=\"#800000\"><a name=\"b\">Livros<\/a><\/font><br \/>\n<a href=\"http:\/\/www.nossacasa.net\/shunya\/primeiros-passos-do-zen\/\"><font size=\"2\">Primeiros passos no zen<\/font><\/a><\/p>\n<p><font face=\"Comic Sans MS\" size=\"3\" color=\"#800000\"><a name=\"c\">Textos<\/a><\/font><br \/>\n<a href=\"http:\/\/www.nossacasa.net\/shunya\/seis-palestras-darma\/\">Seis Palestras do Dharma<\/a><\/p>\n<p><font face=\"Comic Sans MS\" size=\"3\" color=\"#800000\"><a name=\"d\">Entrevistas<\/a><\/font><br \/>\n<a href=\"http:\/\/www.nossacasa.net\/shunya\/o-zen-oferece-a-paz\/\">O Zen oferece a paz<\/a><\/p>\n<hr \/>\n<div style=\"text-align:right\"><a href=\"#inicio\">Topo<\/a><\/div>\n<hr \/>\n<p><font face=\"Comic Sans MS\" size=\"3\" color=\"#800000\"><a name=\"b\">Linhagem de Ungo Dooyoo<font size=\"2\">(desde Sakiamuni Buda)<\/font><\/a><\/font><\/p>\n<table width=\"100%\" border=\"0\">\n<tr>\n<td valign=\"top\">\n<ol type=\"1\"><b><u>\u00cdNDIA<\/u><\/b><\/p>\n<li><a href=\"http:\/\/www.nossacasa.net\/shunya\/mahakashyapa\/\">MAKAKASHO<\/a><\/li>\n<li><a href=\"http:\/\/www.nossacasa.net\/shunya\/ananda\/\">ANANDA<\/a><\/li>\n<li><a href=\"http:\/\/www.nossacasa.net\/shunya\/shanavasa\/\">SHONAWASHU<\/a><\/li>\n<li><a href=\"http:\/\/www.nossacasa.net\/shunya\/upagupta\/\">UBAGIKUTA<\/a><\/li>\n<li><a href=\"http:\/\/www.nossacasa.net\/shunya\/dhritaka\/\">DAITAKA<\/a><\/li>\n<li><a href=\"http:\/\/www.nossacasa.net\/shunya\/michaka\/\">MISHAKA<\/a><\/li>\n<li><a href=\"http:\/\/www.nossacasa.net\/shunya\/vasumitra\/\">BASHUMITSU<\/a><\/li>\n<li><a href=\"http:\/\/www.nossacasa.net\/shunya\/buddhananda\/\">BUTSUDANANDAI<\/a><\/li>\n<li><a href=\"http:\/\/www.nossacasa.net\/shunya\/buddhamitra\/\">FUDAMITA<\/a><\/li>\n<li><a href=\"http:\/\/www.nossacasa.net\/shunya\/parshvanatha\/\">BARISHIBA<\/a><\/li>\n<li><a href=\"http:\/\/www.nossacasa.net\/shunya\/punyayashas\/\">FUNAYASHYA<\/a><\/li>\n<li><a href=\"http:\/\/www.nossacasa.net\/shunya\/ashvagosha\/\">ANABOTEI<\/a><\/li>\n<li><a href=\"http:\/\/www.nossacasa.net\/shunya\/kapimala\/\">KABIMORA<\/a><\/li>\n<li><a href=\"http:\/\/www.nossacasa.net\/shunya\/nagarjuna\/\">NAGYAHARAJUNA<\/a><\/li>\n<li><a href=\"http:\/\/www.nossacasa.net\/shunya\/aryadeva\/\">KANADAIBA<\/a><\/li>\n<li><a href=\"http:\/\/www.nossacasa.net\/shunya\/rahulata\/\">RAGORATA<\/a><\/li>\n<li><a href=\"http:\/\/www.nossacasa.net\/shunya\/sanghanandi\/\">SOGYANANDAI<\/a><\/li>\n<li><a href=\"http:\/\/www.nossacasa.net\/shunya\/gayashata\/\">KAYSHATA<\/a><\/li>\n<li><a href=\"http:\/\/www.nossacasa.net\/shunya\/kumarata\/\">KUMORATA<\/a><\/li>\n<li><a href=\"http:\/\/www.nossacasa.net\/shunya\/jayata\/\">SHAYATA<\/a><\/li>\n<li><a href=\"http:\/\/www.nossacasa.net\/shunya\/vasubandhu\/\">BASHUBANZU<\/a><\/li>\n<li><a href=\"http:\/\/www.nossacasa.net\/shunya\/manorhita\/\">MANURA<\/a><\/li>\n<li><a href=\"http:\/\/www.nossacasa.net\/shunya\/haklenayasha\/\">KAKUROKUNA<\/a><\/li>\n<li><a href=\"http:\/\/www.nossacasa.net\/shunya\/aryasimha\/\">SHSISHIBODAI<\/a><\/li>\n<li><a href=\"http:\/\/www.nossacasa.net\/shunya\/basiasita\/\">BASHASHITA<\/a><\/li>\n<li><a href=\"http:\/\/www.nossacasa.net\/shunya\/punyamitra\/\">FUNYOMITA <\/a><\/li>\n<li><a href=\"http:\/\/www.nossacasa.net\/shunya\/prajnatara\/\">HANNYATARA <\/a><\/li>\n<\/ol>\n<\/td>\n<td valign=\"top\">\n<ol type=\"1\" start=\"28\"><b><u>CHINA<\/u><\/b><\/p>\n<li><a href=\"http:\/\/www.nossacasa.net\/shunya\/bodhidharma\/\">BODAIDARUMA<\/a><\/li>\n<li><a href=\"http:\/\/www.nossacasa.net\/shunya\/hui-ko\/\">TAISO EKA<\/a><\/li>\n<li><a href=\"http:\/\/www.nossacasa.net\/shunya\/seng-tsan\/\">KANCHI SOSAN<\/a><\/li>\n<li><a href=\"http:\/\/www.nossacasa.net\/shunya\/tao-hsin\/\">DAII DOSHIN<\/a><\/li>\n<li><a href=\"http:\/\/www.nossacasa.net\/shunya\/hung-jen\/\">DAIMAN KONIN<\/a><\/li>\n<li><a href=\"http:\/\/www.nossacasa.net\/shunya\/hueineng\/\">DAIKAN ENO<\/a><\/li>\n<li><a href=\"http:\/\/www.nossacasa.net\/shunya\/ching-yuan\/\">SEIGEN GYOSHI<\/a><\/li>\n<li><a href=\"http:\/\/www.nossacasa.net\/shunya\/shih-tou\/\">SEKITO KISEN<\/a><\/li>\n<li><a href=\"http:\/\/www.nossacasa.net\/shunya\/yaoshan-weiyan\/\">YAKUSAN IGEN<\/a><\/li>\n<li><a href=\"http:\/\/www.nossacasa.net\/shunya\/yun-yen-tan-sheng\/\">UNGAN DONJO<\/a><\/li>\n<li><a href=\"http:\/\/www.nossacasa.net\/shunya\/tung-shan-liang-chieh\/\">TOZAN RYOKAI<\/a><\/li>\n<li><a href=\"http:\/\/www.nossacasa.net\/shunya\/yun-chu-tao-ying\/\">UNGO DOYO<\/a><\/li>\n<li><a href=\"http:\/\/www.nossacasa.net\/shunya\/tao-pi\/\">DOAN DOHI<\/a><\/li>\n<li><a href=\"http:\/\/www.nossacasa.net\/shunya\/kuan-chih\/\">DOAN KANSHI<\/a><\/li>\n<li><a href=\"http:\/\/www.nossacasa.net\/shunya\/yuan-kuan\/\">RYOSAN ENKAN<\/a><\/li>\n<li><a href=\"http:\/\/www.nossacasa.net\/shunya\/ta-yang-ching-hsuan\/\">TAIYO KIYOGEN<\/a><\/li>\n<li><a href=\"http:\/\/www.nossacasa.net\/shunya\/tou-tzu-yi-ching\/\">TOSHI GISEI<\/a><\/li>\n<li><a href=\"http:\/\/www.nossacasa.net\/shunya\/fu-jung-tao-kai\/\">FUYO DOKAI<\/a><\/li>\n<li><a href=\"http:\/\/www.nossacasa.net\/shunya\/tan-hsia\/\">TANKA SHIJUN<\/a><\/li>\n<li><a href=\"http:\/\/www.nossacasa.net\/shunya\/wu-kung\/\">CHORO SEIRIYO<\/a><\/li>\n<li><a href=\"http:\/\/www.nossacasa.net\/shunya\/tsung-chueh\/6\">TENDO SOKAKU<\/a><\/li>\n<li><a href=\"http:\/\/www.nossacasa.net\/shunya\/hsue-tou\/\">SECCHO CHIKAN<\/a><\/li>\n<li><a href=\"http:\/\/www.nossacasa.net\/shunya\/tien-tung-ju-ching\/\">TENDO NYOJO<\/a><\/li>\n<\/ol>\n<\/td>\n<\/tr>\n<tr>\n<td valign=\"top\">\n<ol type=\"1\" start=\"51\"><b><u>JAP\u00c3O<\/u><\/b><\/p>\n<li><a href=\"http:\/\/www.nossacasa.net\/shunya\/eihei-dogen\/\">EIHEI DOGEN<\/a><\/li>\n<li><a href=\"http:\/\/www.nossacasa.net\/shunya\/koun-ejo\/\">KOUN EJO<\/a><\/li>\n<li><a href=\"http:\/\/www.nossacasa.net\/shunya\/tettsu-gikai\/\">TETSU GIKAI<\/a><\/li>\n<li><a href=\"http:\/\/www.nossacasa.net\/shunya\/keizan-jokin\/\">KEIZAN JOKIN<\/a><\/li>\n<li><a href=\"http:\/\/www.nossacasa.net\/shunya\/gasan-joseki\/\">GASAN JOSEKI<\/a><\/li>\n<li><a href=\"http:\/\/www.nossacasa.net\/shunya\/taigen-soshin\/\">TAIGEN S\u00d4SHIN<\/a><\/li>\n<li><a href=\"http:\/\/www.nossacasa.net\/shunya\/baisan-mompon\/\">BAISAN MOMPON<\/a><\/li>\n<li><a href=\"http:\/\/www.nossacasa.net\/shunya\/jochu-tengin\/\">JOCHU TENGIN<\/a><\/li>\n<li><a href=\"http:\/\/www.nossacasa.net\/shunya\/kizan-shoosan\/\">KIZAN SHOOSAN<\/a><\/li>\n<li><a href=\"http:\/\/www.nossacasa.net\/shunya\/morin-shinhan\/\">MORIN SHINHAN<\/a><\/li>\n<li><a href=\"http:\/\/www.nossacasa.net\/shunya\/sooshi-shootai\/\">SOOSHI SHOOTAI<\/a><\/li>\n<li><a href=\"http:\/\/www.nossacasa.net\/shunya\/kenchu-hantetsu\/\">KENCHU HANTETSU<\/a><\/li>\n<li><a href=\"http:\/\/www.nossacasa.net\/shunya\/zaiten-soryu\/\">ZAITEN SORYU<\/a><\/li>\n<li><a href=\"http:\/\/www.nossacasa.net\/shunya\/rikusan-sogei\/\">RIKUSAN SOGEI<\/a><\/li>\n<li><a href=\"http:\/\/www.nossacasa.net\/shunya\/gyokuso-souzi\/\" class=\"broken_link\">GYOKUSO SOZUI<\/a><\/li>\n<li><a href=\"http:\/\/www.nossacasa.net\/shunya\/ten-yu-sosei\/\">TEN-YU SOSEI<\/a><\/li>\n<li><a href=\"http:\/\/www.nossacasa.net\/shunya\/choo-oku-jukei\/\">CHOO-OKU JUKEI<\/a><\/li>\n<li><a href=\"http:\/\/www.nossacasa.net\/shunya\/hookoku-jukin\/\">HOOKOKU JUKIN<\/a><\/li>\n<li><a href=\"http:\/\/www.nossacasa.net\/shunya\/nenshu-donju\/\">NENSHU DONJU<\/a><\/li>\n<li><a href=\"http:\/\/www.nossacasa.net\/shunya\/ikoku-eiteki\/\">IKOKU EITEKI<\/a><\/li>\n<li><a href=\"http:\/\/www.nossacasa.net\/shunya\/gikoku-senshuku\/\">GIKOKU SENSHUKU<\/a><\/li>\n<li><a href=\"http:\/\/www.nossacasa.net\/shunya\/ranryu-joshu\/\">RANRYU JOSHU<\/a><\/li>\n<li><a href=\"http:\/\/www.nossacasa.net\/shunya\/kashu-shookei\/\">KASHU SHOOKEI<\/a><\/li>\n<li><a href=\"http:\/\/www.nossacasa.net\/shunya\/shinryoo-kyuutetsu\/\">SHINRYOO KYUUTETSU<\/a><\/li>\n<li><a href=\"http:\/\/www.nossacasa.net\/shunya\/kakuhoo-shuen\/\">KAKUHOO SHUEN<\/a><\/li>\n<li><a href=\"http:\/\/www.nossacasa.net\/shunya\/kakuin-eryoo\/\">KAKUIN ERYOO<\/a><\/li>\n<li><a href=\"http:\/\/www.nossacasa.net\/shunya\/kakutan-inshuu\/\">KAKUTAN INSHUU<\/a><\/li>\n<li><a href=\"http:\/\/www.nossacasa.net\/shunya\/hoozan-shuukyoo\/\">HOOZAN SHUUKYOO<\/a><\/li>\n<li><a href=\"http:\/\/www.nossacasa.net\/shunya\/reizan-ryoochin\/\">REIZAN RYOOCHIN<\/a><\/li>\n<li><a href=\"http:\/\/www.nossacasa.net\/shunya\/shuuzan-taion\/\">SHUUZAN TAION<\/a><\/li>\n<li><a href=\"http:\/\/www.nossacasa.net\/shunya\/shooun-taizui\/\">SHOOUN TAIZUI<\/a><\/li>\n<li><a href=\"http:\/\/www.nossacasa.net\/shunya\/kanzan-taioo\/\">KANZAN TAIOO<\/a><\/li>\n<li><a href=\"http:\/\/www.nossacasa.net\/shunya\/nyosan-mokuzen\/\">NYOSAN MOKUZEN<\/a><\/li>\n<li><a href=\"http:\/\/www.nossacasa.net\/shunya\/chuuzan-ninkoo\/\">CHUUZAN NINKOO<\/a><\/li>\n<li><a href=\"http:\/\/www.nossacasa.net\/shunya\/hakusan-koojun\/\">HAKUSAN KOOJUN<\/a><\/li>\n<li><a href=\"http:\/\/www.nossacasa.net\/shunya\/horin-daigyo\/\">HORIN DAIGYO<\/a><\/li>\n<\/ol>\n<\/td>\n<\/tr>\n<\/table>\n<hr \/>\n<div style=\"text-align:right\"><a href=\"#inicio\">Topo<\/a><\/div>\n<hr \/>\n<\/div>\n<!-- AddThis Advanced Settings generic via filter on the_content --><!-- AddThis Share Buttons generic via filter on the_content -->","protected":false},"excerpt":{"rendered":"<p>Horin Daigyo(1938-2011) Moriyama roshi Biografia Livros Textos Entrevistas Linhagem Biografia1 Nasceu em Mar\u00e7o de 1938, no extremo norte do Jap\u00e3o, conhecido como ilha de Sakhaline &#8211; ocupada depoisa da guerra pelos sovi\u00e9ticos. Aos 22 anos,conclui seus estudos de filosofia em &hellip; <a href=\"http:\/\/www.nossacasa.net\/shunya\/horin-daigyo\/\">Continue lendo <span class=\"meta-nav\">&rarr;<\/span><\/a><!-- AddThis Advanced Settings generic via filter on get_the_excerpt --><!-- AddThis Share Buttons generic via filter on get_the_excerpt --><\/p>\n","protected":false},"author":1,"featured_media":3783,"parent":0,"menu_order":0,"comment_status":"closed","ping_status":"closed","template":"","meta":{"footnotes":""},"class_list":["post-3781","page","type-page","status-publish","has-post-thumbnail","hentry"],"_links":{"self":[{"href":"http:\/\/www.nossacasa.net\/shunya\/wp-json\/wp\/v2\/pages\/3781","targetHints":{"allow":["GET"]}}],"collection":[{"href":"http:\/\/www.nossacasa.net\/shunya\/wp-json\/wp\/v2\/pages"}],"about":[{"href":"http:\/\/www.nossacasa.net\/shunya\/wp-json\/wp\/v2\/types\/page"}],"author":[{"embeddable":true,"href":"http:\/\/www.nossacasa.net\/shunya\/wp-json\/wp\/v2\/users\/1"}],"replies":[{"embeddable":true,"href":"http:\/\/www.nossacasa.net\/shunya\/wp-json\/wp\/v2\/comments?post=3781"}],"version-history":[{"count":5,"href":"http:\/\/www.nossacasa.net\/shunya\/wp-json\/wp\/v2\/pages\/3781\/revisions"}],"predecessor-version":[{"id":6763,"href":"http:\/\/www.nossacasa.net\/shunya\/wp-json\/wp\/v2\/pages\/3781\/revisions\/6763"}],"wp:featuredmedia":[{"embeddable":true,"href":"http:\/\/www.nossacasa.net\/shunya\/wp-json\/wp\/v2\/media\/3783"}],"wp:attachment":[{"href":"http:\/\/www.nossacasa.net\/shunya\/wp-json\/wp\/v2\/media?parent=3781"}],"curies":[{"name":"wp","href":"https:\/\/api.w.org\/{rel}","templated":true}]}}