{"id":3789,"date":"2018-05-25T15:40:01","date_gmt":"2018-05-25T17:40:01","guid":{"rendered":"http:\/\/www.nossacasa.net\/shunya\/?page_id=3789"},"modified":"2020-07-06T16:01:16","modified_gmt":"2020-07-06T18:01:16","slug":"ryotan-tokuda-igarashi","status":"publish","type":"page","link":"http:\/\/www.nossacasa.net\/shunya\/ryotan-tokuda-igarashi\/","title":{"rendered":"Ryotan Tokuda Igarashi (1938-)"},"content":{"rendered":"<div style=\"text-align:justify\"><font face=\"Verdana\" size=\"2\"><br \/>\n<a name=\"inicio\"><\/a><a href=\"http:\/\/www.nossacasa.net\/shunya\/?attachment_id=3790\" rel=\"attachment wp-att-3790\"><img loading=\"lazy\" decoding=\"async\" src=\"http:\/\/www.nossacasa.net\/shunya\/wp-content\/uploads\/2018\/05\/Ryotan-Tokuda-Igarashi-300x139.jpg\" alt=\"\" width=\"300\" height=\"139\" class=\"alignright size-medium wp-image-3790\" srcset=\"http:\/\/www.nossacasa.net\/shunya\/wp-content\/uploads\/2018\/05\/Ryotan-Tokuda-Igarashi-300x139.jpg 300w, http:\/\/www.nossacasa.net\/shunya\/wp-content\/uploads\/2018\/05\/Ryotan-Tokuda-Igarashi-768x357.jpg 768w, http:\/\/www.nossacasa.net\/shunya\/wp-content\/uploads\/2018\/05\/Ryotan-Tokuda-Igarashi-500x232.jpg 500w, http:\/\/www.nossacasa.net\/shunya\/wp-content\/uploads\/2018\/05\/Ryotan-Tokuda-Igarashi.jpg 960w\" sizes=\"auto, (max-width: 300px) 100vw, 300px\" \/><\/a><a href=\"http:\/\/www.nossacasa.net\/shunya\/quanto-tempo-praticar\/attachment\/325\/\" rel=\"attachment wp-att-1732\"><img loading=\"lazy\" decoding=\"async\" src=\"http:\/\/www.nossacasa.net\/shunya\/wp-content\/uploads\/2013\/02\/325.jpg\" alt=\"\" width=\"200\" height=\"136\" class=\"alignright size-full wp-image-1732\" \/><\/a><\/font><font size=\"4\"><b>Ryotan Tokuda Igarashi (1938-)<\/b><\/font><\/p>\n<p><a href=\"#a\"><font size=\"1\">Biografia<\/font><\/a><br \/>\n<a href=\"#d\"><font size=\"1\">Biografia 2<\/font><\/a><br \/>\n<a href=\"#b\"><font size=\"1\">Livros<\/font><\/a><br \/>\n<a href=\"#c\"><font size=\"1\">Textos<\/font><\/a><\/p>\n<p align=center><b><font face=\"tahoma, verdana, arial\" size=4><a name=\"a\">Biografia<\/a><\/font><\/b><\/p>\n<p>O monge Ryotan Tokuda nasceu em Hokkaido, norte do Jap&atilde;o, em 1938. Diplomado em Filosofia Budista pela Universidade de Komazawa, T&oacute;quio, em 1963, praticou o treinamento Zen Budista com alguns dos maiores mestres Zen contempor&acirc;neos, como Nakagawa Soen Roshi, Sogen Asahina Roshi e <a href=\"http:\/\/www.nossacasa.net\/shunya\/kodo-sawaki\/\">Kodo Sawaki Roshi<\/a>.<\/p>\n<p>Em 1967 recebeu permiss\u00e3o do Superior da Escola Soto Zen, Taiun Sato Rosshi, para ministrar as  t\u00e9cnicas do zen e ordenar monges. Veio para o Brasil em 1968 e aqui fundou grupos de medita\u00e7\u00e3o e pr\u00e1tica zen budista no Rio de Janeiro, S\u00e3o Paulo, Porto Alegre, Bras\u00edlia e Belo Horizonte.Em 1976, fundou o primeiro mosteiro zen na Am\u00e9ria Latina, o Mosteiro Zen Morro da Vargem, em Ibira\u00e7u, ES.<\/p>\n<p>Em 1981 o Mestre Ryotan Tokuda fundou o Instituto Vit\u00f3ria R\u00e9gia de Medicina Tradicional Chinesa, em Belo Horizonte-MG. <\/p>\n<p>Em 1984 fundou o Mosteiro Zen Pico dos Raios e o Centro de Cultura Oriente-Ocidente na cidade de Ouro Preto-MG.<\/p>\n<p>Em 1999 fundou o Mosteiro Zen Serra do Trov\u00e3o, na localidade de Lavras Novas, distrito de Ouro Preto-MG.<\/p>\n<p>Atualmente, o Mestre Ryotan Tokuda mora na Fran\u00e7a, onde est\u00e1 construindo um mosteiro, e vem anualmente ao Brasil para ministrar cursos de medicina chinesa, participar de retiros e orientar os praticantes de budismo ligados \u00e0 Sociedade Soto Zen do Brasil, fundada por ele.<\/p>\n<hr \/>\n<p align=center><b><font face=\"tahoma, verdana, arial\" size=4><a name=\"d\">Biografia 2<\/a><\/font><\/b><\/p>\n<p>O Mestre Tokuda, como \u00e9 conhecido Tokuda Igarashi, nasceu em Hokkaido, norte do Jap\u00e3o, em 1938. Diplomou-se em filosofia Budista pela Universidade de Komazawa, em T\u00f3quio, em 1963.<\/p>\n<p>Em 1967 torna-se Monge Budista, ordenado na Escola Soto Zen pelo Mestre Ryohan Shingu. Seu nome de  ordena\u00e7\u00e3o \u00e9 Ekyu Ryotan. Ekyu vem de \u201cE\u201d , Eisai, mestre Rinzai que transmitiu sua linhagem no Jap\u00e3o na \u00e9poca de Mestre Dogen; Kyu era o nome de leigo. Na composi\u00e7\u00e3o de Ryotan, Ryo quer dizer \u201cbom\u201d, e tan significa \u201cprocesso profundo\u201d. Recebe ent\u00e3o a permiss\u00e3o do Superior da Escola Soto Zen, Taiun Sato Rosshi, para ensinar e ordenar monges zen. No processo de forma\u00e7\u00e3o, pratica tamb\u00e9m com outros mestres do Zen Budismo como Nakagawa Soen Roshi, Sogen Asahina Roshi e Kodo Sawaki Roshi.<\/p>\n<p>Em 1968 vem para o Brasil como monge mission\u00e1rio, para trabalhar com o Mestre Shingu Roshi, que na \u00e9poca era o Primeiro Superior para a Am\u00e9rica Latina da Soto-Shu. O jovem Monge Tokuda passa a residir no templo Busshin-ji, em S\u00e3o Paulo. Trabalha como professor de l\u00edngua japonesa e esportes para crian\u00e7as e inicia um grupo de zazen no templo Busshin-ji. Entra em contato com brasileiros que expressavam forte interesse pelo zazen; aceita ent\u00e3o convite de Simone de Zeunig e deixa a cidade de S\u00e3o Paulo, para residir em Campos do Jord\u00e3o, SP, onde estabelece um grupo de pr\u00e1tica. Para sobreviver, inicia trabalho com shiatsu, acupuntura e ervas medicinais seguindo a Medicina Tradicional Chinesa (Kampoh). Em 1974 aceita o convite da Sociedade Budista do Brasil, e assume o templo Theravada no bairro de Santa Tereza, no Rio de Janeiro. No ano seguinte, funda uma sala de medita\u00e7\u00e3o em Copacabana.<\/p>\n<p>Em 1976 os praticantes Paulo Melo, An\u00edbal Freire e Cristiano Bitti oferecem para a Soto-Shu um terreno na regi\u00e3o de Ibira\u00e7u, ES. Os tr\u00eas jovens s\u00e3o orientados a irem ao Rio de Janeiro a um encontro com o Monge Tokuda, que \u00e9 designado pelo Mestre Shingu para estabelecer um mosteiro no terreno em Ibira\u00e7u. Funda ent\u00e3o o Mosteiro Zen Morro da Vargem, o primeiro mosteiro zen na Am\u00e9ria Latina.<\/p>\n<p>Em 1977 cria um grupo de zazen em Belo Horizonte, MG, e no ano seguinte, com este grupo, funda o Instituto Vit\u00f3ria R\u00e9gia, especializado em Medicina Chinesa. Ministra cursos de shiatsu, acupuntura e kampoh, formando v\u00e1rios disc\u00edpulos. Em 1980 funda a Sociedade Soto Zen do Brasil, em Belo Horizonte; em 1981, estabelece o Instituto de Medicina B\u00fadica Nonind\u00f4, tamb\u00e9m em Belo Horizonte. Em 1984 funda o Mosteiro Zen Pico de Raios e o Centro de Cultura Oriente-Ocidente na cidade de Ouro Preto, MG. Em 1993 inicia o Centro Zen do Planalto, em Bras\u00edlia; em 1994, funda o Mosteiro Serra do Trov\u00e3o em Lavras Novas, MG. Em 2001 funda o Mosteiro Serra dos Pirineus, o Eisho-ji, que tem como Abade o Monge Marcos Ryokyu.<\/p>\n<p>Atualmente, no Brasil, h\u00e1 grupos de pr\u00e1tica no Rio de Janeiro, Niter\u00f3i, Recife, Bras\u00edlia, Salvador e Goi\u00e2nia. Desde 1985, Mestre Tokuda mant\u00e9m grupos de pr\u00e1tica Zen na Europa, principalmente na Fran\u00e7a. Em 1995 fundou a Mahamuni Association de Paris e em 2000 fundou o Mosteiro Eitai-ji, situado nos Alpes da Haute Provence, perto de Nice, no sul da Fran\u00e7a.<\/p>\n<p>O conjunto dos disc\u00edpulos do Mestre Tokuda, com seus doj\u00f4s e Mosteiros, no Brasil e no Exterior, \u00e9 conhe<br \/>\ncido como Sangha Mahamuni.<\/p>\n<p>Visite tamb\u00e9m o site tokuda-igarashi.com.<\/p>\n<p>Fonte: http:\/\/eishoji.com.br\/mestre-tokuda\/<\/p>\n<hr \/>\n<p><a name=\"b\"><font face=\"Comic Sans MS\" size=\"3\" color=\"#800000\">Livros<\/font><\/a><br \/>\n<a href=\"http:\/\/www.nossacasa.net\/shunya\/psicologia-budista\/\">Psicologia Budista<\/a><\/p>\n<p><a name=\"c\"><font face=\"Comic Sans MS\" size=\"3\" color=\"#800000\">Textos<\/font><\/a><br \/>\n<a href=\"http:\/\/www.nossacasa.net\/shunya\/manas-e-alaya\/\">Manas e Alaya<\/a><br \/>\n<a href=\"http:\/\/www.nossacasa.net\/shunya\/o-que-e-o-budismo\/\">O que &eacute; o Budismo?<\/a><br \/>\n<a href=\"http:\/\/www.nossacasa.net\/shunya\/visao-global-do-budismo-mahayana\/\">Vis\u00e3o Global do Budismo Mahayana<\/a><br \/>\n<a href=\"http:\/\/www.nossacasa.net\/shunya\/deus-e-o-vazio\/\">Deus e o Vazio<\/a><br \/>\n<a href=\"http:\/\/www.nossacasa.net\/shunya\/a-plenitude-do-tempo-e-a-simultaneidade\/\">A plenitude do tempo e a simultaneidade<\/a><br \/>\n<a href=\"http:\/\/www.nossacasa.net\/shunya\/a-palavra-secreta\/\">A Palavra Secreta<\/a><br \/>\n<a href=\"http:\/\/www.nossacasa.net\/shunya\/um-conto\/\">Um conto<\/a><\/p>\n<hr \/>\n<\/div>\n<div style=\"text-align:right\"><a href=\"#inicio\">Topo<\/a><\/div>\n<!-- AddThis Advanced Settings generic via filter on the_content --><!-- AddThis Share Buttons generic via filter on the_content -->","protected":false},"excerpt":{"rendered":"<p>Ryotan Tokuda Igarashi (1938-) Biografia Biografia 2 Livros Textos Biografia O monge Ryotan Tokuda nasceu em Hokkaido, norte do Jap&atilde;o, em 1938. Diplomado em Filosofia Budista pela Universidade de Komazawa, T&oacute;quio, em 1963, praticou o treinamento Zen Budista com alguns &hellip; <a href=\"http:\/\/www.nossacasa.net\/shunya\/ryotan-tokuda-igarashi\/\">Continue lendo <span class=\"meta-nav\">&rarr;<\/span><\/a><!-- AddThis Advanced Settings generic via filter on get_the_excerpt --><!-- AddThis Share Buttons generic via filter on get_the_excerpt --><\/p>\n","protected":false},"author":1,"featured_media":6769,"parent":0,"menu_order":0,"comment_status":"closed","ping_status":"closed","template":"","meta":{"footnotes":""},"class_list":["post-3789","page","type-page","status-publish","has-post-thumbnail","hentry"],"_links":{"self":[{"href":"http:\/\/www.nossacasa.net\/shunya\/wp-json\/wp\/v2\/pages\/3789","targetHints":{"allow":["GET"]}}],"collection":[{"href":"http:\/\/www.nossacasa.net\/shunya\/wp-json\/wp\/v2\/pages"}],"about":[{"href":"http:\/\/www.nossacasa.net\/shunya\/wp-json\/wp\/v2\/types\/page"}],"author":[{"embeddable":true,"href":"http:\/\/www.nossacasa.net\/shunya\/wp-json\/wp\/v2\/users\/1"}],"replies":[{"embeddable":true,"href":"http:\/\/www.nossacasa.net\/shunya\/wp-json\/wp\/v2\/comments?post=3789"}],"version-history":[{"count":7,"href":"http:\/\/www.nossacasa.net\/shunya\/wp-json\/wp\/v2\/pages\/3789\/revisions"}],"predecessor-version":[{"id":6796,"href":"http:\/\/www.nossacasa.net\/shunya\/wp-json\/wp\/v2\/pages\/3789\/revisions\/6796"}],"wp:featuredmedia":[{"embeddable":true,"href":"http:\/\/www.nossacasa.net\/shunya\/wp-json\/wp\/v2\/media\/6769"}],"wp:attachment":[{"href":"http:\/\/www.nossacasa.net\/shunya\/wp-json\/wp\/v2\/media?parent=3789"}],"curies":[{"name":"wp","href":"https:\/\/api.w.org\/{rel}","templated":true}]}}