{"id":4074,"date":"2018-05-26T15:03:51","date_gmt":"2018-05-26T17:03:51","guid":{"rendered":"http:\/\/www.nossacasa.net\/shunya\/?page_id=4074"},"modified":"2020-07-09T20:52:28","modified_gmt":"2020-07-09T22:52:28","slug":"omori-sogen","status":"publish","type":"page","link":"http:\/\/www.nossacasa.net\/shunya\/omori-sogen\/","title":{"rendered":"Omori Sogen (1904-1994)"},"content":{"rendered":"<div style=\"text-align:justify\">\n<a name=\"inicio\"><\/a><a href=\"http:\/\/www.nossacasa.net\/shunya\/omori-sogen\/omori-sogen-2\/\" rel=\"attachment wp-att-4076\"><img loading=\"lazy\" decoding=\"async\" src=\"http:\/\/www.nossacasa.net\/shunya\/wp-content\/uploads\/2018\/05\/Omori-Sogen.jpg\" alt=\"\" width=\"254\" height=\"199\" class=\"alignleft size-full wp-image-4076\" \/><\/a><\/p>\n<hr \/>\n<p><a href=\"#a\">Refer\u00eancias<\/a><br \/>\n<a href=\"#b\">Biografia<\/a><br \/>\n<a href=\"#c\">Linhagem<\/a><\/p>\n<hr \/>\n<p align=center><b><a name=\"a\">Refer\u00eancias<\/a><sup>1<\/sup><\/b><\/p>\n<p>Roshi Omori Sogen, mestre Rinzai da 10<sup>a.<\/sup> gera\u00e7\u00e3o desde  <a href=\"http:\/\/www.nossacasa.net\/shunya\/hakuin-ekaku\/\">Hakuin Ekaku<\/a>,  recebeu a transmiss\u00e3o do Dharma de <a href=\"http:\/\/www.nossacasa.net\/shunya\/seki-bokuou-souun\/\">Roshi Seki Bokuou Sou&#8217;un<\/a>.<\/p>\n<p>Roshi Omori Sogen  foi o fundador do Templo Chozen-jii no Hawaii, o \u00fanico templo Rinzai Zen Daihonzan&#8221; no Ocidente .<\/p>\n<p>Roshi Omori Sogen transmitiu o Dharma para:<br \/>\nHosokawa Dogen (1947-)<br \/>\nKadawaki Kakichi (-)<br \/>\nTanouye Tenshin (1938-)<br \/>\nTerayama Katsujo (1938- )<\/p>\n<ol type=\"1\">\nFonte:<\/p>\n<li>http:\/\/www.ciolek.com\/wwwvlpages\/zenpages\/hakuin.html<\/li>\n<\/ol>\n<hr \/>\n<div style=\"text-align:right\"><a href=\"#inicio\">Topo<\/a><\/div>\n<hr \/>\n<p align=center><b><font face=\"tahoma, verdana, arial\" size=4><br \/>\n<a name=\"b\">Biografia<\/a><\/font><sup>2<\/sup><\/b><\/p>\n<p>Nascido em 1904 no munic\u00edpio de Yamanashi, no Jap\u00e3o, Omori Sogen era pequeno e quieto at\u00e9 que ele descobriu sua for\u00e7aquando estava no quinto grau. Ele brigou com o menino mais forte na classe e o venceu sem dificuldade. Ele come\u00e7ou a praticar Kendo por volta dos quatorze anos, simplesmente para se se tornar mais forte. <\/p>\n<p>Com dezenove anos ele ficou muito doente. Durante um m\u00eas, no meio do inverno,durante a manh\u00e3, sua m\u00e3e rezava pedindo: &#8220;Por favor permute minha vida pela de minha crian\u00e7a.&#8221; Omori Roshi recuperou, mas sua m\u00e3e morreu em seguida. Omori Roshi reflete, &#8220;Minha m\u00e3e est\u00e1 aqui; ela se tornou eu. Eu vim para acreditar nisto. Porque minha vida \u00e9 a vida da minha m\u00e3e, eu devo tomar cuidado e estimar minha vida e viver plenamente. Eu devo continuar a vida de minha m\u00e3e que morreu t\u00e3o depressa e t\u00e3o jovem.&#8221; <\/p>\n<p>Depois de sua recupera\u00e7\u00e3o ele come\u00e7ou seu treinamento com Maeno Jisui. Por tr\u00eas ano,s toda noite, Omori Roshi foi praticarr zazen no dojo de Jisui.<br \/>\nEm torno da idade de 20 anos, ele come\u00e7ou a questionar o valor do Kendo como uma pr\u00e1tica somente preocupada com a competi\u00e7\u00e3o e buscou instru\u00e7\u00e3o com Yamada Jirokichi, o d\u00e9cimo quinto mestre da Escola de esgrima &#8220;Jiki Shin Kage School&#8221;. A ess\u00eancia desta escola era:  &#8220;remova todos os h\u00e1bitos e v\u00edcios ruins adquiridos desde seu nascimento para restabelecer o corpo original puro e permanente brilhante.&#8221; <\/p>\n<p>Para fazer isto, praticou o <i>Hojo<\/i>, uma espada com a  forma consistindo em quatro partes moldadas depois das quatro esta\u00e7\u00f5es. Dez minutos de concentra\u00e7\u00e3o intensa \u00e9 exigido para executar os severo movimentos do <i>Hojo<\/i>.<\/p>\n<p>Nesta \u00e9poca, ele foi preso por destruir lanternas de pedra em um cemit\u00e9rio. Inicialmente ele n\u00e3o podia destruir estas lanternas, mas ele persistiu durante toda a noite at\u00e9 que ele conseguiu destruiu todas elas. Quando foi preso, ele lutou com a pol\u00edcia e foi subjugado por que eles eram em n\u00famero maior. Ele come\u00e7ou  a praticar <i>Judo<\/i> porque ele achou que se houvesse podido permanecer firme em seus p\u00e9s, ele n\u00e3o teria perdido para eles.<br \/>\nEm torno de 24 anos de idade, Roshi Omori come\u00e7ou seu treinamento de<i> shodo<\/i> (o modo da escova, caligrafia) com Yokoyama Setsudo. Sensei Yokoyama praticava tamb\u00e9m o <i>Hojo<\/i>, e gradualmente o esp\u00edrito do <i>Hojo<\/i> e do <i>shodo<\/i> misturam-se para formar o estilo de caligrafia chamou <i>Hitsuzendo<\/i>. <\/p>\n<p>Com 25 anos, depois de vinte dias de prepara\u00e7\u00e3o em retiro num templo na  montanha, Roshi Omori e Onishi Hidetaka iniciaram o <i>hyappon keiko<\/i>, uma pr\u00e1tica cansativa de fazer o <i>Hojo<\/i> cem vezes por diadurante sete dias. Omori Roshi conta:<br \/>\n&#8220;<i>N\u00f3s levantamos \u00e0s quatro de manh\u00e3, entrando na montanha, e tomado banho em um rio. Antes de caf\u00e9 da manh\u00e3 n\u00f3s faz\u00edamos o <b>Hojo<\/b> quinze vezes. Depois de um descanso praticavamos mais trinta vezes. Depois do almo\u00e7o n\u00f3s descans\u00e1vamos e faziamos o <b>Hojo<\/b> cinq\u00fcenta e cinco vezes at\u00e9 o crep\u00fasculo. Durante a noite faz\u00edamos zazen. <\/p>\n<p>No terceiro dia eu devia gritar mais ruidosa e poderosamente durante a pr\u00e1tica, mas minha voz estava t\u00e3o rouca que eu n\u00e3o podia nem mesmo falar. De noite meu corpo ficava t\u00e3o quente que eu n\u00e3o podia dormir. A comida n\u00e3o baixava em minha garganta. Eu tinha que tomar l\u00edquido e ovos crus. Minha urina era da cor de sangue. Os bra\u00e7os que seguraram a espada de madeira n\u00e3o podiam ser levantados. N\u00f3s estavamos mortos. Eu n\u00e3o podia ir na frente de Sensei Yamada e dizer, &#8220;eu falhei.&#8221; Onishi e eu pegamos nossas notas e cartas e queimamos tudo, como nos preparassemos para morrer.<br \/>\nNo quarto dia uma coisa estranha aconteceu. Os mesmos bra\u00e7os que tiveram dificuldade de at\u00e9 segurar a espada de madeira foi suavemente para cima acima de minha cabe\u00e7a. Quando meus bra\u00e7os afundaram, eu senti uma for\u00e7a que n\u00e3o era f\u00edsica terminando em ambos os bra\u00e7os.<br \/>\nNesta maneira, por sete dias, n\u00f3s praticamos o <b>Hojo<\/b> cem vezes diariamente. Depois dos sete dias, Sensei Yamada me louvou dizendo, &#8220;Isto \u00e9 o Estilo Muso (Nenhum-pensamento).&#8221; Eu podia cultivar a for\u00e7a mental no <b>Hojo<\/b> completamente por causa disto.<\/i> &#8221;<br \/>\nAos 21 anos, Roshi Omori encontrou <a href=\"default.asp?menu=618\" class=\"broken_link\">Seisetsu Genjo Seki<\/a>, seu maior professor. Roshi Seisetsu era um homem enorme com olhos penetrantes que falava frugalmente e do qual era dif\u00edcil se aproximar. Roshi Omori treinou com ele em Tenryu-ji, e depois de oito anos de esfor\u00e7o concentrado no koan Mu comm a idade de 29 anos, ele realizou. Ele descreve sua experi\u00eancia: <\/p>\n<p>&#8220;<i>Minha experi\u00eancia n\u00e3o \u00e9 muito impressionante, ent\u00e3o eu n\u00e3o gosto de falar sobre isto, mas&#8230;. Eu terminei o zazen e fui ao banheiro. Eu ouvi o som da urina batendo no urinol. Espirrou e soou muito alto para mim. Naquele tempo eu pensei, &#8220;Aha!&#8221; eu entendi. Eu tive uma realiza\u00e7\u00e3o profunda.<br \/>\n&#8220;EU SOU,&#8221; eu pensei, e eu era muito feliz. Mas n\u00e3o era uma experi\u00eancia vistosa ou chamativa. Era at\u00e9 n\u00e3o muito limpo &#8230;. <\/p>\n<p>No tempo certo voc\u00ea poder\u00e1 rea\u00e7izar o estado do nada. Voc\u00ea atingir\u00e1 esta realiza\u00e7\u00e3o por causa de alguma coisa e voc\u00ea saber\u00e1 com seu ser inteiro que voc\u00ea est\u00e1 no centro do nada absoluto, no centro de um c\u00edrculo infinito. Para estar no centro de um c\u00edrculo infinito nesta forma de humano \u00e9 ser Buddha propriamente. Voc\u00ea tinha sido salvo desde o in\u00edcio. Voc\u00ea saber\u00e1 todas estas coisas com certeza<\/i>. &#8221;<\/p>\n<p>Com a idade de 30 anos, Roshi Omori fundou o &#8220;Jiki Shin Dojo&#8221; e ensinou <i>Kendo<\/i>, <i>Judo<\/i>, <i>zazen<\/i>, e japoneses cl\u00e1ssico at\u00e9 o fim de Segunda Guerra Mundial. Ele pediu a Toyama Ryusuke o filho de Toyama Mitsuru para ser seu conselheiro. Roshi Omori considerou Toyama Ryusuke &#8220;um grande homem aquele pode se encontrar s\u00f3 uma vez na vida. Omori escreve:<br \/>\n&#8220;<i>Ele era realmente uma pessoa muito lenta para as mudan\u00e7as, mas era tamb\u00e9m muito paciente. Ele era um homem quieto mas caloroso&#8230;.Mas quando furioso, ele era terr\u00edvel como um tigre feroz. Um de seus rugidos fariam a maioria das pessoas se agacharem. <\/p>\n<p>Durante seus dias de estudante em Dobun Shoin, um amigo muito bom teve tuberculose. Vendo esta pessoa deprimida e desesperada com v\u00f4mito de sangue, Sensei Toyama disse, &#8220;Tuberculose n\u00e3o \u00e9 nada. Veja isto!&#8221; e bebeu de um s\u00f3 gole o sangue. <\/p>\n<p>Se voc\u00ea disser que \u00e9 absurdo, \u00e9 absurdo. Se voc\u00ea disser que ele n\u00e3o tinha nenhum conhecimento de higiene, ele n\u00e3o tinha nenhum. Por\u00e9m, isto \u00e9 o que ningu\u00e9m pode imitar. Ele n\u00e3o podia consolar seu amigo doente atrav\u00e9s de palavras. Diz isto, como parte de seu treinamento em<\/i><i> jyo-e funi<\/i> (limpo e sujo s\u00e3o um e o mesmo), Yamaoka Tesshu bebeu o v\u00f4mito de um mendigo. Mas para Sensei Toyama isto n\u00e3o era treinamento. Era um modo desajeitado, mas era tamb\u00e9m um caminho muito caloroso para consolar seu amigo. Para ele era tudo que podia fazer. <\/p>\n<p>Se ele se se tornou infetado porque tomou o v\u00f4mito ou porque estava vivendo com este amigo n\u00e3o est\u00e1 claro. Em todo caso, seu amigo faleceu. Ele levou as cinzas para os pais de seu amigo em Kagoshima. Em seu retorno ele foi acamado com uma doen\u00e7a incur\u00e1vel. <\/p>\n<p>Quando todos n\u00f3s tinhamos tempos e problemas dif\u00edceis e fcavamos frustrados, n\u00f3s \u00edamos ver este homem doente. Como ele era um homem de muito poucas palavras, haviam vezes quando n\u00f3s fomos v\u00ea-lo que partiamos sem ele dizer uma palavra. Quando ele ouvia a hist\u00f3ria de uma pessoa, ele freq\u00fcentemente s\u00f3 punha suas m\u00e3os juntas em gassho [sauda\u00e7\u00e3o] e sorria. Mas ele tinha uma estranho capacidade. Se algu\u00e9m passava uma hora com ele, ficava cheio de energia por uma semana.<br \/>\nNo princ\u00edpio, eu pensava que ele produzia aquele efeito s\u00f3 em mim, mas com todos que fui o confortar acontecia o mesmo. Em budismo existe uma declara\u00e7\u00e3o, &#8220;Sei Mu I&#8221; que significa dar intrepidez. Sensei Ryusuke era um exemplo de um doador verdadeiro de intrepidez. &#8221;<\/p>\n<p>Roshi Omori ficou com Roshi Seisetsu que estava em condi\u00e7\u00e3o cr\u00edtica. Roshi Seisetsu estava morrendo e desejava que Omori se tornasse Roshi, &#8220;Ensine o esp\u00edrito de fraternidade universal.&#8221; Omori Roshi descreve morte do Seisetsu Roshi abaixo:<\/p>\n<p>&#8220;<i>Em 1 de outubro de 1945 Roshi Seisetsu disse, &#8220;Quando eu levantar minha m\u00e3o, comece a cantar os Quatro Votos. Ent\u00e3o, no fim, quando voc\u00ea bater o sino, eu pararei de respirar. Por favor fa\u00e7a isto.&#8221;Roshi Yamada Mumon e dois outros estavam a seu lado da cama&#8230;.No fim, quando eles baterem o sino, o doutor veio voando para injetar um estimulante de cora\u00e7\u00e3o. Ent\u00e3o, Roshi Seisetsu disse, &#8220;N\u00e3o hoje.&#8221; E acrescentou, &#8220;Amanh\u00e3, quando eu levantar minha m\u00e3o, voc\u00ea n\u00e3o deve me dar a inje\u00e7\u00e3o.&#8221; Ele proibiu o doutor de dar a ele um tiro. Na noite de 2 de outubro, ele levantou sua m\u00e3o, e eles recitaram o sutra. Quando o sino era batido, &#8220;Chiinnn,&#8221; ele disse, &#8220;Aaaaa&#8221; com um grande bocejo e deu seu \u00faltimo respiro. Isto foi verdadeiramente um magn\u00edfico \u00faltimo momento.<\/i>&#8221;<br \/>\nCom a morte de Roshi Seisetsu, <a href=\"http:\/\/www.nossacasa.net\/shunya\/seki-bokuou-souun\/\">Roshi Seki Bokuou Sou&#8217;un<\/a> se tornou o abade de Tenryu-ji, e Roshi Omori entrou no monast\u00e9rio. Ele escreveu, &#8220;<i>A primeira metade de minha vida terminou quando o Jap\u00e3o perdeu a guerra. De acordo com o Modo do Samurai, eu me tornei um padre budista<\/i>.&#8221; Depois de tr\u00eas anos Roshi Bokuo pediu a Roshi Omori para se tornar monge em Koho-em, a velha casa de Yamaoka Tesshu. <\/p>\n<p>Os disc\u00edpulos de Koho-em, por\u00e9m, haviam ido, e Roshi Omori n\u00e3o teve como fazer para se sustentar. Sua fam\u00edlia sofreu severa pobreza, \u00e0s vezes passando uma semana sem comida. Debilitada por desnutri\u00e7\u00e3o, sua filha de tr\u00eas anos de idade ficou extremamente doente com meningite. O tratamento com penicilina poderia salv\u00e1-la, mas a despesa era proibitiva. Roshi Omori reconta este epis\u00f3dio:<br \/>\n&#8220;<i>Eu disse para minha esposa, &#8220;Deixe eles a tratarem. Eu levantarei o dinheiro de alguma maneira. Deixe que ela tome as inje\u00e7\u00f5es.&#8221; .<br \/>\nMinha esposa disse para mim, &#8220;Isso pode estar certo para voc\u00ea, mas por favor pense nas outras crian\u00e7as.&#8221; <\/p>\n<p>No fim a \u00fanica coisa que n\u00f3s pod\u00edamos fazer \u00e9 assistir nossa pr\u00f3pria crian\u00e7a sofrer e morrer ante de nossos olhos. Depois de sua morte minha esposa chorou todas as noites por tr\u00eas anos. Para um pai n\u00e3o existe nenhuma coisa mais triste que ver seu pr\u00f3prio filho morrer antes dele. <\/i>&#8221;<br \/>\nAs palavras de Toyama Mitsuru sustentou Roshi Omori atrav\u00e9s destas dificuldades, &#8220;Desde tempos antigos nunca existiu uma pessoa que sofreu fome por fazer a coisa certa. Se voc\u00ea estiver fazendo o que \u00e9 direito, o c\u00e9u fornecer\u00e1 seguramente comida. Ent\u00e3o, ainda que voc\u00ea sofra fome e morra, fa\u00e7a a coisa certa.&#8221; <\/p>\n<p>Em 1970, Omori Roshi se tornou um professor na Universidade de Hanazono (uma Universidade budista em Kyoto). Em 1975 ele foi reconhecido por todos mestres Rinzai e abades como um sucessor de Dharma da linhagem de Tenryu-ji em uma formalidade chamada Kaido. Em 1975 ele estabeleceu tamb\u00e9m o Monast\u00e9rio de Seitaiji. Em 1978 ele se tornou presidente da Universidade de Hanazono.<br \/>\nAl\u00e9m de suas contribui\u00e7\u00f5es como um religioso, l\u00edder pol\u00edtico, e social e como um autor prol\u00edfico, Roshi Omori transmitiu uma linha importante de Zen para a Am\u00e9rica em 1972 quando estabeleceu Chozen-ji, Zen Dojo Internacional no Hava\u00ed.<\/p>\n<hr \/>\n<ol type=\"1\">\n<b>Notas:<\/b><\/p>\n<li>Extra\u00eddo de &#8220;Zen Buddhism &#8211; Hakuin School&#8221; (www.ciolek.com\/WWWVLPages\/ZenPages\/Hakuin.html).<\/li>\n<li>Extra\u00eddo de http:\/\/www.izs.org\/.<\/li>\n<\/ol>\n<hr \/>\n<div style=\"text-align:right\"><a href=\"#inicio\">Topo<\/a><\/div>\n<hr \/>\n<p><font face=\"Comic Sans MS\" size=\"3\" color=\"#800000\"><a name=\"c\">Linhagem de Inzan Ien<\/a><\/font><\/p>\n<div style=\"text-align:center\">\n<ol type=\"1\"><b><u>BUTSU<\/u><\/b><\/p>\n<li><a href=\"http:\/\/www.nossacasa.net\/shunya\/buda\/\">BIBASHI<\/a><\/li>\n<li><a href=\"http:\/\/www.nossacasa.net\/shunya\/buda\/\">SHIKI<\/a><\/li>\n<li><a href=\"http:\/\/www.nossacasa.net\/shunya\/buda\/\">BISHAFU<\/a><\/li>\n<li><a href=\"http:\/\/www.nossacasa.net\/shunya\/buda\/\">KURUSON<\/a><\/li>\n<li><a href=\"http:\/\/www.nossacasa.net\/shunya\/buda\/\">KUNAGONMUNI<\/a><\/li>\n<li><a href=\"http:\/\/www.nossacasa.net\/shunya\/buda\/\">KASHO<\/a><\/li>\n<li><a href=\"http:\/\/www.nossacasa.net\/shunya\/buda\/\">XAQUIAMUNI<\/a><\/li>\n<\/ol>\n<\/div>\n<table width=\"100%\" border=\"0\">\n<tr>\n<td valign=\"top\">\n<ol type=\"1\"><b><u>\u00cdNDIA<\/u><\/b><\/p>\n<li><a href=\"http:\/\/www.nossacasa.net\/shunya\/mahakashyapa\/\">MAKAKASHO<\/a><\/li>\n<li><a href=\"http:\/\/www.nossacasa.net\/shunya\/ananda\/\">ANANDA<\/a><\/li>\n<li><a href=\"http:\/\/www.nossacasa.net\/shunya\/shanavasa\/\">SHONAWASHU<\/a><\/li>\n<li><a href=\"http:\/\/www.nossacasa.net\/shunya\/upagupta\/\">UBAGIKUTA<\/a><\/li>\n<li><a href=\"http:\/\/www.nossacasa.net\/shunya\/dhritaka\/\">DAITAKA<\/a><\/li>\n<li><a href=\"http:\/\/www.nossacasa.net\/shunya\/michaka\/\">MISHAKA<\/a><\/li>\n<li><a href=\"http:\/\/www.nossacasa.net\/shunya\/vasumitra\/\">BASHUMITSU<\/a><\/li>\n<li><a href=\"http:\/\/www.nossacasa.net\/shunya\/buddhananda\/\">BUTSUDANANDAI<\/a><\/li>\n<li><a href=\"http:\/\/www.nossacasa.net\/shunya\/buddhamitra\/\">FUDAMITA<\/a><\/li>\n<li><a href=\"http:\/\/www.nossacasa.net\/shunya\/parshvanatha\/\">BARISHIBA<\/a><\/li>\n<li><a href=\"http:\/\/www.nossacasa.net\/shunya\/punyayashas\/\">FUNAYASHYA<\/a><\/li>\n<li><a href=\"http:\/\/www.nossacasa.net\/shunya\/ashvagosha\/\">ANABOTEI<\/a><\/li>\n<li><a href=\"http:\/\/www.nossacasa.net\/shunya\/kapimala\/\">KABIMORA<\/a><\/li>\n<li><a href=\"http:\/\/www.nossacasa.net\/shunya\/nagarjuna\/\">NAGYAHARAJUNA<\/a><\/li>\n<li><a href=\"http:\/\/www.nossacasa.net\/shunya\/aryadeva\/\">KANADAIBA<\/a><\/li>\n<li><a href=\"http:\/\/www.nossacasa.net\/shunya\/rahulata\/\">RAGORATA<\/a><\/li>\n<li><a href=\"http:\/\/www.nossacasa.net\/shunya\/sanghanandi\/\">SOGYANANDAI<\/a><\/li>\n<li><a href=\"http:\/\/www.nossacasa.net\/shunya\/gayashata\/\">KAYSHATA<\/a><\/li>\n<li><a href=\"http:\/\/www.nossacasa.net\/shunya\/kumarata\/\">KUMORATA<\/a><\/li>\n<li><a href=\"http:\/\/www.nossacasa.net\/shunya\/jayata\/\">SHAYATA<\/a><\/li>\n<li><a href=\"http:\/\/www.nossacasa.net\/shunya\/vasubandhu\/\">BASHUBANZU<\/a><\/li>\n<li><a href=\"http:\/\/www.nossacasa.net\/shunya\/manorhita\/\">MANURA<\/a><\/li>\n<li><a href=\"http:\/\/www.nossacasa.net\/shunya\/haklenayasha\/\">KAKUROKUNA<\/a><\/li>\n<li><a href=\"http:\/\/www.nossacasa.net\/shunya\/aryasimha\/\">SHSISHIBODAI<\/a><\/li>\n<li><a href=\"http:\/\/www.nossacasa.net\/shunya\/basiasita\/\">BASHASHITA<\/a><\/li>\n<li><a href=\"http:\/\/www.nossacasa.net\/shunya\/punyamitra\/\">FUNYOMITA <\/a><\/li>\n<li><a href=\"http:\/\/www.nossacasa.net\/shunya\/prajnatara\/\">HANNYATARA <\/a><\/li>\n<\/ol>\n<\/td>\n<td valign=\"top\">\n<ol type=\"1\" start=\"28\"><b><u>CHINA<\/u><\/b><\/p>\n<li><a href=\"http:\/\/www.nossacasa.net\/shunya\/bodhidharma\/\">BODAIDARUMA<\/a><\/li>\n<li><a href=\"http:\/\/www.nossacasa.net\/shunya\/hui-ko\/\">TAISO EKA<\/a><\/li>\n<li><a href=\"http:\/\/www.nossacasa.net\/shunya\/seng-tsan\/\">KANCHI SOSAN<\/a><\/li>\n<li><a href=\"http:\/\/www.nossacasa.net\/shunya\/tao-hsin\/\">DAII DOSHIN<\/a><\/li>\n<li><a href=\"http:\/\/www.nossacasa.net\/shunya\/hung-jen\/\">DAIMAN KONIN<\/a><\/li>\n<li><a href=\"http:\/\/www.nossacasa.net\/shunya\/hueineng\/\">DAIKAN ENO<\/a><\/li>\n<li><a href=\"http:\/\/www.nossacasa.net\/shunya\/nan-yueh-haui-jang\/\">NAN-YUEH HAUI-JANG<\/a><\/li>\n<li><a href=\"http:\/\/www.nossacasa.net\/shunya\/ma-tsu-tao-i\/\">MA-TSU TAO-I<\/a><\/li>\n<li><a href=\"http:\/\/www.nossacasa.net\/shunya\/pai-chang-huai-huai\/\">PAI CHANG HUAI HUAI<\/a><\/li>\n<li><a href=\"http:\/\/www.nossacasa.net\/shunya\/huang-po\/\">HUANG-PO<\/a><\/li>\n<li><a href=\"http:\/\/www.nossacasa.net\/shunya\/lin-chi\/\">LIN-CHI (RINZAI)<\/a><\/li>\n<li><a href=\"http:\/\/www.nossacasa.net\/shunya\/hsing-hua-tsung-chiang\/\">HSING-HUA TS&#8217;UNG-CHIANG<\/a><\/li>\n<li><a href=\"http:\/\/www.nossacasa.net\/shunya\/nan-yuan-hui-yung\/\">NAN-YUAN HUI-YUNG<\/a><\/li>\n<li><a href=\"http:\/\/www.nossacasa.net\/shunya\/feng-hsueh-yen-chao\/\">FENG-HSUEH YEN-CHAO<\/a><\/li>\n<li><a href=\"http:\/\/www.nossacasa.net\/shunya\/shou-shan-shen-nien\/\">SHOU-SHAN SHEN-NIEN<\/a><\/li>\n<li><a href=\"http:\/\/www.nossacasa.net\/shunya\/fen-yang\/\">FEN YANG SHAN CHAO<\/a><\/li>\n<li><a href=\"http:\/\/www.nossacasa.net\/shunya\/shih-shuang\/\">SHIH-SHUANG<\/a><\/li>\n<li><a href=\"http:\/\/www.nossacasa.net\/shunya\/yang-chi-fang-hui\/\">YANG-CH&#8217;I FANG-HUI<\/a><\/li>\n<li><a href=\"http:\/\/www.nossacasa.net\/shunya\/pai-yun-shou-tuan\/\">PAI-YUN SHOU-TUAN<\/a><\/li>\n<li><a href=\"http:\/\/www.nossacasa.net\/shunya\/wu-tsu-fa-yen\/\">WU-TSU FA-YEN<\/a><\/li>\n<li><a href=\"http:\/\/www.nossacasa.net\/shunya\/yuan-wu\/\">YUAN-WU K&#8217;O-CH&#8217;IN<\/a><\/li>\n<li><a href=\"http:\/\/www.nossacasa.net\/shunya\/hu-chiu\/\">HU-CH&#8217;IU<\/a><\/li>\n<li><a href=\"http:\/\/www.nossacasa.net\/shunya\/ying-an\/\">YING-AN<\/a><\/li>\n<li><a href=\"http:\/\/www.nossacasa.net\/shunya\/mi-an\/\">MI-AN<\/a><\/li>\n<li><a href=\"http:\/\/www.nossacasa.net\/shunya\/sung-yuan\/\">SUNG-YUAN<\/a><\/li>\n<li><a href=\"http:\/\/www.nossacasa.net\/shunya\/yun-an-pu-yen\/\">YUN-AN P&#8217;U-YEN<\/a><\/li>\n<li><a href=\"http:\/\/www.nossacasa.net\/shunya\/hsu-tsang-chih-yu\/\">HSU-T&#8217;SANG CHIH-YU<\/a><\/li>\n<\/ol>\n<\/td>\n<\/tr>\n<tr>\n<td valign=\"top\">\n<ol type=\"1\" start=\"55\"><b><u>JAP\u00c3O<\/u><\/b><\/p>\n<li><a href=\"http:\/\/www.nossacasa.net\/shunya\/shomyo\/\" class=\"broken_link\">SHOMYO<\/a><\/li>\n<li><a href=\"http:\/\/www.nossacasa.net\/shunya\/myocho-shuho\/\">MYOCHO SHUHO<\/a><\/li>\n<li><a href=\"http:\/\/www.nossacasa.net\/shunya\/kanzan-egen\/\">KANZAN EGEN<\/a><\/li>\n<li><a href=\"http:\/\/www.nossacasa.net\/shunya\/juo-sohitsu\/\">JUO SOHITSU<\/a><\/li>\n<li><a href=\"http:\/\/www.nossacasa.net\/shunya\/muin-soin\/\">MUIN SOIN<\/a><\/li>\n<li><a href=\"http:\/\/www.nossacasa.net\/shunya\/tozen-soshin\/\">TOZEN SOSHIN<\/a><\/li>\n<li><a href=\"http:\/\/www.nossacasa.net\/shunya\/toyo-eicho\/\">TOYO EICHO<\/a><\/li>\n<li><a href=\"http:\/\/www.nossacasa.net\/shunya\/youzan-keiyou\/\">YOUZAN KEIYOU<\/a><\/li>\n<li><a href=\"http:\/\/www.nossacasa.net\/shunya\/gudou-tosyoku\/\">GUDOU TOSYOKU<\/a><\/li>\n<li><a href=\"http:\/\/www.nossacasa.net\/shunya\/shidou-bunan\/\">SHIDOU BUNAN<\/a><\/li>\n<li><a href=\"http:\/\/www.nossacasa.net\/shunya\/shoju-rojin\/\">SHOJU ROJIN<\/a><\/li>\n<li><a href=\"http:\/\/www.nossacasa.net\/shunya\/hakuin-ekaku\/\">HAKUIN EKAKU<\/a><\/li>\n<li><a href=\"http:\/\/www.nossacasa.net\/shunya\/gasan-jitou\/\">GASAN JITOU<\/a><\/li>\n<li><a href=\"http:\/\/www.nossacasa.net\/shunya\/inzan-ien\/\">INZAN IEN<\/a><\/li>\n<li><a href=\"http:\/\/www.nossacasa.net\/shunya\/taigen-gisan\/\">TAIGEN SHIGEN<\/a><\/li>\n<li><a href=\"http:\/\/www.nossacasa.net\/shunya\/gisan-zenrai\/\">GISAN ZENRAI<\/a><\/li>\n<li><a href=\"http:\/\/www.nossacasa.net\/shunya\/giboku-tekisui\/\">GIBOKU TEKISUI<\/a><\/li>\n<li><a href=\"http:\/\/www.nossacasa.net\/shunya\/ryoen-genseki\/\">RYOEN GENSEKI<\/a><\/li>\n<li><a href=\"http:\/\/www.nossacasa.net\/shunya\/seisetsu-genjo-seki\/\">SEISETSU GENJO<\/a><\/li>\n<li><a href=\"default.asp?menu=639\" class=\"broken_link\">SEKI BOKUOU<\/a><\/li>\n<\/ol>\n<\/td>\n<td valign=\"top\">\n<ol type=\"1\" start=\"75\"><b><u>OCIDENTE<\/u><\/b><\/p>\n<li><a href=\"http:\/\/www.nossacasa.net\/shunya\/omori-sogen\/\">OMORI SOGEN<\/a><\/li>\n<\/ol>\n<\/td>\n<\/tr>\n<\/table>\n<hr \/>\n<div style=\"text-align:right\"><a href=\"#inicio\">Topo<\/a><\/div>\n<hr \/>\n<\/div>\n<!-- AddThis Advanced Settings generic via filter on the_content --><!-- AddThis Share Buttons generic via filter on the_content -->","protected":false},"excerpt":{"rendered":"<p>Refer\u00eancias Biografia Linhagem Refer\u00eancias1 Roshi Omori Sogen, mestre Rinzai da 10a. gera\u00e7\u00e3o desde Hakuin Ekaku, recebeu a transmiss\u00e3o do Dharma de Roshi Seki Bokuou Sou&#8217;un. Roshi Omori Sogen foi o fundador do Templo Chozen-jii no Hawaii, o \u00fanico templo Rinzai &hellip; <a href=\"http:\/\/www.nossacasa.net\/shunya\/omori-sogen\/\">Continue lendo <span class=\"meta-nav\">&rarr;<\/span><\/a><!-- AddThis Advanced Settings generic via filter on get_the_excerpt --><!-- AddThis Share Buttons generic via filter on get_the_excerpt --><\/p>\n","protected":false},"author":1,"featured_media":0,"parent":0,"menu_order":0,"comment_status":"closed","ping_status":"closed","template":"","meta":{"footnotes":""},"class_list":["post-4074","page","type-page","status-publish","hentry"],"_links":{"self":[{"href":"http:\/\/www.nossacasa.net\/shunya\/wp-json\/wp\/v2\/pages\/4074","targetHints":{"allow":["GET"]}}],"collection":[{"href":"http:\/\/www.nossacasa.net\/shunya\/wp-json\/wp\/v2\/pages"}],"about":[{"href":"http:\/\/www.nossacasa.net\/shunya\/wp-json\/wp\/v2\/types\/page"}],"author":[{"embeddable":true,"href":"http:\/\/www.nossacasa.net\/shunya\/wp-json\/wp\/v2\/users\/1"}],"replies":[{"embeddable":true,"href":"http:\/\/www.nossacasa.net\/shunya\/wp-json\/wp\/v2\/comments?post=4074"}],"version-history":[{"count":7,"href":"http:\/\/www.nossacasa.net\/shunya\/wp-json\/wp\/v2\/pages\/4074\/revisions"}],"predecessor-version":[{"id":6897,"href":"http:\/\/www.nossacasa.net\/shunya\/wp-json\/wp\/v2\/pages\/4074\/revisions\/6897"}],"wp:attachment":[{"href":"http:\/\/www.nossacasa.net\/shunya\/wp-json\/wp\/v2\/media?parent=4074"}],"curies":[{"name":"wp","href":"https:\/\/api.w.org\/{rel}","templated":true}]}}