{"id":4091,"date":"2018-05-26T16:17:20","date_gmt":"2018-05-26T18:17:20","guid":{"rendered":"http:\/\/www.nossacasa.net\/shunya\/?page_id=4091"},"modified":"2018-07-13T15:44:11","modified_gmt":"2018-07-13T17:44:11","slug":"shundo-aoyama","status":"publish","type":"page","link":"http:\/\/www.nossacasa.net\/shunya\/shundo-aoyama\/","title":{"rendered":"Shundo Aoyama"},"content":{"rendered":"<div style=\"text-align:justify\">\n<a name=\"inicio\"><\/a><a href=\"http:\/\/www.nossacasa.net\/shunya\/?attachment_id=4092\" rel=\"attachment wp-att-4092\"><img loading=\"lazy\" decoding=\"async\" src=\"http:\/\/www.nossacasa.net\/shunya\/wp-content\/uploads\/2018\/05\/Shundo-Aoyama.jpg\" alt=\"\" width=\"260\" height=\"194\" class=\"alignright size-full wp-image-4092\" \/><\/a><a href=\"http:\/\/www.nossacasa.net\/shunya\/quanto-tempo-praticar\/attachment\/567\/\" rel=\"attachment wp-att-1764\"><img loading=\"lazy\" decoding=\"async\" src=\"http:\/\/www.nossacasa.net\/shunya\/wp-content\/uploads\/2013\/02\/567.jpg\" alt=\"\" width=\"200\" height=\"228\" class=\"alignright size-full wp-image-1764\" \/><\/a><strong>Shundo Aoyama<\/strong> (1933-)<\/p>\n<p>Shundo Aoyama Roshi nasceu em 1933 (Showa 8, no Jap\u00e3o) na cidade de Ichinomya, prov\u00edncia de Aichi. Aos cinco anos ingressou no Templo Muryo, em Shinshu, prov\u00edncia de Nagano. O Templo Muryo \u00e9 da tradi\u00e7\u00e3o budista Soto Zen. Aos 15 anos tornou-se monja e entrou para Aichi Senmon Nisodo, em Nagoia (Mosteiro Especializado na Forma\u00e7\u00e3o de Monjas Budistas de Aichi). Cursou a Universidade de Komazawa, em T\u00f3quio, tendo se graduado com grande m\u00e9rito em Estudos Budistas. Fez p\u00f3s-gradua\u00e7\u00e3o em Estudos Budistas na mesma Universidade e no Instituto de Pesquisa e Divulga\u00e7\u00e3o do Budismo Soto Zen. Em 1964, foi designada professora do Mosteiro Especializado na Forma\u00e7\u00e3o de Monjas Budistas de Aichi e em 1976 tornou-se a Abadessa do Mosteiro. A partir de 1984 acumulou o cargo de Abadessa do Tokubetsu Nisodo, Treinamento para Monjas Especiais (Professoras) no Mosteiro de Aichi. Al\u00e9m desses cargos \u00e9 a respons\u00e1vel pelo Templo Muryo em Nagano e Conselheira do Mosteiro Sede de Sojiji. Visitou a \u00cdndia por duas vezes. Em 1976 peregrinou pelos locais relacionados com a vida de Shakyamuni Buda e em 1982 vivenciou a experi\u00eancia das irm\u00e3s de caridade lideradas por Madre Teresa de Calcut\u00e1.<\/p>\n<p>Profundamente envolvida no Di\u00e1logo Inter-religioso, esteve na Europa (em Assis e Roma) como uma das representantes da Delega\u00e7\u00e3o Pr\u00f3-Interc\u00e2mbio Espiritual Oriente-Ocidente, em 1979 e em 1987, ocasi\u00e3o em que tamb\u00e9m vivenciou a clausura em um mosteiro beneditino da B\u00e9lgica. Desde 1984 tem visitado centros de pr\u00e1tica Zen Budista na Am\u00e9rica do Norte, orientando os grupos de Zazen.<\/p>\n<p>Shundo Aoyama Roshi Abadessa do Mosteiro Aichi Senmon Nisodo e Aichi Tokubetsu Nisodo em Nagoya,  Jap\u00e3o, foi Mestre do Dharma de <a href=\"http:\/\/www.nossacasa.net\/shunya\/shingetsu-coen\/\">Monja Coen<\/a>.<\/p>\n<hr \/>\n<p><strong>Livros:<\/strong><br \/>\n<a href=\"http:\/\/www.nossacasa.net\/shunya\/para-uma-pessoa-bonita\/\">Para uma pessoa bonita &#8211; Contos de uma mestra zen<\/a><\/p>\n<p><strong>Textos:<\/strong><br \/>\n<a href=\"http:\/\/www.nossacasa.net\/shunya\/a-medida\/\">A medida<\/a><br \/>\n<a href=\"http:\/\/www.nossacasa.net\/shunya\/amar\/\">Amar<\/a><br \/>\n<a href=\"http:\/\/www.nossacasa.net\/shunya\/ajudar-burros-a-atravessar\/\">Ajudar burros a atravessar<\/a><br \/>\n<a href=\"http:\/\/www.nossacasa.net\/shunya\/faz-barulho-porque-nao-esta-completo\/\">Faz barulho porque n\u00e3o est\u00e1 completo<\/a><br \/>\n<a href=\"http:\/\/www.nossacasa.net\/shunya\/mutuca\/\">Mutuca<\/a><br \/>\n<a href=\"http:\/\/www.nossacasa.net\/shunya\/no-lugar-do-outro\/\">No lugar do outro<\/a><br \/>\n<a href=\"http:\/\/www.nossacasa.net\/shunya\/monges-sao-otimos-amigos\/\">Monges s\u00e3o \u00f3timos amigos<\/a><br \/>\n<a href=\"http:\/\/www.nossacasa.net\/shunya\/praticando-alem-do-eu\/\">Praticando al\u00e9m do eu<\/a><br \/>\n<a href=\"http:\/\/www.nossacasa.net\/shunya\/quero-me-tornar-uma-pessoa-bonita\/\">Quero me tornar uma pessoa bonita<\/a><br \/>\n<a href=\"http:\/\/www.nossacasa.net\/shunya\/vento-celestial\/\">Vento Celestial<\/a><br \/>\n<a href=\"http:\/\/www.nossacasa.net\/shunya\/voce-e-pai-mas-ao-mesmo-tempo-e-filho\/\">Voc\u00ea \u00e9 pai, mas ao mesmo tempo \u00e9 filho<\/a><\/p>\n<hr \/>\n<div style=\"text-align:right\"><a href=\"#inicio\">Topo<\/a><\/div>\n<hr \/>\n<\/div>\n<!-- AddThis Advanced Settings generic via filter on the_content --><!-- AddThis Share Buttons generic via filter on the_content -->","protected":false},"excerpt":{"rendered":"<p>Shundo Aoyama (1933-) Shundo Aoyama Roshi nasceu em 1933 (Showa 8, no Jap\u00e3o) na cidade de Ichinomya, prov\u00edncia de Aichi. Aos cinco anos ingressou no Templo Muryo, em Shinshu, prov\u00edncia de Nagano. O Templo Muryo \u00e9 da tradi\u00e7\u00e3o budista Soto &hellip; <a href=\"http:\/\/www.nossacasa.net\/shunya\/shundo-aoyama\/\">Continue lendo <span class=\"meta-nav\">&rarr;<\/span><\/a><!-- AddThis Advanced Settings generic via filter on get_the_excerpt --><!-- AddThis Share Buttons generic via filter on get_the_excerpt --><\/p>\n","protected":false},"author":1,"featured_media":4092,"parent":0,"menu_order":0,"comment_status":"closed","ping_status":"closed","template":"","meta":{"footnotes":""},"class_list":["post-4091","page","type-page","status-publish","has-post-thumbnail","hentry"],"_links":{"self":[{"href":"http:\/\/www.nossacasa.net\/shunya\/wp-json\/wp\/v2\/pages\/4091","targetHints":{"allow":["GET"]}}],"collection":[{"href":"http:\/\/www.nossacasa.net\/shunya\/wp-json\/wp\/v2\/pages"}],"about":[{"href":"http:\/\/www.nossacasa.net\/shunya\/wp-json\/wp\/v2\/types\/page"}],"author":[{"embeddable":true,"href":"http:\/\/www.nossacasa.net\/shunya\/wp-json\/wp\/v2\/users\/1"}],"replies":[{"embeddable":true,"href":"http:\/\/www.nossacasa.net\/shunya\/wp-json\/wp\/v2\/comments?post=4091"}],"version-history":[{"count":13,"href":"http:\/\/www.nossacasa.net\/shunya\/wp-json\/wp\/v2\/pages\/4091\/revisions"}],"predecessor-version":[{"id":5477,"href":"http:\/\/www.nossacasa.net\/shunya\/wp-json\/wp\/v2\/pages\/4091\/revisions\/5477"}],"wp:featuredmedia":[{"embeddable":true,"href":"http:\/\/www.nossacasa.net\/shunya\/wp-json\/wp\/v2\/media\/4092"}],"wp:attachment":[{"href":"http:\/\/www.nossacasa.net\/shunya\/wp-json\/wp\/v2\/media?parent=4091"}],"curies":[{"name":"wp","href":"https:\/\/api.w.org\/{rel}","templated":true}]}}