{"id":4358,"date":"2018-05-27T14:35:27","date_gmt":"2018-05-27T16:35:27","guid":{"rendered":"http:\/\/www.nossacasa.net\/shunya\/?page_id=4358"},"modified":"2020-07-11T18:10:13","modified_gmt":"2020-07-11T20:10:13","slug":"kodo-sawaki","status":"publish","type":"page","link":"http:\/\/www.nossacasa.net\/shunya\/kodo-sawaki\/","title":{"rendered":"Kodo Sawaki"},"content":{"rendered":"<div style=\"text-align:justify\"><font face=\"Verdana\" size=\"2\"><br \/>\n<a name=\"inicio\"><\/a><a href=\"http:\/\/www.nossacasa.net\/shunya\/somon-kodo\/somon-kodo-3\/\" rel=\"attachment wp-att-4364\"><img loading=\"lazy\" decoding=\"async\" src=\"http:\/\/www.nossacasa.net\/shunya\/wp-content\/uploads\/2018\/05\/Somon-Kodo-1-300x207.jpg\" alt=\"\" width=\"300\" height=\"207\" class=\"alignleft size-medium wp-image-4364\" srcset=\"http:\/\/www.nossacasa.net\/shunya\/wp-content\/uploads\/2018\/05\/Somon-Kodo-1-300x207.jpg 300w, http:\/\/www.nossacasa.net\/shunya\/wp-content\/uploads\/2018\/05\/Somon-Kodo-1.jpg 320w\" sizes=\"auto, (max-width: 300px) 100vw, 300px\" \/><\/a><a href=\"http:\/\/www.nossacasa.net\/shunya\/quanto-tempo-praticar\/attachment\/340\/\" rel=\"attachment wp-att-1734\"><img loading=\"lazy\" decoding=\"async\" src=\"http:\/\/www.nossacasa.net\/shunya\/wp-content\/uploads\/2013\/02\/340.jpg\" alt=\"\" width=\"211\" height=\"266\" class=\"alignleft size-full wp-image-1734\" \/><\/a><\/font><font size=\"4\"><b>Kodo Sawaki (1880-1965) (1880-1965)<\/b><\/font><br \/>\n<a href=\"#a\">Biografia (portugu\u00eas)<\/a><br \/>\n<a href=\"#b\">Biografia (Espanhol)<\/a><br \/>\n<a href=\"#c\">O Templo de Antai-ji<\/a><br \/>\n<a href=\"#d\">Textos<\/a><br \/>\n<a href=\"#e\">Linhagem<\/a><\/p>\n<p align=center><b><font face=\"tahoma, verdana, arial\" size=4>Refer\u00eancias<\/font><sup>1<\/sup><\/b><\/p>\n<p>Sawaki (Somon) Kodo \u00e9 da 81<sup>a.<\/sup>gera\u00e7\u00e3o desde Buda e da 30<sup>a.<\/sup>gera\u00e7\u00e3o desde Dogen.<\/p>\n<p>Sawaki Kodo foi Herdeiro do Dharma de <a href=\"http:\/\/www.nossacasa.net\/shunya\/shokoku-zenko\/\">Shokoku Zenko<\/a> e seu sucessor em Daiojo-ji, e seu nome est\u00e1 associado a uma das linhagens principais dentro do Soto Zen. <\/p>\n<p>Sawaki Kodo \u00e9 da 27<sup>a.<\/sup>gera\u00e7\u00e3o da linhagem  <a href=\"http:\/\/www.nossacasa.net\/shunya\/meiho-sotetsu\/\">Meiho Sotetsu<\/a> e transmitiu o Dharma para <a href=\"http:\/\/www.nossacasa.net\/shunya\/taizen-deshimaru\/\">Mokudo Taisen<\/a>.<\/p>\n<hr \/>\n<ol type=\"1\">\n<li>http:\/\/195.157.97.145:8088\/\n<\/li>\n<\/ol>\n<p align=center><b><font face=\"tahoma, verdana, arial\" size=4><a name=\"a\">Biografia (Portugu\u00eas)<\/a><\/font><sup>1<\/sup><\/b><br \/>\nKodo Sawaki nasceu em uma fam&iacute;lia de sete irm&atilde;os, acomodada e feliz, perto de Ise Shrine, em 16 de junho de 1880. Seu nome &eacute; Tsaikichi. Quando tinha cinco anos, sua m&atilde;e morreu e, com a idada de oito anos, perdeu a seu pai. Foi adotado por um amigo de seu tio, que faleceu nesta &eacute;poca, Sawaki Bunchiki. Jogador profissional, este &uacute;ltimo era um homem d&eacute;bil y folgaz&atilde;o que no acreditava mais que &#8220;no tabaco e no sexo&#8221;, e que havia tido onze mulheres. A daquele momento era uma prostituta que sofria crises de histeria. <\/p>\n<p>Aos treze anos, Tsaikichi teve que trabalhar para comer e neste bairro conturbado, se converteu em encarregado de supervisionar os saldos dos jogadores. Depois de assistir a morte de um homem de idade avan&ccedil;ada em um borde, tomou brutalmente consci&ecirc;ncia de que no desejava acabar sua vida de una maneira t&atilde;o desonrosa. Este incidente o levou para o caminho do budismo. Ficou aterrorizado com sua maneira de viver. Conheceu aos Morita Soshichi, pessoas honestas e puras que haviam recebido uma boa educa&ccedil;&atilde;o e a ajuda que recebeu desta fam&iacute;lia foi uma janela aberta para a verdade. Come&ccedil;ou a frequentar um templo shinshu e, quando estava tentado em tornar-se monge para escapar de sua fam&iacute;lia, um sacerdote shinshu lhe aconselhou que se orientasse melhor sobre o zen. Em 1896, saiu para o templo Eihei-ji.<\/p>\n<p>Uma vez ali, as dificuldades come&ccedil;aram porque, sendo um desconhecido, n&atilde;o pode tornar-se monge e teve que aceitar uma vaga como servente, o que lhe permitiu, a pesar de todo, aprender a fazer zazen.<br \/>\nAo final em 1897, com Sawada Koho Osho, no templo de Kyushu, recebeu tokudo (a ordena&ccedil;&atilde;o) e se fez monge com o nome de Kodo. Permaneceu com este mestre dois anos. Mais tarde, conheceu outro mestre na pessoa Fueoka Sunum Osho. Este o ensinou a forma certa: n&atilde;o buscar o satori nem nenhuma outra coisa. Simplesmente sentar-se em zazen. Esta rela&ccedil;&atilde;o mestre-disc&iacute;pulo durou um ano, e foi interrompida por sua incorpora&ccedil;&atilde;o ao ex&eacute;rcito, em 1900. Em 1904, durante a guerra russo-japonesa, foi enviado com a infantaria para a frente chinesa onde foi ferido gravemente. Voltou ent&atilde;o ao Jap&atilde;o para receber cuidados m&eacute;dicos e passar a convalesc&ecirc;ncia. Em 1905, foi reenviado a China at&eacute; o final da guerra. <\/p>\n<p>Em 1908, aos vinte e nove anos, entrou  na escola de Horyu-ji em Nara e fez ali seus estudos de filosofia, sem descuidar nunca do zazen nem do Shobogenzo.<\/p>\n<p>Em 1912, se converteu no primeiro assistente de dojo, tanto, de Y&ocirc;sen-ji.<br \/>\nSeguiu um per&iacute;odo de solid&atilde;o concentrado na pr&aacute;tica de zazen, em um pequeno templo na prov&iacute;ncia de Nara.<\/p>\n<p>Em 1916, abandonou este retiro para converter-se em leitor, koshi, em Daiji-ji S&ocirc;d&ocirc;. Depois, em 1922, deixou Daiji-ji para viver em casa de um amigo.<br \/>\nEm 1923, come&ccedil;ou a viajar pelo Jap&atilde;o para dar conferencias e dirigir sesshin.<br \/>\nEm 1935, chegou a ser professor da universidade de Komasawa, onde deu conferencias sobre a literatura zen, e dirigiu ali la pr&aacute;tica de zazen, tornou-se depois godo de Soji-ji. &Eacute; neste momento (em 1936) que Yasuo Deshimaru se converteu em seu disc&iacute;pulo.<br \/>\nAt&eacute; antes da guerra, em 1940, Kodo Sawaki dirigiu tamb&eacute;m um grande templo na montanha, o Tengyo Zen-en.<\/p>\n<p>Foi depois da guerra quando chegou a ser particularmente c&eacute;lebre no Jap&atilde;o organizando sesshin e campos de ver&atilde;o em diversos lugares. Ensinava tanto a leigos como a monges, dava conferencias tanto nas universidades como nas pris&otilde;es e participou na funda&ccedil;&atilde;o de numerosos doj&ocirc;s. Era chamado &#8220;Kodo sem morada&#8221; porque recusou instalar-se em um templo e viajava sempre s&oacute;.<br \/>\nEm 1949 junto com seu disc\u00edpulo Uchiyama Kosho foi enviado para recuperar o templo de Antai-ji, no norte de Kyoto.<br \/>\nTrouxe ent&atilde;o, um sopro de ar fresco ao zen moribundo reintroduzindo a pr&aacute;tica universal de zazen. Durante todo este per&iacute;odo, o Mestre Deshimaru o seguiu a todas partes e Kodo Sawaki lhe transmitiu a ess&ecirc;ncia do budismo.<\/p>\n<p>Entre sus principales disc\u00edpulos destacamos a <a href=\"http:\/\/www.nossacasa.net\/shunya\/shuyu-narita\/\">Roshi Shuyu Narita<\/a>, <a href=\"default.asp?menu=612\" class=\"broken_link\">Roshi Kosho Uchiyama<\/a>, Roshi Suzuki Kakuzen e <a href=\"http:\/\/www.nossacasa.net\/shunya\/taizen-deshimaru\/\">Roshi Taisen Deshimaru<\/a>.<br \/>\nEm 1963, aos oitenta e seis anos, ficou gravemente enfermo e se retirou para Antai-ji (templo que ele havia transformado em um lugar de pr&aacute;tica pura). Desde sua cama, passava longos momentos olhando o monte Takagamine e tr&ecirc;s dias antes de sua morte, disse a uma monja: &#8221; \u00a1Olha! A natureza &eacute; magn&iacute;fica. Compreendo os problemas dos homens. Nunca em toda minha vida, conheci uma pessoa a qual houvesse podido submeter-me e a que houvesse podido admirar. Mas este monte Takagamine me olha sempre desde cima dizendo: &#8220;Kod&ocirc;, Kod&ocirc;.&#8221; &#8221; Estas foram suas &uacute;ltimas palavras. Morre em 21 de dezembro de 1965, &agrave;s 13h50.<\/p>\n<hr \/>\n<p align=center><b><font face=\"tahoma, verdana, arial\" size=4><a name=\"b\">Biografia (Espanhol)<\/a><\/font><sup>1<\/sup><\/b><br \/>\nK&ocirc;d&ocirc; Sawaki naci&oacute; en una familia de siete hermanos, acomodada y feliz, cerca de Ise Shrine, el 16 de junio de 1880. Su nombre es Tsaikichi. Cuando ten&iacute;a cinco a&ntilde;os, su madre muri&oacute; y, a la edad de ocho a&ntilde;os, perdi&oacute; a su padre. Fue adoptado por un amigo de su t&iacute;o, que falleci&oacute; mientras tanto, Sawaki Bunchiki. Jugador profesional, este &uacute;ltimo era un hombre d&eacute;bil y holgaz&aacute;n que no cre&iacute;a m&aacute;s que en &#8220;el tabaco y el sexo&#8221;, y que hab&iacute;a tenido once mujeres. La de aquel momento era una prostituta que sufr&iacute;a crisis de histeria. <\/p>\n<p>A los trece a&ntilde;os, Tsaikichi tuvo que trabajar para comer y en este turbio barrio, se convirti&oacute; en el encargado de supervisar los saldos de los jugadores. Tras asistir a la muerte de un hombre de avanzada edad en un burdel, tom&oacute; brutalmente conciencia de que no deseaba acabar su vida de una manera tan deshonrosa. Este incidente le llev&oacute; hacia la v&iacute;a del budismo. Cogi&oacute; terror a su manera de vivir.<\/p>\n<p>Conoci&oacute; a los Morita Soshichi, personas honestas y puras que hab&iacute;an recibido una gran educaci&oacute;n y la ayuda que recibi&oacute; de esta familia fue una ventana abierta a la verdad. Empez&oacute; a frecuentar un templo shinshu y, cuando estaba tentado de hacerse monje para escapar de su familia, un sacerdote shinshu le aconsej&oacute; que se orientase mejor hacia el zen. En 1896, sali&oacute; hacia Eihei-ji.<br \/>\nUna vez all&iacute;, las dificultades comenzaron porque, siendo un desconocido, no pudo hacerse monje y tuvo que aceptar una plaza como sirviente, lo que le permiti&oacute;, a pesar de todo, aprender a hacer zazen.<br \/>\nAl final en 1897, con Sawada Koho Osh&ocirc;, en el templo de Ky&ucirc;sh&ucirc;, recibi&oacute; tokudo (la ordenaci&oacute;n) y se hizo monje con el nombre de K&ocirc;d&ocirc;. Se qued&oacute; con este maestro dos a&ntilde;os.<\/p>\n<p>M&aacute;s tarde, conoci&oacute; a otro maestro en la persona de Fueoka Sunum Osh&ocirc;. &Eacute;ste le ense&ntilde;&oacute; la manera justa: no buscar el satori ni ninguna otra cosa. Simplemente sentarse en zazen. Esta relaci&oacute;n maestro-disc&iacute;plulo dur&oacute; un a&ntilde;o, y fue interrumpida por su incorporaci&oacute;n al ej&eacute;rcito, en 1900. En 1904, durante la guerra ruso-japonesa, fue enviado con la infanter&iacute;a al frente chino donde fue herido gravemente. Volvi&oacute; entonces a Jap&oacute;n para recibir cuidados m&eacute;dicos y pasar la convalecencia. En 1905, fue reenviado a China hasta el final de la guerra. <\/p>\n<p>En 1908, a los veintinueve a&ntilde;os, entr&oacute; en la escuela de Horyu-ji en Nara e hizo all&iacute; estudios de filosof&iacute;a, sin descuidar nunca zazen ni el Sh&ocirc;b&ocirc;genz&ocirc;.<\/p>\n<p>En 1912, se convirti&oacute; en el primer asistente del dojo, tant&ocirc;, de Y&ocirc;sen-ji.<br \/>\nSigui&oacute; un periodo de soledad concentrada en la pr&aacute;ctica de zazen, en un peque&ntilde;o templo en la provincia de Nara.<\/p>\n<p>En 1916, abandon&oacute; este retiro para convertirse en lector, k&ocirc;shi, en Daiji-ji S&ocirc;d&ocirc;. Despu&eacute;s, en 1922, dej&oacute; Daiji-ji para vivir en casa de un amigo.<br \/>\nEn 1923, comenz&oacute; a viajar por el Jap&oacute;n para dar conferencias y dirigir sesshin.<\/p>\n<p>En 1935, lleg&oacute; a ser profesor de la universidad de Komasawa, en la que di&oacute; conferencias sobre la literatura zen, y dirigi&oacute; all&iacute; la pr&aacute;ctica de zazen, despu&eacute;s godo de Soji-ji. Es en este momento (en 1936) en el que Yasuo Deshimaru se convirti&oacute; en su dsic&iacute;pulo.<br \/>\nHasta antes de la guerra, en 1940, K&ocirc;d&ocirc; Sawaki dirigi&oacute; tambi&eacute;n un gran templo en la monta&ntilde;a, el Tengy&ocirc; Zen-en.<\/p>\n<p>Fue despu&eacute;s de la gerra cuando lleg&oacute; a ser particularmente c&eacute;lebre en Jap&oacute;n organizando sesshin y campos de verano en diversos lugares. Ense&ntilde;aba tanto a laicos como a monjes, daba conferencias tanto en las universidades como en las prisiones y particip&oacute; en la fundaci&oacute;n de numerosos dojos. Le apodaban &#8221; K&ocirc;d&ocirc; sin morada &#8221; porque rechaz&oacute; instalarse en un templo y viajaba siempre solo.<br \/>\nTrajo entonces, un soplo de aire freso al zen moribundo reintroduciendo la pr&aacute;ctica universal de zazen. Durante todo este periodo, el Maestro Deshimaru le sigui&oacute; a todas partes y K&ocirc;d&ocirc; Sawaki le transmiti&oacute; la esencia del budismo.<\/p>\n<p>En 1963, a los ochenta y seis a&ntilde;os, cay&oacute; gravemente enfermo y se retir&oacute; a Antai-ji (templo que &eacute;l hab&iacute;a transformado en un lugar de pr&aacute;ctica pura). Desde su cama, pasaba largos ratos mirando el monte Takagamine y tres d&iacute;as antes de su muerte, dijo a una monja: &#8221; \u00a1Mira! La naturaleza es magn&iacute;fica. Comprendo los problemas de los hombres. Nunca en toda mi vida, he conocido una persona a la que hubiese podido someterme y a la que hubiese podido admirar. Pero este monte Takagamine me mira siempre desde lo alto diciendo: &#8220;K&ocirc;d&ocirc;, K&ocirc;d&ocirc;.&#8221; &#8221; Estas fueron sus &uacute;ltimas palabras. Muri&oacute; el 21 de diciembre de 1965, a las 13h50.<\/p>\n<hr \/>\n<div style=\"text-align:right\"><a href=\"#inicio\">Topo<\/a><\/div>\n<p><img loading=\"lazy\" decoding=\"async\" src=\"imagens\/340a.jpg\" border=\"0\" width=\"220\" height=\"165\" align=\"left\" alt=\"Antai-ji\"\/><\/p>\n<p align=center><b><font face=\"tahoma, verdana, arial\" size=4><br \/>\n<a name=\"c\">O Templo de Antai-ji<\/a><\/font><sup>2<\/sup><\/b><br \/>\nAntai-ji pertence a escola Soto Zen. Foi fundado em 1923 por Roshi Oka Sotan como monast\u00e9rio para estudantes do Shobogenzo. Estava localizado no norte de Kyoto, e muitos mestres importantes estudaram l\u00e1.<br \/>\nDurante a segunda querra mundial entretanto, Antai-ji foi desocupado at\u00e9 1949, quando Roshi Sawaki Kodo e seu disc\u00edpulo Uchiyama Kosho, mudaram-se para l\u00e1. Antai-ji foi transformado em um lugar para a pr\u00e1tica pura e simples de Zazen. Durante o final dos anos sessenta, o nome deste pequeno templo tornou-se conhecido, pela pr\u00e1tica que consistia em Zazen e mendic\u00e2ncia formal, n\u00e3o s\u00f3 no Jap\u00e3o, mas tamb\u00e9m no estrangeiro, e muitas pessoas passaram por l\u00e1.<\/p>\n<p>Mas o aumento de visitas e as muitas novas casas sendo construidas em torno do templo criou muito barulho o que o tornou inadequado para uma pr\u00e1tica continuada. Ent\u00e3o o abade seguinte, Roshi Watanabe Koho, decidiu mudar Antai-ji para sua atual localiza\u00e7\u00e3o no norte de Hyogo. Junto com o quietude das montanhas, ele estava procurando um novo estilo da vida que devolvesse o Zen aa suas ra\u00edzes chinesas de sufici\u00eancia pr\u00f3pria.<\/p>\n<p>Presentemente, Antai-ji est\u00e1 localizado pr\u00f3ximo a um parque nacional na costa do Mar japon\u00eas, e est\u00e1 formado por mais ou menos 50 hectares de terra nas montanhas. O antigo abade Roshi Miyaura Shinyu protegeu esta vida tranquila e autosufuciente para a pr\u00e1tica do Zazen, at\u00e9 a sua morte s\u00fabita na neve em fevereiro de 2002.<br \/>\nSeu disc\u00edpulo, o monge alem\u00e3o Muho, continua como o abade at\u00e9 o presente.<\/p>\n<p>Antai-ji teve os seguintes Abades:<\/p>\n<ol type=\"1\">\n<li>Oka Sotan (Fundador) &#8211; 1923\n\t<\/li>\n<li>Odagaki Zuirin\n\t<\/li>\n<li>Kishizawa Ian\n\t<\/li>\n<li>Eto Sokuo (1888-1958)\n\t<\/li>\n<li>Sawaki Kodo &#8211; 1949\n\t<\/li>\n<li>Uchiyama Kosho\n\t<\/li>\n<li>Watanabe Koho\n\t<\/li>\n<li>Miyaura Shinyu\n\t<\/li>\n<li>Muho &#8211; 2002\n<\/li>\n<\/ol>\n<hr \/>\n<div style=\"text-align:right\"><a href=\"#inicio\">Topo<\/a><\/div>\n<ol type=\"1\">\n<li>Extra\u00eddo de www.zen-deshimaru.com<\/li>\n<li>Extra\u00eddo de http:\/\/www.geocities.co.jp\/HeartLand-Hanamizuki\/5235\/chara\/eng-enkaku_1.html<\/li>\n<\/ol>\n<hr \/>\n<p><font face=\"Comic Sans MS\" size=\"3\" color=\"#800000\"><a name=\"d\">Textos<\/a><\/font><br \/>\n<a href=\"default.asp?menu=448\" class=\"broken_link\">Poema do Zazen<\/a><br \/>\n<a href=\"default.asp?menu=342\" class=\"broken_link\">Aqui est&aacute; o Caminho<\/a><br \/>\n<a href=\"default.asp?menu=341\" class=\"broken_link\">Os homens sempre tem algo que fazer<\/a><\/p>\n<hr \/>\n<\/div>\n<div style=\"text-align:right\"><a href=\"#inicio\">Topo<\/a><\/div>\n<hr \/>\n<hr \/>\n<p><font face=\"Comic Sans MS\" size=\"3\" color=\"#800000\"><a name=\"b\">Linhagem <font size=\"2\">(desde Sakiamuni Buda)<\/font><\/a><\/font><\/p>\n<div style=\"text-align:center\">\n<ol type=\"1\"><b><u>BUTSU<\/u><\/b><\/p>\n<li><a href=\"http:\/\/www.nossacasa.net\/shunya\/buda\/\">BIBASHI<\/a><\/li>\n<li><a href=\"http:\/\/www.nossacasa.net\/shunya\/buda\/\">SHIKI<\/a><\/li>\n<li><a href=\"http:\/\/www.nossacasa.net\/shunya\/buda\/\">BISHAFU<\/a><\/li>\n<li><a href=\"http:\/\/www.nossacasa.net\/shunya\/buda\/\">KURUSON<\/a><\/li>\n<li><a href=\"http:\/\/www.nossacasa.net\/shunya\/buda\/\">KUNAGONMUNI<\/a><\/li>\n<li><a href=\"http:\/\/www.nossacasa.net\/shunya\/buda\/\">KASHO<\/a><\/li>\n<li><a href=\"http:\/\/www.nossacasa.net\/shunya\/buda\/\">XAQUIAMUNI<\/a><\/li>\n<\/ol>\n<\/div>\n<table width=\"100%\" border=\"0\">\n<tr>\n<td valign=\"top\">\n<ol type=\"1\"><b><u>\u00cdNDIA<\/u><\/b><\/p>\n<li><a href=\"http:\/\/www.nossacasa.net\/shunya\/mahakashyapa\/\">MAKAKASHO<\/a><\/li>\n<li><a href=\"http:\/\/www.nossacasa.net\/shunya\/ananda\/\">ANANDA<\/a><\/li>\n<li><a href=\"http:\/\/www.nossacasa.net\/shunya\/shanavasa\/\">SHONAWASHU<\/a><\/li>\n<li><a href=\"http:\/\/www.nossacasa.net\/shunya\/upagupta\/\">UBAGIKUTA<\/a><\/li>\n<li><a href=\"http:\/\/www.nossacasa.net\/shunya\/dhritaka\/\">DAITAKA<\/a><\/li>\n<li><a href=\"http:\/\/www.nossacasa.net\/shunya\/michaka\/\">MISHAKA<\/a><\/li>\n<li><a href=\"http:\/\/www.nossacasa.net\/shunya\/vasumitra\/\">BASHUMITSU<\/a><\/li>\n<li><a href=\"http:\/\/www.nossacasa.net\/shunya\/buddhananda\/\">BUTSUDANANDAI<\/a><\/li>\n<li><a href=\"http:\/\/www.nossacasa.net\/shunya\/buddhamitra\/\">FUDAMITA<\/a><\/li>\n<li><a href=\"http:\/\/www.nossacasa.net\/shunya\/parshvanatha\/\">BARISHIBA<\/a><\/li>\n<li><a href=\"http:\/\/www.nossacasa.net\/shunya\/punyayashas\/\">FUNAYASHYA<\/a><\/li>\n<li><a href=\"http:\/\/www.nossacasa.net\/shunya\/ashvagosha\/\">ANABOTEI<\/a><\/li>\n<li><a href=\"http:\/\/www.nossacasa.net\/shunya\/kapimala\/\">KABIMORA<\/a><\/li>\n<li><a href=\"http:\/\/www.nossacasa.net\/shunya\/nagarjuna\/\">NAGYAHARAJUNA<\/a><\/li>\n<li><a href=\"http:\/\/www.nossacasa.net\/shunya\/aryadeva\/\">KANADAIBA<\/a><\/li>\n<li><a href=\"http:\/\/www.nossacasa.net\/shunya\/rahulata\/\">RAGORATA<\/a><\/li>\n<li><a href=\"http:\/\/www.nossacasa.net\/shunya\/sanghanandi\/\">SOGYANANDAI<\/a><\/li>\n<li><a href=\"http:\/\/www.nossacasa.net\/shunya\/gayashata\/\">KAYSHATA<\/a><\/li>\n<li><a href=\"http:\/\/www.nossacasa.net\/shunya\/kumarata\/\">KUMORATA<\/a><\/li>\n<li><a href=\"http:\/\/www.nossacasa.net\/shunya\/jayata\/\">SHAYATA<\/a><\/li>\n<li><a href=\"http:\/\/www.nossacasa.net\/shunya\/vasubandhu\/\">BASHUBANZU<\/a><\/li>\n<li><a href=\"http:\/\/www.nossacasa.net\/shunya\/manorhita\/\">MANURA<\/a><\/li>\n<li><a href=\"http:\/\/www.nossacasa.net\/shunya\/haklenayasha\/\">KAKUROKUNA<\/a><\/li>\n<li><a href=\"http:\/\/www.nossacasa.net\/shunya\/aryasimha\/\">SHSISHIBODAI<\/a><\/li>\n<li><a href=\"http:\/\/www.nossacasa.net\/shunya\/basiasita\/\">BASHASHITA<\/a><\/li>\n<li><a href=\"http:\/\/www.nossacasa.net\/shunya\/punyamitra\/\">FUNYOMITA <\/a><\/li>\n<li><a href=\"http:\/\/www.nossacasa.net\/shunya\/prajnatara\/\">HANNYATARA <\/a><\/li>\n<\/ol>\n<\/td>\n<td valign=\"top\">\n<ol type=\"1\" start=\"28\"><b><u>CHINA<\/u><\/b><\/p>\n<li><a href=\"http:\/\/www.nossacasa.net\/shunya\/bodhidharma\/\">BODAIDARUMA<\/a><\/li>\n<li><a href=\"http:\/\/www.nossacasa.net\/shunya\/hui-ko\/\">TAISO EKA<\/a><\/li>\n<li><a href=\"http:\/\/www.nossacasa.net\/shunya\/seng-tsan\/\">KANCHI SOSAN<\/a><\/li>\n<li><a href=\"http:\/\/www.nossacasa.net\/shunya\/tao-hsin\/\">DAII DOSHIN<\/a><\/li>\n<li><a href=\"http:\/\/www.nossacasa.net\/shunya\/hung-jen\/\">DAIMAN KONIN<\/a><\/li>\n<li><a href=\"http:\/\/www.nossacasa.net\/shunya\/hueineng\/\">DAIKAN ENO<\/a><\/li>\n<li><a href=\"http:\/\/www.nossacasa.net\/shunya\/ching-yuan\/\">SEIGEN GYOSHI<\/a><\/li>\n<li><a href=\"http:\/\/www.nossacasa.net\/shunya\/shih-tou\/\">SEKITO KISEN<\/a><\/li>\n<li><a href=\"http:\/\/www.nossacasa.net\/shunya\/yaoshan-weiyan\/\">YAKUSAN IGEN<\/a><\/li>\n<li><a href=\"http:\/\/www.nossacasa.net\/shunya\/yun-yen-tan-sheng\/\">UNGAN DONJO<\/a><\/li>\n<li><a href=\"http:\/\/www.nossacasa.net\/shunya\/tung-shan-liang-chieh\/\">TOZAN RYOKAI<\/a><\/li>\n<li><a href=\"http:\/\/www.nossacasa.net\/shunya\/yun-chu-tao-ying\/\">UNGO DOYO<\/a><\/li>\n<li><a href=\"http:\/\/www.nossacasa.net\/shunya\/tao-pi\/\">DOAN DOHI<\/a><\/li>\n<li><a href=\"http:\/\/www.nossacasa.net\/shunya\/kuan-chih\/\">DOAN KANSHI<\/a><\/li>\n<li><a href=\"http:\/\/www.nossacasa.net\/shunya\/yuan-kuan\/\">RYOSAN ENKAN<\/a><\/li>\n<li><a href=\"http:\/\/www.nossacasa.net\/shunya\/ta-yang-ching-hsuan\/\">TAIYO KIYOGEN<\/a><\/li>\n<li><a href=\"http:\/\/www.nossacasa.net\/shunya\/tou-tzu-yi-ching\/\">TOSHI GISEI<\/a><\/li>\n<li><a href=\"http:\/\/www.nossacasa.net\/shunya\/fu-jung-tao-kai\/\">FUYO DOKAI<\/a><\/li>\n<li><a href=\"http:\/\/www.nossacasa.net\/shunya\/tan-hsia\/\">TANKA SHIJUN<\/a><\/li>\n<li><a href=\"http:\/\/www.nossacasa.net\/shunya\/wu-kung\/\">CHORO SEIRIYO<\/a><\/li>\n<li><a href=\"http:\/\/www.nossacasa.net\/shunya\/tsung-chueh\/6\">TENDO SOKAKU<\/a><\/li>\n<li><a href=\"http:\/\/www.nossacasa.net\/shunya\/hsue-tou\/\">SECCHO CHIKAN<\/a><\/li>\n<li><a href=\"http:\/\/www.nossacasa.net\/shunya\/tien-tung-ju-ching\/\">TENDO NYOJO<\/a><\/li>\n<\/ol>\n<\/td>\n<\/tr>\n<tr>\n<td valign=\"top\">\n<ol type=\"1\" start=\"51\"><b><u>JAP\u00c3O<\/u><\/b><\/p>\n<li><a href=\"http:\/\/www.nossacasa.net\/shunya\/eihei-dogen\/\">EIHEI DOGEN<\/a><\/li>\n<li><a href=\"http:\/\/www.nossacasa.net\/shunya\/koun-ejo\/\">KOUN EJO<\/a><\/li>\n<li><a href=\"http:\/\/www.nossacasa.net\/shunya\/tettsu-gikai\/\">TETSU GIKAI<\/a><\/li>\n<li><a href=\"http:\/\/www.nossacasa.net\/shunya\/keizan-jokin\/\">KEIZAN JOKIN<\/a><\/li>\n<li><a href=\"http:\/\/www.nossacasa.net\/shunya\/meiho-sotetsu\/\">MEIHO SOTETSU<\/a><\/li>\n<li><a href=\"http:\/\/www.nossacasa.net\/shunya\/shugan-dochin\/\">SHUGAN DOCHIN<\/a><\/li>\n<li><a href=\"http:\/\/www.nossacasa.net\/shunya\/tetsuzan-shikaku\/\">TETSUZAN SHIKAKU<\/a><\/li>\n<li><a href=\"http:\/\/www.nossacasa.net\/shunya\/keigen-eisho\/\">KEIGAN EISHO<\/a><\/li>\n<li><a href=\"http:\/\/www.nossacasa.net\/shunya\/chuzan-ryohun\/\">CHUZAN RYOHUN<\/a><\/li>\n<li><a href=\"http:\/\/www.nossacasa.net\/shunya\/gisan-tonin\/\">GISAN TONIN<\/a><\/li>\n<li><a href=\"http:\/\/www.nossacasa.net\/shunya\/shogaku-kenryu\/\">SHOGAKU KENRYU<\/a><\/li>\n<li><a href=\"http:\/\/www.nossacasa.net\/shunya\/kinen-horyu\/\">KINEN HORYU<\/a><\/li>\n<li><a href=\"http:\/\/www.nossacasa.net\/shunya\/teishitsu-chisen\/\">TEISHITSU CHISEN<\/a><\/li>\n<li><a href=\"http:\/\/www.nossacasa.net\/shunya\/kokei-shojun\/\">KOKEI SHOJUN<\/a><\/li>\n<li><a href=\"http:\/\/www.nossacasa.net\/shunya\/sekiso-juho\/\">SEKISO YUHO<\/a><\/li>\n<li><a href=\"http:\/\/www.nossacasa.net\/shunya\/kaiten-genju\/\">KAITEN GENJU<\/a><\/li>\n<li><a href=\"http:\/\/www.nossacasa.net\/shunya\/shuzan-shunsho\/\">SHUZAN SHUNSHO<\/a><\/li>\n<li><a href=\"http:\/\/www.nossacasa.net\/shunya\/chozan-giketsu\/\">CHOZAN GIKETSU<\/a><\/li>\n<li><a href=\"http:\/\/www.nossacasa.net\/shunya\/fukushu-koshi\/\">FUKUSHU KOCHI<\/a><\/li>\n<li><a href=\"http:\/\/www.nossacasa.net\/shunya\/myodo-yuton\/\">MYODO YUTON<\/a><\/li>\n<li><a href=\"http:\/\/www.nossacasa.net\/shunya\/hakuho-gentekki\/\">HAKUHO GENTEKI<\/a><\/li>\n<li><a href=\"http:\/\/www.nossacasa.net\/shunya\/gesshu-soko\/\">GESSHU SOKO<\/a><\/li>\n<li><a href=\"http:\/\/www.nossacasa.net\/shunya\/tokuho-ryoko\/\">TOKUO RYOKO<\/a><\/li>\n<li><a href=\"http:\/\/www.nossacasa.net\/shunya\/mokushi-soen\/\">MOKUSHI SOEN<\/a><\/li>\n<li><a href=\"http:\/\/www.nossacasa.net\/shunya\/genkyoku-gankei\/\">GENKYOKU GANKEI<\/a><\/li>\n<li><a href=\"http:\/\/www.nossacasa.net\/shunya\/kokoku-soryu\/\">KOKOKU SORYU<\/a><\/li>\n<li><a href=\"http:\/\/www.nossacasa.net\/shunya\/rosetsu-ryuko\/\">ROSETSU RYUKO<\/a><\/li>\n<li><a href=\"http:\/\/www.nossacasa.net\/shunya\/seggai-kozan\/\">SEGGAI KOZAN<\/a><\/li>\n<li><a href=\"http:\/\/www.nossacasa.net\/shunya\/shoryo-koho\/\">SHORYO KOHO<\/a><\/li>\n<li><a href=\"http:\/\/www.nossacasa.net\/shunya\/shokoku-zenko\/\">SHOKOKU ZENKO<\/a><\/li>\n<li><a href=\"http:\/\/www.nossacasa.net\/shunya\/kodo-sawaki\/\">SOMON KODO<\/a><\/li>\n<\/ol>\n<\/td>\n<\/tr>\n<\/table>\n<hr \/>\n<div style=\"text-align:right\"><a href=\"#inicio\">Topo<\/a><\/div>\n<hr \/>\n<!-- AddThis Advanced Settings generic via filter on the_content --><!-- AddThis Share Buttons generic via filter on the_content -->","protected":false},"excerpt":{"rendered":"<p>Kodo Sawaki (1880-1965) (1880-1965) Biografia (portugu\u00eas) Biografia (Espanhol) O Templo de Antai-ji Textos Linhagem Refer\u00eancias1 Sawaki (Somon) Kodo \u00e9 da 81a.gera\u00e7\u00e3o desde Buda e da 30a.gera\u00e7\u00e3o desde Dogen. Sawaki Kodo foi Herdeiro do Dharma de Shokoku Zenko e seu sucessor &hellip; <a href=\"http:\/\/www.nossacasa.net\/shunya\/kodo-sawaki\/\">Continue lendo <span class=\"meta-nav\">&rarr;<\/span><\/a><!-- AddThis Advanced Settings generic via filter on get_the_excerpt --><!-- AddThis Share Buttons generic via filter on get_the_excerpt --><\/p>\n","protected":false},"author":1,"featured_media":4364,"parent":0,"menu_order":0,"comment_status":"closed","ping_status":"closed","template":"","meta":{"footnotes":""},"class_list":["post-4358","page","type-page","status-publish","has-post-thumbnail","hentry"],"_links":{"self":[{"href":"http:\/\/www.nossacasa.net\/shunya\/wp-json\/wp\/v2\/pages\/4358","targetHints":{"allow":["GET"]}}],"collection":[{"href":"http:\/\/www.nossacasa.net\/shunya\/wp-json\/wp\/v2\/pages"}],"about":[{"href":"http:\/\/www.nossacasa.net\/shunya\/wp-json\/wp\/v2\/types\/page"}],"author":[{"embeddable":true,"href":"http:\/\/www.nossacasa.net\/shunya\/wp-json\/wp\/v2\/users\/1"}],"replies":[{"embeddable":true,"href":"http:\/\/www.nossacasa.net\/shunya\/wp-json\/wp\/v2\/comments?post=4358"}],"version-history":[{"count":9,"href":"http:\/\/www.nossacasa.net\/shunya\/wp-json\/wp\/v2\/pages\/4358\/revisions"}],"predecessor-version":[{"id":4386,"href":"http:\/\/www.nossacasa.net\/shunya\/wp-json\/wp\/v2\/pages\/4358\/revisions\/4386"}],"wp:featuredmedia":[{"embeddable":true,"href":"http:\/\/www.nossacasa.net\/shunya\/wp-json\/wp\/v2\/media\/4364"}],"wp:attachment":[{"href":"http:\/\/www.nossacasa.net\/shunya\/wp-json\/wp\/v2\/media?parent=4358"}],"curies":[{"name":"wp","href":"https:\/\/api.w.org\/{rel}","templated":true}]}}