{"id":4387,"date":"2018-05-27T23:09:03","date_gmt":"2018-05-28T01:09:03","guid":{"rendered":"http:\/\/www.nossacasa.net\/shunya\/?page_id=4387"},"modified":"2018-05-27T23:11:40","modified_gmt":"2018-05-28T01:11:40","slug":"kosho-uchiyama","status":"publish","type":"page","link":"http:\/\/www.nossacasa.net\/shunya\/kosho-uchiyama\/","title":{"rendered":"Kosho Uchiyama"},"content":{"rendered":"<div style=\"text-align:justify\"><font face=\"Verdana\" size=\"2\"><br \/>\n<a name=\"inicio\"><\/a><a href=\"http:\/\/www.nossacasa.net\/shunya\/quanto-tempo-praticar\/attachment\/612\/\" rel=\"attachment wp-att-1793\"><img loading=\"lazy\" decoding=\"async\" src=\"http:\/\/www.nossacasa.net\/shunya\/wp-content\/uploads\/2013\/02\/612.jpg\" alt=\"\" width=\"200\" height=\"286\" class=\"alignleft size-full wp-image-1793\" \/><\/a><a href=\"http:\/\/www.nossacasa.net\/shunya\/kosho-uchiyama\/kosho-uchiyama\/\" rel=\"attachment wp-att-4388\"><img loading=\"lazy\" decoding=\"async\" src=\"http:\/\/www.nossacasa.net\/shunya\/wp-content\/uploads\/2018\/05\/Kosho-Uchiyama-263x300.jpg\" alt=\"\" width=\"263\" height=\"300\" class=\"alignleft size-medium wp-image-4388\" srcset=\"http:\/\/www.nossacasa.net\/shunya\/wp-content\/uploads\/2018\/05\/Kosho-Uchiyama-263x300.jpg 263w, http:\/\/www.nossacasa.net\/shunya\/wp-content\/uploads\/2018\/05\/Kosho-Uchiyama.jpg 560w\" sizes=\"auto, (max-width: 263px) 100vw, 263px\" \/><\/a><\/font><font size=\"4\"><b>Kosho Uchiyama (1912-1998)<\/b><\/font><\/p>\n<p align=center><b><font face=\"tahoma, verdana, arial\" size=4>Biografia<\/font><\/b><\/p>\n<p>Roshi Kosho Uchiyama \u00e9 um dos mais altamente respeitados Mestres Zen Japon\u00eas moderno.<\/p>\n<p>Em 1912, ele nasceu em T\u00f3quio, Jap\u00e3o. Graduou-se como Mestre em filosofia ocidental pela Universidade de Waseda em 1937 e foi ordenado como monge Soto Zen em 1941 pelo Roshi Kodo Sawaki. Com a morte do <a href=\"http:\/\/www.nossacasa.net\/shunya\/kodo-sawaki\/\">Roshi Kodo Sawaki<\/a> em 1965, Roshi Uchiyama se tornou o abade de Antaiji, um monast\u00e9rio e templo llocalizado pr\u00f3ximo de Kyoto, Jap\u00e3o. Em 1975, ele se aposentou<br \/>\nde Antaiji e foi viver com sua esposa em Noke-em, um templo pequeno fora de Kyoto, at\u00e9 sua morte em 13 de mar\u00e7o de 1998. Transmitiu o Dharma para  <a href=\"http:\/\/www.nossacasa.net\/shunya\/shohaku-okumura\/\">Shohaku Okumura<\/a>. <\/p>\n<hr \/>\n<div style=\"text-align:right\"><a href=\"#inicio\">Topo<\/a><\/div>\n<hr \/>\n<\/div>\n<!-- AddThis Advanced Settings generic via filter on the_content --><!-- AddThis Share Buttons generic via filter on the_content -->","protected":false},"excerpt":{"rendered":"<p>Kosho Uchiyama (1912-1998) Biografia Roshi Kosho Uchiyama \u00e9 um dos mais altamente respeitados Mestres Zen Japon\u00eas moderno. Em 1912, ele nasceu em T\u00f3quio, Jap\u00e3o. Graduou-se como Mestre em filosofia ocidental pela Universidade de Waseda em 1937 e foi ordenado como &hellip; <a href=\"http:\/\/www.nossacasa.net\/shunya\/kosho-uchiyama\/\">Continue lendo <span class=\"meta-nav\">&rarr;<\/span><\/a><!-- AddThis Advanced Settings generic via filter on get_the_excerpt --><!-- AddThis Share Buttons generic via filter on get_the_excerpt --><\/p>\n","protected":false},"author":1,"featured_media":4388,"parent":0,"menu_order":0,"comment_status":"closed","ping_status":"closed","template":"","meta":{"footnotes":""},"class_list":["post-4387","page","type-page","status-publish","has-post-thumbnail","hentry"],"_links":{"self":[{"href":"http:\/\/www.nossacasa.net\/shunya\/wp-json\/wp\/v2\/pages\/4387","targetHints":{"allow":["GET"]}}],"collection":[{"href":"http:\/\/www.nossacasa.net\/shunya\/wp-json\/wp\/v2\/pages"}],"about":[{"href":"http:\/\/www.nossacasa.net\/shunya\/wp-json\/wp\/v2\/types\/page"}],"author":[{"embeddable":true,"href":"http:\/\/www.nossacasa.net\/shunya\/wp-json\/wp\/v2\/users\/1"}],"replies":[{"embeddable":true,"href":"http:\/\/www.nossacasa.net\/shunya\/wp-json\/wp\/v2\/comments?post=4387"}],"version-history":[{"count":2,"href":"http:\/\/www.nossacasa.net\/shunya\/wp-json\/wp\/v2\/pages\/4387\/revisions"}],"predecessor-version":[{"id":4390,"href":"http:\/\/www.nossacasa.net\/shunya\/wp-json\/wp\/v2\/pages\/4387\/revisions\/4390"}],"wp:featuredmedia":[{"embeddable":true,"href":"http:\/\/www.nossacasa.net\/shunya\/wp-json\/wp\/v2\/media\/4388"}],"wp:attachment":[{"href":"http:\/\/www.nossacasa.net\/shunya\/wp-json\/wp\/v2\/media?parent=4387"}],"curies":[{"name":"wp","href":"https:\/\/api.w.org\/{rel}","templated":true}]}}