{"id":4413,"date":"2018-05-28T11:06:51","date_gmt":"2018-05-28T13:06:51","guid":{"rendered":"http:\/\/www.nossacasa.net\/shunya\/?page_id=4413"},"modified":"2018-05-28T11:06:51","modified_gmt":"2018-05-28T13:06:51","slug":"daisetz-teitaro-suzuki","status":"publish","type":"page","link":"http:\/\/www.nossacasa.net\/shunya\/daisetz-teitaro-suzuki\/","title":{"rendered":"Daisetz Teitaro Suzuki"},"content":{"rendered":"<div style=\"text-align:justify\"><font face=\"Verdana\" size=\"2\"><br \/>\n<a name=\"inicio\"><\/a><a href=\"http:\/\/www.nossacasa.net\/shunya\/?attachment_id=4414\" rel=\"attachment wp-att-4414\"><img loading=\"lazy\" decoding=\"async\" src=\"http:\/\/www.nossacasa.net\/shunya\/wp-content\/uploads\/2018\/05\/Daisetz-Teitaro-Suzuki.jpg\" alt=\"\" width=\"192\" height=\"262\" class=\"alignleft size-full wp-image-4414\" \/><\/a><b><font size=\"4\">Daisetz Teitaro Suzuki (1870-1966)<\/font><\/b><\/p>\n<p>Nascido em 1870, Daisetz Teitaro Suzuki lecionou Filosofia Budista na Universidade Otani de Quioto, no Jap\u00e3o. acabando, provavelmente, por se tornar a maior autoridade em Zen-budismo no mundo todo. O Dr. Suzuki n\u00e3o somente estudou as obras originais nas l\u00ednguas s\u00e2nscrita, p\u00e2li, chinesa e japonesa, como tamb\u00e9m desenvolveu conhecimentos atualizados de filosofia ocidental originalmente escrita em alem\u00e3o, franc\u00eas e ingl\u00eas. Suzuki deu muitos passos al\u00e9m dos de um simples scholar. Conquanto n\u00e3o fosse monge de nenhuma seita budista, era reverenciado nos templos japoneses por seu conhecimento das coisas espirituais. Dissertando sobre os elevados estados de consci\u00eancia, ele o fazia como algu\u00e9m que experimentara esses estados, e a impress\u00e3o que deixava naqueles que o ouviam com aten\u00e7\u00e3o era a de um homem que buscava os s\u00edmbolos intelectuais com os quais pudesse descrever o estado de percep\u00e7\u00e3o que subjaz &#8220;al\u00e9m do intelecto&#8221;.<\/p>\n<p>Daisetz Teitaro Suzuki estudou na Universidade Imperial de T\u00f3quio. Recebeu seu nome mon\u00e1stico do Mestre Zen Soyen Shaku. Daisetsu quer dizer &#8220;Grande Humildade&#8221;. Mestre Shaku era ent\u00e3o abade dos mosteiros Engaku-ji e Kencho-ji, os dois em Kamakura. Foi em 1896 que Suzuki alcan\u00e7ou o satori, grande experiencia religiosa dentro do budismo, e passou a acompanhar o mestre no Congresso Mundial das Religi\u00f5es, em Chicago, permanecendo l\u00e1 traduzindo textos. Voltou ao Jap\u00e3o em 1920 e lecionou na Universidade Otani de Kyoto at\u00e9 se aposentar. Era conhecido apenas pelos n\u00facleos mais eruditos, mas depois da Segunda Grande Guerra passou a ser uma das principais fontes sobre budismo para o ocidente.<\/p>\n<p>Fonte: https:\/\/pt.wikipedia.org\/wiki\/Daisetsu_Teitaro_Suzuki<\/p>\n<hr \/>\n<p><\/font><font face=\"Comic Sans MS\" size=\"3\" color=\"#800000\">Livros<br \/>\n<a href=\"default.asp?menu=170\" class=\"broken_link\">Introdu\u00e7\u00e3o ao Zen-Budismo<\/a><br \/>\n<a href=\"default.asp?menu=171\" class=\"broken_link\">A Doutrina da N\u00e3o-Mente<\/a><\/p>\n<p><\/font><font face=\"Comic Sans MS\" size=\"3\" color=\"#800000\">Textos<br \/>\n<a href=\"default.asp?menu=444\" class=\"broken_link\">Feliz Ano Novo<\/a><br \/>\n<a href=\"default.asp?menu=443\" class=\"broken_link\">A Mente<\/a><br \/>\n<a href=\"default.asp?menu=442\" class=\"broken_link\">O n&atilde;o-pensamento<\/a><br \/>\n<a href=\"default.asp?menu=441\" class=\"broken_link\">Mushin<\/a><br \/>\n<a href=\"default.asp?menu=172\" class=\"broken_link\">O que \u00e9 Zen?<\/a><\/p>\n<hr \/>\n<p><\/font><\/div>\n<div style=\"text-align:right\"><a href=\"#inicio\">Topo<\/a><\/div>\n<hr \/>\n<!-- AddThis Advanced Settings generic via filter on the_content --><!-- AddThis Share Buttons generic via filter on the_content -->","protected":false},"excerpt":{"rendered":"<p>Daisetz Teitaro Suzuki (1870-1966) Nascido em 1870, Daisetz Teitaro Suzuki lecionou Filosofia Budista na Universidade Otani de Quioto, no Jap\u00e3o. acabando, provavelmente, por se tornar a maior autoridade em Zen-budismo no mundo todo. O Dr. Suzuki n\u00e3o somente estudou as &hellip; <a href=\"http:\/\/www.nossacasa.net\/shunya\/daisetz-teitaro-suzuki\/\">Continue lendo <span class=\"meta-nav\">&rarr;<\/span><\/a><!-- AddThis Advanced Settings generic via filter on get_the_excerpt --><!-- AddThis Share Buttons generic via filter on get_the_excerpt --><\/p>\n","protected":false},"author":1,"featured_media":4414,"parent":0,"menu_order":0,"comment_status":"closed","ping_status":"closed","template":"","meta":{"footnotes":""},"class_list":["post-4413","page","type-page","status-publish","has-post-thumbnail","hentry"],"_links":{"self":[{"href":"http:\/\/www.nossacasa.net\/shunya\/wp-json\/wp\/v2\/pages\/4413","targetHints":{"allow":["GET"]}}],"collection":[{"href":"http:\/\/www.nossacasa.net\/shunya\/wp-json\/wp\/v2\/pages"}],"about":[{"href":"http:\/\/www.nossacasa.net\/shunya\/wp-json\/wp\/v2\/types\/page"}],"author":[{"embeddable":true,"href":"http:\/\/www.nossacasa.net\/shunya\/wp-json\/wp\/v2\/users\/1"}],"replies":[{"embeddable":true,"href":"http:\/\/www.nossacasa.net\/shunya\/wp-json\/wp\/v2\/comments?post=4413"}],"version-history":[{"count":1,"href":"http:\/\/www.nossacasa.net\/shunya\/wp-json\/wp\/v2\/pages\/4413\/revisions"}],"predecessor-version":[{"id":4415,"href":"http:\/\/www.nossacasa.net\/shunya\/wp-json\/wp\/v2\/pages\/4413\/revisions\/4415"}],"wp:featuredmedia":[{"embeddable":true,"href":"http:\/\/www.nossacasa.net\/shunya\/wp-json\/wp\/v2\/media\/4414"}],"wp:attachment":[{"href":"http:\/\/www.nossacasa.net\/shunya\/wp-json\/wp\/v2\/media?parent=4413"}],"curies":[{"name":"wp","href":"https:\/\/api.w.org\/{rel}","templated":true}]}}