{"id":4720,"date":"2018-06-05T09:02:49","date_gmt":"2018-06-05T11:02:49","guid":{"rendered":"http:\/\/www.nossacasa.net\/shunya\/?page_id=4720"},"modified":"2018-06-07T22:18:23","modified_gmt":"2018-06-08T00:18:23","slug":"yoka-daishi","status":"publish","type":"page","link":"http:\/\/www.nossacasa.net\/shunya\/yoka-daishi\/","title":{"rendered":"Yoka Daishi"},"content":{"rendered":"<p><a href=\"http:\/\/www.nossacasa.net\/shunya\/yoka-daishi\/yoka-daishi-2\/\" rel=\"attachment wp-att-4722\"><img loading=\"lazy\" decoding=\"async\" src=\"http:\/\/www.nossacasa.net\/shunya\/wp-content\/uploads\/2018\/06\/Yoka-Daishi-197x300.jpg\" alt=\"\" width=\"197\" height=\"300\" class=\"alignleft size-medium wp-image-4722\" srcset=\"http:\/\/www.nossacasa.net\/shunya\/wp-content\/uploads\/2018\/06\/Yoka-Daishi-197x300.jpg 197w, http:\/\/www.nossacasa.net\/shunya\/wp-content\/uploads\/2018\/06\/Yoka-Daishi.jpg 200w\" sizes=\"auto, (max-width: 197px) 100vw, 197px\" \/><\/a><\/p>\n<div style=\"text-align:justify\"><font face=\"Verdana\" size=\"2\"><br \/>\n<a name=\"inicio\"><\/a><br \/>\n<b>Yoka Daishi (665-713)<\/b><br \/>\n<i>Yongjia Xuanjue (Yung-chia Hsuan-chueh, Yoka Genkaku)<\/i> <\/p>\n<hr \/>\n<p><a href=\"#a\">Refer\u00eancias<\/a><br \/>\n<a href=\"#b\">Por Deshimaru<\/a><br \/>\n<a href=\"#c\">Por Kapleau<\/a><br \/>\n<a href=\"#d\">Livro<\/a><br \/>\n<a href=\"#e\">Textos<\/a><br \/>\n<a href=\"#f\">Linhagem<\/a><\/p>\n<hr \/>\n<p><a name=\"a\"><b>Refer\u00eancias<\/b><\/a><sup>3<\/sup><br \/>\nZheng Daoge (Cheng Tao Ko, Sho Doka) foi traduzido como a Can&ccedil;&atilde;o de Libera&ccedil;&atilde;o por Yasuda Joshu roshi e Anzan Hoshin sensei, Tesouro de Luminosidade: Ensinos dos Mestres Soto Zen, Arquivos WWZC.<br \/>\nEle aparece em Eihei Gen zenji goroku 3.<\/p>\n<hr \/>\n<div style=\"text-align:right\"><a href=\"#inicio\">Topo<\/a><\/div>\n<p><a name=\"b\"><b>A vida de Yoka Daishi<\/b><\/a><sup>1<\/sup><br \/>\nPor Taisen Deshimaru<\/font><br \/>\nYoka nasceu em 665, na aldeia de Yoka, de onde vem o seu nome. Tornou-se monge com a idade de vinte anos e deixou sua casa com o objetivo de estudar o budismo em todas as suas formas, bem como os pensamentos de Lao-Tzu e Conf\u00facio. Mas os estudos n\u00e3o o satisfaziam e a d\u00favida persistia. Um de seus amigos sugeriu que se apresentasse ao Mestre <a href=\"http:\/\/www.nossacasa.net\/shunya\/hueineng\/\">Eno (Houei-Neng, em chin\u00eas)<\/a>, o sexto patriarca, no monte Sokei, para compreender a verdadeira ess\u00eancia da filosofia do budismo.<\/p>\n<p>Depois de uma longa viagem, Yoka chegou ao templo do monte Sokei e apresentou-se ao patriarca com roupa de viajante. Ele deu tr\u00eas voltas ao redor do Mestre e ficou de p\u00e9, sem saud\u00e1-lo.<\/p>\n<p><b>Eno:<\/b> &#8220;O monge deve personificar exatamente os 3.000 preceitos, as 8.000 a\u00e7\u00f5es e os 3.000 comportamentos. O que o senhor me diz de tudo isso?&#8221;<br \/>\n<b>Yoka:<\/b> &#8220;Eu n\u00e3o tenho tempo a perder; o problema da vida e da morte \u00e9 muito importante. Nossa vida \u00e9 ef\u00e9mera. impermanente (mulo) e sempre em muta\u00e7\u00e3o.&#8221;<br \/>\n<b>Eno:<\/b>\t&#8220;Por que o senhor n\u00e3o realiza o princ\u00edpio do &#8216;n\u00e3o-nascimento&#8217; para resolver o problema da imperman\u00e9ncia da vida?&#8221;<br \/>\n<b>Yoka:<\/b> &#8220;Quando se realiza o &#8216;n\u00e3o-nascimento&#8217;, e se compreende o aqui e agora, abruptamente (ton), nada mais resta.&#8221;<br \/>\n<b>Eno:<\/b>&#8220;\u00c9 isso,\u00e9 isso.&#8221;<br \/>\nTodos os que estavam assistindo a esse mondo ficaram surpresos e impressionados.<br \/>\nYoka fez as sauda\u00e7\u00f5es de despedida ao Mestre Eno. Este lhe disse: &#8220;Mas o senhor vai-se embora muito r\u00e1pido!&#8221;<br \/>\n<b>Yoka:<\/b> &#8220;Como se pode ter rapidez, se o movimento n\u00e3o existe na origem?&#8221;<br \/>\n<b>Eno:<\/b> &#8220;Se tudo \u00e9 movimento ou n\u00e3o-movimento, isto \u00e9 um problema de consci\u00eancia.&#8221;<br \/>\n<b>Yoka:<\/b> &#8220;Obrigado; compreendi o que significa o &#8216;n\u00e3o-nascimento&#8217;.&#8221;<br \/>\n<b>Eno:<\/b>\t&#8220;N\u00e3o existe significa\u00e7\u00e3o mesmo no n\u00e3o-nascimento&#8217;.&#8221;<br \/>\n<b>Yoka:<\/b>\t&#8220;Se n\u00e3o existe significa\u00e7\u00e3o, tamb\u00e9m n\u00e3o existe ningu\u00e9m para compreender&#8221;.<br \/>\n<b>Eno:<\/b> &#8220;Compreender tamb\u00e9m n\u00e3o tem significa\u00e7\u00e3o.&#8221;<\/p>\n<p>Eno deu o shiho (a transmiss\u00e3o) a Yoka, que permaneceu ainda uma noite junto dele; por isso, escreveu-se de Yoka que ele foi o &#8220;monge que ficou s\u00f3 uma noite&#8221;, o que significa que teve o satori numa \u00fanica noite. No dia seguinte, ele se despediu de seu Mestre e se instalou numa cidade de Honko, pois n\u00e3o queria causar inc\u00f3modo aos grandes disc\u00edpulos de Eno: Seigen, que fundou o Soto Zen, e Nengaku, que deu origem ao Zen Rinzai. Em Honko, ele teve numerosos e eminentes disc\u00edpulos, mas sua linhagem n\u00e3o continuou at\u00e9 os nossos dias.<\/p>\n<p>Seu livro, o Shodoka, nos ilumina ainda hoje e nos esclarece mais que a religi\u00e3o tradicional.<\/p>\n<p>Yoka morreu em 17 de outubro de 713, na postura zazen. Dizem que seu corpo foi embalsamado nessa postura. Depois de sua morte, o imperador lhe deu o nome de Muso, &#8220;O Incompar\u00e1vel&#8221;, Da\u00edshi, &#8220;Grande Mestre&#8221;. O Shodoka, por seu frescor e sua for\u00e7a, cont\u00e9m a ess\u00eancia de todos os sutras e do Zen. Eu o prefiro aos outros textos tradicionais.<\/p>\n<hr \/>\n<div style=\"text-align:right\"><a href=\"#inicio\">Topo<\/a><\/div>\n<p><a name=\"c\"><b>Por Philip Kapleau<\/b><sup>2<\/sup><\/a><br \/>\nYoka Gengaku (Ch., Yung-chia; ?-712): importante mestre Zen do per&iacute;odo T\u2019ang e disc&iacute;pulo do sexto Patriarca. Seu <i>Shodoka <\/i>(Canto da Ilumina&ccedil;&atilde;o) &eacute; um escrito popular Zen.<\/p>\n<hr \/>\n<div style=\"text-align:right\"><a href=\"#inicio\">Topo<\/a><\/div>\n<p><a name=\"d\">Livro<\/a><br \/>\n<a href=\"default.asp?menu=153\" class=\"broken_link\">Shodoka &#8211; O canto do sartori imediato<\/a><\/p>\n<hr \/>\n<p><a name=\"e\">Textos<\/a><br \/>\n<a href=\"default.asp?menu=451\" class=\"broken_link\">Shodoka &#8211; O canto do sartori imediato<\/a><\/p>\n<hr \/>\n<ol type=\"1\">\nFontes:<\/p>\n<li>&#8220;Shodoka &#8211; O canto do satori imediato&#8221; de Yoka Da\u00efshi (Tradu\u00e7\u00e3o de Taizen Deshimaru)<\/li>\n<li>&#8220;Os tr\u00eas pilares do Zen&#8221; de Philip Kapleau<\/li>\n<li>&#8220;Ensinos do Mestre Zen Anzan Roshi&#8221;(texto compilado pelo Ven. Jinmyo Fleming ino e traduzido ao Portugu&ecirc;s por Claudio Miklos.<\/li>\n<\/ol>\n<hr \/>\n<div style=\"text-align:right\"><a href=\"#inicio\">Topo<\/a><\/div>\n<p><a name=\"g\">Linhagem desde Saquiamuni<\/a><\/p>\n<div style=\"text-align:center\">\n<ol type=\"1\"><b><u>BUTSU<\/u><\/b><\/p>\n<li><a href=\"http:\/\/www.nossacasa.net\/shunya\/buda\/\">BIBASHI<\/a><\/li>\n<li><a href=\"http:\/\/www.nossacasa.net\/shunya\/buda\/\">SHIKI<\/a><\/li>\n<li><a href=\"http:\/\/www.nossacasa.net\/shunya\/buda\/\">BISHAFU<\/a><\/li>\n<li><a href=\"http:\/\/www.nossacasa.net\/shunya\/buda\/\">KURUSON<\/a><\/li>\n<li><a href=\"http:\/\/www.nossacasa.net\/shunya\/buda\/\">KUNAGONMUNI<\/a><\/li>\n<li><a href=\"http:\/\/www.nossacasa.net\/shunya\/buda\/\">KASHO<\/a><\/li>\n<li><a href=\"http:\/\/www.nossacasa.net\/shunya\/buda\/\">XAQUIAMUNI<\/a><\/li>\n<\/ol>\n<\/div>\n<table width=\"100%\" border=\"0\">\n<tr>\n<td valign=\"top\">\n<ol type=\"1\"><b><u>\u00cdNDIA<\/u><\/b><\/p>\n<li><a href=\"http:\/\/www.nossacasa.net\/shunya\/mahakashyapa\/\">MAKAKASHO<\/a><\/li>\n<li><a href=\"http:\/\/www.nossacasa.net\/shunya\/ananda\/\">ANANDA<\/a><\/li>\n<li><a href=\"http:\/\/www.nossacasa.net\/shunya\/shanavasa\/\">SHONAWASHU<\/a><\/li>\n<li><a href=\"http:\/\/www.nossacasa.net\/shunya\/upagupta\/\">UBAGIKUTA<\/a><\/li>\n<li><a href=\"http:\/\/www.nossacasa.net\/shunya\/dhritaka\/\">DAITAKA<\/a><\/li>\n<li><a href=\"http:\/\/www.nossacasa.net\/shunya\/michaka\/\">MISHAKA<\/a><\/li>\n<li><a href=\"http:\/\/www.nossacasa.net\/shunya\/vasumitra\/\">BASHUMITSU<\/a><\/li>\n<li><a href=\"http:\/\/www.nossacasa.net\/shunya\/buddhananda\/\">BUTSUDANANDAI<\/a><\/li>\n<li><a href=\"http:\/\/www.nossacasa.net\/shunya\/buddhamitra\/\">FUDAMITA<\/a><\/li>\n<li><a href=\"http:\/\/www.nossacasa.net\/shunya\/parshvanatha\/\">BARISHIBA<\/a><\/li>\n<li><a href=\"http:\/\/www.nossacasa.net\/shunya\/punyayashas\/\">FUNAYASHYA<\/a><\/li>\n<li><a href=\"http:\/\/www.nossacasa.net\/shunya\/ashvagosha\/\">ANABOTEI<\/a><\/li>\n<li><a href=\"http:\/\/www.nossacasa.net\/shunya\/kapimala\/\">KABIMORA<\/a><\/li>\n<li><a href=\"http:\/\/www.nossacasa.net\/shunya\/nagarjuna\/\">NAGYAHARAJUNA<\/a><\/li>\n<li><a href=\"http:\/\/www.nossacasa.net\/shunya\/aryadeva\/\">KANADAIBA<\/a><\/li>\n<li><a href=\"http:\/\/www.nossacasa.net\/shunya\/rahulata\/\">RAGORATA<\/a><\/li>\n<li><a href=\"http:\/\/www.nossacasa.net\/shunya\/sanghanandi\/\">SOGYANANDAI<\/a><\/li>\n<li><a href=\"http:\/\/www.nossacasa.net\/shunya\/gayashata\/\">KAYSHATA<\/a><\/li>\n<li><a href=\"http:\/\/www.nossacasa.net\/shunya\/kumarata\/\">KUMORATA<\/a><\/li>\n<li><a href=\"http:\/\/www.nossacasa.net\/shunya\/jayata\/\">SHAYATA<\/a><\/li>\n<li><a href=\"http:\/\/www.nossacasa.net\/shunya\/vasubandhu\/\">BASHUBANZU<\/a><\/li>\n<li><a href=\"http:\/\/www.nossacasa.net\/shunya\/manorhita\/\">MANURA<\/a><\/li>\n<li><a href=\"http:\/\/www.nossacasa.net\/shunya\/haklenayasha\/\">KAKUROKUNA<\/a><\/li>\n<li><a href=\"http:\/\/www.nossacasa.net\/shunya\/aryasimha\/\">SHSISHIBODAI<\/a><\/li>\n<li><a href=\"http:\/\/www.nossacasa.net\/shunya\/basiasita\/\">BASHASHITA<\/a><\/li>\n<li><a href=\"http:\/\/www.nossacasa.net\/shunya\/punyamitra\/\">FUNYOMITA <\/a><\/li>\n<li><a href=\"http:\/\/www.nossacasa.net\/shunya\/prajnatara\/\">HANNYATARA <\/a><\/li>\n<\/ol>\n<\/td>\n<td valign=\"top\">\n<ol type=\"1\" start=\"28\"><b><u>CHINA<\/u><\/b><\/p>\n<li><a href=\"http:\/\/www.nossacasa.net\/shunya\/bodhidharma\/\">BODAIDARUMA<\/a><\/li>\n<li><a href=\"http:\/\/www.nossacasa.net\/shunya\/hui-ko\/\">TAISO EKA<\/a><\/li>\n<li><a href=\"http:\/\/www.nossacasa.net\/shunya\/seng-tsan\/\">KANCHI SOSAN<\/a><\/li>\n<li><a href=\"http:\/\/www.nossacasa.net\/shunya\/tao-hsin\/\">DAII DOSHIN<\/a><\/li>\n<li><a href=\"http:\/\/www.nossacasa.net\/shunya\/hung-jen\/\">DAIMAN KONIN<\/a><\/li>\n<li><a href=\"http:\/\/www.nossacasa.net\/shunya\/hueineng\/\">DAIKAN ENO<\/a><\/li>\n<li><a href=\"http:\/\/www.nossacasa.net\/shunya\/yoka-daishi\/\">YOKA GENKAKU<\/a><\/li>\n<\/ol>\n<\/td>\n<\/tr>\n<\/table>\n<div style=\"text-align:right\"><a href=\"#inicio\">Topo<\/a><\/div>\n<hr \/>\n<\/div>\n<!-- AddThis Advanced Settings generic via filter on the_content --><!-- AddThis Share Buttons generic via filter on the_content -->","protected":false},"excerpt":{"rendered":"<p>Yoka Daishi (665-713) Yongjia Xuanjue (Yung-chia Hsuan-chueh, Yoka Genkaku) Refer\u00eancias Por Deshimaru Por Kapleau Livro Textos Linhagem Refer\u00eancias3 Zheng Daoge (Cheng Tao Ko, Sho Doka) foi traduzido como a Can&ccedil;&atilde;o de Libera&ccedil;&atilde;o por Yasuda Joshu roshi e Anzan Hoshin sensei, &hellip; <a href=\"http:\/\/www.nossacasa.net\/shunya\/yoka-daishi\/\">Continue lendo <span class=\"meta-nav\">&rarr;<\/span><\/a><!-- AddThis Advanced Settings generic via filter on get_the_excerpt --><!-- AddThis Share Buttons generic via filter on get_the_excerpt --><\/p>\n","protected":false},"author":1,"featured_media":4722,"parent":0,"menu_order":0,"comment_status":"closed","ping_status":"closed","template":"","meta":{"footnotes":""},"class_list":["post-4720","page","type-page","status-publish","has-post-thumbnail","hentry"],"_links":{"self":[{"href":"http:\/\/www.nossacasa.net\/shunya\/wp-json\/wp\/v2\/pages\/4720","targetHints":{"allow":["GET"]}}],"collection":[{"href":"http:\/\/www.nossacasa.net\/shunya\/wp-json\/wp\/v2\/pages"}],"about":[{"href":"http:\/\/www.nossacasa.net\/shunya\/wp-json\/wp\/v2\/types\/page"}],"author":[{"embeddable":true,"href":"http:\/\/www.nossacasa.net\/shunya\/wp-json\/wp\/v2\/users\/1"}],"replies":[{"embeddable":true,"href":"http:\/\/www.nossacasa.net\/shunya\/wp-json\/wp\/v2\/comments?post=4720"}],"version-history":[{"count":5,"href":"http:\/\/www.nossacasa.net\/shunya\/wp-json\/wp\/v2\/pages\/4720\/revisions"}],"predecessor-version":[{"id":4823,"href":"http:\/\/www.nossacasa.net\/shunya\/wp-json\/wp\/v2\/pages\/4720\/revisions\/4823"}],"wp:featuredmedia":[{"embeddable":true,"href":"http:\/\/www.nossacasa.net\/shunya\/wp-json\/wp\/v2\/media\/4722"}],"wp:attachment":[{"href":"http:\/\/www.nossacasa.net\/shunya\/wp-json\/wp\/v2\/media?parent=4720"}],"curies":[{"name":"wp","href":"https:\/\/api.w.org\/{rel}","templated":true}]}}