{"id":4755,"date":"2018-06-05T21:48:47","date_gmt":"2018-06-05T23:48:47","guid":{"rendered":"http:\/\/www.nossacasa.net\/shunya\/?page_id=4755"},"modified":"2018-06-06T20:29:16","modified_gmt":"2018-06-06T22:29:16","slug":"fujaku","status":"publish","type":"page","link":"http:\/\/www.nossacasa.net\/shunya\/fujaku\/","title":{"rendered":"Fujaku"},"content":{"rendered":"<div style=\"text-align:justify\"><font face=\"Verdana\" size=\"2\"><br \/>\n<a name=\"inicio\"><\/a><a href=\"http:\/\/www.nossacasa.net\/shunya\/fujaku\/fujaku-2\/\" rel=\"attachment wp-att-4758\"><img loading=\"lazy\" decoding=\"async\" src=\"http:\/\/www.nossacasa.net\/shunya\/wp-content\/uploads\/2018\/06\/Fujaku-300x225.jpg\" alt=\"\" width=\"300\" height=\"225\" class=\"alignleft size-medium wp-image-4758\" srcset=\"http:\/\/www.nossacasa.net\/shunya\/wp-content\/uploads\/2018\/06\/Fujaku-300x225.jpg 300w, http:\/\/www.nossacasa.net\/shunya\/wp-content\/uploads\/2018\/06\/Fujaku-401x300.jpg 401w, http:\/\/www.nossacasa.net\/shunya\/wp-content\/uploads\/2018\/06\/Fujaku.jpg 470w\" sizes=\"auto, (max-width: 300px) 100vw, 300px\" \/><\/a><br \/>\n<b>Fujaku (651-739)<\/b><br \/>\n[Escola do Norte]<\/p>\n<hr \/>\n<p><a href=\"#a\">Notas Biogr\u00e1ficas<\/a><br \/>\n<a href=\"#b\">Sucess\u00e3o<\/a><br \/>\n<a href=\"#f\">Linhagem<\/a><\/p>\n<hr \/>\n<hr \/>\n<p><a name=\"a\">Notas Biogr\u00e1ficas<\/a><sup>1<\/sup><br \/>\nPuji ou Pu-chi (651-739 ou 740) foi considerado o s\u00e9timo patriarca da escola do norte do budismo chan. Tamb\u00e9m chamado de monge de Huayan ou o vener\u00e1vel de Huayan , do nome de seu mosteiro em Luoyang, ele recebeu o nome p\u00f3stumo de Dazhao Chanshi. <\/p>\n<p>Nascido em Feng, natural de Shanxi, ele decidiu jovem a se dedicar \u00e0 religi\u00e3o. Primeiro, ele seguiu os ensinamentos da escola dos preceitos e durante 38 anos praticou em Luoyang, sob a orienta\u00e7\u00e3o de Hongjing Nanquan, mas depois decidiu se juntar a Shenxiu e ao Chan no mosteiro de Yuquan em Hubei. Depois de 6 anos Shenxiu o escolheu como sucessor. O Imperador Zhongzong confirmou oficialmente esta escolha. Ele permaneceu no monte Song, at\u00e9 725 quando foi chamado ao Mosteiro Huayan em Luoyang, depois de alguns anos seguiu para Chang no mosteiro de Xingtang. <\/p>\n<p>Considerado o patriarca da escola de Dongshan fundada por Daoxin, mais tarde conhecido como a escola do Norte, durante sua vida ele tinha muitos seguidores, particularmente na alta sociedade. Em 732 ou 734 segundo as fontes, em um debate p\u00fablico entre monges, Shenhui, que apresentou-se como a sucessor de Huineng e representante do Chan do despertar s\u00fabito, atacou publicamente Dongshan e desafiou a legitimidade de Puji e seu mestre, a\u00e7\u00e3o sem nenhum efeito inicial sobre a primazia da escola do Norte.<\/p>\n<p>Em 735,Puji foi chamado pelo imperador em Luoyang. Ele morreu em Chang&#8217;an no ano 27 ou 28 da era Kaiyuan<\/p>\n<hr \/>\n<p><a name=\"b\">Sucess\u00e3o<\/a><br \/>\nPuji recebeu a transmiss\u00e3o de <a href=\"http:\/\/www.nossacasa.net\/shunya\/shen-hsiu\/\">Shen hsiu<\/a><br \/>\nPuji transmitiu o Dharma para <a href=\"http:\/\/www.nossacasa.net\/shunya\/dosen\/\">Dosen (702-760)<\/a><\/p>\n<hr \/>\n<div style=\"text-align:right\"><a href=\"#inicio\">Topo<\/a><\/div>\n<ol type=\"1\">\nFonte:<\/p>\n<li>https:\/\/fr.wikipedia.org\/wiki\/Puji.<\/li>\n<\/ol>\n<hr \/>\n<div style=\"text-align:right\"><a href=\"#inicio\">Topo<\/a><\/div>\n<p><a name=\"f\">Linhagem desde Saquiamuni<\/a><\/p>\n<div style=\"text-align:center\">\n<ol type=\"1\"><b><u>BUTSU<\/u><\/b><\/p>\n<li><a href=\"http:\/\/www.nossacasa.net\/shunya\/buda\/\">BIBASHI<\/a><\/li>\n<li><a href=\"http:\/\/www.nossacasa.net\/shunya\/buda\/\">SHIKI<\/a><\/li>\n<li><a href=\"http:\/\/www.nossacasa.net\/shunya\/buda\/\">BISHAFU<\/a><\/li>\n<li><a href=\"http:\/\/www.nossacasa.net\/shunya\/buda\/\">KURUSON<\/a><\/li>\n<li><a href=\"http:\/\/www.nossacasa.net\/shunya\/buda\/\">KUNAGONMUNI<\/a><\/li>\n<li><a href=\"http:\/\/www.nossacasa.net\/shunya\/buda\/\">KASHO<\/a><\/li>\n<li><a href=\"http:\/\/www.nossacasa.net\/shunya\/buda\/\">XAQUIAMUNI<\/a><\/li>\n<\/ol>\n<\/div>\n<table width=\"100%\" border=\"0\">\n<tr>\n<td valign=\"top\">\n<ol type=\"1\"><b><u>\u00cdNDIA<\/u><\/b><\/p>\n<li><a href=\"http:\/\/www.nossacasa.net\/shunya\/mahakashyapa\/\">MAKAKASHO<\/a><\/li>\n<li><a href=\"http:\/\/www.nossacasa.net\/shunya\/ananda\/\">ANANDA<\/a><\/li>\n<li><a href=\"http:\/\/www.nossacasa.net\/shunya\/shanavasa\/\">SHONAWASHU<\/a><\/li>\n<li><a href=\"http:\/\/www.nossacasa.net\/shunya\/upagupta\/\">UBAGIKUTA<\/a><\/li>\n<li><a href=\"http:\/\/www.nossacasa.net\/shunya\/dhritaka\/\">DAITAKA<\/a><\/li>\n<li><a href=\"http:\/\/www.nossacasa.net\/shunya\/michaka\/\">MISHAKA<\/a><\/li>\n<li><a href=\"http:\/\/www.nossacasa.net\/shunya\/vasumitra\/\">BASHUMITSU<\/a><\/li>\n<li><a href=\"http:\/\/www.nossacasa.net\/shunya\/buddhananda\/\">BUTSUDANANDAI<\/a><\/li>\n<li><a href=\"http:\/\/www.nossacasa.net\/shunya\/buddhamitra\/\">FUDAMITA<\/a><\/li>\n<li><a href=\"http:\/\/www.nossacasa.net\/shunya\/parshvanatha\/\">BARISHIBA<\/a><\/li>\n<li><a href=\"http:\/\/www.nossacasa.net\/shunya\/punyayashas\/\">FUNAYASHYA<\/a><\/li>\n<li><a href=\"http:\/\/www.nossacasa.net\/shunya\/ashvagosha\/\">ANABOTEI<\/a><\/li>\n<li><a href=\"http:\/\/www.nossacasa.net\/shunya\/kapimala\/\">KABIMORA<\/a><\/li>\n<li><a href=\"http:\/\/www.nossacasa.net\/shunya\/nagarjuna\/\">NAGYAHARAJUNA<\/a><\/li>\n<li><a href=\"http:\/\/www.nossacasa.net\/shunya\/aryadeva\/\">KANADAIBA<\/a><\/li>\n<li><a href=\"http:\/\/www.nossacasa.net\/shunya\/rahulata\/\">RAGORATA<\/a><\/li>\n<li><a href=\"http:\/\/www.nossacasa.net\/shunya\/sanghanandi\/\">SOGYANANDAI<\/a><\/li>\n<li><a href=\"http:\/\/www.nossacasa.net\/shunya\/gayashata\/\">KAYSHATA<\/a><\/li>\n<li><a href=\"http:\/\/www.nossacasa.net\/shunya\/kumarata\/\">KUMORATA<\/a><\/li>\n<li><a href=\"http:\/\/www.nossacasa.net\/shunya\/jayata\/\">SHAYATA<\/a><\/li>\n<li><a href=\"http:\/\/www.nossacasa.net\/shunya\/vasubandhu\/\">BASHUBANZU<\/a><\/li>\n<li><a href=\"http:\/\/www.nossacasa.net\/shunya\/manorhita\/\">MANURA<\/a><\/li>\n<li><a href=\"http:\/\/www.nossacasa.net\/shunya\/haklenayasha\/\">KAKUROKUNA<\/a><\/li>\n<li><a href=\"http:\/\/www.nossacasa.net\/shunya\/aryasimha\/\">SHSISHIBODAI<\/a><\/li>\n<li><a href=\"http:\/\/www.nossacasa.net\/shunya\/basiasita\/\">BASHASHITA<\/a><\/li>\n<li><a href=\"http:\/\/www.nossacasa.net\/shunya\/punyamitra\/\">FUNYOMITA <\/a><\/li>\n<li><a href=\"http:\/\/www.nossacasa.net\/shunya\/prajnatara\/\">HANNYATARA <\/a><\/li>\n<\/ol>\n<\/td>\n<td valign=\"top\">\n<ol type=\"1\" start=\"28\"><b><u>CHINA<\/u><\/b><\/p>\n<li><a href=\"http:\/\/www.nossacasa.net\/shunya\/bodhidharma\/\">BODAIDARUMA<\/a><\/li>\n<li><a href=\"http:\/\/www.nossacasa.net\/shunya\/hui-ko\/\">TAISO EKA<\/a><\/li>\n<li><a href=\"http:\/\/www.nossacasa.net\/shunya\/seng-tsan\/\">KANCHI SOSAN<\/a><\/li>\n<li><a href=\"http:\/\/www.nossacasa.net\/shunya\/tao-hsin\/\">DAII DOSHIN<\/a><\/li>\n<li><a href=\"http:\/\/www.nossacasa.net\/shunya\/hung-jen\/\">DAIMAN KONIN<\/a><\/li>\n<li><a href=\"http:\/\/www.nossacasa.net\/shunya\/fujaku\/\">DAIMAN KONIN<\/a><\/li>\n<\/ol>\n<\/td>\n<\/tr>\n<\/table>\n<hr \/>\n<div style=\"text-align:right\"><a href=\"#inicio\">Topo<\/a><\/div>\n<hr \/>\n<p><\/font><\/div>\n<!-- AddThis Advanced Settings generic via filter on the_content --><!-- AddThis Share Buttons generic via filter on the_content -->","protected":false},"excerpt":{"rendered":"<p>Fujaku (651-739) [Escola do Norte] Notas Biogr\u00e1ficas Sucess\u00e3o Linhagem Notas Biogr\u00e1ficas1 Puji ou Pu-chi (651-739 ou 740) foi considerado o s\u00e9timo patriarca da escola do norte do budismo chan. Tamb\u00e9m chamado de monge de Huayan ou o vener\u00e1vel de Huayan &hellip; <a href=\"http:\/\/www.nossacasa.net\/shunya\/fujaku\/\">Continue lendo <span class=\"meta-nav\">&rarr;<\/span><\/a><!-- AddThis Advanced Settings generic via filter on get_the_excerpt --><!-- AddThis Share Buttons generic via filter on get_the_excerpt --><\/p>\n","protected":false},"author":1,"featured_media":4758,"parent":0,"menu_order":0,"comment_status":"closed","ping_status":"closed","template":"","meta":{"footnotes":""},"class_list":["post-4755","page","type-page","status-publish","has-post-thumbnail","hentry"],"_links":{"self":[{"href":"http:\/\/www.nossacasa.net\/shunya\/wp-json\/wp\/v2\/pages\/4755","targetHints":{"allow":["GET"]}}],"collection":[{"href":"http:\/\/www.nossacasa.net\/shunya\/wp-json\/wp\/v2\/pages"}],"about":[{"href":"http:\/\/www.nossacasa.net\/shunya\/wp-json\/wp\/v2\/types\/page"}],"author":[{"embeddable":true,"href":"http:\/\/www.nossacasa.net\/shunya\/wp-json\/wp\/v2\/users\/1"}],"replies":[{"embeddable":true,"href":"http:\/\/www.nossacasa.net\/shunya\/wp-json\/wp\/v2\/comments?post=4755"}],"version-history":[{"count":7,"href":"http:\/\/www.nossacasa.net\/shunya\/wp-json\/wp\/v2\/pages\/4755\/revisions"}],"predecessor-version":[{"id":4786,"href":"http:\/\/www.nossacasa.net\/shunya\/wp-json\/wp\/v2\/pages\/4755\/revisions\/4786"}],"wp:featuredmedia":[{"embeddable":true,"href":"http:\/\/www.nossacasa.net\/shunya\/wp-json\/wp\/v2\/media\/4758"}],"wp:attachment":[{"href":"http:\/\/www.nossacasa.net\/shunya\/wp-json\/wp\/v2\/media?parent=4755"}],"curies":[{"name":"wp","href":"https:\/\/api.w.org\/{rel}","templated":true}]}}