{"id":4763,"date":"2018-06-06T15:37:07","date_gmt":"2018-06-06T17:37:07","guid":{"rendered":"http:\/\/www.nossacasa.net\/shunya\/?page_id=4763"},"modified":"2018-06-07T18:00:06","modified_gmt":"2018-06-07T20:00:06","slug":"dosen","status":"publish","type":"page","link":"http:\/\/www.nossacasa.net\/shunya\/dosen\/","title":{"rendered":"Dosen"},"content":{"rendered":"<div style=\"text-align:justify\"><font face=\"Verdana\" size=\"2\"><br \/>\n<a name=\"inicio\"><\/a><a href=\"http:\/\/www.nossacasa.net\/shunya\/?attachment_id=4764\" rel=\"attachment wp-att-4764\"><img loading=\"lazy\" decoding=\"async\" src=\"http:\/\/www.nossacasa.net\/shunya\/wp-content\/uploads\/2018\/06\/Dosen-230x300.jpg\" alt=\"\" width=\"230\" height=\"300\" class=\"alignleft size-medium wp-image-4764\" srcset=\"http:\/\/www.nossacasa.net\/shunya\/wp-content\/uploads\/2018\/06\/Dosen-230x300.jpg 230w, http:\/\/www.nossacasa.net\/shunya\/wp-content\/uploads\/2018\/06\/Dosen.jpg 575w\" sizes=\"auto, (max-width: 230px) 100vw, 230px\" \/><\/a><br \/>\n<b>Dosen (702-760)<\/b><br \/>\n<i>Tao-siuan<\/i><br \/>\n[Escola do Norte]<\/p>\n<hr \/>\n<p><a href=\"#a\">Notas Biogr\u00e1ficas<\/a><br \/>\n<a href=\"#b\">Sucess\u00e3o<\/a><br \/>\n<a href=\"#f\">Linhagem<\/a><\/p>\n<hr \/>\n<hr \/>\n<hr \/>\n<hr \/>\n<p><a name=\"a\">Notas Biogr\u00e1ficas<\/a><sup>1<\/sup><br \/>\nMonge chin\u00eas natural do per\u00edodo de Nara. Enquanto ele ainda vivia em seu pa\u00eds natal, ele dedicava-se essencialmente ao estudo das doutrinas  Zen e Kegon, sob a dire\u00e7\u00e3o de Pu-chi (Fujaku) e especialmente do c\u00f3digo disciplinar (Ris &#8211; sh\u00fb) com Ting-pin (J\u00f4hin), que por sua forte personalidade ele contribuiu grandemente para propagar para o Jap\u00e3o. <\/p>\n<p>Ele veio para o Jap\u00e3o em 736 com uma s\u00e9rie de coment\u00e1rios e tratados do Kegon, recentemente introduzido, e os textos vinaya. Destes, ele fazia leituras e coment\u00e1rios no Mosteiro de Daian-ji onde instalou-se e foi titular, antes da chegada do monge chin\u00eas Kien-tchen (Ganjin.  A corte lhe concedeu em 751, a dignidade de mestre em disciplina e ele foi chamado no ano seguinte, para preencher a alta fun\u00e7\u00e3o de &#8220;Mestre dos desejos&#8221; durante a cerim\u00f4nia de inaugura\u00e7\u00e3o da grande est\u00e1tua de Buda no Mosteiro de T\u00f4daij.<\/p>\n<p>Doente e com idade avan\u00e7ada, ele se retirou para o templo Hiso-dera em Yoshino onde praticou o Zen.<\/p>\n<hr \/>\n<p><a name=\"b\">Sucess\u00e3o<\/a><br \/>\nDosen recebeu a transmiss\u00e3o de <a href=\"http:\/\/www.nossacasa.net\/shunya\/fujaku\/\">Fujaku (651-739)<\/a><br \/>\nDosen transmitiu o Dharma para <a href=\"http:\/\/www.nossacasa.net\/shunya\/gyohyo\/\">Gyohyo (722-797)<\/a><\/p>\n<hr \/>\n<div style=\"text-align:right\"><a href=\"#inicio\">Topo<\/a><\/div>\n<ol type=\"1\">\nFonte:<\/p>\n<li>Histoire du bouddhisme de Nara, 1966.<\/li>\n<\/ol>\n<hr \/>\n<div style=\"text-align:right\"><a href=\"#inicio\">Topo<\/a><\/div>\n<p><a name=\"f\">Linhagem desde Saquiamuni<\/a><\/p>\n<div style=\"text-align:center\">\n<ol type=\"1\"><b><u>BUTSU<\/u><\/b><\/p>\n<li><a href=\"http:\/\/www.nossacasa.net\/shunya\/buda\/\">BIBASHI<\/a><\/li>\n<li><a href=\"http:\/\/www.nossacasa.net\/shunya\/buda\/\">SHIKI<\/a><\/li>\n<li><a href=\"http:\/\/www.nossacasa.net\/shunya\/buda\/\">BISHAFU<\/a><\/li>\n<li><a href=\"http:\/\/www.nossacasa.net\/shunya\/buda\/\">KURUSON<\/a><\/li>\n<li><a href=\"http:\/\/www.nossacasa.net\/shunya\/buda\/\">KUNAGONMUNI<\/a><\/li>\n<li><a href=\"http:\/\/www.nossacasa.net\/shunya\/buda\/\">KASHO<\/a><\/li>\n<li><a href=\"http:\/\/www.nossacasa.net\/shunya\/buda\/\">XAQUIAMUNI<\/a><\/li>\n<\/ol>\n<\/div>\n<table width=\"100%\" border=\"0\">\n<tr>\n<td valign=\"top\">\n<ol type=\"1\"><b><u>\u00cdNDIA<\/u><\/b><\/p>\n<li><a href=\"http:\/\/www.nossacasa.net\/shunya\/mahakashyapa\/\">MAKAKASHO<\/a><\/li>\n<li><a href=\"http:\/\/www.nossacasa.net\/shunya\/ananda\/\">ANANDA<\/a><\/li>\n<li><a href=\"http:\/\/www.nossacasa.net\/shunya\/shanavasa\/\">SHONAWASHU<\/a><\/li>\n<li><a href=\"http:\/\/www.nossacasa.net\/shunya\/upagupta\/\">UBAGIKUTA<\/a><\/li>\n<li><a href=\"http:\/\/www.nossacasa.net\/shunya\/dhritaka\/\">DAITAKA<\/a><\/li>\n<li><a href=\"http:\/\/www.nossacasa.net\/shunya\/michaka\/\">MISHAKA<\/a><\/li>\n<li><a href=\"http:\/\/www.nossacasa.net\/shunya\/vasumitra\/\">BASHUMITSU<\/a><\/li>\n<li><a href=\"http:\/\/www.nossacasa.net\/shunya\/buddhananda\/\">BUTSUDANANDAI<\/a><\/li>\n<li><a href=\"http:\/\/www.nossacasa.net\/shunya\/buddhamitra\/\">FUDAMITA<\/a><\/li>\n<li><a href=\"http:\/\/www.nossacasa.net\/shunya\/parshvanatha\/\">BARISHIBA<\/a><\/li>\n<li><a href=\"http:\/\/www.nossacasa.net\/shunya\/punyayashas\/\">FUNAYASHYA<\/a><\/li>\n<li><a href=\"http:\/\/www.nossacasa.net\/shunya\/ashvagosha\/\">ANABOTEI<\/a><\/li>\n<li><a href=\"http:\/\/www.nossacasa.net\/shunya\/kapimala\/\">KABIMORA<\/a><\/li>\n<li><a href=\"http:\/\/www.nossacasa.net\/shunya\/nagarjuna\/\">NAGYAHARAJUNA<\/a><\/li>\n<li><a href=\"http:\/\/www.nossacasa.net\/shunya\/aryadeva\/\">KANADAIBA<\/a><\/li>\n<li><a href=\"http:\/\/www.nossacasa.net\/shunya\/rahulata\/\">RAGORATA<\/a><\/li>\n<li><a href=\"http:\/\/www.nossacasa.net\/shunya\/sanghanandi\/\">SOGYANANDAI<\/a><\/li>\n<li><a href=\"http:\/\/www.nossacasa.net\/shunya\/gayashata\/\">KAYSHATA<\/a><\/li>\n<li><a href=\"http:\/\/www.nossacasa.net\/shunya\/kumarata\/\">KUMORATA<\/a><\/li>\n<li><a href=\"http:\/\/www.nossacasa.net\/shunya\/jayata\/\">SHAYATA<\/a><\/li>\n<li><a href=\"http:\/\/www.nossacasa.net\/shunya\/vasubandhu\/\">BASHUBANZU<\/a><\/li>\n<li><a href=\"http:\/\/www.nossacasa.net\/shunya\/manorhita\/\">MANURA<\/a><\/li>\n<li><a href=\"http:\/\/www.nossacasa.net\/shunya\/haklenayasha\/\">KAKUROKUNA<\/a><\/li>\n<li><a href=\"http:\/\/www.nossacasa.net\/shunya\/aryasimha\/\">SHSISHIBODAI<\/a><\/li>\n<li><a href=\"http:\/\/www.nossacasa.net\/shunya\/basiasita\/\">BASHASHITA<\/a><\/li>\n<li><a href=\"http:\/\/www.nossacasa.net\/shunya\/punyamitra\/\">FUNYOMITA <\/a><\/li>\n<li><a href=\"http:\/\/www.nossacasa.net\/shunya\/prajnatara\/\">HANNYATARA <\/a><\/li>\n<\/ol>\n<\/td>\n<td valign=\"top\">\n<ol type=\"1\" start=\"28\"><b><u>CHINA<\/u><\/b><\/p>\n<li><a href=\"http:\/\/www.nossacasa.net\/shunya\/bodhidharma\/\">BODAIDARUMA<\/a><\/li>\n<li><a href=\"http:\/\/www.nossacasa.net\/shunya\/hui-ko\/\">TAISO EKA<\/a><\/li>\n<li><a href=\"http:\/\/www.nossacasa.net\/shunya\/seng-tsan\/\">KANCHI SOSAN<\/a><\/li>\n<li><a href=\"http:\/\/www.nossacasa.net\/shunya\/tao-hsin\/\">DAII DOSHIN<\/a><\/li>\n<li><a href=\"http:\/\/www.nossacasa.net\/shunya\/hung-jen\/\">DAIMAN KONIN<\/a><\/li>\n<li><a href=\"http:\/\/www.nossacasa.net\/shunya\/fujaku\/\">DAIMAN KONIN<\/a><\/li>\n<li><a href=\"http:\/\/www.nossacasa.net\/shunya\/dosen\/\">DOSEN<\/a><\/li>\n<\/ol>\n<\/td>\n<\/tr>\n<\/table>\n<hr \/>\n<div style=\"text-align:right\"><a href=\"#inicio\">Topo<\/a><\/div>\n<hr \/>\n<p><\/font><\/div>\n<hr \/>\n<div style=\"text-align:right\"><a href=\"#inicio\">Topo<\/a><\/div>\n<hr \/>\n<!-- AddThis Advanced Settings generic via filter on the_content --><!-- AddThis Share Buttons generic via filter on the_content -->","protected":false},"excerpt":{"rendered":"<p>Dosen (702-760) Tao-siuan [Escola do Norte] Notas Biogr\u00e1ficas Sucess\u00e3o Linhagem Notas Biogr\u00e1ficas1 Monge chin\u00eas natural do per\u00edodo de Nara. Enquanto ele ainda vivia em seu pa\u00eds natal, ele dedicava-se essencialmente ao estudo das doutrinas Zen e Kegon, sob a dire\u00e7\u00e3o &hellip; <a href=\"http:\/\/www.nossacasa.net\/shunya\/dosen\/\">Continue lendo <span class=\"meta-nav\">&rarr;<\/span><\/a><!-- AddThis Advanced Settings generic via filter on get_the_excerpt --><!-- AddThis Share Buttons generic via filter on get_the_excerpt --><\/p>\n","protected":false},"author":1,"featured_media":4764,"parent":0,"menu_order":0,"comment_status":"closed","ping_status":"closed","template":"","meta":{"footnotes":""},"class_list":["post-4763","page","type-page","status-publish","has-post-thumbnail","hentry"],"_links":{"self":[{"href":"http:\/\/www.nossacasa.net\/shunya\/wp-json\/wp\/v2\/pages\/4763","targetHints":{"allow":["GET"]}}],"collection":[{"href":"http:\/\/www.nossacasa.net\/shunya\/wp-json\/wp\/v2\/pages"}],"about":[{"href":"http:\/\/www.nossacasa.net\/shunya\/wp-json\/wp\/v2\/types\/page"}],"author":[{"embeddable":true,"href":"http:\/\/www.nossacasa.net\/shunya\/wp-json\/wp\/v2\/users\/1"}],"replies":[{"embeddable":true,"href":"http:\/\/www.nossacasa.net\/shunya\/wp-json\/wp\/v2\/comments?post=4763"}],"version-history":[{"count":8,"href":"http:\/\/www.nossacasa.net\/shunya\/wp-json\/wp\/v2\/pages\/4763\/revisions"}],"predecessor-version":[{"id":4810,"href":"http:\/\/www.nossacasa.net\/shunya\/wp-json\/wp\/v2\/pages\/4763\/revisions\/4810"}],"wp:featuredmedia":[{"embeddable":true,"href":"http:\/\/www.nossacasa.net\/shunya\/wp-json\/wp\/v2\/media\/4764"}],"wp:attachment":[{"href":"http:\/\/www.nossacasa.net\/shunya\/wp-json\/wp\/v2\/media?parent=4763"}],"curies":[{"name":"wp","href":"https:\/\/api.w.org\/{rel}","templated":true}]}}