{"id":4772,"date":"2018-06-06T18:58:18","date_gmt":"2018-06-06T20:58:18","guid":{"rendered":"http:\/\/www.nossacasa.net\/shunya\/?page_id=4772"},"modified":"2018-06-06T20:28:04","modified_gmt":"2018-06-06T22:28:04","slug":"gyohyo","status":"publish","type":"page","link":"http:\/\/www.nossacasa.net\/shunya\/gyohyo\/","title":{"rendered":"Gyohyo"},"content":{"rendered":"<div style=\"text-align:justify\"><font face=\"Verdana\" size=\"2\"><br \/>\n<a name=\"inicio\"><\/a><br \/>\n<b><a href=\"http:\/\/www.nossacasa.net\/shunya\/?attachment_id=4773\" rel=\"attachment wp-att-4773\"><img loading=\"lazy\" decoding=\"async\" src=\"http:\/\/www.nossacasa.net\/shunya\/wp-content\/uploads\/2018\/06\/Gyohyo-300x169.jpg\" alt=\"\" width=\"300\" height=\"169\" class=\"alignleft size-medium wp-image-4773\" srcset=\"http:\/\/www.nossacasa.net\/shunya\/wp-content\/uploads\/2018\/06\/Gyohyo-300x169.jpg 300w, http:\/\/www.nossacasa.net\/shunya\/wp-content\/uploads\/2018\/06\/Gyohyo-768x432.jpg 768w, http:\/\/www.nossacasa.net\/shunya\/wp-content\/uploads\/2018\/06\/Gyohyo-1024x576.jpg 1024w, http:\/\/www.nossacasa.net\/shunya\/wp-content\/uploads\/2018\/06\/Gyohyo-500x281.jpg 500w, http:\/\/www.nossacasa.net\/shunya\/wp-content\/uploads\/2018\/06\/Gyohyo.jpg 1280w\" sizes=\"auto, (max-width: 300px) 100vw, 300px\" \/><\/a><br \/>\n<\/b><b>Gyohyo (722-797)<\/b><br \/>\n[Escola do Norte]<\/p>\n<hr \/>\n<p><a href=\"#a\">Notas Biogr\u00e1ficas<\/a><br \/>\n<a href=\"#b\">Sucess\u00e3o<\/a><br \/>\n<a href=\"#f\">Linhagem<\/a><\/p>\n<hr \/>\n<hr \/>\n<p><a name=\"a\">Notas Biogr\u00e1ficas<\/a><sup>1<\/sup><\/p>\n<hr \/>\n<p><a name=\"b\">Sucess\u00e3o<\/a><br \/>\nGyohyo recebeu a transmiss\u00e3o de <a href=\"http:\/\/www.nossacasa.net\/shunya\/dosen\/\">Dosen (702-760)<\/a><br \/>\nGyohyo transmitiu o Dharma para <a href=\"http:\/\/www.nossacasa.net\/shunya\/saicho\/\">Saicho (767-822)<\/a><\/p>\n<hr \/>\n<div style=\"text-align:right\"><a href=\"#inicio\">Topo<\/a><\/div>\n<ol type=\"1\">\nFonte:<\/p>\n<li>Histoire du bouddhisme de Nara, 1966.<\/li>\n<\/ol>\n<hr \/>\n<div style=\"text-align:right\"><a href=\"#inicio\">Topo<\/a><\/div>\n<p><a name=\"f\">Linhagem desde Saquiamuni<\/a><\/p>\n<div style=\"text-align:center\">\n<ol type=\"1\"><b><u>BUTSU<\/u><\/b><\/p>\n<li><a href=\"http:\/\/www.nossacasa.net\/shunya\/buda\/\">BIBASHI<\/a><\/li>\n<li><a href=\"http:\/\/www.nossacasa.net\/shunya\/buda\/\">SHIKI<\/a><\/li>\n<li><a href=\"http:\/\/www.nossacasa.net\/shunya\/buda\/\">BISHAFU<\/a><\/li>\n<li><a href=\"http:\/\/www.nossacasa.net\/shunya\/buda\/\">KURUSON<\/a><\/li>\n<li><a href=\"http:\/\/www.nossacasa.net\/shunya\/buda\/\">KUNAGONMUNI<\/a><\/li>\n<li><a href=\"http:\/\/www.nossacasa.net\/shunya\/buda\/\">KASHO<\/a><\/li>\n<li><a href=\"http:\/\/www.nossacasa.net\/shunya\/buda\/\">XAQUIAMUNI<\/a><\/li>\n<\/ol>\n<\/div>\n<table width=\"100%\" border=\"0\">\n<tr>\n<td valign=\"top\">\n<ol type=\"1\"><b><u>\u00cdNDIA<\/u><\/b><\/p>\n<li><a href=\"http:\/\/www.nossacasa.net\/shunya\/mahakashyapa\/\">MAKAKASHO<\/a><\/li>\n<li><a href=\"http:\/\/www.nossacasa.net\/shunya\/ananda\/\">ANANDA<\/a><\/li>\n<li><a href=\"http:\/\/www.nossacasa.net\/shunya\/shanavasa\/\">SHONAWASHU<\/a><\/li>\n<li><a href=\"http:\/\/www.nossacasa.net\/shunya\/upagupta\/\">UBAGIKUTA<\/a><\/li>\n<li><a href=\"http:\/\/www.nossacasa.net\/shunya\/dhritaka\/\">DAITAKA<\/a><\/li>\n<li><a href=\"http:\/\/www.nossacasa.net\/shunya\/michaka\/\">MISHAKA<\/a><\/li>\n<li><a href=\"http:\/\/www.nossacasa.net\/shunya\/vasumitra\/\">BASHUMITSU<\/a><\/li>\n<li><a href=\"http:\/\/www.nossacasa.net\/shunya\/buddhananda\/\">BUTSUDANANDAI<\/a><\/li>\n<li><a href=\"http:\/\/www.nossacasa.net\/shunya\/buddhamitra\/\">FUDAMITA<\/a><\/li>\n<li><a href=\"http:\/\/www.nossacasa.net\/shunya\/parshvanatha\/\">BARISHIBA<\/a><\/li>\n<li><a href=\"http:\/\/www.nossacasa.net\/shunya\/punyayashas\/\">FUNAYASHYA<\/a><\/li>\n<li><a href=\"http:\/\/www.nossacasa.net\/shunya\/ashvagosha\/\">ANABOTEI<\/a><\/li>\n<li><a href=\"http:\/\/www.nossacasa.net\/shunya\/kapimala\/\">KABIMORA<\/a><\/li>\n<li><a href=\"http:\/\/www.nossacasa.net\/shunya\/nagarjuna\/\">NAGYAHARAJUNA<\/a><\/li>\n<li><a href=\"http:\/\/www.nossacasa.net\/shunya\/aryadeva\/\">KANADAIBA<\/a><\/li>\n<li><a href=\"http:\/\/www.nossacasa.net\/shunya\/rahulata\/\">RAGORATA<\/a><\/li>\n<li><a href=\"http:\/\/www.nossacasa.net\/shunya\/sanghanandi\/\">SOGYANANDAI<\/a><\/li>\n<li><a href=\"http:\/\/www.nossacasa.net\/shunya\/gayashata\/\">KAYSHATA<\/a><\/li>\n<li><a href=\"http:\/\/www.nossacasa.net\/shunya\/kumarata\/\">KUMORATA<\/a><\/li>\n<li><a href=\"http:\/\/www.nossacasa.net\/shunya\/jayata\/\">SHAYATA<\/a><\/li>\n<li><a href=\"http:\/\/www.nossacasa.net\/shunya\/vasubandhu\/\">BASHUBANZU<\/a><\/li>\n<li><a href=\"http:\/\/www.nossacasa.net\/shunya\/manorhita\/\">MANURA<\/a><\/li>\n<li><a href=\"http:\/\/www.nossacasa.net\/shunya\/haklenayasha\/\">KAKUROKUNA<\/a><\/li>\n<li><a href=\"http:\/\/www.nossacasa.net\/shunya\/aryasimha\/\">SHSISHIBODAI<\/a><\/li>\n<li><a href=\"http:\/\/www.nossacasa.net\/shunya\/basiasita\/\">BASHASHITA<\/a><\/li>\n<li><a href=\"http:\/\/www.nossacasa.net\/shunya\/punyamitra\/\">FUNYOMITA <\/a><\/li>\n<li><a href=\"http:\/\/www.nossacasa.net\/shunya\/prajnatara\/\">HANNYATARA <\/a><\/li>\n<\/ol>\n<\/td>\n<td valign=\"top\">\n<ol type=\"1\" start=\"28\"><b><u>CHINA<\/u><\/b><\/p>\n<li><a href=\"http:\/\/www.nossacasa.net\/shunya\/bodhidharma\/\">BODAIDARUMA<\/a><\/li>\n<li><a href=\"http:\/\/www.nossacasa.net\/shunya\/hui-ko\/\">TAISO EKA<\/a><\/li>\n<li><a href=\"http:\/\/www.nossacasa.net\/shunya\/seng-tsan\/\">KANCHI SOSAN<\/a><\/li>\n<li><a href=\"http:\/\/www.nossacasa.net\/shunya\/tao-hsin\/\">DAII DOSHIN<\/a><\/li>\n<li><a href=\"http:\/\/www.nossacasa.net\/shunya\/hung-jen\/\">DAIMAN KONIN<\/a><\/li>\n<li><a href=\"http:\/\/www.nossacasa.net\/shunya\/fujaku\/\">DAIMAN KONIN<\/a><\/li>\n<li><a href=\"http:\/\/www.nossacasa.net\/shunya\/dosen\/\">DOSEN<\/a><\/li>\n<li><a href=\"http:\/\/www.nossacasa.net\/shunya\/gyohyo\/\">GYOHYO<\/a><\/li>\n<\/ol>\n<\/td>\n<\/tr>\n<\/table>\n<hr \/>\n<div style=\"text-align:right\"><a href=\"#inicio\">Topo<\/a><\/div>\n<hr \/>\n<p><\/font><\/div>\n<!-- AddThis Advanced Settings generic via filter on the_content --><!-- AddThis Share Buttons generic via filter on the_content -->","protected":false},"excerpt":{"rendered":"<p>Gyohyo (722-797) [Escola do Norte] Notas Biogr\u00e1ficas Sucess\u00e3o Linhagem Notas Biogr\u00e1ficas1 Sucess\u00e3o Gyohyo recebeu a transmiss\u00e3o de Dosen (702-760) Gyohyo transmitiu o Dharma para Saicho (767-822) Topo Fonte: Histoire du bouddhisme de Nara, 1966. Topo Linhagem desde Saquiamuni BUTSU BIBASHI &hellip; <a href=\"http:\/\/www.nossacasa.net\/shunya\/gyohyo\/\">Continue lendo <span class=\"meta-nav\">&rarr;<\/span><\/a><!-- AddThis Advanced Settings generic via filter on get_the_excerpt --><!-- AddThis Share Buttons generic via filter on get_the_excerpt --><\/p>\n","protected":false},"author":1,"featured_media":4773,"parent":0,"menu_order":0,"comment_status":"closed","ping_status":"closed","template":"","meta":{"footnotes":""},"class_list":["post-4772","page","type-page","status-publish","has-post-thumbnail","hentry"],"_links":{"self":[{"href":"http:\/\/www.nossacasa.net\/shunya\/wp-json\/wp\/v2\/pages\/4772","targetHints":{"allow":["GET"]}}],"collection":[{"href":"http:\/\/www.nossacasa.net\/shunya\/wp-json\/wp\/v2\/pages"}],"about":[{"href":"http:\/\/www.nossacasa.net\/shunya\/wp-json\/wp\/v2\/types\/page"}],"author":[{"embeddable":true,"href":"http:\/\/www.nossacasa.net\/shunya\/wp-json\/wp\/v2\/users\/1"}],"replies":[{"embeddable":true,"href":"http:\/\/www.nossacasa.net\/shunya\/wp-json\/wp\/v2\/comments?post=4772"}],"version-history":[{"count":4,"href":"http:\/\/www.nossacasa.net\/shunya\/wp-json\/wp\/v2\/pages\/4772\/revisions"}],"predecessor-version":[{"id":4785,"href":"http:\/\/www.nossacasa.net\/shunya\/wp-json\/wp\/v2\/pages\/4772\/revisions\/4785"}],"wp:featuredmedia":[{"embeddable":true,"href":"http:\/\/www.nossacasa.net\/shunya\/wp-json\/wp\/v2\/media\/4773"}],"wp:attachment":[{"href":"http:\/\/www.nossacasa.net\/shunya\/wp-json\/wp\/v2\/media?parent=4772"}],"curies":[{"name":"wp","href":"https:\/\/api.w.org\/{rel}","templated":true}]}}