{"id":4789,"date":"2018-06-07T11:09:04","date_gmt":"2018-06-07T13:09:04","guid":{"rendered":"http:\/\/www.nossacasa.net\/shunya\/?page_id=4789"},"modified":"2018-06-08T18:16:25","modified_gmt":"2018-06-08T20:16:25","slug":"faru","status":"publish","type":"page","link":"http:\/\/www.nossacasa.net\/shunya\/faru\/","title":{"rendered":"Faru"},"content":{"rendered":"<p><a name=\"inicio\"><\/a><a href=\"http:\/\/www.nossacasa.net\/shunya\/?attachment_id=4790\" rel=\"attachment wp-att-4790\"><img loading=\"lazy\" decoding=\"async\" src=\"http:\/\/www.nossacasa.net\/shunya\/wp-content\/uploads\/2018\/06\/Faru-189x300.jpg\" alt=\"\" width=\"189\" height=\"300\" class=\"alignleft size-medium wp-image-4790\" srcset=\"http:\/\/www.nossacasa.net\/shunya\/wp-content\/uploads\/2018\/06\/Faru-189x300.jpg 189w, http:\/\/www.nossacasa.net\/shunya\/wp-content\/uploads\/2018\/06\/Faru.jpg 220w\" sizes=\"auto, (max-width: 189px) 100vw, 189px\" \/><\/a><br \/>\n<b>Faru (638 \u2013 689)<\/b><br \/>\n<em>Far\u00f9, FA-ju, Honyo<\/em><\/p>\n<hr \/>\n<p><a href=\"#a\">Notas biogr\u00e1ficas<\/a><br \/>\n<a href=\"#b\">Sucess\u00f5es<\/a><br \/>\n<a href=\"#f\">Linhagem<\/a><\/p>\n<hr \/>\n<hr \/>\n<hr \/>\n<hr \/>\n<hr \/>\n<hr \/>\n<p><a name=\"a\"><b>Refer\u00eancias<\/b><\/a><sup>1<\/sup><br \/>\nFaru  foi um monge budista proeminente durante a dinastia Tang na China. Originalmente um estudante de Huim\u00edng, que enviou Faru para as montanhas do leste para estudar com <a href=\"http:\/\/www.nossacasa.net\/shunya\/hung-jen\/\">Daman Hongren<\/a>. Com Hongren, com quem estudou por dezesseis anos, Faru recebeu a transmiss\u00e3o do dharma. Depois de um tempo nas montanhas do leste, Faru deixou Luoyang, passando algum tempo no mosteiro de Shaolin e ajudando a restabelecer sua proemin\u00eancia.<\/p>\n<p>Faru foi not\u00e1vel na hist\u00f3ria do Zen, pelo conceito de linhagem, uma no\u00e7\u00e3o fundamental da identidade das escolas, parece ter tido origem nele ou em seus seguidores imediatos. Seu epit\u00e1fio fala de uma linha ininterrupta de transmiss\u00e3o de mente para mente desde Gautama Buda para Bodhidharma, fundador do Zen, para Hongren mestre de Faru e para o pr\u00f3prio Faru. <\/p>\n<p>Outros disc\u00edpulos de Hongren, no entanto, alegaram que eles foram o pr\u00f3ximo ponto na linhagem e n\u00e3o Faru. Entre estes estava  Laoan, mas o mais importante <a href=\"http:\/\/www.nossacasa.net\/shunya\/shen-hsiu\/\">Yuquan Shenxiu<\/a>, que tinha um epit\u00e1fio alegando que ele era o pr\u00f3ximo patriarca da linhagem ap\u00f3s Hongren. <\/p>\n<p>Em institui\u00e7\u00f5es modernas do Zen, no entanto, nem Shenxiu, nem Faru s\u00e3o tradicionalmente considerados o verdadeiro herdeiro de Hongren; essa distin\u00e7\u00e3o ficou com <a href=\"http:\/\/www.nossacasa.net\/shunya\/hueineng\/\">Huineng<\/a>, um monge muito menos not\u00e1vel que Faru ou Shenxiu, e que chegou \u00e0 fama somente ap\u00f3s sua morte, gra\u00e7as a uma extensa campanha de seu aluno Heze Shenhui.<\/p>\n<ol type=\"1\">\nFonte:<\/p>\n<li>https:\/\/en.wikipedia.org\/wiki\/Faru_(monk)<\/li>\n<\/ol>\n<hr \/>\n<p><a name=\"b\"><b>Sucess\u00f5es<\/b><\/a><sup>1<\/sup><br \/>\nFaru recebeu a transmiss\u00e3o do Dharma de <a href=\"http:\/\/www.nossacasa.net\/shunya\/hung-jen\/\">Daman Hongren<\/a><\/p>\n<hr \/>\n<div style=\"text-align:right\"><a href=\"#inicio\">Topo<\/a><\/div>\n<p><a name=\"g\">Linhagem desde Saquiamuni<\/a><\/p>\n<div style=\"text-align:center\">\n<ol type=\"1\"><b><u>BUTSU<\/u><\/b><\/p>\n<li><a href=\"http:\/\/www.nossacasa.net\/shunya\/buda\/\">BIBASHI<\/a><\/li>\n<li><a href=\"http:\/\/www.nossacasa.net\/shunya\/buda\/\">SHIKI<\/a><\/li>\n<li><a href=\"http:\/\/www.nossacasa.net\/shunya\/buda\/\">BISHAFU<\/a><\/li>\n<li><a href=\"http:\/\/www.nossacasa.net\/shunya\/buda\/\">KURUSON<\/a><\/li>\n<li><a href=\"http:\/\/www.nossacasa.net\/shunya\/buda\/\">KUNAGONMUNI<\/a><\/li>\n<li><a href=\"http:\/\/www.nossacasa.net\/shunya\/buda\/\">KASHO<\/a><\/li>\n<li><a href=\"http:\/\/www.nossacasa.net\/shunya\/buda\/\">XAQUIAMUNI<\/a><\/li>\n<\/ol>\n<\/div>\n<table width=\"100%\" border=\"0\">\n<tr>\n<td valign=\"top\">\n<ol type=\"1\"><b><u>\u00cdNDIA<\/u><\/b><\/p>\n<li><a href=\"http:\/\/www.nossacasa.net\/shunya\/mahakashyapa\/\">MAKAKASHO<\/a><\/li>\n<li><a href=\"http:\/\/www.nossacasa.net\/shunya\/ananda\/\">ANANDA<\/a><\/li>\n<li><a href=\"http:\/\/www.nossacasa.net\/shunya\/shanavasa\/\">SHONAWASHU<\/a><\/li>\n<li><a href=\"http:\/\/www.nossacasa.net\/shunya\/upagupta\/\">UBAGIKUTA<\/a><\/li>\n<li><a href=\"http:\/\/www.nossacasa.net\/shunya\/dhritaka\/\">DAITAKA<\/a><\/li>\n<li><a href=\"http:\/\/www.nossacasa.net\/shunya\/michaka\/\">MISHAKA<\/a><\/li>\n<li><a href=\"http:\/\/www.nossacasa.net\/shunya\/vasumitra\/\">BASHUMITSU<\/a><\/li>\n<li><a href=\"http:\/\/www.nossacasa.net\/shunya\/buddhananda\/\">BUTSUDANANDAI<\/a><\/li>\n<li><a href=\"http:\/\/www.nossacasa.net\/shunya\/buddhamitra\/\">FUDAMITA<\/a><\/li>\n<li><a href=\"http:\/\/www.nossacasa.net\/shunya\/parshvanatha\/\">BARISHIBA<\/a><\/li>\n<li><a href=\"http:\/\/www.nossacasa.net\/shunya\/punyayashas\/\">FUNAYASHYA<\/a><\/li>\n<li><a href=\"http:\/\/www.nossacasa.net\/shunya\/ashvagosha\/\">ANABOTEI<\/a><\/li>\n<li><a href=\"http:\/\/www.nossacasa.net\/shunya\/kapimala\/\">KABIMORA<\/a><\/li>\n<li><a href=\"http:\/\/www.nossacasa.net\/shunya\/nagarjuna\/\">NAGYAHARAJUNA<\/a><\/li>\n<li><a href=\"http:\/\/www.nossacasa.net\/shunya\/aryadeva\/\">KANADAIBA<\/a><\/li>\n<li><a href=\"http:\/\/www.nossacasa.net\/shunya\/rahulata\/\">RAGORATA<\/a><\/li>\n<li><a href=\"http:\/\/www.nossacasa.net\/shunya\/sanghanandi\/\">SOGYANANDAI<\/a><\/li>\n<li><a href=\"http:\/\/www.nossacasa.net\/shunya\/gayashata\/\">KAYSHATA<\/a><\/li>\n<li><a href=\"http:\/\/www.nossacasa.net\/shunya\/kumarata\/\">KUMORATA<\/a><\/li>\n<li><a href=\"http:\/\/www.nossacasa.net\/shunya\/jayata\/\">SHAYATA<\/a><\/li>\n<li><a href=\"http:\/\/www.nossacasa.net\/shunya\/vasubandhu\/\">BASHUBANZU<\/a><\/li>\n<li><a href=\"http:\/\/www.nossacasa.net\/shunya\/manorhita\/\">MANURA<\/a><\/li>\n<li><a href=\"http:\/\/www.nossacasa.net\/shunya\/haklenayasha\/\">KAKUROKUNA<\/a><\/li>\n<li><a href=\"http:\/\/www.nossacasa.net\/shunya\/aryasimha\/\">SHSISHIBODAI<\/a><\/li>\n<li><a href=\"http:\/\/www.nossacasa.net\/shunya\/basiasita\/\">BASHASHITA<\/a><\/li>\n<li><a href=\"http:\/\/www.nossacasa.net\/shunya\/punyamitra\/\">FUNYOMITA <\/a><\/li>\n<li><a href=\"http:\/\/www.nossacasa.net\/shunya\/prajnatara\/\">HANNYATARA <\/a><\/li>\n<\/ol>\n<\/td>\n<td valign=\"top\">\n<ol type=\"1\" start=\"28\"><b><u>CHINA<\/u><\/b><\/p>\n<li><a href=\"http:\/\/www.nossacasa.net\/shunya\/bodhidharma\/\">BODAIDARUMA<\/a><\/li>\n<li><a href=\"http:\/\/www.nossacasa.net\/shunya\/hui-ko\/\">TAISO EKA<\/a><\/li>\n<li><a href=\"http:\/\/www.nossacasa.net\/shunya\/seng-tsan\/\">KANCHI SOSAN<\/a><\/li>\n<li><a href=\"http:\/\/www.nossacasa.net\/shunya\/tao-hsin\/\">DAII DOSHIN<\/a><\/li>\n<li><a href=\"http:\/\/www.nossacasa.net\/shunya\/hung-jen\/\">DAIMAN KONIN<\/a><\/li>\n<li><a href=\"http:\/\/www.nossacasa.net\/shunya\/zhixian\/\">CHIH SHEN<\/a><\/li>\n<li><a href=\"http:\/\/www.nossacasa.net\/shunya\/faru\/\">HONYO<\/a><\/li>\n<\/ol>\n<\/td>\n<\/tr>\n<\/table>\n<hr \/>\n<div style=\"text-align:right\"><a href=\"#inicio\">Topo<\/a><\/div>\n<hr \/>\n<!-- AddThis Advanced Settings generic via filter on the_content --><!-- AddThis Share Buttons generic via filter on the_content -->","protected":false},"excerpt":{"rendered":"<p>Faru (638 \u2013 689) Far\u00f9, FA-ju, Honyo Notas biogr\u00e1ficas Sucess\u00f5es Linhagem Refer\u00eancias1 Faru foi um monge budista proeminente durante a dinastia Tang na China. Originalmente um estudante de Huim\u00edng, que enviou Faru para as montanhas do leste para estudar com &hellip; <a href=\"http:\/\/www.nossacasa.net\/shunya\/faru\/\">Continue lendo <span class=\"meta-nav\">&rarr;<\/span><\/a><!-- AddThis Advanced Settings generic via filter on get_the_excerpt --><!-- AddThis Share Buttons generic via filter on get_the_excerpt --><\/p>\n","protected":false},"author":1,"featured_media":4790,"parent":0,"menu_order":0,"comment_status":"closed","ping_status":"closed","template":"","meta":{"footnotes":""},"class_list":["post-4789","page","type-page","status-publish","has-post-thumbnail","hentry"],"_links":{"self":[{"href":"http:\/\/www.nossacasa.net\/shunya\/wp-json\/wp\/v2\/pages\/4789","targetHints":{"allow":["GET"]}}],"collection":[{"href":"http:\/\/www.nossacasa.net\/shunya\/wp-json\/wp\/v2\/pages"}],"about":[{"href":"http:\/\/www.nossacasa.net\/shunya\/wp-json\/wp\/v2\/types\/page"}],"author":[{"embeddable":true,"href":"http:\/\/www.nossacasa.net\/shunya\/wp-json\/wp\/v2\/users\/1"}],"replies":[{"embeddable":true,"href":"http:\/\/www.nossacasa.net\/shunya\/wp-json\/wp\/v2\/comments?post=4789"}],"version-history":[{"count":3,"href":"http:\/\/www.nossacasa.net\/shunya\/wp-json\/wp\/v2\/pages\/4789\/revisions"}],"predecessor-version":[{"id":4837,"href":"http:\/\/www.nossacasa.net\/shunya\/wp-json\/wp\/v2\/pages\/4789\/revisions\/4837"}],"wp:featuredmedia":[{"embeddable":true,"href":"http:\/\/www.nossacasa.net\/shunya\/wp-json\/wp\/v2\/media\/4790"}],"wp:attachment":[{"href":"http:\/\/www.nossacasa.net\/shunya\/wp-json\/wp\/v2\/media?parent=4789"}],"curies":[{"name":"wp","href":"https:\/\/api.w.org\/{rel}","templated":true}]}}