{"id":4802,"date":"2018-06-07T17:22:07","date_gmt":"2018-06-07T19:22:07","guid":{"rendered":"http:\/\/www.nossacasa.net\/shunya\/?page_id=4802"},"modified":"2018-06-07T17:22:07","modified_gmt":"2018-06-07T19:22:07","slug":"muso","status":"publish","type":"page","link":"http:\/\/www.nossacasa.net\/shunya\/muso\/","title":{"rendered":"Muso"},"content":{"rendered":"<div style=\"text-align:justify\"><font face=\"Verdana\" size=\"2\"><br \/>\n<a name=\"inicio\"><\/a><a href=\"http:\/\/www.nossacasa.net\/shunya\/?attachment_id=4803\" rel=\"attachment wp-att-4803\"><img loading=\"lazy\" decoding=\"async\" src=\"http:\/\/www.nossacasa.net\/shunya\/wp-content\/uploads\/2018\/06\/Muso-220x300.jpg\" alt=\"\" width=\"220\" height=\"300\" class=\"alignleft size-medium wp-image-4803\" srcset=\"http:\/\/www.nossacasa.net\/shunya\/wp-content\/uploads\/2018\/06\/Muso-220x300.jpg 220w, http:\/\/www.nossacasa.net\/shunya\/wp-content\/uploads\/2018\/06\/Muso.jpg 424w\" sizes=\"auto, (max-width: 220px) 100vw, 220px\" \/><\/a><br \/>\n<b>Muso (684-762)<\/b><br \/>\n<em>Wu-hsiang, Chongjung Musang. (Jingzhong Wuxiang; Muso Joshu) (680 &#8211; 756, ALT. 684-762)<\/em><\/p>\n<hr \/>\n<p><a href=\"#a\">Notas Biogr\u00e1ficas<\/a><br \/>\n<a href=\"#b\">Sucess\u00f5es<\/a><br \/>\n<a href=\"#f\">Linhagem<\/a><\/p>\n<hr \/>\n<hr \/>\n<hr \/>\n<hr \/>\n<p><a name=\"a\"><b>Notas Biogr\u00e1ficas<\/b><\/a><sup>1<\/sup><br \/>\nMuso, mestre CHAN coreano-chin\u00eas da dinastia Tang. Por sua origem coreana, ele \u00e9 normalmente chamado Musang na literatura, seguindo a pron\u00fancia coreana de seu nome de dharma, ou Mestre Kim (Kim K. hwasang; C. Jin heshang), usando seu sobrenome coreano. <\/p>\n<p>Musang teria sido o terceiro filho de um rei de Silla e foi ordenado na Coreia no mosteiro de Kunnamsa.<br \/>\nEm 728, ele chegou \u00e0 capital chinesa de Chang&#8217;an (atual Xian) e teve uma audi\u00eancia com o Imperador Tang Xuanzong (r. 712-756), que o indicou para o Mosteiro de Chandingsi. <\/p>\n<p>Musang posteriormente viajou para Chu e se tornou um disc\u00edpulo do monge Chuji (alt. 648 &#8211; 734, 650 &#8211; 732, 669 &#8211; 736), que lhe deu a transmiss\u00e3o do dharma no mosteiro de Dechunsi em Zizhou (atual prov\u00edncia de Sichuan).<br \/>\nMais tarde residiu no mosteiro de Jingzhongsi em Chengdu (atual prov\u00edncia de Sichuan, mais tarde conhecido como WANFOSI), que lhe deu seu top\u00f4nimo Chongjung (C. Jingzhong). <\/p>\n<p>Musang tornou-se famoso por suas pr\u00e1ticas asc\u00e9ticas e meditativas. Come\u00e7ou tamb\u00e9m a difundir um conjunto exclusivo de preceitos conhecido como as tr\u00eas proposi\u00e7\u00f5es (SANJU): &#8220;nenhuma lembran\u00e7a&#8221; (wuji), que foi igualado com a moralidade (SILA); &#8220;sem pensar&#8221; (WUNIAN) com concentra\u00e7\u00e3o (SAMADHI); e &#8220;n\u00e3o esquecer&#8221; (mowang) com sabedoria (PRAJNA). <\/p>\n<p>Ele tamb\u00e9m ensinou uma pr\u00e1tica conhecida como YINSHENG NIANFO, um m\u00e9todo de recitar o nome de Buda, estendendo o comprimento da entona\u00e7\u00e3o. A Linhagem de Musang prosperou em Sichuan e veio a ser conhecida como a linhagem JINGZHONG ZONG do Chan.<\/p>\n<p>Musang parece ter ensinado ou influenciou v\u00e1rios monges Chan renomados, incluindo <a href=\"&lt;a href=\" class=\"broken_link\">&#8220;>HEZE SHENHUI (668-760)<\/a>, BAOTANG WUZHU (714-774) e MAZU DAOYI (707 &#8211; 786); Ele tamb\u00e9m desempenhou um papel importante na transmiss\u00e3o Chan para o Tibete nos anos 750 e 760.<\/p>\n<p><a name=\"b\"><b>Sucess\u00f5es<\/b><\/a><sup>2<\/sup><br \/>\nMuso recebeu a transmiss\u00e3o do Dharma de <a href=\"http:\/\/www.nossacasa.net\/shunya\/shojaku\/\">Shojaku (665-732)<\/a>.<br \/>\nMuso transmitiu o Dharma para <a href=\"http:\/\/www.nossacasa.net\/shunya\/muju\/\">Muju (714-774)<\/a><\/p>\n<ol type=\"1\">\n<li>https:\/\/terebess.hu\/zen\/mesterek\/Musang.html <\/li>\n<li>Zen ancestors in China por Andy Ferguson (arquivo PDF) <\/li>\n<\/ol>\n<hr \/>\n<div style=\"text-align:right\"><a href=\"#inicio\">Topo<\/a><\/div>\n<p><a name=\"g\">Linhagem desde Saquiamuni<\/a><\/p>\n<div style=\"text-align:center\">\n<ol type=\"1\"><b><u>BUTSU<\/u><\/b><\/p>\n<li><a href=\"http:\/\/www.nossacasa.net\/shunya\/buda\/\">BIBASHI<\/a><\/li>\n<li><a href=\"http:\/\/www.nossacasa.net\/shunya\/buda\/\">SHIKI<\/a><\/li>\n<li><a href=\"http:\/\/www.nossacasa.net\/shunya\/buda\/\">BISHAFU<\/a><\/li>\n<li><a href=\"http:\/\/www.nossacasa.net\/shunya\/buda\/\">KURUSON<\/a><\/li>\n<li><a href=\"http:\/\/www.nossacasa.net\/shunya\/buda\/\">KUNAGONMUNI<\/a><\/li>\n<li><a href=\"http:\/\/www.nossacasa.net\/shunya\/buda\/\">KASHO<\/a><\/li>\n<li><a href=\"http:\/\/www.nossacasa.net\/shunya\/buda\/\">XAQUIAMUNI<\/a><\/li>\n<\/ol>\n<\/div>\n<table width=\"100%\" border=\"0\">\n<tr>\n<td valign=\"top\">\n<ol type=\"1\"><b><u>\u00cdNDIA<\/u><\/b><\/p>\n<li><a href=\"http:\/\/www.nossacasa.net\/shunya\/mahakashyapa\/\">MAKAKASHO<\/a><\/li>\n<li><a href=\"http:\/\/www.nossacasa.net\/shunya\/ananda\/\">ANANDA<\/a><\/li>\n<li><a href=\"http:\/\/www.nossacasa.net\/shunya\/shanavasa\/\">SHONAWASHU<\/a><\/li>\n<li><a href=\"http:\/\/www.nossacasa.net\/shunya\/upagupta\/\">UBAGIKUTA<\/a><\/li>\n<li><a href=\"http:\/\/www.nossacasa.net\/shunya\/dhritaka\/\">DAITAKA<\/a><\/li>\n<li><a href=\"http:\/\/www.nossacasa.net\/shunya\/michaka\/\">MISHAKA<\/a><\/li>\n<li><a href=\"http:\/\/www.nossacasa.net\/shunya\/vasumitra\/\">BASHUMITSU<\/a><\/li>\n<li><a href=\"http:\/\/www.nossacasa.net\/shunya\/buddhananda\/\">BUTSUDANANDAI<\/a><\/li>\n<li><a href=\"http:\/\/www.nossacasa.net\/shunya\/buddhamitra\/\">FUDAMITA<\/a><\/li>\n<li><a href=\"http:\/\/www.nossacasa.net\/shunya\/parshvanatha\/\">BARISHIBA<\/a><\/li>\n<li><a href=\"http:\/\/www.nossacasa.net\/shunya\/punyayashas\/\">FUNAYASHYA<\/a><\/li>\n<li><a href=\"http:\/\/www.nossacasa.net\/shunya\/ashvagosha\/\">ANABOTEI<\/a><\/li>\n<li><a href=\"http:\/\/www.nossacasa.net\/shunya\/kapimala\/\">KABIMORA<\/a><\/li>\n<li><a href=\"http:\/\/www.nossacasa.net\/shunya\/nagarjuna\/\">NAGYAHARAJUNA<\/a><\/li>\n<li><a href=\"http:\/\/www.nossacasa.net\/shunya\/aryadeva\/\">KANADAIBA<\/a><\/li>\n<li><a href=\"http:\/\/www.nossacasa.net\/shunya\/rahulata\/\">RAGORATA<\/a><\/li>\n<li><a href=\"http:\/\/www.nossacasa.net\/shunya\/sanghanandi\/\">SOGYANANDAI<\/a><\/li>\n<li><a href=\"http:\/\/www.nossacasa.net\/shunya\/gayashata\/\">KAYSHATA<\/a><\/li>\n<li><a href=\"http:\/\/www.nossacasa.net\/shunya\/kumarata\/\">KUMORATA<\/a><\/li>\n<li><a href=\"http:\/\/www.nossacasa.net\/shunya\/jayata\/\">SHAYATA<\/a><\/li>\n<li><a href=\"http:\/\/www.nossacasa.net\/shunya\/vasubandhu\/\">BASHUBANZU<\/a><\/li>\n<li><a href=\"http:\/\/www.nossacasa.net\/shunya\/manorhita\/\">MANURA<\/a><\/li>\n<li><a href=\"http:\/\/www.nossacasa.net\/shunya\/haklenayasha\/\">KAKUROKUNA<\/a><\/li>\n<li><a href=\"http:\/\/www.nossacasa.net\/shunya\/aryasimha\/\">SHSISHIBODAI<\/a><\/li>\n<li><a href=\"http:\/\/www.nossacasa.net\/shunya\/basiasita\/\">BASHASHITA<\/a><\/li>\n<li><a href=\"http:\/\/www.nossacasa.net\/shunya\/punyamitra\/\">FUNYOMITA <\/a><\/li>\n<li><a href=\"http:\/\/www.nossacasa.net\/shunya\/prajnatara\/\">HANNYATARA <\/a><\/li>\n<\/ol>\n<\/td>\n<td valign=\"top\">\n<ol type=\"1\" start=\"28\"><b><u>CHINA<\/u><\/b><\/p>\n<li><a href=\"http:\/\/www.nossacasa.net\/shunya\/bodhidharma\/\">BODAIDARUMA<\/a><\/li>\n<li><a href=\"http:\/\/www.nossacasa.net\/shunya\/hui-ko\/\">TAISO EKA<\/a><\/li>\n<li><a href=\"http:\/\/www.nossacasa.net\/shunya\/seng-tsan\/\">KANCHI SOSAN<\/a><\/li>\n<li><a href=\"http:\/\/www.nossacasa.net\/shunya\/tao-hsin\/\">DAII DOSHIN<\/a><\/li>\n<li><a href=\"http:\/\/www.nossacasa.net\/shunya\/hung-jen\/\">DAIMAN KONIN<\/a><\/li>\n<li><a href=\"http:\/\/www.nossacasa.net\/shunya\/zhixian\/\">CHIH SHEN<\/a><\/li>\n<li><a href=\"http:\/\/www.nossacasa.net\/shunya\/shojaku\/\">SHOJAKU<\/a><\/li>\n<li><a href=\"http:\/\/www.nossacasa.net\/shunya\/muso\/\">MUSO<\/a><\/li>\n<\/ol>\n<\/td>\n<\/tr>\n<\/table>\n<hr \/>\n<div style=\"text-align:right\"><a href=\"#inicio\">Topo<\/a><\/div>\n<hr \/>\n<p><\/font><\/div>\n<!-- AddThis Advanced Settings generic via filter on the_content --><!-- AddThis Share Buttons generic via filter on the_content -->","protected":false},"excerpt":{"rendered":"<p>Muso (684-762) Wu-hsiang, Chongjung Musang. (Jingzhong Wuxiang; Muso Joshu) (680 &#8211; 756, ALT. 684-762) Notas Biogr\u00e1ficas Sucess\u00f5es Linhagem Notas Biogr\u00e1ficas1 Muso, mestre CHAN coreano-chin\u00eas da dinastia Tang. Por sua origem coreana, ele \u00e9 normalmente chamado Musang na literatura, seguindo a &hellip; <a href=\"http:\/\/www.nossacasa.net\/shunya\/muso\/\">Continue lendo <span class=\"meta-nav\">&rarr;<\/span><\/a><!-- AddThis Advanced Settings generic via filter on get_the_excerpt --><!-- AddThis Share Buttons generic via filter on get_the_excerpt --><\/p>\n","protected":false},"author":1,"featured_media":0,"parent":0,"menu_order":0,"comment_status":"closed","ping_status":"closed","template":"","meta":{"footnotes":""},"class_list":["post-4802","page","type-page","status-publish","hentry"],"_links":{"self":[{"href":"http:\/\/www.nossacasa.net\/shunya\/wp-json\/wp\/v2\/pages\/4802","targetHints":{"allow":["GET"]}}],"collection":[{"href":"http:\/\/www.nossacasa.net\/shunya\/wp-json\/wp\/v2\/pages"}],"about":[{"href":"http:\/\/www.nossacasa.net\/shunya\/wp-json\/wp\/v2\/types\/page"}],"author":[{"embeddable":true,"href":"http:\/\/www.nossacasa.net\/shunya\/wp-json\/wp\/v2\/users\/1"}],"replies":[{"embeddable":true,"href":"http:\/\/www.nossacasa.net\/shunya\/wp-json\/wp\/v2\/comments?post=4802"}],"version-history":[{"count":1,"href":"http:\/\/www.nossacasa.net\/shunya\/wp-json\/wp\/v2\/pages\/4802\/revisions"}],"predecessor-version":[{"id":4804,"href":"http:\/\/www.nossacasa.net\/shunya\/wp-json\/wp\/v2\/pages\/4802\/revisions\/4804"}],"wp:attachment":[{"href":"http:\/\/www.nossacasa.net\/shunya\/wp-json\/wp\/v2\/media?parent=4802"}],"curies":[{"name":"wp","href":"https:\/\/api.w.org\/{rel}","templated":true}]}}