{"id":4805,"date":"2018-06-07T17:24:07","date_gmt":"2018-06-07T19:24:07","guid":{"rendered":"http:\/\/www.nossacasa.net\/shunya\/?page_id=4805"},"modified":"2018-06-07T17:24:07","modified_gmt":"2018-06-07T19:24:07","slug":"muju","status":"publish","type":"page","link":"http:\/\/www.nossacasa.net\/shunya\/muju\/","title":{"rendered":"Muju"},"content":{"rendered":"<div style=\"text-align:justify\"><font face=\"Verdana\" size=\"2\"><br \/>\n<a name=\"inicio\"><\/a><a href=\"http:\/\/www.nossacasa.net\/shunya\/?attachment_id=4806\" rel=\"attachment wp-att-4806\"><img loading=\"lazy\" decoding=\"async\" src=\"http:\/\/www.nossacasa.net\/shunya\/wp-content\/uploads\/2018\/06\/Muju-300x150.jpg\" alt=\"\" width=\"300\" height=\"150\" class=\"alignleft size-medium wp-image-4806\" srcset=\"http:\/\/www.nossacasa.net\/shunya\/wp-content\/uploads\/2018\/06\/Muju-300x150.jpg 300w, http:\/\/www.nossacasa.net\/shunya\/wp-content\/uploads\/2018\/06\/Muju-768x383.jpg 768w, http:\/\/www.nossacasa.net\/shunya\/wp-content\/uploads\/2018\/06\/Muju-500x249.jpg 500w, http:\/\/www.nossacasa.net\/shunya\/wp-content\/uploads\/2018\/06\/Muju.jpg 800w\" sizes=\"auto, (max-width: 300px) 100vw, 300px\" \/><\/a><br \/>\n<b>Muju (714-774)<\/b><br \/>\n<em>Muju, Pao-T&#8217;ang Wu-chu, Bao-tang Wu-zhu, Wu-chu<\/em><\/p>\n<hr \/>\n<p><a href=\"#a\">Refer\u00eancias<\/a><br \/>\n<a href=\"#b\">Diverg\u00eancias<\/a><br \/>\n<a href=\"#c\">Notas Biogr\u00e1ficas<\/a><br \/>\n<a href=\"#f\">Linhagem<\/a><\/p>\n<hr \/>\n<hr \/>\n<hr \/>\n<hr \/>\n<p><a name=\"a\"><b>Refer\u00eancias<\/b><\/a><sup>1<\/sup><br \/>\nPao-T&#8217;ang Wu-chu ou &#8216;Bao-tang Wu-zhu&#8217; (Wu-chu; 714-774CE), chefe e fundador do Mosteiro de Pao-T&#8217;ang no Chengtu, Szechwan localizado no sudoeste China. Tanto o reverendo Kim (Chin ho-shang) como Pao-T&#8217;ang Wu-chu eram da mesma linha do Ch&#8217;an, o &#8220;Ensinamentos da montanha do leste&#8221; incorretamente conhecido no ocidente com a nomenclatura pejorativa, &#8220;Escola do Norte&#8221;.<\/p>\n<p><a name=\"b\"><b>Diverg\u00eancias<\/b><\/a><sup>2<\/sup><br \/>\n(J. Hotoshu; K. Podang chong ). Uma importante escola da tradi\u00e7\u00e3o chinesa do Chan, conhecida por suas doutrinas radicalmente antin\u00f4mica. A escola leva o nome do mosteiro (Baotangsi) onde o fundador da escola, BAOTANG WUZHU, residia. O mosteiro estava localizado em Jiannan (atual prov\u00edncia de Sichuan), nas proximidades da cidade de Chengdu. <\/p>\n<p>At\u00e9 a recente descoberta do Lidai Fabao Ji em Dunhuang, as informa\u00e7\u00f5es sobre esta escola limitava-se aos coment\u00e1rios pejorativas encontrados nos escritos do historiador Chan do s\u00e9culo IX Guifeng Zongmi.<\/p>\n<p>Devido talvez aos ensinamentos antin\u00f4micos defendidos por seus membros, a escola teve uma curta dura\u00e7\u00e3o. A escola rejeitou todas as pr\u00e1ticas soteriol\u00f3gica e atividades devocionais. N\u00e3o h\u00e1 imagens de Buda consagradas em seus mosteiros, e eles questionaram o valor das escrituras de c\u00e2nticos e rituais de arrependimento. Em vez disso, eles insistiam em &#8220;simplesmente sentar-se no vazio e quietude&#8221; (xianzuo zhikong) e na transmiss\u00e3o &#8220;sem pensar&#8221; (WUNIAN) em lugar dos preceitos formais.<\/p>\n<p>A linhagem de Baotang muitas vezes \u00e9 rastreada at\u00e9 Hui&#8217;an (582 &#8211; 709) tamb\u00e9m conhecido como Lao&#8217;an, &#8220;O velho&#8221; por causa de sua longa vida, um disc\u00edpulo do quinto patriarca, HONGREN e do disc\u00edpulo de Hui&#8217;na, Chen Chuzhang (d.u.), atrav\u00e9s do qual Baotang Wuzhu teria alcan\u00e7ado o despertar. <\/p>\n<p>Embora o autor do Lidai Fabao Ji, um disc\u00edpulo de Wuzhu, tente associar a linhagem Baotang da Chongjung Musang, fundador do JINGZHONG ZONG, estas escolas s\u00e3o consideradas como tendo sido duas tradi\u00e7\u00f5es distintas.<br \/>\nAssim como a escola Jingzhong, a zong Baotang tamb\u00e9m parece ter exercido uma influ\u00eancia consider\u00e1vel sobre o desenvolvimento do budismo tibetano, especialmente nos primeiros ensinamentos do RDZOGS CHEN (dzogchen).<\/p>\n<p><a name=\"a\"><b>Notas Biogr\u00e1ficas<\/b><\/a><sup>3<\/sup><br \/>\n(J. Hoto Muju: K. Podang Muju) (714-774). Monge chin\u00eas na escola Chan, que \u00e9 considerado o fundador do BAOTANG ZONG durante a dinastia Tang. <\/p>\n<p>Baotang \u00e9 o nome do mosteiro onde residia Wuzhu (localizado na atual prov\u00edncia de Sichuan). Wuzhu teria atingido o despertar atrav\u00e9s da influ\u00eancia de Chen Chuzhang (d.u.), um disc\u00edpulo leigo do monge Hui&#8217;an (582 &#8211; 799; tamb\u00e9m conhecido como Lao&#8217;an).<\/p>\n<p>De acordo com o Lidai Fabao Ji, Wuzhu frequentou uma ordena\u00e7\u00e3o em massa realizada pelo monge coreano <a href=\"http:\/\/www.nossacasa.net\/shunya\/muso\/\">Chongjung Musang<\/a> no Mosteiro Jingzhong na cidade de Chengdu. <\/p>\n<p>Ao ouvir as instru\u00e7\u00f5es do Musang para pr\u00e1tica nas montanhas, Wuzhu seguiu para Baiyaishan, onde permaneceu durante os sete anos seguintes (759-766). Posteriormente foi para o Mosteiro de Konghuisi, at\u00e9 que finalmente mudou-se para Baotangsi, onde ele faleceu no ver\u00e3o de 774. <\/p>\n<p>Wuzhu foi famoso por seus ensinamentos antin\u00f4micos que rejeitaram todas as pr\u00e1ticas devocionais e s\u00e3o lembrados como o fundador do hom\u00f4nimo BAOTANG ZONG. O sucessor do Wuzhu foi um disc\u00edpulo leigo de nome de Tu Hongjian, comandante-chefe adjunto e vice-presidente da Chancelaria Imperial.<\/p>\n<ol type=\"1\">\n<li>http:\/\/en.wikipedia.org\/wiki\/East_Mountain_Teaching<\/li>\n<li>The Princeton Dictionary of Buddhism<\/li>\n<li>https:\/\/terebess.hu\/zen\/mesterek\/BaotangWuzhu.html<\/li>\n<\/ol>\n<hr \/>\n<div style=\"text-align:right\"><a href=\"#inicio\">Topo<\/a><\/div>\n<p><a name=\"g\">Linhagem desde Saquiamuni<\/a><\/p>\n<div style=\"text-align:center\">\n<ol type=\"1\"><b><u>BUTSU<\/u><\/b><\/p>\n<li><a href=\"http:\/\/www.nossacasa.net\/shunya\/buda\/\">BIBASHI<\/a><\/li>\n<li><a href=\"http:\/\/www.nossacasa.net\/shunya\/buda\/\">SHIKI<\/a><\/li>\n<li><a href=\"http:\/\/www.nossacasa.net\/shunya\/buda\/\">BISHAFU<\/a><\/li>\n<li><a href=\"http:\/\/www.nossacasa.net\/shunya\/buda\/\">KURUSON<\/a><\/li>\n<li><a href=\"http:\/\/www.nossacasa.net\/shunya\/buda\/\">KUNAGONMUNI<\/a><\/li>\n<li><a href=\"http:\/\/www.nossacasa.net\/shunya\/buda\/\">KASHO<\/a><\/li>\n<li><a href=\"http:\/\/www.nossacasa.net\/shunya\/buda\/\">XAQUIAMUNI<\/a><\/li>\n<\/ol>\n<\/div>\n<table width=\"100%\" border=\"0\">\n<tr>\n<td valign=\"top\">\n<ol type=\"1\"><b><u>\u00cdNDIA<\/u><\/b><\/p>\n<li><a href=\"http:\/\/www.nossacasa.net\/shunya\/mahakashyapa\/\">MAKAKASHO<\/a><\/li>\n<li><a href=\"http:\/\/www.nossacasa.net\/shunya\/ananda\/\">ANANDA<\/a><\/li>\n<li><a href=\"http:\/\/www.nossacasa.net\/shunya\/shanavasa\/\">SHONAWASHU<\/a><\/li>\n<li><a href=\"http:\/\/www.nossacasa.net\/shunya\/upagupta\/\">UBAGIKUTA<\/a><\/li>\n<li><a href=\"http:\/\/www.nossacasa.net\/shunya\/dhritaka\/\">DAITAKA<\/a><\/li>\n<li><a href=\"http:\/\/www.nossacasa.net\/shunya\/michaka\/\">MISHAKA<\/a><\/li>\n<li><a href=\"http:\/\/www.nossacasa.net\/shunya\/vasumitra\/\">BASHUMITSU<\/a><\/li>\n<li><a href=\"http:\/\/www.nossacasa.net\/shunya\/buddhananda\/\">BUTSUDANANDAI<\/a><\/li>\n<li><a href=\"http:\/\/www.nossacasa.net\/shunya\/buddhamitra\/\">FUDAMITA<\/a><\/li>\n<li><a href=\"http:\/\/www.nossacasa.net\/shunya\/parshvanatha\/\">BARISHIBA<\/a><\/li>\n<li><a href=\"http:\/\/www.nossacasa.net\/shunya\/punyayashas\/\">FUNAYASHYA<\/a><\/li>\n<li><a href=\"http:\/\/www.nossacasa.net\/shunya\/ashvagosha\/\">ANABOTEI<\/a><\/li>\n<li><a href=\"http:\/\/www.nossacasa.net\/shunya\/kapimala\/\">KABIMORA<\/a><\/li>\n<li><a href=\"http:\/\/www.nossacasa.net\/shunya\/nagarjuna\/\">NAGYAHARAJUNA<\/a><\/li>\n<li><a href=\"http:\/\/www.nossacasa.net\/shunya\/aryadeva\/\">KANADAIBA<\/a><\/li>\n<li><a href=\"http:\/\/www.nossacasa.net\/shunya\/rahulata\/\">RAGORATA<\/a><\/li>\n<li><a href=\"http:\/\/www.nossacasa.net\/shunya\/sanghanandi\/\">SOGYANANDAI<\/a><\/li>\n<li><a href=\"http:\/\/www.nossacasa.net\/shunya\/gayashata\/\">KAYSHATA<\/a><\/li>\n<li><a href=\"http:\/\/www.nossacasa.net\/shunya\/kumarata\/\">KUMORATA<\/a><\/li>\n<li><a href=\"http:\/\/www.nossacasa.net\/shunya\/jayata\/\">SHAYATA<\/a><\/li>\n<li><a href=\"http:\/\/www.nossacasa.net\/shunya\/vasubandhu\/\">BASHUBANZU<\/a><\/li>\n<li><a href=\"http:\/\/www.nossacasa.net\/shunya\/manorhita\/\">MANURA<\/a><\/li>\n<li><a href=\"http:\/\/www.nossacasa.net\/shunya\/haklenayasha\/\">KAKUROKUNA<\/a><\/li>\n<li><a href=\"http:\/\/www.nossacasa.net\/shunya\/aryasimha\/\">SHSISHIBODAI<\/a><\/li>\n<li><a href=\"http:\/\/www.nossacasa.net\/shunya\/basiasita\/\">BASHASHITA<\/a><\/li>\n<li><a href=\"http:\/\/www.nossacasa.net\/shunya\/punyamitra\/\">FUNYOMITA <\/a><\/li>\n<li><a href=\"http:\/\/www.nossacasa.net\/shunya\/prajnatara\/\">HANNYATARA <\/a><\/li>\n<\/ol>\n<\/td>\n<td valign=\"top\">\n<ol type=\"1\" start=\"28\"><b><u>CHINA<\/u><\/b><\/p>\n<li><a href=\"http:\/\/www.nossacasa.net\/shunya\/bodhidharma\/\">BODAIDARUMA<\/a><\/li>\n<li><a href=\"http:\/\/www.nossacasa.net\/shunya\/hui-ko\/\">TAISO EKA<\/a><\/li>\n<li><a href=\"http:\/\/www.nossacasa.net\/shunya\/seng-tsan\/\">KANCHI SOSAN<\/a><\/li>\n<li><a href=\"http:\/\/www.nossacasa.net\/shunya\/tao-hsin\/\">DAII DOSHIN<\/a><\/li>\n<li><a href=\"http:\/\/www.nossacasa.net\/shunya\/hung-jen\/\">DAIMAN KONIN<\/a><\/li>\n<li><a href=\"http:\/\/www.nossacasa.net\/shunya\/zhixian\/\">CHIH SHEN<\/a><\/li>\n<li><a href=\"http:\/\/www.nossacasa.net\/shunya\/shojaku\/\">SHOJAKU<\/a><\/li>\n<li><a href=\"http:\/\/www.nossacasa.net\/shunya\/muso\/\">MUSO<\/a><\/li>\n<li><a href=\"http:\/\/www.nossacasa.net\/shunya\/muju\/\">MUJU<\/a><\/li>\n<\/ol>\n<\/td>\n<\/tr>\n<\/table>\n<hr \/>\n<div style=\"text-align:right\"><a href=\"#inicio\">Topo<\/a><\/div>\n<hr \/>\n<p><\/font><\/div>\n<!-- AddThis Advanced Settings generic via filter on the_content --><!-- AddThis Share Buttons generic via filter on the_content -->","protected":false},"excerpt":{"rendered":"<p>Muju (714-774) Muju, Pao-T&#8217;ang Wu-chu, Bao-tang Wu-zhu, Wu-chu Refer\u00eancias Diverg\u00eancias Notas Biogr\u00e1ficas Linhagem Refer\u00eancias1 Pao-T&#8217;ang Wu-chu ou &#8216;Bao-tang Wu-zhu&#8217; (Wu-chu; 714-774CE), chefe e fundador do Mosteiro de Pao-T&#8217;ang no Chengtu, Szechwan localizado no sudoeste China. Tanto o reverendo Kim (Chin &hellip; <a href=\"http:\/\/www.nossacasa.net\/shunya\/muju\/\">Continue lendo <span class=\"meta-nav\">&rarr;<\/span><\/a><!-- AddThis Advanced Settings generic via filter on get_the_excerpt --><!-- AddThis Share Buttons generic via filter on get_the_excerpt --><\/p>\n","protected":false},"author":1,"featured_media":0,"parent":0,"menu_order":0,"comment_status":"closed","ping_status":"closed","template":"","meta":{"footnotes":""},"class_list":["post-4805","page","type-page","status-publish","hentry"],"_links":{"self":[{"href":"http:\/\/www.nossacasa.net\/shunya\/wp-json\/wp\/v2\/pages\/4805","targetHints":{"allow":["GET"]}}],"collection":[{"href":"http:\/\/www.nossacasa.net\/shunya\/wp-json\/wp\/v2\/pages"}],"about":[{"href":"http:\/\/www.nossacasa.net\/shunya\/wp-json\/wp\/v2\/types\/page"}],"author":[{"embeddable":true,"href":"http:\/\/www.nossacasa.net\/shunya\/wp-json\/wp\/v2\/users\/1"}],"replies":[{"embeddable":true,"href":"http:\/\/www.nossacasa.net\/shunya\/wp-json\/wp\/v2\/comments?post=4805"}],"version-history":[{"count":1,"href":"http:\/\/www.nossacasa.net\/shunya\/wp-json\/wp\/v2\/pages\/4805\/revisions"}],"predecessor-version":[{"id":4807,"href":"http:\/\/www.nossacasa.net\/shunya\/wp-json\/wp\/v2\/pages\/4805\/revisions\/4807"}],"wp:attachment":[{"href":"http:\/\/www.nossacasa.net\/shunya\/wp-json\/wp\/v2\/media?parent=4805"}],"curies":[{"name":"wp","href":"https:\/\/api.w.org\/{rel}","templated":true}]}}