{"id":4840,"date":"2018-06-08T18:46:17","date_gmt":"2018-06-08T20:46:17","guid":{"rendered":"http:\/\/www.nossacasa.net\/shunya\/?page_id=4840"},"modified":"2018-06-08T18:54:21","modified_gmt":"2018-06-08T20:54:21","slug":"pang-yun","status":"publish","type":"page","link":"http:\/\/www.nossacasa.net\/shunya\/pang-yun\/","title":{"rendered":"P&#8217;ang-yun"},"content":{"rendered":"<div style=\"text-align:justify\"><font face=\"Verdana\" size=\"2\"><br \/>\n<a name=\"inicio\"><\/a><a href=\"http:\/\/www.nossacasa.net\/shunya\/pang-yun\/pang-yun-2\/\" rel=\"attachment wp-att-4843\"><img loading=\"lazy\" decoding=\"async\" src=\"http:\/\/www.nossacasa.net\/shunya\/wp-content\/uploads\/2018\/06\/Pang-yun-219x300.jpg\" alt=\"\" width=\"219\" height=\"300\" class=\"alignleft size-medium wp-image-4843\" srcset=\"http:\/\/www.nossacasa.net\/shunya\/wp-content\/uploads\/2018\/06\/Pang-yun-219x300.jpg 219w, http:\/\/www.nossacasa.net\/shunya\/wp-content\/uploads\/2018\/06\/Pang-yun.jpg 256w\" sizes=\"auto, (max-width: 219px) 100vw, 219px\" \/><\/a><b>P&#8217;ang-yun(740-808)<\/b><br \/>\n<i>Pangyun (P&#8217;ang-yun, Houn), 740-808\/811<\/i><\/p>\n<hr \/>\n<p><a href=\"#a\">Refer\u00eancias<\/a><br \/>\n<a href=\"#b\">Sucess\u00f5es<\/a><br \/>\n<a href=\"#f\">Linhagem<\/a><\/p>\n<hr \/>\n<hr \/>\n<hr \/>\n<p><a name=\"a\"><b>Refer\u00eancias<\/b><\/a><sup>1<\/sup><br \/>\nConhecido como Leigo Pang ou Ho koji. O termo &#8220;koji&#8221; era aplicado para estudantes leigo que n&atilde;o tinham recebido ordena&ccedil;&atilde;o mon&aacute;stica mas que praticavam intensivamente. Similiar a &#8220;anagarika&#8221;. <\/p>\n<p>Pang viveu em retiro no monast&eacute;rio de Yaoshan durante dezesseis anos. A sua fam&iacute;lia inteira era de praticantes e sua filha tamb&eacute;m foi especialmente not&aacute;vel como uma adepta. <\/p>\n<p>Pang aparece em &#8220;Registros do Precip&iacute;cio Azul&#8221; 42. Ver &#8220;As Declara&ccedil;&otilde;es Registradas de Leigo Pang&#8221;, trans. por Sasaki, Iriya, Fraser, Weatherhill, 1971.<\/p>\n<hr \/>\n<p><a href=\"http:\/\/www.nossacasa.net\/shunya\/pang-yun\/jamesgreen-laymanpang\/\" rel=\"attachment wp-att-4844\">Relatos referentes a Layman P&#8217;ang<\/a><\/p>\n<hr \/>\n<p><a name=\"b\"><b>Sucess\u00f5es< <\/b><\/b><\/a><sup>1<\/sup><br \/>\nFoi disc\u00edpulo de:<br \/>\n<a href=\"http:\/\/www.nossacasa.net\/shunya\/ma-tsu-tao-i\/\">Mazu<\/a><br \/>\n<a href=\"http:\/\/www.nossacasa.net\/shunya\/shih-tou\/\">Shitou<\/a><br \/>\n<a href=\"http:\/\/www.nossacasa.net\/shunya\/yaoshan-weiyan\/\">Yaoshan<\/a><br \/>\nentre outros&#8230; <\/p>\n<hr \/>\n<ol type=\"1\">\nFonte:<\/p>\n<li>&#8220;Ensinos do Mestre Zen Anzan Roshi&#8221;(texto compilado pelo Ven. Jinmyo Fleming ino e traduzido ao Portugu&ecirc;s por Claudio Miklos.<\/li>\n<\/ol>\n<hr \/>\n<p><\/font><\/div>\n<!-- AddThis Advanced Settings generic via filter on the_content --><!-- AddThis Share Buttons generic via filter on the_content -->","protected":false},"excerpt":{"rendered":"<p>P&#8217;ang-yun(740-808) Pangyun (P&#8217;ang-yun, Houn), 740-808\/811 Refer\u00eancias Sucess\u00f5es Linhagem Refer\u00eancias1 Conhecido como Leigo Pang ou Ho koji. O termo &#8220;koji&#8221; era aplicado para estudantes leigo que n&atilde;o tinham recebido ordena&ccedil;&atilde;o mon&aacute;stica mas que praticavam intensivamente. Similiar a &#8220;anagarika&#8221;. Pang viveu em &hellip; <a href=\"http:\/\/www.nossacasa.net\/shunya\/pang-yun\/\">Continue lendo <span class=\"meta-nav\">&rarr;<\/span><\/a><!-- AddThis Advanced Settings generic via filter on get_the_excerpt --><!-- AddThis Share Buttons generic via filter on get_the_excerpt --><\/p>\n","protected":false},"author":1,"featured_media":4843,"parent":0,"menu_order":0,"comment_status":"closed","ping_status":"closed","template":"","meta":{"footnotes":""},"class_list":["post-4840","page","type-page","status-publish","has-post-thumbnail","hentry"],"_links":{"self":[{"href":"http:\/\/www.nossacasa.net\/shunya\/wp-json\/wp\/v2\/pages\/4840","targetHints":{"allow":["GET"]}}],"collection":[{"href":"http:\/\/www.nossacasa.net\/shunya\/wp-json\/wp\/v2\/pages"}],"about":[{"href":"http:\/\/www.nossacasa.net\/shunya\/wp-json\/wp\/v2\/types\/page"}],"author":[{"embeddable":true,"href":"http:\/\/www.nossacasa.net\/shunya\/wp-json\/wp\/v2\/users\/1"}],"replies":[{"embeddable":true,"href":"http:\/\/www.nossacasa.net\/shunya\/wp-json\/wp\/v2\/comments?post=4840"}],"version-history":[{"count":3,"href":"http:\/\/www.nossacasa.net\/shunya\/wp-json\/wp\/v2\/pages\/4840\/revisions"}],"predecessor-version":[{"id":4845,"href":"http:\/\/www.nossacasa.net\/shunya\/wp-json\/wp\/v2\/pages\/4840\/revisions\/4845"}],"wp:featuredmedia":[{"embeddable":true,"href":"http:\/\/www.nossacasa.net\/shunya\/wp-json\/wp\/v2\/media\/4843"}],"wp:attachment":[{"href":"http:\/\/www.nossacasa.net\/shunya\/wp-json\/wp\/v2\/media?parent=4840"}],"curies":[{"name":"wp","href":"https:\/\/api.w.org\/{rel}","templated":true}]}}