{"id":4863,"date":"2018-06-09T13:33:46","date_gmt":"2018-06-09T15:33:46","guid":{"rendered":"http:\/\/www.nossacasa.net\/shunya\/?page_id=4863"},"modified":"2021-03-17T09:38:47","modified_gmt":"2021-03-17T11:38:47","slug":"sempre-zen","status":"publish","type":"page","link":"http:\/\/www.nossacasa.net\/shunya\/sempre-zen\/","title":{"rendered":"SEMPRE ZEN"},"content":{"rendered":"<div style=\"text-align:justify\"><font face=\"Verdana\" size=\"2\"><br \/>\n<a name=\"inicio\"><\/a><a href=\"http:\/\/www.nossacasa.net\/shunya\/quanto-tempo-praticar\/attachment\/53\/\" rel=\"attachment wp-att-1679\"><img loading=\"lazy\" decoding=\"async\" src=\"http:\/\/www.nossacasa.net\/shunya\/wp-content\/uploads\/2013\/02\/53.jpg\" alt=\"\" width=\"200\" height=\"296\" class=\"alignleft size-full wp-image-1679\" \/><\/a><b>SEMPRE ZEN &#8211; Como introduzir a Pr\u00e1tica do Zen em seu dia a dia<\/b><br \/>\n<i><\/p>\n<div style=\"text-align:right\">de Charlotte Joko Beck<\/div>\n<p><\/i><br \/>\nEditora Saraiva<\/font><\/div>\n<p>A maior parte dos ensinamentos zen deriva de uma tradi\u00e7\u00e3o mon\u00e1stica bastante afastada do mundo comum, do amor rom\u00e2ntico e sexual, da vida familiar e dom\u00e9stica, das ocupa\u00e7\u00f5es e carreiras profissionais.<\/p>\n<p>Poucos estudiosos ocidentais do zen vivem isolados em comunidades mon\u00e1sticas tradicionais e os demais interessados preocupam-se com as mesmas coisas que os outros: criar ou encerrar um relacionamento, trocar fraldas, negociar uma d\u00edvida, buscar uma promo\u00e7\u00e3o no emprego, aplicar corretamente o dinheiro para n\u00e3o ter perdas. Para essas pessoas, a pr\u00e1tica zen parece algo distante, inaplic\u00e1vel em nossa sociedade.<\/p>\n<p>Para que o zen se integre \u00e0 cultura ocidental, ele precisa de uma linguagem ocidental, essa \u00e9 a tese de Charlotte Joko Beck. Junto com seus disc\u00edpulos, ela vem desenvolvendo um zen que, embora rigoroso e disciplinado, est\u00e1 adaptado a temperamentos e modos de vida do ocidente contempor\u00e2neo.<\/p>\n<p>Em Sempre zen, Joko Beck mostra que existe uma outra forma de pr\u00e1tica zen que implica &#8220;trabalhar com todas as coisas&#8221;, que inclui as emo\u00e7\u00f5es, os pensamentos, as sensa\u00e7\u00f5es e os sentimentos. Em vez de afast\u00e1-los ou mant\u00ea-los \u00e0 dist\u00e2ncia, ela prop\u00f5e \u00e0s pessoas se abrirem para tais viv\u00eancias. Seu objetivo \u00e9 torn\u00e1-las mais conscientes e despertas para o que est\u00e1 ocorrendo &#8220;dentro&#8221; e &#8220;fora&#8221;, em cada momento.<\/p>\n<p>Sempre zen \u00e9 o resultado do trabalho em cima das rela\u00e7\u00f5es humanas comuns, do destrinchar de dilemas relativos aos assuntos profissionais e \u00e0s ambi\u00e7\u00f5es materiais, e de como trazer o zen para o amor e o trabalho.<\/p>\n<p>Sempre zen \u00e9 um livro extraordin\u00e1rio para as pessoas comuns. Fala de quest\u00f5es primordiais com uma simplicidade \u00edmpar. Ensina-nos a vivermos despertos em nosso dia-a-dia e lembra-nos com clareza que a pr\u00e1tica e a ilumina\u00e7\u00e3o est\u00e3o bem aqui, \u00e0 nossa frente.<\/p>\n<hr \/>\n<p><a href=\"http:\/\/www.nossacasa.net\/shunya\/charlotte-joko-beck\/\">Charlotte Joko Beck<\/a><\/p>\n<div style=\"text-align:right\"><a href=\"#inicio\">Topo<\/a><\/div>\n<p><strong>CAP\u00cdTULO 1 &#8211; IN\u00cdCIO<\/strong><br \/>\n<a href=\"http:\/\/www.nossacasa.net\/shunya\/iniciando-a-pratica-zen\/\">Iniciando a pr\u00e1tica  Zen<\/a><br \/>\n<a href=\"http:\/\/www.nossacasa.net\/shunya\/duvidas-sobre-a-pratica-do-zen\/\">D\u00favidas sobre a pr&aacute;tica do zen<\/a><br \/>\n<a href=\"http:\/\/www.nossacasa.net\/shunya\/praticando-o-momento-presente\/\">Praticando o momento presente<\/a><br \/>\n<a href=\"http:\/\/www.nossacasa.net\/shunya\/autoridade\/\">Autoridade<\/a><br \/>\n<a href=\"http:\/\/www.nossacasa.net\/shunya\/o-ponto-de-estrangulamento-do-medo\/\">O ponto de estrangulamento do medo<\/a><br \/>\n<strong>CAP\u00cdTULO 2 &#8211; PR\u00c1TICA<\/strong><br \/>\n<a href=\"http:\/\/www.nossacasa.net\/shunya\/o-que-a-pratica-nao-e\/\">O que a pr\u00e1tica n\u00e3o \u00e9<\/a><br \/>\n<a href=\"http:\/\/www.nossacasa.net\/shunya\/o-que-a-pratica-e\/\">O que \u00e9 a pr\u00e1tica<\/a><br \/>\n<a href=\"http:\/\/www.nossacasa.net\/shunya\/o-fogo-da-atencao\/\">O fogo da aten\u00e7\u00e3o<\/a><br \/>\n<a href=\"http:\/\/www.nossacasa.net\/shunya\/o-esforco-para-viver-experiencias-de-iluminacao\/\">O esfor\u00e7o para viver experi\u00eancias de ilumina\u00e7\u00e3o<\/a><br \/>\n<a href=\"http:\/\/www.nossacasa.net\/shunya\/o-preco-da-pratica\/\">O pre\u00e7o da pr\u00e1tica<\/a><br \/>\n<a href=\"http:\/\/www.nossacasa.net\/shunya\/a-recompensa-da-pratica\/\">A recompensa da pr\u00e1tica<\/a><br \/>\n<strong>CAP\u00cdTULO 3 &#8211; SENTIMENTOS<\/strong><br \/>\n<a href=\"http:\/\/www.nossacasa.net\/shunya\/um-continente-maior\/\">Um continente maior<\/a><br \/>\n<a href=\"http:\/\/www.nossacasa.net\/shunya\/abrindo-a-caixa-de-pandora\/\">Abrindo a caixa de Pandora<\/a><br \/>\n<a href=\"http:\/\/www.nossacasa.net\/shunya\/nao-fique-com-raiva\/\">N\u00e3o fique com raiva<\/a><br \/>\n<a href=\"http:\/\/www.nossacasa.net\/shunya\/tirando-duvidas\/\">Tirando d\u00favidas<\/a><br \/>\n<a href=\"http:\/\/www.nossacasa.net\/shunya\/falso-medo\/\">Falso Medo<\/a><br \/>\n<a href=\"http:\/\/www.nossacasa.net\/shunya\/sem-esperanca\/\">Sem esperan\u00e7a<\/a><br \/>\n<a href=\"http:\/\/www.nossacasa.net\/shunya\/amor\/\">Amor<\/a><br \/>\n<strong>CAP\u00cdTULO 4 &#8211; RELACIONAMENTOS<\/strong><br \/>\n<a href=\"http:\/\/www.nossacasa.net\/shunya\/a-busca\/\">A busca<\/a><br \/>\n<a href=\"http:\/\/www.nossacasa.net\/shunya\/praticando-nas-relacoes\/\">Praticando nas rela\u00e7\u00f5es<\/a><br \/>\n<a href=\"http:\/\/www.nossacasa.net\/shunya\/vivenciar-e-comportamento\/\">Vivenciar e comportamento<\/a><br \/>\n<a href=\"http:\/\/www.nossacasa.net\/shunya\/relacionamentos-nao-funcionam\/\">Relacionamentos n\u00e3o funcionam<\/a><br \/>\n<a href=\"http:\/\/www.nossacasa.net\/shunya\/o-relacionamento-nao-e-um-com-o-outro\/\">O relacionamento n\u00e3o \u00e9 um com o outro<\/a><br \/>\n<strong>CAP\u00cdTULO 5 &#8211; SOFRIMENTO<\/strong><br \/>\n<a href=\"http:\/\/www.nossacasa.net\/shunya\/sofrimento-verdadeiro-e-sofrimento-falso\/\">Sofrimento verdadeiro e sofrimento falso<\/a><br \/>\n<a href=\"http:\/\/www.nossacasa.net\/shunya\/renuncia\/\">Ren\u00fancia<\/a><br \/>\n<a href=\"http:\/\/www.nossacasa.net\/shunya\/esta-certo\/\">Est\u00e1 certo<\/a><br \/>\n<a href=\"http:\/\/www.nossacasa.net\/shunya\/tragedia\/\">Trag\u00e9dia<\/a><br \/>\n<a href=\"http:\/\/www.nossacasa.net\/shunya\/o-eu-observador\/\">O eu observador<\/a><br \/>\n<strong>CAP\u00cdTULO 6 &#8211; IDEAIS<\/strong><br \/>\n<a href=\"http:\/\/www.nossacasa.net\/shunya\/correndo-no-lugar\/\">Correndo no lugar<\/a><br \/>\n<a href=\"http:\/\/www.nossacasa.net\/shunya\/aspiracao-e-expectativa\/\">Aspira\u00e7\u00e3o e expectativa<\/a><br \/>\n<a href=\"http:\/\/www.nossacasa.net\/shunya\/enxergando-alem-da-sobrestrutura\/\">Enxergando al\u00e9m da sobrestrutura<\/a><br \/>\n<a href=\"http:\/\/www.nossacasa.net\/shunya\/prisioneiros-do-medo\/\">Prisioneiros do medo<\/a><br \/>\n<a href=\"http:\/\/www.nossacasa.net\/shunya\/grandes-expectativas\/\">Grandes expectativas<\/a><br \/>\n<strong>CAP\u00cdTULO 7 &#8211; LIMITES<\/strong><br \/>\n<a href=\"http:\/\/www.nossacasa.net\/shunya\/o-fio-da-lamina\/\">O fio da l\u00e2mina<\/a><br \/>\n<a href=\"http:\/\/www.nossacasa.net\/shunya\/nova-jersey-nao-existe\/\">Nova Jersey n\u00e3o existe<\/a><br \/>\n<a href=\"http:\/\/www.nossacasa.net\/shunya\/religiao\/\">Religi\u00e3o<\/a><br \/>\n<a href=\"http:\/\/www.nossacasa.net\/shunya\/iluminacao\/\">Ilumina\u00e7\u00e3o<\/a><br \/>\n<strong>CAP\u00cdTULO 8 &#8211; ESCOLHAS<\/strong><br \/>\n<a href=\"http:\/\/www.nossacasa.net\/shunya\/dos-problemas-as-solucoes\/\">Dos problemas as solu\u00e7\u00f5es<\/a><br \/>\n<a href=\"http:\/\/www.nossacasa.net\/shunya\/ponto-de-mutacao\/\">Ponto de muta\u00e7\u00e3o<\/a><br \/>\n<a href=\"http:\/\/www.nossacasa.net\/shunya\/fechar-a-porta\/\">Fechar a porta<\/a><br \/>\n<a href=\"http:\/\/www.nossacasa.net\/shunya\/compromisso\/\">Compromisso<\/a><br \/>\n<strong>CAP\u00cdTULO 9 &#8211; SERVI\u00c7O<\/strong><br \/>\n<a href=\"http:\/\/www.nossacasa.net\/shunya\/seja-feita-a-vossa-vontade\/\">Seja feita a vossa vontade<\/a><br \/>\n<a href=\"http:\/\/www.nossacasa.net\/shunya\/sem-trocas\/\">Sem trocas<\/a><br \/>\n<a href=\"http:\/\/www.nossacasa.net\/shunya\/a-parabola-de-mushin\/\">A par\u00e1bola de Mushin<\/a><\/p>\n<p><a href=\"http:\/\/www.nossacasa.net\/shunya\/livros\/Charlotte_Joko_Beck_Sempre_Zen_budismo.pdf\" rel=\"noopener noreferrer\" target=\"_blank\">Baixar o livro em pdf<\/a><\/p>\n<!-- AddThis Advanced Settings generic via filter on the_content --><!-- AddThis Share Buttons generic via filter on the_content -->","protected":false},"excerpt":{"rendered":"<p>SEMPRE ZEN &#8211; Como introduzir a Pr\u00e1tica do Zen em seu dia a dia de Charlotte Joko Beck Editora Saraiva A maior parte dos ensinamentos zen deriva de uma tradi\u00e7\u00e3o mon\u00e1stica bastante afastada do mundo comum, do amor rom\u00e2ntico e &hellip; <a href=\"http:\/\/www.nossacasa.net\/shunya\/sempre-zen\/\">Continue lendo <span class=\"meta-nav\">&rarr;<\/span><\/a><!-- AddThis Advanced Settings generic via filter on get_the_excerpt --><!-- AddThis Share Buttons generic via filter on get_the_excerpt --><\/p>\n","protected":false},"author":1,"featured_media":1679,"parent":0,"menu_order":0,"comment_status":"closed","ping_status":"closed","template":"","meta":{"footnotes":""},"class_list":["post-4863","page","type-page","status-publish","has-post-thumbnail","hentry"],"_links":{"self":[{"href":"http:\/\/www.nossacasa.net\/shunya\/wp-json\/wp\/v2\/pages\/4863","targetHints":{"allow":["GET"]}}],"collection":[{"href":"http:\/\/www.nossacasa.net\/shunya\/wp-json\/wp\/v2\/pages"}],"about":[{"href":"http:\/\/www.nossacasa.net\/shunya\/wp-json\/wp\/v2\/types\/page"}],"author":[{"embeddable":true,"href":"http:\/\/www.nossacasa.net\/shunya\/wp-json\/wp\/v2\/users\/1"}],"replies":[{"embeddable":true,"href":"http:\/\/www.nossacasa.net\/shunya\/wp-json\/wp\/v2\/comments?post=4863"}],"version-history":[{"count":45,"href":"http:\/\/www.nossacasa.net\/shunya\/wp-json\/wp\/v2\/pages\/4863\/revisions"}],"predecessor-version":[{"id":7150,"href":"http:\/\/www.nossacasa.net\/shunya\/wp-json\/wp\/v2\/pages\/4863\/revisions\/7150"}],"wp:featuredmedia":[{"embeddable":true,"href":"http:\/\/www.nossacasa.net\/shunya\/wp-json\/wp\/v2\/media\/1679"}],"wp:attachment":[{"href":"http:\/\/www.nossacasa.net\/shunya\/wp-json\/wp\/v2\/media?parent=4863"}],"curies":[{"name":"wp","href":"https:\/\/api.w.org\/{rel}","templated":true}]}}