{"id":4867,"date":"2018-06-09T13:39:52","date_gmt":"2018-06-09T15:39:52","guid":{"rendered":"http:\/\/www.nossacasa.net\/shunya\/?page_id=4867"},"modified":"2018-06-17T13:51:50","modified_gmt":"2018-06-17T15:51:50","slug":"nada-especial","status":"publish","type":"page","link":"http:\/\/www.nossacasa.net\/shunya\/nada-especial\/","title":{"rendered":"Nada Especial"},"content":{"rendered":"<div style=\"text-align:justify\"><font face=\"Verdana\" size=\"2\"><br \/>\n<a name=\"inicio\"><\/a><img loading=\"lazy\" decoding=\"async\" src=\"http:\/\/www.nossacasa.net\/shunya\/wp-content\/uploads\/2013\/02\/54-199x300.jpg\" alt=\"\" width=\"199\" height=\"300\" class=\"alignleft size-medium wp-image-1680\" srcset=\"http:\/\/www.nossacasa.net\/shunya\/wp-content\/uploads\/2013\/02\/54-199x300.jpg 199w, http:\/\/www.nossacasa.net\/shunya\/wp-content\/uploads\/2013\/02\/54.jpg 200w\" sizes=\"auto, (max-width: 199px) 100vw, 199px\" \/><b>NADA ESPECIAL &#8211; Vivendo Zen<\/b><\/p>\n<div style=\"text-align:right\"><i>de Charlotte Joko Beck<\/i><\/div>\n<div style=\"text-align:right\">Editora Saraiva<\/div>\n<hr \/>\n<p>Viver o zen n\u00e3o \u00e9 nada de especial: \u00e9 apenas a vida como tal. O zen \u00e9 a vida em si, nada mais. Quando buscamos no zen (ou em qualquer caminho espiritual) a realiza\u00e7\u00e3o de nossas fantasias, separamo-nos da terra e do c\u00e9u, dos nossos seres amados, de nosso cora\u00e7\u00e3o, pois tais fantasias nos colocam num isolamento tempor\u00e1rio. A realidade, no entanto, se insinua de mil maneiras, e a nossa vida se torna uma correria desenfreada, um desespero mudo, melodramas confusos. Distra\u00eddos e obcecados, lutando por algo especial, buscamos outro lugar e outro tempo: n\u00e3o o aqui, nem o agora e tampouco o isto &#8211; tudo, menos a vida comum, esse&#8230; nada de especial.<\/p>\n<p>Em Nada de especial, Charlotte Joko observa: &#8220;As coisas s\u00e3o sempre o que s\u00e3o&#8221;. Esse pensamento n\u00e3o \u00e9 um conselho de desespero, mas um convite ao contentamento. Vivendo a partir do que somos, sa\u00edmos de uma vida centrada em n\u00f3s para uma vida centrada na realidade. Abandonando os pensamentos m\u00e1gicos, despertando para a m\u00e1gica do momento atual, damo-nos conta da gra\u00e7a do nada de especial&#8230; o zen vivido.<\/p>\n<p>As reflex\u00f5es de Joko Beck sobre t\u00f3picos como luta, sacrif\u00edcio, separa\u00e7\u00e3o e v\u00ednculos, mudan\u00e7a, conscientiza\u00e7\u00e3o, liberdade e deslumbramento revelam de que maneira a verdadeira espiritualidade n\u00e3o implica uma vida reclusa, separada, mas um mergulhar nas viv\u00eancias di\u00e1rias &#8211; os sentimentos, os relacionamentos, o trabalho &#8211; com consci\u00eancia, honestidade e integridade. Dotada de uma perspic\u00e1cia e de um discernimento hoje c\u00e9lebres, esta consagrada mestra ocidental contempor\u00e2nea apresenta novas dimens\u00f5es para a simplifica\u00e7\u00e3o de nosso viver. Com isso Charlotte Joko revela como quando nada \u00e9 especial tudo pode s\u00ea-lo.<\/p>\n<p>Nada de especial fala do atemporal e do perene, com met\u00e1foras simples e claras para as coisas comuns e os incidentes do dia-a-dia, iluminando com maravilhoso bom senso a nossa vida.<\/p>\n<hr \/>\n<div style=\"text-align:right\"><a href=\"http:\/\/www.nossacasa.net\/shunya\/charlotte-joko-beck\/\">Charlotte Joko Beck<\/a><\/div>\n<p><strong>Sum\u00e1rio<\/strong><br \/>\n<strong>I. Luta<\/strong><br \/>\n<a href=\"http:\/\/www.nossacasa.net\/shunya\/rodamoinhos-e-aguas-paradas\/\">Rodamoinhos e \u00e1guas paradas<\/a><br \/>\n<a href=\"http:\/\/www.nossacasa.net\/shunya\/o-casulo-da-dor\/\">O casulo da dor<\/a><br \/>\n<a href=\"http:\/\/www.nossacasa.net\/shunya\/sisifo-e-o-fardo-da-vida\/\">S\u00edsifo e o fardo da vida<\/a><br \/>\n<a href=\"http:\/\/www.nossacasa.net\/shunya\/respondendo-as-pressoes\/\">Respondendo as press\u00f5es<\/a><br \/>\n<a href=\"http:\/\/www.nossacasa.net\/shunya\/a-base-de-apoio\/\">A base de apoio<\/a><br \/>\n<strong>II.Sacrif\u00edcio<\/strong><br \/>\n<a href=\"http:\/\/www.nossacasa.net\/shunya\/sacrificio-e-vitimas\/\">Sacrif\u00edcios e v\u00edtimas<\/a><br \/>\n<a href=\"http:\/\/www.nossacasa.net\/shunya\/a-promessa-que-nunca-e-cumprida\/\">A promessa que nunca \u00e9 comprida<\/a><br \/>\n<a href=\"http:\/\/www.nossacasa.net\/shunya\/justica\/\">Justi\u00e7a<\/a><br \/>\n<a href=\"http:\/\/www.nossacasa.net\/shunya\/perdao\/\">Perd\u00e3o<\/a><br \/>\n<a href=\"http:\/\/www.nossacasa.net\/shunya\/a-fala-que-ninguem-deseja-ouvir\/\">A fala que ningu\u00e9m deseja ouvir<\/a><br \/>\n<a href=\"http:\/\/www.nossacasa.net\/shunya\/o-olho-do-furacao\/\">O olho do furc\u00e3o<\/a><br \/>\n<strong>III. Separa\u00e7\u00e3o e V\u00ednculos<\/strong><br \/>\n<a href=\"http:\/\/www.nossacasa.net\/shunya\/pode-alguma-coisa-nos-ferir\/\">Pode alguma coisa nos ferir?<\/a><br \/>\n<a href=\"http:\/\/www.nossacasa.net\/shunya\/o-problema-sujeito-objeto\/\">Problema sujeito-objeto<\/a><br \/>\n<a href=\"http:\/\/www.nossacasa.net\/shunya\/integracao\/\">Integra\u00e7\u00e3o<\/a><br \/>\n<a href=\"http:\/\/www.nossacasa.net\/shunya\/os-tomateiros-rivais\/\">Os tomateiros rivais<\/a><br \/>\n<a href=\"http:\/\/www.nossacasa.net\/shunya\/nao-julgar\/\">N\u00e3o julgar<\/a><br \/>\n<strong>IV. Mudan\u00e7as<\/strong><br \/>\n<a href=\"http:\/\/www.nossacasa.net\/shunya\/preparo-do-terreno\/\">Preparo do terreno<\/a><br \/>\n<a href=\"http:\/\/www.nossacasa.net\/shunya\/experiencias-e-vivencias\/\">Experi\u00eancias e viv\u00eancias<\/a><br \/>\n<a href=\"http:\/\/www.nossacasa.net\/shunya\/o-diva-de-gelo\/\">O div\u00e3 de gelo<\/a><br \/>\n<a href=\"http:\/\/www.nossacasa.net\/shunya\/derretendo-os-cubos-de-gelo\/\">Derretendo os cubos de gelo<\/a><br \/>\n<a href=\"http:\/\/www.nossacasa.net\/shunya\/o-castelo-e-o-fosso\/\">O castelo e o fosso<\/a><br \/>\n<strong>V. Percep\u00e7\u00e3o consciente<\/strong><br \/>\n<a href=\"http:\/\/www.nossacasa.net\/shunya\/o-paradoxo-da-percepcao-consciente\/\">O paradoxo da percep\u00e7\u00e3o consciente<\/a><br \/>\nRecobrando o ju\u00edzo<br \/>\nAten\u00e7\u00e3o significa aten\u00e7\u00e3o<br \/>\nFalsas generaliza\u00e7\u00f5es<br \/>\nOuvindo o corpo<br \/>\n<strong>VI. Liberdade<\/strong><br \/>\n<a href=\"http:\/\/www.nossacasa.net\/shunya\/os-seis-estagios-da-pratica\/\">Os seis est\u00e1gios da pr\u00e1tica<\/a><br \/>\nCuriosidade e obsess\u00e3o<br \/>\nTransforma\u00e7\u00e3o<br \/>\nO homem natural<br \/>\n<strong>VII. Deslumbramento<\/strong><br \/>\nA queda<br \/>\nO som de um pombo e uma voz cr\u00edtica<br \/>\nContentamento<br \/>\nCaos e deslumbramento<br \/>\n<strong>VIII. Nada Especial<\/strong><br \/>\nDo drama ou n\u00e3o-drama<br \/>\nMente simples<br \/>\n<a href=\"http:\/\/www.nossacasa.net\/shunya\/dorothy-e-a-porta-trancada\/\">Dorothy e a porta trancada<\/a><br \/>\nPeregrinar no deserto<br \/>\nA pr\u00e1tica de dar<\/p>\n<div style=\"text-align:right\"><a href=\"#inicio\">Topo<\/a><\/div>\n<p><\/font><\/div>\n<!-- AddThis Advanced Settings generic via filter on the_content --><!-- AddThis Share Buttons generic via filter on the_content -->","protected":false},"excerpt":{"rendered":"<p>NADA ESPECIAL &#8211; Vivendo Zen de Charlotte Joko Beck Editora Saraiva Viver o zen n\u00e3o \u00e9 nada de especial: \u00e9 apenas a vida como tal. O zen \u00e9 a vida em si, nada mais. Quando buscamos no zen (ou em &hellip; <a href=\"http:\/\/www.nossacasa.net\/shunya\/nada-especial\/\">Continue lendo <span class=\"meta-nav\">&rarr;<\/span><\/a><!-- AddThis Advanced Settings generic via filter on get_the_excerpt --><!-- AddThis Share Buttons generic via filter on get_the_excerpt --><\/p>\n","protected":false},"author":1,"featured_media":1680,"parent":0,"menu_order":0,"comment_status":"closed","ping_status":"closed","template":"","meta":{"footnotes":""},"class_list":["post-4867","page","type-page","status-publish","has-post-thumbnail","hentry"],"_links":{"self":[{"href":"http:\/\/www.nossacasa.net\/shunya\/wp-json\/wp\/v2\/pages\/4867","targetHints":{"allow":["GET"]}}],"collection":[{"href":"http:\/\/www.nossacasa.net\/shunya\/wp-json\/wp\/v2\/pages"}],"about":[{"href":"http:\/\/www.nossacasa.net\/shunya\/wp-json\/wp\/v2\/types\/page"}],"author":[{"embeddable":true,"href":"http:\/\/www.nossacasa.net\/shunya\/wp-json\/wp\/v2\/users\/1"}],"replies":[{"embeddable":true,"href":"http:\/\/www.nossacasa.net\/shunya\/wp-json\/wp\/v2\/comments?post=4867"}],"version-history":[{"count":21,"href":"http:\/\/www.nossacasa.net\/shunya\/wp-json\/wp\/v2\/pages\/4867\/revisions"}],"predecessor-version":[{"id":5337,"href":"http:\/\/www.nossacasa.net\/shunya\/wp-json\/wp\/v2\/pages\/4867\/revisions\/5337"}],"wp:featuredmedia":[{"embeddable":true,"href":"http:\/\/www.nossacasa.net\/shunya\/wp-json\/wp\/v2\/media\/1680"}],"wp:attachment":[{"href":"http:\/\/www.nossacasa.net\/shunya\/wp-json\/wp\/v2\/media?parent=4867"}],"curies":[{"name":"wp","href":"https:\/\/api.w.org\/{rel}","templated":true}]}}