{"id":5491,"date":"2018-07-16T15:04:35","date_gmt":"2018-07-16T17:04:35","guid":{"rendered":"http:\/\/www.nossacasa.net\/shunya\/?page_id=5491"},"modified":"2020-06-28T22:16:02","modified_gmt":"2020-06-29T00:16:02","slug":"dzogchen","status":"publish","type":"page","link":"http:\/\/www.nossacasa.net\/shunya\/dzogchen\/","title":{"rendered":"Dzogchen"},"content":{"rendered":"<div style=\"text-align:justify\">\n<a href=\"http:\/\/www.nossacasa.net\/shunya\/quanto-tempo-praticar\/5b\/\" rel=\"attachment wp-att-1630\"><img loading=\"lazy\" decoding=\"async\" src=\"http:\/\/www.nossacasa.net\/shunya\/wp-content\/uploads\/2013\/02\/5b-300x72.jpg\" alt=\"\" width=\"300\" height=\"72\" class=\"alignjustify size-medium wp-image-1630\" srcset=\"http:\/\/www.nossacasa.net\/shunya\/wp-content\/uploads\/2013\/02\/5b-300x72.jpg 300w, http:\/\/www.nossacasa.net\/shunya\/wp-content\/uploads\/2013\/02\/5b-500x120.jpg 500w, http:\/\/www.nossacasa.net\/shunya\/wp-content\/uploads\/2013\/02\/5b.jpg 600w\" sizes=\"auto, (max-width: 300px) 100vw, 300px\" \/><\/a><\/p>\n<p><strong>&#8220;Autolibera\u00e7\u00e3o&#8221;<\/strong>, no sentido do Dzogchen, significa que tudo o que se manifesta no campo da experi\u00eancia do praticante \u00e9 deixado livre de se manifestar tal como \u00e9, sem ser julgado &#8216;bom&#8217; ou &#8216;mal&#8217;, &#8216;bonito&#8217; ou &#8216;feio&#8217;.<\/p>\n<hr \/>\n<p><strong>TEXTOS:<\/strong><\/p>\n<ol>\n<li><a href=\"http:\/\/www.nossacasa.net\/shunya\/08-a-fonte-suprema\/\">A fonte suprema<\/a><\/li>\n<li><a href=\"http:\/\/www.nossacasa.net\/shunya\/o-dzogchen\/\">Vis\u00e3o Dzogchen<\/a><\/li>\n<li><a href=\"http:\/\/www.nossacasa.net\/shunya\/a-garuda\/\">A Garuda<\/a><\/li>\n<li><a href=\"http:\/\/www.nossacasa.net\/shunya\/ensinamento-como-um-espelho\/\">Ensinamentos dzogchen<\/a><\/li>\n<li><a href=\"http:\/\/www.nossacasa.net\/shunya\/o-yantra-yoga\/\">O Yantra Yoga<\/a><\/li>\n<li><a href=\"http:\/\/www.nossacasa.net\/shunya\/o-cuco-do-estado-de-presenca\/\">O cuco do estado de presen\u00e7a<\/a><\/li>\n<li><a href=\"http:\/\/www.nossacasa.net\/shunya\/o-estado-de-auto-perfeicao\/\">O estado de auto-perfei\u00e7\u00e3o<\/a><\/li>\n<li><a href=\"http:\/\/www.nossacasa.net\/shunya\/a-linhagem-e-a-pratica-do-dzogchen\/\">A Linhagem e a Pr\u00e1tica do Dzogchen<\/a><\/li>\n<li><a href=\"http:\/\/www.nossacasa.net\/shunya\/o-dzogchen-na-tradicao-bon\/\">O Dzogchen na Tradi\u00e7\u00e3o B\u00f6n<\/a><\/li>\n<li><a href=\"http:\/\/www.nossacasa.net\/shunya\/a-atividade-espontanea\/\">A atividade espont&acirc;nea<\/a><\/li>\n<\/ol>\n<hr \/>\n<hr \/>\n<p>&#8220;Mestre, v\u00f3s podeis deixar para a posteridade instru\u00e7\u00f5es exatas por meio das quais as pessoas sob ilus\u00e3o possam perceber a natureza de Buddha?&#8221; &#8211; &#8220;N\u00e3o \u00e9 imposs\u00edvel&#8221;, respondeu Hui Neng, &#8220;para estes homens perceberem a Natureza de Buddha, contanto que eles se harmonizem com a natureza dos seres sens\u00edveis comuns. Mas buscar o Estado B\u00faddhico sem tal conhecimento seria em v\u00e3o at\u00e9 mesmo se a pessoa gastasse eons de tempo na procura.<\/p>\n<hr \/>\n<p><strong>LINKS DZOGCHEN:<\/strong><\/p>\n<ul type=\"circle\">\n<li><a href=\"http:\/\/www.dzogchen.at\/\" target=\"_blank\" rel=\"noopener noreferrer\">Comunidade Dzogchen &#8211; Alemanha<\/a><\/li>\n<li><a href=\"http:\/\/www.tashigarsur.com.ar\" target=\"_blank\" rel=\"noopener noreferrer\" class=\"broken_link\">Comunidade Dzogchen &#8211; Argentina<\/a><\/li>\n<li><a href=\"http:\/\/www.dzogchen.org.au\/\" target=\"_blank\" rel=\"noopener noreferrer\">Comunidade Dzogchen &#8211; Austr\u00e1lia<\/a><\/li>\n<li><a href=\"http:\/\/www.dzogchen.com.br\" target=\"_blank\" rel=\"noopener noreferrer\" class=\"broken_link\">Comunidade Dzogchen &#8211; Brasil<\/a><\/li>\n<li><a href=\"http:\/\/www.tibet.dk\/dzogchen\/\" target=\"_blank\" rel=\"noopener noreferrer\" class=\"broken_link\">Comunidade Dzogchen &#8211; Dinamarca<\/a><\/li>\n<li><a href=\"http:\/\/association.dzogchen.free.fr\/\" target=\"_blank\" rel=\"noopener noreferrer\">Comunidade Dzogchen &#8211; Fran\u00e7a<\/a><\/li>\n<li><a href=\"http:\/\/www.dzogchen.it\/\" target=\"_blank\" rel=\"noopener noreferrer\">Comunidade Dzogchen &#8211; It\u00e1lia<\/a><\/li>\n<li><a href=\"http:\/\/scil.sinp.msu.ru\/pub\/religion\/dzogchen\" target=\"_blank\" rel=\"noopener noreferrer\" class=\"broken_link\">Comunidade Dzogchen &#8211; Russia<\/a><\/li>\n<li><a href=\"http:\/\/www.tashi.org\/\" target=\"_blank\" rel=\"noopener noreferrer\">Comunidade Dzogchen &#8211; USA California<\/a><\/li>\n<li><a href=\"http:\/\/www.dzogchencommunitywest.org\/\" target=\"_blank\" rel=\"noopener noreferrer\">Comunidade Dzogchen &#8211; USA Costa Oeste<\/a><\/li>\n<li><a href=\"http:\/\/www.dzogchenvenezuela.org\/\" target=\"_blank\" rel=\"noopener noreferrer\" class=\"broken_link\">Comunidade Dzogchen &#8211; Venezuela<\/a><\/li>\n<li><a href=\"http:\/\/www.cambridgedzogchen.org\/dzogchen.html\" target=\"_blank\" rel=\"noopener noreferrer\" class=\"broken_link\">Dzogchen Center Cambridge<\/a><\/li>\n<li><a href=\"http:\/\/www.dzogchen.lu\/\" target=\"_blank\" rel=\"noopener noreferrer\" class=\"broken_link\">Dzogchen Chedrup Dardje Ling<\/a><\/li>\n<li><a href=\"http:\/\/www.dzogchen.org\/\" target=\"_blank\" rel=\"noopener noreferrer\">Dzogchen Foundation &#8211; Buddhism for the West: Lama Surya Das<\/a><\/li>\n<li><a href=\"http:\/\/www.dzogchen-patrulrinpoche.org\" target=\"_blank\" rel=\"noopener noreferrer\" class=\"broken_link\">Centro Dzogchen Jigme Dechen Ling &#8211; Portugal<\/a><\/li>\n<li><a href=\"http:\/\/www.nalandabodhi.org\/the_dzogchen_ponlop_rinpoche.html\" target=\"_blank\" rel=\"noopener noreferrer\" class=\"broken_link\">Nalandabodhi<\/a><\/li>\n<li><a href=\"http:\/\/www.salves.com.br\/ensnorbuobjens.htm\" target=\"_blank\" rel=\"noopener noreferrer\">O Objetivo dos Ensinamentos<\/a><\/li>\n<li><a href=\"http:\/\/www.dharmanet.org\/infowebv.html\" target=\"_blank\" rel=\"noopener noreferrer\" class=\"broken_link\">DharmaNet&#8217;s Buddhist InfoWeb<\/a><\/li>\n<li><a href=\"http:\/\/www.berzinarchives.com\/dzogchen\/\" target=\"_blank\" rel=\"noopener noreferrer\">The Berzin Archives<\/a><\/li>\n<li><a href=\"http:\/\/www.dzogchenstudies.com\" target=\"_blank\" rel=\"noopener noreferrer\">The Center for Dzogchen Studies<\/a><\/li>\n<li><a href=\"http:\/\/scil.npi.msu.su\/pub\/religion\/dzogchen\/\" target=\"_blank\" rel=\"noopener noreferrer\" class=\"broken_link\">Dharma Home Page Dzogchen<\/a><\/li>\n<li><a href=\"http:\/\/shop.store.yahoo.com\/zamamerica\/dzoghearesof.html\" target=\"_blank\" rel=\"noopener noreferrer\" class=\"broken_link\">Zamamerica<\/a><\/li>\n<li><a href=\"http:\/\/www.resonateview.org\/e_heart\/dzogchen\" target=\"_blank\" rel=\"noopener noreferrer\" class=\"broken_link\">resonate<\/a><\/li>\n<li><a href=\"http:\/\/essenes.crosswinds.net\/vajra21.html\" target=\"_blank\" rel=\"noopener noreferrer\" class=\"broken_link\">Dzogchen<\/a><\/li>\n<li><a href=\"http:\/\/http:\/\/www.wordtrade.com\/religion\/dzogchen.htm\" target=\"_blank\" rel=\"noopener noreferrer\" class=\"broken_link\">Word Trade<\/a><\/li>\n<li><a href=\"http:\/\/www.dzogchenbeara.org\/\" target=\"_blank\" rel=\"noopener noreferrer\">Dzogchen Beara<\/a><\/li>\n<li><a href=\"http:\/\/www.dzogchenmonastery.org\/\" target=\"_blank\" rel=\"noopener noreferrer\" class=\"broken_link\">Dzogchen Monastery<\/a><\/li>\n<li><a href=\"http:\/\/www.dzogchenlineage.org\" target=\"_blank\" rel=\"noopener noreferrer\">Dzogchen Lineage<\/a><\/li>\n<li><a href=\"http:\/\/www.nyingma.com\/dzogchen1.htm\" target=\"_blank\" rel=\"noopener noreferrer\">Dzogchen Practice in Everyday Life<\/a><\/li>\n<li><a href=\"http:\/\/www.tsegyalgar.org\/teachings\/dharma.html\" target=\"_blank\" rel=\"noopener noreferrer\" class=\"broken_link\">Dzogchen teachings<\/a><\/li>\n<li><a href=\"http:\/\/www.keithdowman.net\" target=\"_blank\" rel=\"noopener noreferrer\">Keith Dowman<\/a><\/li>\n<li><a href=\"http:\/\/awakening.net\/Epiphany.html\" target=\"_blank\" rel=\"noopener noreferrer\">Epiphany<\/a><\/li>\n<li><a href=\"http:\/\/www.ligmincha.org\/html\/bon_dzogchen.html\" target=\"_blank\" rel=\"noopener noreferrer\" class=\"broken_link\">Bonpo Dzogchen<\/a><\/li>\n<li><a href=\"http:\/\/www.jardimdharma.org.br\/dalailama.htm\" target=\"_blank\" rel=\"noopener noreferrer\" class=\"broken_link\">Ensinamentos do Dalai Lama<\/a><\/li>\n<\/ul>\n<hr \/>\n<\/div>\n<!-- AddThis Advanced Settings generic via filter on the_content --><!-- AddThis Share Buttons generic via filter on the_content -->","protected":false},"excerpt":{"rendered":"<p>&#8220;Autolibera\u00e7\u00e3o&#8221;, no sentido do Dzogchen, significa que tudo o que se manifesta no campo da experi\u00eancia do praticante \u00e9 deixado livre de se manifestar tal como \u00e9, sem ser julgado &#8216;bom&#8217; ou &#8216;mal&#8217;, &#8216;bonito&#8217; ou &#8216;feio&#8217;. TEXTOS: A fonte suprema &hellip; <a href=\"http:\/\/www.nossacasa.net\/shunya\/dzogchen\/\">Continue lendo <span class=\"meta-nav\">&rarr;<\/span><\/a><!-- AddThis Advanced Settings generic via filter on get_the_excerpt --><!-- AddThis Share Buttons generic via filter on get_the_excerpt --><\/p>\n","protected":false},"author":1,"featured_media":1630,"parent":0,"menu_order":0,"comment_status":"closed","ping_status":"closed","template":"","meta":{"footnotes":""},"class_list":["post-5491","page","type-page","status-publish","has-post-thumbnail","hentry"],"_links":{"self":[{"href":"http:\/\/www.nossacasa.net\/shunya\/wp-json\/wp\/v2\/pages\/5491","targetHints":{"allow":["GET"]}}],"collection":[{"href":"http:\/\/www.nossacasa.net\/shunya\/wp-json\/wp\/v2\/pages"}],"about":[{"href":"http:\/\/www.nossacasa.net\/shunya\/wp-json\/wp\/v2\/types\/page"}],"author":[{"embeddable":true,"href":"http:\/\/www.nossacasa.net\/shunya\/wp-json\/wp\/v2\/users\/1"}],"replies":[{"embeddable":true,"href":"http:\/\/www.nossacasa.net\/shunya\/wp-json\/wp\/v2\/comments?post=5491"}],"version-history":[{"count":73,"href":"http:\/\/www.nossacasa.net\/shunya\/wp-json\/wp\/v2\/pages\/5491\/revisions"}],"predecessor-version":[{"id":6374,"href":"http:\/\/www.nossacasa.net\/shunya\/wp-json\/wp\/v2\/pages\/5491\/revisions\/6374"}],"wp:featuredmedia":[{"embeddable":true,"href":"http:\/\/www.nossacasa.net\/shunya\/wp-json\/wp\/v2\/media\/1630"}],"wp:attachment":[{"href":"http:\/\/www.nossacasa.net\/shunya\/wp-json\/wp\/v2\/media?parent=5491"}],"curies":[{"name":"wp","href":"https:\/\/api.w.org\/{rel}","templated":true}]}}