{"id":5542,"date":"2018-07-16T22:16:14","date_gmt":"2018-07-17T00:16:14","guid":{"rendered":"http:\/\/www.nossacasa.net\/shunya\/?page_id=5542"},"modified":"2018-07-16T22:20:06","modified_gmt":"2018-07-17T00:20:06","slug":"mente-zen-mente-de-principiante","status":"publish","type":"page","link":"http:\/\/www.nossacasa.net\/shunya\/mente-zen-mente-de-principiante\/","title":{"rendered":"Mente zen, mente de principiante"},"content":{"rendered":"<div style=\"text-align:justify\">\n<a name=\"inicio\"><\/a><a href=\"http:\/\/www.nossacasa.net\/shunya\/quanto-tempo-praticar\/attachment\/51\/\" rel=\"attachment wp-att-1676\"><img loading=\"lazy\" decoding=\"async\" src=\"http:\/\/www.nossacasa.net\/shunya\/wp-content\/uploads\/2013\/02\/51.jpg\" alt=\"\" width=\"200\" height=\"299\" class=\"alignleft size-full wp-image-1676\" \/><\/a><b>MENTE ZEN, mente de principiante<\/b><br \/>\n<i><\/p>\n<div style=\"text-align:right\">de <a href=\"http:\/\/www.nossacasa.net\/shunya\/shunryu-suzuki\/\">Shunryu Suzuki<\/a><\/div>\n<p><\/i><br \/>\nEditora Palas Athena<\/div>\n<p>Mente Zen&#8221; \u00e9 uma dessas frases enigm\u00e1ticas que os mestres Zen usam para fazer voc\u00ea se auto-observar; ir al\u00e9m das palavras e come\u00e7ar a refletir. &#8220;Eu conhe\u00e7o a minha mente&#8221; voc\u00ea se diz, &#8220;mas o que \u00e9 a mente Zen?&#8221; E continua: &#8220;Mas ser\u00e1 que eu realmente conhe\u00e7o a minha mente? E isto que estou fazendo agora? Eu que estou pensando agora?&#8221; E se voc\u00ea procurar sentar e ficar fisicamente quieto por algum tempo para ver se descobre o que \u00e9 sua mente e tentar localiz\u00e1-la, ent\u00e3o j\u00e1 come\u00e7ou a pr\u00e1tica do Zen, come\u00e7ou a perceber a mente ilimitada. A inoc\u00eancia deste primeiro questionamento &#8211; apenas se perguntar &#8220;o que sou eu?&#8221; &#8211; \u00e9 mente de principiante.<\/p>\n<p>A Mente de principiante \u00e9 necess\u00e1ria atrav\u00e9s de toda a pr\u00e1tica Zen. E a mente aberta, \u00e9 a atitude que inclui tanto a d\u00favida quanto a possibilidade, a capacidade de ver as coisas sempre de forma nova em seu frescor original. Ela \u00e9 necess\u00e1ria em todos os aspectos da vida. A mente de principiante \u00e9 a pr\u00e1tica da mente Zen.<\/p>\n<p>Este livro tem origem numa s\u00e9rie de palestras que o Mestre Zen Shunryu Suzuki fez para um pequeno grupo em Los Altos, Calif\u00f3rnia, Ele participava das pr\u00e1ticas de medita\u00e7\u00e3o do grupo uma vez por semana e depois respondia a perguntas e procurava encorajar os participantes na pr\u00e1tica do Zen, ajudando-os a resolver os problemas da vida. Sua abordagem \u00e9 informal, e seus exemplos s\u00e3o tirados de acontecimentos comuns e do bom senso.<\/p>\n<p>Zen \u00e9 aqui e agora, diz ele; e pode ser t\u00e3o significativo para o Ocidente quanto para o Oriente. Contudo, seus ensinamentos e sua pr\u00e1tica fundamental s\u00e3o provenientes dos muitos s\u00e9culos de Zen-budismo e especialmente de Dogen, um dos mais importantes e criativos dentre todos os mestres Zen.<\/p>\n<p>Este livro o \u00fanico de Shunryu Suzuki, \u00e9 sobre a pr\u00e1tica do Zen como disciplina e caminho vi\u00e1vel, sobre postura e respira\u00e7\u00e3o, sobre as atitudes e entendimentos b\u00e1sicos que tornam a pr\u00e1tica do Zen poss\u00edvel, sobre a n\u00e3o-dualidade, o vazio e a ilumina\u00e7\u00e3o. Atrav\u00e9s dele come\u00e7amos a entender o que \u00e9 realmente o Zen. E acima de tudo, cada p\u00e1gina respira a alegria e a simplicidade que tornam poss\u00edvel uma vida livre de condicionamentos,<br \/>\nShunryu Suzuki diz: &#8220;O mundo \u00e9 sua pr\u00f3pria m\u00e1gica&#8221; &#8211; sentimento que permeia o livro todo, Lendo o livro com aten\u00e7\u00e3o, a mesma frase ou seq\u00fc\u00eancia de id\u00e9ias \u00e9 simultaneamente simples e \u00f3bvia, obscura e desconcertante, e iluminadora. Aqui temos uma obra que provoca uma intensa, profunda e jubilosa reflex\u00e3o.<\/p>\n<hr \/>\n<div style=\"text-align:right\"><a href=\"http:\/\/www.nossacasa.net\/shunya\/shunryu-suzuki\/\">Shunryu Suzuki<\/a><br \/><a href=\"#inicio\">Topo<\/a><\/div>\n<!-- AddThis Advanced Settings generic via filter on the_content --><!-- AddThis Share Buttons generic via filter on the_content -->","protected":false},"excerpt":{"rendered":"<p>MENTE ZEN, mente de principiante de Shunryu Suzuki Editora Palas Athena Mente Zen&#8221; \u00e9 uma dessas frases enigm\u00e1ticas que os mestres Zen usam para fazer voc\u00ea se auto-observar; ir al\u00e9m das palavras e come\u00e7ar a refletir. &#8220;Eu conhe\u00e7o a minha &hellip; <a href=\"http:\/\/www.nossacasa.net\/shunya\/mente-zen-mente-de-principiante\/\">Continue lendo <span class=\"meta-nav\">&rarr;<\/span><\/a><!-- AddThis Advanced Settings generic via filter on get_the_excerpt --><!-- AddThis Share Buttons generic via filter on get_the_excerpt --><\/p>\n","protected":false},"author":1,"featured_media":1676,"parent":0,"menu_order":0,"comment_status":"closed","ping_status":"closed","template":"","meta":{"footnotes":""},"class_list":["post-5542","page","type-page","status-publish","has-post-thumbnail","hentry"],"_links":{"self":[{"href":"http:\/\/www.nossacasa.net\/shunya\/wp-json\/wp\/v2\/pages\/5542","targetHints":{"allow":["GET"]}}],"collection":[{"href":"http:\/\/www.nossacasa.net\/shunya\/wp-json\/wp\/v2\/pages"}],"about":[{"href":"http:\/\/www.nossacasa.net\/shunya\/wp-json\/wp\/v2\/types\/page"}],"author":[{"embeddable":true,"href":"http:\/\/www.nossacasa.net\/shunya\/wp-json\/wp\/v2\/users\/1"}],"replies":[{"embeddable":true,"href":"http:\/\/www.nossacasa.net\/shunya\/wp-json\/wp\/v2\/comments?post=5542"}],"version-history":[{"count":1,"href":"http:\/\/www.nossacasa.net\/shunya\/wp-json\/wp\/v2\/pages\/5542\/revisions"}],"predecessor-version":[{"id":5543,"href":"http:\/\/www.nossacasa.net\/shunya\/wp-json\/wp\/v2\/pages\/5542\/revisions\/5543"}],"wp:featuredmedia":[{"embeddable":true,"href":"http:\/\/www.nossacasa.net\/shunya\/wp-json\/wp\/v2\/media\/1676"}],"wp:attachment":[{"href":"http:\/\/www.nossacasa.net\/shunya\/wp-json\/wp\/v2\/media?parent=5542"}],"curies":[{"name":"wp","href":"https:\/\/api.w.org\/{rel}","templated":true}]}}