{"id":5808,"date":"2018-10-02T09:13:43","date_gmt":"2018-10-02T11:13:43","guid":{"rendered":"http:\/\/www.nossacasa.net\/shunya\/?page_id=5808"},"modified":"2018-10-02T09:13:43","modified_gmt":"2018-10-02T11:13:43","slug":"cultivando-a-mente-do-amor","status":"publish","type":"page","link":"http:\/\/www.nossacasa.net\/shunya\/cultivando-a-mente-do-amor\/","title":{"rendered":"Cultivando a mente do amor"},"content":{"rendered":"<div style=\"text-align:justify\">\n<a name=\"inicio\"><\/a><a href=\"http:\/\/www.nossacasa.net\/shunya\/?attachment_id=5811\" rel=\"attachment wp-att-5811\"><img loading=\"lazy\" decoding=\"async\" src=\"http:\/\/www.nossacasa.net\/shunya\/wp-content\/uploads\/2018\/10\/Cultivando-a-mente-do-amor-205x300.jpg\" alt=\"\" width=\"205\" height=\"300\" class=\"alignleft size-medium wp-image-5811\" srcset=\"http:\/\/www.nossacasa.net\/shunya\/wp-content\/uploads\/2018\/10\/Cultivando-a-mente-do-amor-205x300.jpg 205w, http:\/\/www.nossacasa.net\/shunya\/wp-content\/uploads\/2018\/10\/Cultivando-a-mente-do-amor.jpg 237w\" sizes=\"auto, (max-width: 205px) 100vw, 205px\" \/><\/a><br \/>\n<i><\/p>\n<div style=\"text-align:right\">de <a HREF=\"http:\/\/www.nossacasa.net\/shunya\/thich-nhat-hanh\/\">Thich Nhat Hanh<\/a><\/div>\n<p><\/i><br \/>\nEditora Palas Athena<\/div>\n<p><b>Pref\u00e1cio \u00e1 edi\u00e7\u00e3o brasileira<\/b><\/p>\n<p>Sempre que acabo de traduzir um livro de Thich Nhat Hanh, sinto ter escalado mais uma etapa na infinita espiral do conhecimento.<\/p>\n<p>Sou eternamente grata ao Universo por ter-me sido dado encontrar os ensinamentos desse mestre, que at\u00e9 hoje me servem como \u00e2ncora sempre que fico \u00e0 deriva das emo\u00e7\u00f5es ou perturba\u00e7\u00f5es da mente.<\/p>\n<p>Por isso, sempre aspiro a que todos tenham oportunidade de entrar em contato com suas mensagens, para que assim possam se tornar capazes de pilotar o barco de suas vidas sem risco de naufr\u00e1gio.<\/p>\n<p>Provavelmente seja do conhecimento do leitor que, no j\u00e1 distante ano de 1985, traduzi para o portugu\u00eas o livro do mestre Para Viver em Paz seguindo-se Caminhos para a Paz Interior e Medita\u00e7\u00e3o Andando. Foi t\u00e3o grande a aceita\u00e7\u00e3o dos mesmos que as propostas para tradu\u00e7\u00e3o de seus livros proliferaram. Por quest\u00e3o de tempo, nem sempre me foi poss\u00edvel atender aos editores tendo, em alguns casos, participado apenas como revisora.<\/p>\n<p>J\u00e1 estava um tanto acomodada nesta nova condi\u00e7\u00e3o, quando recebi diretamente de Plum Village, sul da Fran\u00e7a, onde vive exilado Thich Nhat Hanh, o livro Cultiving the Mind of Love acompanhado de uma carta solicitando especialmente que este fosse traduzido por mim.<\/p>\n<p>Ao l\u00ea-lo, tomei a solicita\u00e7\u00e3o como uma carinhosa defer\u00eancia pois, no livro, Thich Nhat Hanh toca num assunto deveras \u00edntimo: a primeira vez que se apaixonou. O relato das convuls\u00f5es emocionais, impulsos e questionamentos vividos pelo ent\u00e3o) novi\u00e7o, \u00e9 intercalado) com passagens de sutras, revelando) como esse amor individual foi sendo transformado) em amor incondicional por todos, tanto de sua parte quanto) da monja que foi objeto de sua paix\u00e3o).<\/p>\n<p>Tal como a prefaciadora da edi\u00e7\u00e3o americana, a escritora Natalie Goldberg, n\u00e3o paro de me pasmar ante as maneiras criativas que Thay encontra para nos fazer enxergar a realidade al\u00e9m das apar\u00eancias, n\u00e3o s\u00f3 nas situa\u00e7\u00f5es extremas como tamb\u00e9m nas cotidianas &#8211; muitas vezes com tiradas do mais apurado senso de humor.<\/p>\n<p>Que essa fonte de humanismo, paz e sabedoria que \u00e9 o mestre Thich Nhat Hanh jamais deixe de jorrar e que n\u00f3s, brasileiros, tenhamos sempre ocasi\u00e3o de beber dessa fonte como nos propicia a Editora Palas Athena publicando este livro.<\/p>\n<p>Cultivemos pois a mente de amor, que s\u00f3 essa \u00e9 capaz de construir uma humanidade mais solid\u00e1ria.<\/p>\n<div style=\"text-align:right\"><i>Odete Lara<br \/>\nRio, outubro, 2000<\/i><\/div>\n<hr \/>\n<div style=\"text-align:right\"><a href=\"default.asp?menu=57\" class=\"broken_link\">Thich Nhat Hanh<\/a><br \/><a href=\"#inicio\">Topo<\/a><\/div>\n<!-- AddThis Advanced Settings generic via filter on the_content --><!-- AddThis Share Buttons generic via filter on the_content -->","protected":false},"excerpt":{"rendered":"<p>de Thich Nhat Hanh Editora Palas Athena Pref\u00e1cio \u00e1 edi\u00e7\u00e3o brasileira Sempre que acabo de traduzir um livro de Thich Nhat Hanh, sinto ter escalado mais uma etapa na infinita espiral do conhecimento. Sou eternamente grata ao Universo por ter-me &hellip; <a href=\"http:\/\/www.nossacasa.net\/shunya\/cultivando-a-mente-do-amor\/\">Continue lendo <span class=\"meta-nav\">&rarr;<\/span><\/a><!-- AddThis Advanced Settings generic via filter on get_the_excerpt --><!-- AddThis Share Buttons generic via filter on get_the_excerpt --><\/p>\n","protected":false},"author":1,"featured_media":5811,"parent":0,"menu_order":0,"comment_status":"closed","ping_status":"closed","template":"","meta":{"footnotes":""},"class_list":["post-5808","page","type-page","status-publish","has-post-thumbnail","hentry"],"_links":{"self":[{"href":"http:\/\/www.nossacasa.net\/shunya\/wp-json\/wp\/v2\/pages\/5808","targetHints":{"allow":["GET"]}}],"collection":[{"href":"http:\/\/www.nossacasa.net\/shunya\/wp-json\/wp\/v2\/pages"}],"about":[{"href":"http:\/\/www.nossacasa.net\/shunya\/wp-json\/wp\/v2\/types\/page"}],"author":[{"embeddable":true,"href":"http:\/\/www.nossacasa.net\/shunya\/wp-json\/wp\/v2\/users\/1"}],"replies":[{"embeddable":true,"href":"http:\/\/www.nossacasa.net\/shunya\/wp-json\/wp\/v2\/comments?post=5808"}],"version-history":[{"count":2,"href":"http:\/\/www.nossacasa.net\/shunya\/wp-json\/wp\/v2\/pages\/5808\/revisions"}],"predecessor-version":[{"id":5812,"href":"http:\/\/www.nossacasa.net\/shunya\/wp-json\/wp\/v2\/pages\/5808\/revisions\/5812"}],"wp:featuredmedia":[{"embeddable":true,"href":"http:\/\/www.nossacasa.net\/shunya\/wp-json\/wp\/v2\/media\/5811"}],"wp:attachment":[{"href":"http:\/\/www.nossacasa.net\/shunya\/wp-json\/wp\/v2\/media?parent=5808"}],"curies":[{"name":"wp","href":"https:\/\/api.w.org\/{rel}","templated":true}]}}