{"id":5824,"date":"2018-10-02T14:26:26","date_gmt":"2018-10-02T16:26:26","guid":{"rendered":"http:\/\/www.nossacasa.net\/shunya\/?page_id=5824"},"modified":"2018-10-02T14:29:04","modified_gmt":"2018-10-02T16:29:04","slug":"o-coracao-da-compreensao","status":"publish","type":"page","link":"http:\/\/www.nossacasa.net\/shunya\/o-coracao-da-compreensao\/","title":{"rendered":"O cora\u00e7\u00e3o da compreens\u00e3o"},"content":{"rendered":"<div style=\"text-align:justify\">\n<a name=\"inicio\"><\/a><a href=\"http:\/\/www.nossacasa.net\/shunya\/quanto-tempo-praticar\/attachment\/58\/\" rel=\"attachment wp-att-1684\"><img loading=\"lazy\" decoding=\"async\" src=\"http:\/\/www.nossacasa.net\/shunya\/wp-content\/uploads\/2013\/02\/58.jpg\" alt=\"\" width=\"200\" height=\"290\" class=\"alignleft size-full wp-image-1684\" \/><\/a><br \/>\n<i><\/p>\n<div style=\"text-align:right\"><font size=\"2\">de <a href=\"http:\/\/www.nossacasa.net\/shunya\/thich-nhat-hanh\/\">Thich Nhat Hanh<\/a><\/font><\/div>\n<p><\/i><br \/>Editora Bodigaya <\/div>\n<p>O &#8220;Sutra do Cora\u00e7\u00e3o&#8221; ou &#8220;Prajnaparamita Sutra&#8221; \u00e9 considerado a ess\u00eancia do ensinamento budista. Ele \u00e9 recitado diariamente nos templos Mahayana e centros de pr\u00e1tica ao redor do mundo inteiro.<\/p>\n<p>Esta tradu\u00e7\u00e3o e coment\u00e1rios s\u00e3o fruto de mais de 40 anos de pr\u00e1tica e estudo mon\u00e1stico.<\/p>\n<p>Em seu inigual\u00e1vel estilo suave e l\u00facido, Thich Nhat Hanh desvenda, neste livro \u00fanico e hist\u00f3rico, o cora\u00e7\u00e3o da compreens\u00e3o da espiritualidade e de uma vida verdadeiramente desperta e significariva.<\/p>\n<hr \/>\n<div style=\"text-align:right\"><a href=\"#inicio\">Topo<\/a><\/div>\n<!-- AddThis Advanced Settings generic via filter on the_content --><!-- AddThis Share Buttons generic via filter on the_content -->","protected":false},"excerpt":{"rendered":"<p>de Thich Nhat Hanh Editora Bodigaya O &#8220;Sutra do Cora\u00e7\u00e3o&#8221; ou &#8220;Prajnaparamita Sutra&#8221; \u00e9 considerado a ess\u00eancia do ensinamento budista. Ele \u00e9 recitado diariamente nos templos Mahayana e centros de pr\u00e1tica ao redor do mundo inteiro. Esta tradu\u00e7\u00e3o e coment\u00e1rios &hellip; <a href=\"http:\/\/www.nossacasa.net\/shunya\/o-coracao-da-compreensao\/\">Continue lendo <span class=\"meta-nav\">&rarr;<\/span><\/a><!-- AddThis Advanced Settings generic via filter on get_the_excerpt --><!-- AddThis Share Buttons generic via filter on get_the_excerpt --><\/p>\n","protected":false},"author":1,"featured_media":1684,"parent":0,"menu_order":0,"comment_status":"closed","ping_status":"closed","template":"","meta":{"footnotes":""},"class_list":["post-5824","page","type-page","status-publish","has-post-thumbnail","hentry"],"_links":{"self":[{"href":"http:\/\/www.nossacasa.net\/shunya\/wp-json\/wp\/v2\/pages\/5824","targetHints":{"allow":["GET"]}}],"collection":[{"href":"http:\/\/www.nossacasa.net\/shunya\/wp-json\/wp\/v2\/pages"}],"about":[{"href":"http:\/\/www.nossacasa.net\/shunya\/wp-json\/wp\/v2\/types\/page"}],"author":[{"embeddable":true,"href":"http:\/\/www.nossacasa.net\/shunya\/wp-json\/wp\/v2\/users\/1"}],"replies":[{"embeddable":true,"href":"http:\/\/www.nossacasa.net\/shunya\/wp-json\/wp\/v2\/comments?post=5824"}],"version-history":[{"count":1,"href":"http:\/\/www.nossacasa.net\/shunya\/wp-json\/wp\/v2\/pages\/5824\/revisions"}],"predecessor-version":[{"id":5825,"href":"http:\/\/www.nossacasa.net\/shunya\/wp-json\/wp\/v2\/pages\/5824\/revisions\/5825"}],"wp:featuredmedia":[{"embeddable":true,"href":"http:\/\/www.nossacasa.net\/shunya\/wp-json\/wp\/v2\/media\/1684"}],"wp:attachment":[{"href":"http:\/\/www.nossacasa.net\/shunya\/wp-json\/wp\/v2\/media?parent=5824"}],"curies":[{"name":"wp","href":"https:\/\/api.w.org\/{rel}","templated":true}]}}