{"id":5967,"date":"2020-06-11T11:12:42","date_gmt":"2020-06-11T13:12:42","guid":{"rendered":"http:\/\/www.nossacasa.net\/shunya\/?page_id=5967"},"modified":"2020-06-11T11:12:42","modified_gmt":"2020-06-11T13:12:42","slug":"zen","status":"publish","type":"page","link":"http:\/\/www.nossacasa.net\/shunya\/zen\/","title":{"rendered":"Zen"},"content":{"rendered":"<div style=\"text-align:justify\">\n<a href=\"http:\/\/www.nossacasa.net\/shunya\/wp-content\/uploads\/2020\/06\/Zen.png\"><img loading=\"lazy\" decoding=\"async\" src=\"http:\/\/www.nossacasa.net\/shunya\/wp-content\/uploads\/2020\/06\/Zen.png\" alt=\"\" width=\"860\" height=\"910\" class=\"aligncenter size-full wp-image-5968\" srcset=\"http:\/\/www.nossacasa.net\/shunya\/wp-content\/uploads\/2020\/06\/Zen.png 860w, http:\/\/www.nossacasa.net\/shunya\/wp-content\/uploads\/2020\/06\/Zen-284x300.png 284w, http:\/\/www.nossacasa.net\/shunya\/wp-content\/uploads\/2020\/06\/Zen-768x813.png 768w\" sizes=\"auto, (max-width: 860px) 100vw, 860px\" \/><\/a><\/p>\n<hr \/>\n<p>Zen \u00e9 o nome japon\u00eas da tradi\u00e7\u00e3o Ch&#8217;an, que surgiu na China por volta do s\u00e9culo VII. O Zen costuma ser associado ao Budismo do ramo mahayana. Foi cultivado, inicialmente, na China onde recebeu influ\u00eancias taoistas e posteriormente migrou para o Jap\u00e3o, Vietn\u00e3 e Coreia. A pr\u00e1tica b\u00e1sica do zen japon\u00eas \u00e9 o zazen (literalmente, &#8220;meditar sentado&#8221;), tipo de medita\u00e7\u00e3o contemplativa que visa a levar o praticante \u00e0 &#8220;experi\u00eancia direta da realidade&#8221; atrav\u00e9s da observa\u00e7\u00e3o da pr\u00f3pria mente.<\/p>\n<p>Tal como o conhecemos hoje, ele s\u00f3 foi poss\u00edvel devido \u00e0 forte influ\u00eancia que o Budismo na China sofreu do taoismo. Para alguns estudiosos, o zen \u00e9 uma s\u00edntese dessas duas correntes de pensamento (Budismo e Tao\u00edsmo).<\/p>\n<p>O Zen enfatiza autocontrole rigorosa, a pr\u00e1tica da medita\u00e7\u00e3o, a percep\u00e7\u00e3o da natureza da mente (\u898b\u6027, Ch. ji\u00e0nx\u00ecng, Jp. kensho, &#8220;perceber a verdadeira natureza&#8221;) e a natureza das coisas, e a express\u00e3o pessoal dessa intui\u00e7\u00e3o na vida cotidiana, especialmente para o benef\u00edcio de outros. Como tal, n\u00e3o enfatiza o mero conhecimento de sutras e doutrina e favorece a compreens\u00e3o direta atrav\u00e9s da pr\u00e1tica espiritual e da intera\u00e7\u00e3o com um professor ou mestre realizado.<\/p>\n<p>Os ensinamentos do Zen incluem v\u00e1rias fontes do pensamento mahayana, sobretudo Iogachara, os s\u016btras Tath\u0101gatagarbha, o La\u1e45k\u0101vat\u0101ra S\u016btra e a escola Huayan, com \u00eanfase na natureza de Buda, na totalidade e no ideal Bodisatva. A literatura praj\u00f1\u0101p\u0101ramit\u0101, bem como o pensamento madhyamaka, tamb\u00e9m foram influentes na forma\u00e7\u00e3o da natureza apof\u00e1tica e \u00e0s vezes iconoclasta da ret\u00f3rica zen.<\/p>\n<p>No Zen japon\u00eas, h\u00e1 duas vertentes principais: soto e rinzai. Enquanto a escola soto d\u00e1 maior \u00eanfase \u00e0 medita\u00e7\u00e3o silenciosa, a escola rinzai faz amplo uso dos koans, ou &#8220;enigmas&#8221;. Atualmente, o Zen \u00e9 uma das escolas budistas mais conhecidas e de maior expans\u00e3o no Ocidente. Popularizadores do Zen incluem Reginald Horace Blyth, D. T. Suzuki, Alan Watts e Philip Kapleau, que publicaram v\u00e1rios livros entre 1950 e 1975, contribuindo ao interesse crescente no Ocidente, bem como a publicidade por parte dos poetas beats.<\/p>\n<hr \/>\n<p><strong>Fonte<\/strong>: https:\/\/pt.wikipedia.org\/wiki\/Zen<\/p>\n<hr \/>\n<\/div>\n<!-- AddThis Advanced Settings generic via filter on the_content --><!-- AddThis Share Buttons generic via filter on the_content -->","protected":false},"excerpt":{"rendered":"<p>Zen \u00e9 o nome japon\u00eas da tradi\u00e7\u00e3o Ch&#8217;an, que surgiu na China por volta do s\u00e9culo VII. O Zen costuma ser associado ao Budismo do ramo mahayana. Foi cultivado, inicialmente, na China onde recebeu influ\u00eancias taoistas e posteriormente migrou para &hellip; <a href=\"http:\/\/www.nossacasa.net\/shunya\/zen\/\">Continue lendo <span class=\"meta-nav\">&rarr;<\/span><\/a><!-- AddThis Advanced Settings generic via filter on get_the_excerpt --><!-- AddThis Share Buttons generic via filter on get_the_excerpt --><\/p>\n","protected":false},"author":1,"featured_media":5968,"parent":0,"menu_order":0,"comment_status":"closed","ping_status":"closed","template":"","meta":{"footnotes":""},"class_list":["post-5967","page","type-page","status-publish","has-post-thumbnail","hentry"],"_links":{"self":[{"href":"http:\/\/www.nossacasa.net\/shunya\/wp-json\/wp\/v2\/pages\/5967","targetHints":{"allow":["GET"]}}],"collection":[{"href":"http:\/\/www.nossacasa.net\/shunya\/wp-json\/wp\/v2\/pages"}],"about":[{"href":"http:\/\/www.nossacasa.net\/shunya\/wp-json\/wp\/v2\/types\/page"}],"author":[{"embeddable":true,"href":"http:\/\/www.nossacasa.net\/shunya\/wp-json\/wp\/v2\/users\/1"}],"replies":[{"embeddable":true,"href":"http:\/\/www.nossacasa.net\/shunya\/wp-json\/wp\/v2\/comments?post=5967"}],"version-history":[{"count":1,"href":"http:\/\/www.nossacasa.net\/shunya\/wp-json\/wp\/v2\/pages\/5967\/revisions"}],"predecessor-version":[{"id":5969,"href":"http:\/\/www.nossacasa.net\/shunya\/wp-json\/wp\/v2\/pages\/5967\/revisions\/5969"}],"wp:featuredmedia":[{"embeddable":true,"href":"http:\/\/www.nossacasa.net\/shunya\/wp-json\/wp\/v2\/media\/5968"}],"wp:attachment":[{"href":"http:\/\/www.nossacasa.net\/shunya\/wp-json\/wp\/v2\/media?parent=5967"}],"curies":[{"name":"wp","href":"https:\/\/api.w.org\/{rel}","templated":true}]}}