{"id":6012,"date":"2020-06-11T12:40:49","date_gmt":"2020-06-11T14:40:49","guid":{"rendered":"http:\/\/www.nossacasa.net\/shunya\/?page_id=6012"},"modified":"2020-06-11T12:49:19","modified_gmt":"2020-06-11T14:49:19","slug":"meditacao-uma-maneira-de-viver","status":"publish","type":"page","link":"http:\/\/www.nossacasa.net\/shunya\/meditacao-uma-maneira-de-viver\/","title":{"rendered":"MEDITA\u00c7\u00c3O &#8211; Uma maneira de viver"},"content":{"rendered":"<div style=\"text-align:justify\"><font face=\"Verdana\" size=\"2\"><br \/>\n<a name=\"inicio\"><\/a><a href=\"http:\/\/www.nossacasa.net\/shunya\/wp-content\/uploads\/2020\/06\/Medita\u00e7\u00e3o-uma-maneira-de-viver.jpg\"><img loading=\"lazy\" decoding=\"async\" src=\"http:\/\/www.nossacasa.net\/shunya\/wp-content\/uploads\/2020\/06\/Medita\u00e7\u00e3o-uma-maneira-de-viver.jpg\" alt=\"\" width=\"200\" height=\"297\" class=\"alignleft size-full wp-image-6015\" \/><\/a><b>MEDITA\u00c7\u00c3O &#8211; Uma maneira de viver<\/b><br \/>\n<i><\/p>\n<div style=\"text-align:right\">de <a href=\"http:\/\/www.nossacasa.net\/shunya\/vimala-thakar\/\">Vimala Thakar<\/a><\/div>\n<p><\/i><br \/>\nEditora Pensamento<\/font><\/p>\n<p>Este livro &#8211; Medita\u00e7\u00e3o: uma maneira de viver &#8211; consta de duas preciosas li\u00e7\u00f5es sobre a arte de meditar como uma forma de revolu\u00e7\u00e3o ps\u00edquica e de transforma\u00e7\u00e3o total, pois para a Autora a medita\u00e7\u00e3o \u00e9 um estado de ser, e n\u00e3o uma atividade; \u00e9 um modo de viver em aten\u00e7\u00e3o din\u00e2mica, \u00e9 uma percep\u00e7\u00e3o din\u00e2mica do que \u00e9 a vida..\n<\/p><\/div>\n<!-- AddThis Advanced Settings generic via filter on the_content --><!-- AddThis Share Buttons generic via filter on the_content -->","protected":false},"excerpt":{"rendered":"<p>MEDITA\u00c7\u00c3O &#8211; Uma maneira de viver de Vimala Thakar Editora Pensamento Este livro &#8211; Medita\u00e7\u00e3o: uma maneira de viver &#8211; consta de duas preciosas li\u00e7\u00f5es sobre a arte de meditar como uma forma de revolu\u00e7\u00e3o ps\u00edquica e de transforma\u00e7\u00e3o total, &hellip; <a href=\"http:\/\/www.nossacasa.net\/shunya\/meditacao-uma-maneira-de-viver\/\">Continue lendo <span class=\"meta-nav\">&rarr;<\/span><\/a><!-- AddThis Advanced Settings generic via filter on get_the_excerpt --><!-- AddThis Share Buttons generic via filter on get_the_excerpt --><\/p>\n","protected":false},"author":1,"featured_media":6015,"parent":0,"menu_order":0,"comment_status":"closed","ping_status":"closed","template":"","meta":{"footnotes":""},"class_list":["post-6012","page","type-page","status-publish","has-post-thumbnail","hentry"],"_links":{"self":[{"href":"http:\/\/www.nossacasa.net\/shunya\/wp-json\/wp\/v2\/pages\/6012","targetHints":{"allow":["GET"]}}],"collection":[{"href":"http:\/\/www.nossacasa.net\/shunya\/wp-json\/wp\/v2\/pages"}],"about":[{"href":"http:\/\/www.nossacasa.net\/shunya\/wp-json\/wp\/v2\/types\/page"}],"author":[{"embeddable":true,"href":"http:\/\/www.nossacasa.net\/shunya\/wp-json\/wp\/v2\/users\/1"}],"replies":[{"embeddable":true,"href":"http:\/\/www.nossacasa.net\/shunya\/wp-json\/wp\/v2\/comments?post=6012"}],"version-history":[{"count":3,"href":"http:\/\/www.nossacasa.net\/shunya\/wp-json\/wp\/v2\/pages\/6012\/revisions"}],"predecessor-version":[{"id":6016,"href":"http:\/\/www.nossacasa.net\/shunya\/wp-json\/wp\/v2\/pages\/6012\/revisions\/6016"}],"wp:featuredmedia":[{"embeddable":true,"href":"http:\/\/www.nossacasa.net\/shunya\/wp-json\/wp\/v2\/media\/6015"}],"wp:attachment":[{"href":"http:\/\/www.nossacasa.net\/shunya\/wp-json\/wp\/v2\/media?parent=6012"}],"curies":[{"name":"wp","href":"https:\/\/api.w.org\/{rel}","templated":true}]}}