{"id":6018,"date":"2020-06-11T12:46:37","date_gmt":"2020-06-11T14:46:37","guid":{"rendered":"http:\/\/www.nossacasa.net\/shunya\/?page_id=6018"},"modified":"2020-06-11T12:48:24","modified_gmt":"2020-06-11T14:48:24","slug":"viver-e-relacionar-se","status":"publish","type":"page","link":"http:\/\/www.nossacasa.net\/shunya\/viver-e-relacionar-se\/","title":{"rendered":"VIVER \u00c9 RELACIONAR-SE"},"content":{"rendered":"<div style=\"text-align:justify\"><font face=\"Verdana\" size=\"2\"><br \/>\n<a name=\"inicio\"><\/a><a href=\"http:\/\/www.nossacasa.net\/shunya\/wp-content\/uploads\/2020\/06\/VIVER-\u00c9-RELACIONAR-SE.jpg\"><img loading=\"lazy\" decoding=\"async\" src=\"http:\/\/www.nossacasa.net\/shunya\/wp-content\/uploads\/2020\/06\/VIVER-\u00c9-RELACIONAR-SE.jpg\" alt=\"\" width=\"200\" height=\"290\" class=\"alignleft size-full wp-image-6020\" \/><\/a><b>VIVER \u00c9 RELACIONAR-SE<\/b><br \/>\n<i><\/p>\n<div style=\"text-align:right\">de <a href=\"http:\/\/www.nossacasa.net\/shunya\/vimala-thakar\/\">Vimala Thakar<\/a><\/div>\n<p><\/i><br \/>\nEditora Pensamento<\/font><\/p>\n<p>Viver \u00e9 Relacionar-se cont\u00e9m preciosas li\u00e7\u00f5es para aqueles que sinceramente buscam conhecer-se e querem descobrir uma realidade que est\u00e1 al\u00e9m do ego e da mente intelectual.<\/p>\n<p>&#8220;<em>Se pudermos ver os s\u00edmbolos como representantes da realidade e n\u00e3o confundi-los com a realidade, ent\u00e3o n\u00e3o haver\u00e1 escravid\u00e3o nem medo, O que acontece \u00e9 que nos acostumamos tanto com os s\u00edmbolos, que eles, assim como os conceitos, se tornam para n\u00f3s a realidade. Vimos como o tempo psicol\u00f3gico \u00e9 criado. Na realidade, n\u00e3o h\u00e1 tempo. A vida \u00e9 livre do tempo. A vida \u00e9 um estado de ser que sempre esteve e que sempre estar\u00e1 presente<\/em>.&#8221;\n<\/div>\n<!-- AddThis Advanced Settings generic via filter on the_content --><!-- AddThis Share Buttons generic via filter on the_content -->","protected":false},"excerpt":{"rendered":"<p>VIVER \u00c9 RELACIONAR-SE de Vimala Thakar Editora Pensamento Viver \u00e9 Relacionar-se cont\u00e9m preciosas li\u00e7\u00f5es para aqueles que sinceramente buscam conhecer-se e querem descobrir uma realidade que est\u00e1 al\u00e9m do ego e da mente intelectual. &#8220;Se pudermos ver os s\u00edmbolos como &hellip; <a href=\"http:\/\/www.nossacasa.net\/shunya\/viver-e-relacionar-se\/\">Continue lendo <span class=\"meta-nav\">&rarr;<\/span><\/a><!-- AddThis Advanced Settings generic via filter on get_the_excerpt --><!-- AddThis Share Buttons generic via filter on get_the_excerpt --><\/p>\n","protected":false},"author":1,"featured_media":6020,"parent":0,"menu_order":0,"comment_status":"closed","ping_status":"closed","template":"","meta":{"footnotes":""},"class_list":["post-6018","page","type-page","status-publish","has-post-thumbnail","hentry"],"_links":{"self":[{"href":"http:\/\/www.nossacasa.net\/shunya\/wp-json\/wp\/v2\/pages\/6018","targetHints":{"allow":["GET"]}}],"collection":[{"href":"http:\/\/www.nossacasa.net\/shunya\/wp-json\/wp\/v2\/pages"}],"about":[{"href":"http:\/\/www.nossacasa.net\/shunya\/wp-json\/wp\/v2\/types\/page"}],"author":[{"embeddable":true,"href":"http:\/\/www.nossacasa.net\/shunya\/wp-json\/wp\/v2\/users\/1"}],"replies":[{"embeddable":true,"href":"http:\/\/www.nossacasa.net\/shunya\/wp-json\/wp\/v2\/comments?post=6018"}],"version-history":[{"count":3,"href":"http:\/\/www.nossacasa.net\/shunya\/wp-json\/wp\/v2\/pages\/6018\/revisions"}],"predecessor-version":[{"id":6022,"href":"http:\/\/www.nossacasa.net\/shunya\/wp-json\/wp\/v2\/pages\/6018\/revisions\/6022"}],"wp:featuredmedia":[{"embeddable":true,"href":"http:\/\/www.nossacasa.net\/shunya\/wp-json\/wp\/v2\/media\/6020"}],"wp:attachment":[{"href":"http:\/\/www.nossacasa.net\/shunya\/wp-json\/wp\/v2\/media?parent=6018"}],"curies":[{"name":"wp","href":"https:\/\/api.w.org\/{rel}","templated":true}]}}