{"id":6042,"date":"2020-06-11T15:53:22","date_gmt":"2020-06-11T17:53:22","guid":{"rendered":"http:\/\/www.nossacasa.net\/shunya\/?page_id=6042"},"modified":"2020-06-28T22:51:38","modified_gmt":"2020-06-29T00:51:38","slug":"geshe-tenzin-wangyal-rinponche","status":"publish","type":"page","link":"http:\/\/www.nossacasa.net\/shunya\/geshe-tenzin-wangyal-rinponche\/","title":{"rendered":"Geshe Tenzin Wangyal Rinponche"},"content":{"rendered":"<p><a href=\"http:\/\/www.nossacasa.net\/shunya\/wp-content\/uploads\/2020\/06\/Geshe-Tenzin-Wangyal-Rinponche.jpg\"><img loading=\"lazy\" decoding=\"async\" src=\"http:\/\/www.nossacasa.net\/shunya\/wp-content\/uploads\/2020\/06\/Geshe-Tenzin-Wangyal-Rinponche.jpg\" alt=\"\" width=\"836\" height=\"836\" class=\"aligncenter size-full wp-image-6043\" srcset=\"http:\/\/www.nossacasa.net\/shunya\/wp-content\/uploads\/2020\/06\/Geshe-Tenzin-Wangyal-Rinponche.jpg 836w, http:\/\/www.nossacasa.net\/shunya\/wp-content\/uploads\/2020\/06\/Geshe-Tenzin-Wangyal-Rinponche-150x150.jpg 150w, http:\/\/www.nossacasa.net\/shunya\/wp-content\/uploads\/2020\/06\/Geshe-Tenzin-Wangyal-Rinponche-300x300.jpg 300w, http:\/\/www.nossacasa.net\/shunya\/wp-content\/uploads\/2020\/06\/Geshe-Tenzin-Wangyal-Rinponche-768x768.jpg 768w, http:\/\/www.nossacasa.net\/shunya\/wp-content\/uploads\/2020\/06\/Geshe-Tenzin-Wangyal-Rinponche-50x50.jpg 50w\" sizes=\"auto, (max-width: 836px) 100vw, 836px\" \/><\/a><br \/>\n<font face=\"Verdana\" size=\"2\"><\/p>\n<div style=\"text-align:center\"><font size=\"4\"><b>Geshe Tenzin Wangyal Rinponche (1961\u2013 )<\/b><\/font><\/div>\n<div style=\"text-align:justify\">\nGeshe Tenzin Wangyal Rinpoche, \u00e9 o fundador e diretor espiritual do Instituto Ligmincha, \u00e9 um aclamado autor, bem como um professor altamente respeitado e amado por estudantes nos Estados Unidos, M\u00e9xico e Europa.<\/p>\n<p>Geshe Tenzin Wangyal Rinpoche, \u00e9 o fundador e diretor espiritual do Instituto Ligmincha, \u00e9 um aclamado autor, bem como um professor altamente respeitado e amado por estudantes nos Estados Unidos, M\u00e9xico e Europa. Fluente em Ingl\u00eas, Tenzin Rinpoche \u00e9 conhecido pela profundidade de sua sabedoria; seu estilo envolvente e claro de ensino; e sua capacidade de fazer os antigos ensinamentos tibetanos altamente acess\u00edveis e relevantes para a vida dos ocidentais.<\/p>\n<p>Tenzin Rinpoche nasceu em Amritsar, na \u00cdndia, n\u00e3o muito tempo depois de seus pais fugirem de sua p\u00e1tria tibetana em 1959 durante a Revolu\u00e7\u00e3o Cultural chinesa. Aos 10 anos Tenzin Rinpoche foi ordenado como monge no Mosteiro Menri, perto de Dolanji, na \u00cdndia. L\u00e1, ele foi reconhecido pelo professor titular Lopon Sangye Tenzin Rinpoche como a reencarna\u00e7\u00e3o do famoso mestre Khyung Tul Rinpoche, um mestre de medita\u00e7\u00e3o de renome, professor, estudioso e m\u00e9dico que morreu em meados do s\u00e9culo 20.<\/p>\n<p>Desde a idade de 13 anos, Rinpoche tem praticado o Dzogchen, sob a orienta\u00e7\u00e3o de mestres B\u00f6n e de mestres de escolas budistas do Tibete, incluindo Sua Santidade Lungtok Tenpai Nyima, Lopon Sangye Tenzin Rinpoche, Lopon Tenzin Namdak Rinpoche e Geshe Yungdrung Namgyal. Do in\u00edcio da sua adolesc\u00eancia at\u00e9 a idade adulta jovem, Tenzin Rinpoche foi criado como um filho por seu professor raiz Lopon Tenzin Namdak Rinpoche, hoje reverenciado como o professor mais antigo da tradi\u00e7\u00e3o B\u00f6n. Um erudito nas tradi\u00e7\u00f5es textuais budistas B\u00f6n da filosofia, da exegese e do debate, em 1986, Tenzin Wangyal Rinpoche concluiu o curso de 11 anos de estudos tradicionais na Escola Dial\u00e9tica do Mosteiro de Menri, onde ele recebeu seu diploma de Geshe, equivalente a um doutorado em filosofia nas universidades ocidentais.<\/p>\n<p>Ao se formar, Tenzin Rinpoche foi empregado na Biblioteca de Trabalhos e Arquivos Tibetanos em Dharamsala, na \u00cdndia. Naquele mesmo ano, Sua Santidade o XIV Dalai Lama nomeou Rinpoche para ser o representante da tradi\u00e7\u00e3o B\u00f6n \u00e0 Assembleia de Deputados do Povo Tibetano do Governo Tibetano no ex\u00edlio.<\/p>\n<p>enzin Wangyal Rinpoche foi um dos primeiros a trazer os preciosos ensinamentos B\u00f6n para o Ocidente. Em 1988 ele foi convidado pelo mestre Dzogchen Ch\u00f6gyal Namkhai Norbu Rinpoche a ensinar na It\u00e1lia, o que lhe trouxe oportunidades adicionais para ensinar em outros locais em toda a Europa Ocidental. Em 1991, Tenzin Rinpoche foi premiado com uma bolsa Rockefeller na Universidade Rice, em Houston, Texas, onde continuou sua pesquisa sobre as principais divindades t\u00e2ntricas B\u00f6n e sua rela\u00e7\u00e3o com as tradi\u00e7\u00f5es budistas no in\u00edcio Tibet budista. Ele foi premiado com uma segunda Rockefeller Fellowship em 1993, quando a Universidade Rice o convidou de volta para ensinar durante o semestre da primavera.<\/p>\n<p>Desde aquela \u00e9poca Tenzin Rinpoche escolheu permanecer no Ocidente para ensinar as antigas tradi\u00e7\u00f5es B\u00f6n para os estudantes ocidentais.Em Mar\u00e7o de 1992, Rinpoche fundou o Instituto Ligmincha em Charlottesville, Va., uma organiza\u00e7\u00e3o sem fins lucrativos cujo objetivo \u00e9 preservar para as gera\u00e7\u00f5es futuras os antigos ensinamentos, artes, ci\u00eancias, l\u00edngua e literatura do Tibete e Zhang Zhung.<\/p>\n<p>Em 1994 ele recebeu uma bolsa da National Endowment for the Humanities para prosseguir a investiga\u00e7\u00e3o sobre os aspectos l\u00f3gicos e filos\u00f3ficos da tradi\u00e7\u00e3o B\u00f6n. Os frutos dessa pesquisa vieram com a publica\u00e7\u00e3o em 2006 do texto acad\u00eamico Unbounded Wholeness: Dzogchen, Bon e a l\u00f3gica do n\u00e3o-conceitual (Oxford University Press, 2006), escrito em colabora\u00e7\u00e3o com Anne Carolyn Klein, na cadeira de estudos religiosos na Universidade Rice. Tamb\u00e9m em 1994 Tenzin Rinpoche apareceu no Discovery Channel, onde explicou os princ\u00edpios envolvidos na pr\u00e1tica tibetana de yoga do sonhos como um segmento de uma s\u00e9rie de tr\u00eas partes, intitulado &#8220;O Poder dos Sonhos&#8221;.<\/p>\n<p>Em 1998, Rinpoche estabeleceu o Centro de Retiros Serenity Ridge em meio \u00e0s montanhas de Nelson County, Va., 30 minutos ao sul de Charlottesville.<\/p>\n<p>Na Primavera de 2004 Tenzin Wangyal Rinpoche casou-se com Tsering Wangmo, irm\u00e3 de Lama Khyimsar Rinpoche (detentor da linhagem dos mosteiros B\u00f6n Pungmo Gon e Lhari Nyiphug no Tibete e fundador do Instituto B\u00f6n Yungdrung tibetano, no Reino Unido). No outono de 2005 seu filho, Senghe, nasceu. A fam\u00edlia Wangyal atualmente reside na Calif\u00f3rnia, na \u00e1rea da Ba\u00eda de San Francisco.<\/p>\n<p>Atualmente Rinpoche continua seus dedicados esfor\u00e7os para preservar a tradi\u00e7\u00e3o budista Bon, atrav\u00e9s da cria\u00e7\u00e3o de centros e grupos em todo o mundo, traduzindo e publicando textos e ensinando o B\u00f6n initerruptamente, transmitindo a tradi\u00e7\u00e3o para estudantes ocidentais em todo o mundo.<\/p>\n<p>lishu flowers-mdEm 2006, durante o retiro de ver\u00e3o europeu em Buchenau, Alemanha, Rinpoche anunciou a cria\u00e7\u00e3o do Instituto Lishu, uma escola perto de Dehra Dun, \u00cdndia, onde os estudantes ocidentais ser\u00e3o capazes de continuar e aprofundar as suas experi\u00eancias e seus conhecimentos sobre os antigos ensinamentos e pr\u00e1ticas do B\u00f6n.<\/p>\n<\/div>\n<hr \/>\n<p>Fonte: https:\/\/ligmincha.com.br\/quem-somos\/51-linhagem\/66-gtwr<\/p>\n<hr \/>\n<p><\/font><\/p>\n<!-- AddThis Advanced Settings generic via filter on the_content --><!-- AddThis Share Buttons generic via filter on the_content -->","protected":false},"excerpt":{"rendered":"<p>Geshe Tenzin Wangyal Rinponche (1961\u2013 ) Geshe Tenzin Wangyal Rinpoche, \u00e9 o fundador e diretor espiritual do Instituto Ligmincha, \u00e9 um aclamado autor, bem como um professor altamente respeitado e amado por estudantes nos Estados Unidos, M\u00e9xico e Europa. Geshe &hellip; <a href=\"http:\/\/www.nossacasa.net\/shunya\/geshe-tenzin-wangyal-rinponche\/\">Continue lendo <span class=\"meta-nav\">&rarr;<\/span><\/a><!-- AddThis Advanced Settings generic via filter on get_the_excerpt --><!-- AddThis Share Buttons generic via filter on get_the_excerpt --><\/p>\n","protected":false},"author":1,"featured_media":6043,"parent":0,"menu_order":0,"comment_status":"closed","ping_status":"closed","template":"","meta":{"footnotes":""},"class_list":["post-6042","page","type-page","status-publish","has-post-thumbnail","hentry"],"_links":{"self":[{"href":"http:\/\/www.nossacasa.net\/shunya\/wp-json\/wp\/v2\/pages\/6042","targetHints":{"allow":["GET"]}}],"collection":[{"href":"http:\/\/www.nossacasa.net\/shunya\/wp-json\/wp\/v2\/pages"}],"about":[{"href":"http:\/\/www.nossacasa.net\/shunya\/wp-json\/wp\/v2\/types\/page"}],"author":[{"embeddable":true,"href":"http:\/\/www.nossacasa.net\/shunya\/wp-json\/wp\/v2\/users\/1"}],"replies":[{"embeddable":true,"href":"http:\/\/www.nossacasa.net\/shunya\/wp-json\/wp\/v2\/comments?post=6042"}],"version-history":[{"count":2,"href":"http:\/\/www.nossacasa.net\/shunya\/wp-json\/wp\/v2\/pages\/6042\/revisions"}],"predecessor-version":[{"id":6381,"href":"http:\/\/www.nossacasa.net\/shunya\/wp-json\/wp\/v2\/pages\/6042\/revisions\/6381"}],"wp:featuredmedia":[{"embeddable":true,"href":"http:\/\/www.nossacasa.net\/shunya\/wp-json\/wp\/v2\/media\/6043"}],"wp:attachment":[{"href":"http:\/\/www.nossacasa.net\/shunya\/wp-json\/wp\/v2\/media?parent=6042"}],"curies":[{"name":"wp","href":"https:\/\/api.w.org\/{rel}","templated":true}]}}