{"id":6064,"date":"2020-06-11T19:50:26","date_gmt":"2020-06-11T21:50:26","guid":{"rendered":"http:\/\/www.nossacasa.net\/shunya\/?page_id=6064"},"modified":"2020-06-11T19:52:45","modified_gmt":"2020-06-11T21:52:45","slug":"dilgo-khyentse-rinpoche","status":"publish","type":"page","link":"http:\/\/www.nossacasa.net\/shunya\/dilgo-khyentse-rinpoche\/","title":{"rendered":"Dilgo Khyentse Rinpoche"},"content":{"rendered":"<div style=\"text-align:justify\">\n<a href=\"http:\/\/www.nossacasa.net\/shunya\/wp-content\/uploads\/2020\/06\/Dilgo-Khyentse-Rinpoche.jpg\"><img loading=\"lazy\" decoding=\"async\" src=\"http:\/\/www.nossacasa.net\/shunya\/wp-content\/uploads\/2020\/06\/Dilgo-Khyentse-Rinpoche.jpg\" alt=\"\" width=\"710\" height=\"572\" class=\"aligncenter size-full wp-image-6066\" srcset=\"http:\/\/www.nossacasa.net\/shunya\/wp-content\/uploads\/2020\/06\/Dilgo-Khyentse-Rinpoche.jpg 710w, http:\/\/www.nossacasa.net\/shunya\/wp-content\/uploads\/2020\/06\/Dilgo-Khyentse-Rinpoche-300x242.jpg 300w, http:\/\/www.nossacasa.net\/shunya\/wp-content\/uploads\/2020\/06\/Dilgo-Khyentse-Rinpoche-372x300.jpg 372w\" sizes=\"auto, (max-width: 710px) 100vw, 710px\" \/><\/a><br \/>\n<b>Dilgo Khyentse Rinpoche (1910-1991)<\/b><\/p>\n<p>Dilgo Khyentse Rinpoche (Tibete, 1910 ~ But\u00e3o, 1991) foi um dos maiores lamas tibetanos do s\u00e9culo 20, sendo mestre da maioria dos lamas mais importantes hoje, incluindo S.S. Dalai Lama.<\/p>\n<p>Viveu cerca de 20 anos em retiros em cavernas ou eremit\u00e9rios no Tibete e, por sua vida e atividades, foi um exemplo vivo para os que se aproximavam de como seria estar frente-a-frente com um mestre como Padmasambhava, que propagou o budismo Vajrayana no Tibete no s\u00e9culo 8.<\/p>\n<p>Sendo considerado mestre em todas as diferentes linhagens tibetanas, foi o mais eminente representante contempor\u00e2neo do movimento n\u00e3o-sect\u00e1rio Rime, e tamb\u00e9m um terton (descobridor\/revelador de escrituras e liturgias), preservando e propagando o budismo como poucos.<\/p>\n<p>Seus principais professores foram Shechen Gyaltsap Rinpoche e Dzongsar Khyentse Chokyi Lodro.<\/p>\n<p>Sua reencarna\u00e7\u00e3o, Khyentse Yangsi Rinpoche, nasceu no Nepal, em 1993.\n<\/p><\/div>\n<!-- AddThis Advanced Settings generic via filter on the_content --><!-- AddThis Share Buttons generic via filter on the_content -->","protected":false},"excerpt":{"rendered":"<p>Dilgo Khyentse Rinpoche (1910-1991) Dilgo Khyentse Rinpoche (Tibete, 1910 ~ But\u00e3o, 1991) foi um dos maiores lamas tibetanos do s\u00e9culo 20, sendo mestre da maioria dos lamas mais importantes hoje, incluindo S.S. Dalai Lama. Viveu cerca de 20 anos em &hellip; <a href=\"http:\/\/www.nossacasa.net\/shunya\/dilgo-khyentse-rinpoche\/\">Continue lendo <span class=\"meta-nav\">&rarr;<\/span><\/a><!-- AddThis Advanced Settings generic via filter on get_the_excerpt --><!-- AddThis Share Buttons generic via filter on get_the_excerpt --><\/p>\n","protected":false},"author":1,"featured_media":6066,"parent":0,"menu_order":0,"comment_status":"closed","ping_status":"closed","template":"","meta":{"footnotes":""},"class_list":["post-6064","page","type-page","status-publish","has-post-thumbnail","hentry"],"_links":{"self":[{"href":"http:\/\/www.nossacasa.net\/shunya\/wp-json\/wp\/v2\/pages\/6064","targetHints":{"allow":["GET"]}}],"collection":[{"href":"http:\/\/www.nossacasa.net\/shunya\/wp-json\/wp\/v2\/pages"}],"about":[{"href":"http:\/\/www.nossacasa.net\/shunya\/wp-json\/wp\/v2\/types\/page"}],"author":[{"embeddable":true,"href":"http:\/\/www.nossacasa.net\/shunya\/wp-json\/wp\/v2\/users\/1"}],"replies":[{"embeddable":true,"href":"http:\/\/www.nossacasa.net\/shunya\/wp-json\/wp\/v2\/comments?post=6064"}],"version-history":[{"count":3,"href":"http:\/\/www.nossacasa.net\/shunya\/wp-json\/wp\/v2\/pages\/6064\/revisions"}],"predecessor-version":[{"id":6068,"href":"http:\/\/www.nossacasa.net\/shunya\/wp-json\/wp\/v2\/pages\/6064\/revisions\/6068"}],"wp:featuredmedia":[{"embeddable":true,"href":"http:\/\/www.nossacasa.net\/shunya\/wp-json\/wp\/v2\/media\/6066"}],"wp:attachment":[{"href":"http:\/\/www.nossacasa.net\/shunya\/wp-json\/wp\/v2\/media?parent=6064"}],"curies":[{"name":"wp","href":"https:\/\/api.w.org\/{rel}","templated":true}]}}