{"id":6083,"date":"2020-06-12T12:52:39","date_gmt":"2020-06-12T14:52:39","guid":{"rendered":"http:\/\/www.nossacasa.net\/shunya\/?page_id=6083"},"modified":"2020-06-12T13:07:46","modified_gmt":"2020-06-12T15:07:46","slug":"karma-chagme","status":"publish","type":"page","link":"http:\/\/www.nossacasa.net\/shunya\/karma-chagme\/","title":{"rendered":"Karma Chagme"},"content":{"rendered":"<p><a href=\"http:\/\/www.nossacasa.net\/shunya\/wp-content\/uploads\/2020\/06\/Karma_Chakme.jpg\"><img loading=\"lazy\" decoding=\"async\" class=\"aligncenter size-full wp-image-6085\" src=\"http:\/\/www.nossacasa.net\/shunya\/wp-content\/uploads\/2020\/06\/Karma_Chakme.jpg\" alt=\"\" width=\"360\" height=\"494\" srcset=\"http:\/\/www.nossacasa.net\/shunya\/wp-content\/uploads\/2020\/06\/Karma_Chakme.jpg 360w, http:\/\/www.nossacasa.net\/shunya\/wp-content\/uploads\/2020\/06\/Karma_Chakme-219x300.jpg 219w\" sizes=\"auto, (max-width: 360px) 100vw, 360px\" \/><\/a><\/p>\n<div style=\"text-align: center;\"><span style=\"font-size: large;\"><b>Jamgon Kongtrul Lodr\u00f6 Taye (1813-1899)<\/b><\/span><\/div>\n<div style=\"text-align: justify;\"><strong>Karma Chagme (1613-1678)<\/strong><br \/>\nO nome <strong>Karma Chagme<\/strong> refere-se a um lama budista tibetano ( Vajray\u0101na), do s\u00e9culo XVII e \u00e0 linhagem de t\u00fclku (Reencarna\u00e7\u00e3o de lamas) que ele iniciou. Incluindo o primeiro, sete Karma Chagme t\u00fclkus foram reconhecidos. A sub-escola Neydo Kagyu ( Wylie : gnas mdo bka &#8216;brgyud ) do Karma Kagyu foi estabelecida pelo primeiro Karma Chagme, R\u0101ga Asya.<strong>O Primeiro Karma Chagme, R\u0101ga Asya <\/strong><\/p>\n<p>Karma Chakme (nascido em Wangdrak Sung; ordenado Karma chags med; tamb\u00e9m conhecido como R\u0101-ga a-sya; 1613-1678) nasceu em Salmo Gang ( Wylie : zal mo sgang ), um lugar perto de Riwoche ( Wylie : ri bo che ) no distrito de Ngoms em Kham . Seu pai, Pema Wangdrak ( Wylie : pad-ma dbang-grags ) era um siddha t\u00e2ntrico estabelecido da linhagem dominante de Dong khach\u00f6 ( Wylie : gdong mkha &#8216;spyod ) e sua m\u00e3e Ch\u00f6kyong Kyi ( Wylie :&#8217; Chos-skyong skyid)) era descendente da linhagem familiar de Gyuli. Dizia-se que havia sido a reencarna\u00e7\u00e3o de Chokro L\u00fc Gyeltsen ( Wylie : cog ro klu&#8217;i rgyal mtshan ) e das pernas do pr\u00edncipe Sad, seu pai deu a seu filho o tert\u00f6n Ratna Lingpa durante seu nascimento.<\/p>\n<p>Karma Chakme foi treinado por seu pai desde os seis anos em leitura e escrita, bem como em astrologia &#8220;branca&#8221; e &#8220;negra&#8221; ( Wylie : rtsis dkar nag ), geomancia e cerim\u00f4nias m\u00e1gicas com o objetivo de evitar infort\u00fanios. Ele tamb\u00e9m aprendeu todo o ciclo dos ensinamentos de Nyingma , que havia aprendido com seu pai, e continuou seu treinamento com os mestres mais famosos de Nyingma e Kagyu de seu tempo.<\/p>\n<p>Ele alcan\u00e7ou o dom\u00ednio dos s\u016btras e tantras no mosteiro zad ma gyi e recebeu, aos vinte anos de idade, ordena\u00e7\u00e3o e transmiss\u00e3o de Mahamudra do 6\u00ba Shamar Rinpoche Mipan Mipan Ch\u00f6kyi Wangchuk (1584-1630) no mosteiro de Tsurphu . Ele recebeu capacita\u00e7\u00e3o durante sua visita. Ent\u00e3o ele viajou com o Karmapa por um ano e meio alcan\u00e7ando fama no Tibete. O exame p\u00fablico de Karma Chakme foi diante de 12.000 monges no Festival da Grande Ora\u00e7\u00e3o de Karma Kagyu.<\/p>\n<p>Um candidato ao cargo de 10\u00ba Karmapa , ele n\u00e3o foi confirmado, mas manteve o nome de ordena\u00e7\u00e3o Karma Chakme.<\/p>\n<p>Ele era conhecido por ser um escritor e erudito prol\u00edfico, por sua ardente devo\u00e7\u00e3o ao culto de Sukh\u0101vat\u012b e por ser o professor de tert\u00f6n Namch\u00f6 Mingyur Dorje , que revelou um ciclo \u00fanico de terma conhecido como Nam Cho ( Wylie : gnam-chos ) . Karma Chakme foi creditado como um mahasiddha que alcan\u00e7ou uma emana\u00e7\u00e3o aut\u00eantica de Jinasagara, o &#8221; Avalokite\u015bvara Vermelho&#8221;&#8221;. Karma Chags med foi um estudioso formid\u00e1vel e autor prol\u00edfico que comp\u00f4s cerca de sessenta volumes de textos sobre diversos assuntos enquanto estava em retiro. Ele talvez seja mais conhecido por suas contribui\u00e7\u00f5es ao g\u00eanero tibetano da literatura da Terra Pura, com sua Ora\u00e7\u00e3o por Aspira\u00e7\u00e3o. \u00e0 Terra Pura Sukh\u0101vat\u012b e seus coment\u00e1rios, que s\u00e3o amplamente considerados textos cl\u00e1ssicos do g\u00eanero dem\u00f6n ( bde smom ), entre seus muitos trabalhos pertencentes ao ciclo Nam Cho , O Tesouro da Mente do Dharma do C\u00e9u: uma compila\u00e7\u00e3o de instru\u00e7\u00f5es extensivas para a transfer\u00eancia para o Sukh\u0101vat\u012b ( Gnam chos thugs kyi gter kha las bde chen zhing du &#8216;pho ba&#8217;i gdams pa rgyas par bsgrigs pa ) \u00e9 um coment\u00e1rio importante sobre a pr\u00e1tica vajray\u0101na de phowa.<\/p>\n<p>A biografia do primeiro Karma Chakme \u00e9 baseada nas seguintes fontes: gon ston brgya rtsa&#8217;i rnam thar (513-16); mKhas grub Karma chags med rin po che&#8217;i gsung &#8216;bum gyi dkar chag (introdu\u00e7\u00e3o); Tsering Lama (1988: 35-44); e Chagm\u00e9 (1998: 7-11).<\/p>\n<p><strong>Linhagem de Karma Chagme T\u00fclku<\/strong>:<\/p>\n<ol>\n<li>Karma Chagme Raga Asya ( Wylie : karma chags-med r\u0101-ga a-sya ; 1613-1678)<\/li>\n<li>Choktr\u00fcl Trinley Wangchuk ( Wylie : mchog-sprul &#8216;phrin-las dbang-phyug )<\/li>\n<li>Trinley Tendzin ( Wylie : &#8216;phrin-las bstan-&#8216;dzin )<\/li>\n<li>Khyapdak Tendzin Trinley ( Wylie : khyab-bdag bstan-&#8216;dzin &#8216;phrin-las )<\/li>\n<li>Sang Ngak Tendzin ( Wylie : gSang-sngags bstan-&#8216;dzin )<\/li>\n<li>Karma Tsultrim Namgyal ( Wylie : karma tshul-khrims rnam-rgyal )<\/li>\n<li>Karma Tendzin Trinley Kunkhyab Pal Zangbo ( Wylie : karma bstan-&#8216;dzin &#8216;phrin-las kun-khyab dpal-bzang-po ; 1926-2013)<\/li>\n<\/ol>\n<p><strong>O mais recente (s\u00e9timo) Karma Chagme <\/strong><br \/>\nO mais recente detentor do trono de N\u00e9do ( Wylie : gnas mdo ) do Mosteiro de Tashi Ch\u00f6eling ( Wylie : bkra shis chos gling dgon pa ) foi Karma Tendzin Trinl\u00e9 K\u00fcnkhyap Pelzangpo ( Wylie : kar ma bstan &#8216;dzin&#8217; phrin las kun khyab dpal bzang po ). Seu assento era o Mosteiro N\u00e9ydo Tashi Ch\u00f6eling, em Setidevi Bhanjyang, Nepal , perto de Pharping , um local de peregrina\u00e7\u00e3o budista no vale de Katmandu . [2] Rinpoche morreu em 3 de outubro de 2013, com a presen\u00e7a de Ogyen Trinley Dorje, 17\u00ba Gyalwa Karmapa e Dragpa Tenpa Yarpel, 12\u00baGoshir Gyaltsab Rinpoche. [3] O 8\u00ba Karma Chagme Rinpoche ainda n\u00e3o foi identificado.\n<\/div>\n<hr \/>\n<p>Fonte: https:\/\/en.wikipedia.org\/wiki\/Karma_Chagme<\/p>\n<hr \/>\n<p>&nbsp;<\/p>\n<!-- AddThis Advanced Settings generic via filter on the_content --><!-- AddThis Share Buttons generic via filter on the_content -->","protected":false},"excerpt":{"rendered":"<p>Jamgon Kongtrul Lodr\u00f6 Taye (1813-1899) Karma Chagme (1613-1678) O nome Karma Chagme refere-se a um lama budista tibetano ( Vajray\u0101na), do s\u00e9culo XVII e \u00e0 linhagem de t\u00fclku (Reencarna\u00e7\u00e3o de lamas) que ele iniciou. Incluindo o primeiro, sete Karma Chagme &hellip; <a href=\"http:\/\/www.nossacasa.net\/shunya\/karma-chagme\/\">Continue lendo <span class=\"meta-nav\">&rarr;<\/span><\/a><!-- AddThis Advanced Settings generic via filter on get_the_excerpt --><!-- AddThis Share Buttons generic via filter on get_the_excerpt --><\/p>\n","protected":false},"author":1,"featured_media":6001,"parent":0,"menu_order":0,"comment_status":"closed","ping_status":"closed","template":"","meta":{"footnotes":""},"class_list":["post-6083","page","type-page","status-publish","has-post-thumbnail","hentry"],"_links":{"self":[{"href":"http:\/\/www.nossacasa.net\/shunya\/wp-json\/wp\/v2\/pages\/6083","targetHints":{"allow":["GET"]}}],"collection":[{"href":"http:\/\/www.nossacasa.net\/shunya\/wp-json\/wp\/v2\/pages"}],"about":[{"href":"http:\/\/www.nossacasa.net\/shunya\/wp-json\/wp\/v2\/types\/page"}],"author":[{"embeddable":true,"href":"http:\/\/www.nossacasa.net\/shunya\/wp-json\/wp\/v2\/users\/1"}],"replies":[{"embeddable":true,"href":"http:\/\/www.nossacasa.net\/shunya\/wp-json\/wp\/v2\/comments?post=6083"}],"version-history":[{"count":3,"href":"http:\/\/www.nossacasa.net\/shunya\/wp-json\/wp\/v2\/pages\/6083\/revisions"}],"predecessor-version":[{"id":6087,"href":"http:\/\/www.nossacasa.net\/shunya\/wp-json\/wp\/v2\/pages\/6083\/revisions\/6087"}],"wp:featuredmedia":[{"embeddable":true,"href":"http:\/\/www.nossacasa.net\/shunya\/wp-json\/wp\/v2\/media\/6001"}],"wp:attachment":[{"href":"http:\/\/www.nossacasa.net\/shunya\/wp-json\/wp\/v2\/media?parent=6083"}],"curies":[{"name":"wp","href":"https:\/\/api.w.org\/{rel}","templated":true}]}}