{"id":6089,"date":"2020-06-12T13:12:23","date_gmt":"2020-06-12T15:12:23","guid":{"rendered":"http:\/\/www.nossacasa.net\/shunya\/?page_id=6089"},"modified":"2020-06-12T13:18:23","modified_gmt":"2020-06-12T15:18:23","slug":"khetsun-sangpo-rinpoche","status":"publish","type":"page","link":"http:\/\/www.nossacasa.net\/shunya\/khetsun-sangpo-rinpoche\/","title":{"rendered":"Khetsun Sangpo Rinpoche"},"content":{"rendered":"<p><a href=\"http:\/\/www.nossacasa.net\/shunya\/wp-content\/uploads\/2020\/06\/Khetsun-Sangpo-Rinpoch\u00e9.jpg\"><img loading=\"lazy\" decoding=\"async\" src=\"http:\/\/www.nossacasa.net\/shunya\/wp-content\/uploads\/2020\/06\/Khetsun-Sangpo-Rinpoch\u00e9.jpg\" alt=\"\" width=\"400\" height=\"466\" class=\"aligncenter size-full wp-image-6092\" srcset=\"http:\/\/www.nossacasa.net\/shunya\/wp-content\/uploads\/2020\/06\/Khetsun-Sangpo-Rinpoch\u00e9.jpg 400w, http:\/\/www.nossacasa.net\/shunya\/wp-content\/uploads\/2020\/06\/Khetsun-Sangpo-Rinpoch\u00e9-258x300.jpg 258w\" sizes=\"auto, (max-width: 400px) 100vw, 400px\" \/><\/a><\/p>\n<div style=\"text-align: center;\"><span style=\"font-size: large;\"><strong>Khetsun Sangpo Rinpoch\u00e9 (1921-2009)<\/strong><\/span><\/div>\n<div style=\"text-align: justify;\">\nKhetsun Sangpo Rinpoch\u00e9 nasceu no Tibete Central em 1921, de uma descend\u00eancia patrilinear de Ngakpas . Ele estudou os sutras e tantras de 1937 a 1949. Depois disso, e at\u00e9 1955, ele praticou principalmente em retiro fechado. Em 1959, ele fugiu do Tibete para a \u00cdndia, onde passou dois anos em retirada. Depois, ele foi ao Jap\u00e3o para ensinar por 10 anos, a pedido de Sua Santidade Dudjom Rinpoch\u00e9 . De volta \u00e0 \u00cdndia, ele ficou encarregado da Biblioteca de Obras e Arquivos Tibetanos, em Dharamsala. Ele \u00e9 o autor de muitos volumes de ensinamentos, incluindo o destacado Dicion\u00e1rio Biogr\u00e1fico do Tibete e o Budismo Tibetano.em 12 vol. Rinpoch\u00e9 agora vive em seu mosteiro em Sundarijal, no vale de Katmandu, no Nepal, que ele estabeleceu a pedido de Sua Santidade Dudjom Jigdra Yeshe Dorje Rinpoch\u00e9.<\/p>\n<p>Khetsun Sangpo foi um dos poucos remanescentes do Nyingma Lamas treinados no Tibete e capaz de transmitir de forma completa os preceitos especiais da ordem Nyingma. Sacerdote leigo e renomado estudioso iogue, ele foi treinado nas quatro linhagens do budismo tibetano. Ele estava entre os mestres mais antigos do Lamas e da Grande Completude da tradi\u00e7\u00e3o budista tibetana de Nyingma e o mais eminente historiador do Nyingma recente.<\/p>\n<p><strong>Obras liter\u00e1rias<\/strong><br \/>\nEm tibetano:<br \/>\nO dicion\u00e1rio biogr\u00e1fico do Tibete e do budismo tibetano em 12 vol.<br \/>\nUm 13\u00ba vol. baseado na descoberta das cavernas de Dunhuang, chamada Uma hist\u00f3ria antiga do Tibete, editada a partir das descobertas desenterradas nas cavernas de Dunhuang<br \/>\nUma autobiografia Prov\u00e9rbios e poemas l\u00edricos<\/p>\n<p>Em ingl\u00eas:<br \/>\nPr\u00e1tica T\u00e2ntrica em Nyingma no Longchen Nyingthig Ngondro traduzido por Jeffrey Hopkins<br \/>\nMente Fundamental AVis\u00e3o Nyingma da Grande Completude , de Mipham Gyatso &#8211; com coment\u00e1rios pr\u00e1ticos de Khetsun Sangpo Rinpoche &#8211; Tradu\u00e7\u00e3o e edi\u00e7\u00e3o de Jeffrey Hopkins<\/p>\n<p><strong>Professores Principais<\/strong>:<br \/>\nShukseb Lochen Chokyi Zangmo<br \/>\nDudjom Jigdral Yeshe Dorje<br \/>\nKangyur Rinpoche<\/p>\n<\/div>\n<p>http:\/\/rywiki.tsadra.org\/index.php\/Khetsun_Sangpo_Rinpochehttps:\/\/en.wikipedia.org\/wiki\/Karma_Chagme<\/p>\n<hr \/>\n<!-- AddThis Advanced Settings generic via filter on the_content --><!-- AddThis Share Buttons generic via filter on the_content -->","protected":false},"excerpt":{"rendered":"<p>Khetsun Sangpo Rinpoch\u00e9 (1921-2009) Khetsun Sangpo Rinpoch\u00e9 nasceu no Tibete Central em 1921, de uma descend\u00eancia patrilinear de Ngakpas . Ele estudou os sutras e tantras de 1937 a 1949. Depois disso, e at\u00e9 1955, ele praticou principalmente em retiro &hellip; <a href=\"http:\/\/www.nossacasa.net\/shunya\/khetsun-sangpo-rinpoche\/\">Continue lendo <span class=\"meta-nav\">&rarr;<\/span><\/a><!-- AddThis Advanced Settings generic via filter on get_the_excerpt --><!-- AddThis Share Buttons generic via filter on get_the_excerpt --><\/p>\n","protected":false},"author":1,"featured_media":6001,"parent":0,"menu_order":0,"comment_status":"closed","ping_status":"closed","template":"","meta":{"footnotes":""},"class_list":["post-6089","page","type-page","status-publish","has-post-thumbnail","hentry"],"_links":{"self":[{"href":"http:\/\/www.nossacasa.net\/shunya\/wp-json\/wp\/v2\/pages\/6089","targetHints":{"allow":["GET"]}}],"collection":[{"href":"http:\/\/www.nossacasa.net\/shunya\/wp-json\/wp\/v2\/pages"}],"about":[{"href":"http:\/\/www.nossacasa.net\/shunya\/wp-json\/wp\/v2\/types\/page"}],"author":[{"embeddable":true,"href":"http:\/\/www.nossacasa.net\/shunya\/wp-json\/wp\/v2\/users\/1"}],"replies":[{"embeddable":true,"href":"http:\/\/www.nossacasa.net\/shunya\/wp-json\/wp\/v2\/comments?post=6089"}],"version-history":[{"count":3,"href":"http:\/\/www.nossacasa.net\/shunya\/wp-json\/wp\/v2\/pages\/6089\/revisions"}],"predecessor-version":[{"id":6093,"href":"http:\/\/www.nossacasa.net\/shunya\/wp-json\/wp\/v2\/pages\/6089\/revisions\/6093"}],"wp:featuredmedia":[{"embeddable":true,"href":"http:\/\/www.nossacasa.net\/shunya\/wp-json\/wp\/v2\/media\/6001"}],"wp:attachment":[{"href":"http:\/\/www.nossacasa.net\/shunya\/wp-json\/wp\/v2\/media?parent=6089"}],"curies":[{"name":"wp","href":"https:\/\/api.w.org\/{rel}","templated":true}]}}