{"id":6095,"date":"2020-06-12T14:23:49","date_gmt":"2020-06-12T16:23:49","guid":{"rendered":"http:\/\/www.nossacasa.net\/shunya\/?page_id=6095"},"modified":"2020-06-28T23:42:02","modified_gmt":"2020-06-29T01:42:02","slug":"lama-denys-teundroup-rinpoche","status":"publish","type":"page","link":"http:\/\/www.nossacasa.net\/shunya\/lama-denys-teundroup-rinpoche\/","title":{"rendered":"Lama Denys Teundroup Rinpoche"},"content":{"rendered":"<p><a href=\"http:\/\/www.nossacasa.net\/shunya\/wp-content\/uploads\/2020\/06\/Lama_Denys_Rimpoch\u00e9.jpg\"><img loading=\"lazy\" decoding=\"async\" src=\"http:\/\/www.nossacasa.net\/shunya\/wp-content\/uploads\/2020\/06\/Lama_Denys_Rimpoch\u00e9.jpg\" alt=\"\" width=\"200\" height=\"280\" class=\"aligncenter size-full wp-image-6097\" \/><\/a><\/p>\n<div style=\"text-align: center;\"><span style=\"font-size: large;\"><strong>Lama Denys Teundroup Rinpoche (1949-)<\/strong><\/span><\/div>\n<div style=\"text-align: justify;\">\nDenys Rinpoche \u00e9 um disc\u00edpulo de Buda, ele dedicou toda a sua vida ao estudo, pr\u00e1tica e transmiss\u00e3o de seus ensinamentos: &#8220;Dharma&#8221;. Herdeiro espiritual de Kalu Rangjung K\u00fcnchab (1904-1989), um dos maiores lama iogues tibetanos do s\u00e9culo XX, ele \u00e9 portador da linha Shangpa Kagy\u00fc e mestre dos Mah\u00e2mudr\u00e2 e Dzogchen, os mais altos ensinamentos do Dharma, quintess\u00eancia da espiritualidade universal.<\/p>\n<p>Lama Denys Teundroup Rinpoche \u00e9 um mestre budista franc\u00eas da tradi\u00e7\u00e3o Kagy\u00fcpa do budismo tibetano. Principal herdeiro ocidental de Kalu Rinpoche , ele \u00e9 o fundador e superior da Sangha Dashang Rimay , uma comunidade budista que se tornou uma congrega\u00e7\u00e3o. Trabalha hoje para transmitir a tradi\u00e7\u00e3o de Buda em todo o mundo, em particular em sua filia\u00e7\u00e3o Shangpa Kagy\u00fc , Mah\u00e2mudr\u00e2 e Dzogchen. Autor de numerosas tradu\u00e7\u00f5es de textos tradicionais e dirige hoje, seguindo as instru\u00e7\u00f5es de Kalu Rinpoche, a tradu\u00e7\u00e3o francesa de conhecimento da Fazenda, a grande enciclop\u00e9dia de Dharma compilou o xix th  s\u00e9culo por Jamgon Kongtrul Lodro Thaye . Ele participa muito ativamente do di\u00e1logo inter-religioso e \u00e9 o iniciador de in\u00fameras reuni\u00f5es inter-tradi\u00e7\u00f5es.<\/p>\n<p>Denys Rinpoche nasceu em uma fam\u00edlia crist\u00e3 que n\u00e3o pratica. A ampla mente aberta de sua fam\u00edlia rapidamente permitiu que ele se libertasse de uma busca pessoal alimentada por numerosas obras, entre as quais as obras de Ren\u00e9 Gu\u00e9non ocupam um lugar especial. Ele descobre uma abordagem que define as refer\u00eancias fundamentais ao longo de uma rota tradicional e define os elementos que comp\u00f5em uma jornada espiritual.<\/p>\n<p>O filme de Arnaud Desjardins , The Message of the Tibetans, refor\u00e7a seu interesse no caminho budista tibetano, cuja integridade, vitalidade e capacidade de superar formula\u00e7\u00f5es s\u00e3o uma experi\u00eancia libertadora. Em 1968, desejando encontrar testemunhas vivas dos ensinamentos de Buda, ele decidiu ir ao encontro de mestres e iogues tibetanos e foi para a \u00cdndia, depois de ter passado o bacharelado.<\/p>\n<p>Foi em Sonada , no norte da \u00cdndia, que ele conheceu Kalu Rangjung K\u00fcnchab ( Kalou Rinpoche , 1904-1989), um mestre espiritual tibetano reconhecido por unanimidade e venera\u00e7\u00e3o por todas as escolas. A reuni\u00e3o guiar\u00e1 a vida do jovem Denys. Mesmo que ele ainda n\u00e3o entenda a l\u00edngua tibetana , \u00e9 estabelecida uma comunica\u00e7\u00e3o de cora\u00e7\u00e3o para cora\u00e7\u00e3o entre o mestre e seu disc\u00edpulo, que alimentar\u00e1 muitos anos de treinamento tradicional e far\u00e1 de Denys o disc\u00edpulo ocidental mais jovem de Kalou Rinpoche. [ ref.  desejado] . De volta \u00e0 Fran\u00e7a, ele come\u00e7ou a estudar medicina, filosofia, ci\u00eancias humanas, mas tamb\u00e9m tibetano paraEscola Nacional de L\u00ednguas Orientais Modernas . Em 1970, ele conheceu na Esc\u00f3cia Ch\u00f6gyam Trungpa Rinpoche (1940-1987), que se tornaria famoso por sua apresenta\u00e7\u00e3o dos ensinamentos do Buda, de uma forma adaptada ao p\u00fablico ocidental em geral. Ele tece com ele uma profunda conex\u00e3o espiritual que permanecer\u00e1 viva ao longo de sua jornada 3 .<\/p>\n<p>Em 1970, com seus diplomas universit\u00e1rios gerais no bolso, ele decidiu se estabelecer na \u00cdndia. Ele estudou s\u00e2nscrito na Universidade S\u00e2nscrita em Benares enquanto aprimora seu conhecimento do tibetano, antes de ingressar no departamento de estudos tibetanos da Universidade Vishvabh\u00e2rati  (in) , fundada em Bengala por Rab\u00eendran\u00e2th Tagore . Estudante, ele vive em Sonada, onde recebe de Kalou Rinpoche uma s\u00e9rie de transmiss\u00f5es, inicia\u00e7\u00f5es e instru\u00e7\u00f5es, incluindo as do Mah\u00e2mudr\u00e2 e Dzogchen.sobre a natureza essencial da mente, o cora\u00e7\u00e3o dos ensinamentos do Buda. Ele fez v\u00e1rios retiros solit\u00e1rios, e seu mestre o incentivou constantemente a estudar e praticar com energia. Ele conseguiu conciliar sua forma\u00e7\u00e3o tradicional e seu curso universit\u00e1rio ao se formar em estudos indo-tibetanos. Fiel ao Rimay esp\u00edrito , de que Kalou Rinpoche foi um dos maiores representantes, recebeu as inicia\u00e7\u00f5es mais importantes, transmiss\u00f5es e instru\u00e7\u00f5es dos grandes mestres de outras escolas, incluindo o 14 \u00ba Dalai Lama , o 16 \u00ba Karmapa , D\u00fcjom Rinpoche , Dilgo Khyents\u00e9 Rinpoche , Chobgy\u00e9 Tri Rinpoche, Sakya Trizin Rinpoche , Kangyur Rinpoche e Chatral Rinpoche . [ ref.  desejado]<\/p>\n<p><strong>Retorno \u00e0 Fran\u00e7a e desenvolvimento da pr\u00e1tica <\/strong><\/p>\n<p>Desde 1971, gra\u00e7as \u00e0s viagens que Kalou Rinpoche fez na Europa, Denys Rinpoche se tornou seu int\u00e9rprete e participou ao lado dele na cria\u00e7\u00e3o dos centros de Dharma e do primeiro centro do Ocidente no tradicional retiro de tr\u00eas e tr\u00eas meses (Losum Chosum) em La Boulaye, em Sa\u00f4ne-et-Loire. Denys Rinpoche se aposenta l\u00e1 em5 de dezembro de 1976para completar seu treinamento tradicional. Ele recebe de seu mestre toda a transmiss\u00e3o Shangpa e, durante esses anos de pr\u00e1tica, aprofunda experi\u00eancias e realiza\u00e7\u00f5es. Quando ele saiu aos 31 anos, recebeu o nome tibetano &#8220;Lama Denys T\u00f6ndrup Gyaltsen&#8221;, e seu mestre confiou a ele a dire\u00e7\u00e3o espiritual de Karma Ling , um instituto para o estudo e a pr\u00e1tica dos ensinamentos dos Buda, situado no cora\u00e7\u00e3o de um vale da Sab\u00f3ia, onde uma vez rezou uma comunidade de cartuxos.<\/p>\n<p>Kalou Rinpoche e Lama Denys no Instituto Shangpa Karmaling em Savoie<br \/>\nEm 1984, Kalou Rinpoche investiu formalmente Lama Denys com o poder de ensinar e transmitir a tradi\u00e7\u00e3o Vajrayana , designando-o como vajr\u00e2carya ou &#8220;mestre de Vajrayana&#8221;. Assim, ele se torna o primeiro ocidental autorizado a liderar retiros de tr\u00eas anos &#8211; o primeiro a ocorrer em Karma Ling, iniciado em 1985.<\/p>\n<p>Sua profunda experi\u00eancia espiritual, sua capacidade de transmitir o cora\u00e7\u00e3o e o esp\u00edrito do Dharma no ambiente cultural e intelectual ocidental contempor\u00e2neo, combinada com seu treinamento duplo &#8211; tradicional e universit\u00e1rio &#8211; fazem de Denys Rinpoche um ator importante [ref. necess\u00e1rio] da reuni\u00e3o Leste-Oeste. Ele ensina em outras partes do mundo e desempenha um papel marcante em muitas iniciativas a favor do encontro de tradi\u00e7\u00f5es [ref. necess\u00e1rio] e o surgimento de uma cultura de paz e n\u00e3o-viol\u00eancia.<\/p>\n<p>Em 1994, Rimay \u00e9 reconhecida pelo Estado franc\u00eas e Denys Rinpoche \u00e9 investido por Chamg\u00f6n Khentin Tai Situ Rinpoche (um dos quatro regentes da escola Karma-Kagy\u00fc) &#8220;Lama Rinpoche&#8221;, representando escolas de kagy\u00fcpa na Europa e em outros pa\u00edses. de Rimay.<\/p>\n<p>Longo presidente da Uni\u00e3o Budista Europeia , Denys Rinpoche \u00e9 um dos membros fundadores da Rede Shangpa, que re\u00fane todos os titulares e lamas da linha Shangpa Kagy\u00fc e da Funda\u00e7\u00e3o Shangpa, criada em 2016, cujo objetivo \u00e9 a preserva\u00e7\u00e3o e preserva\u00e7\u00e3o transmiss\u00e3o dos ensinamentos desta linhagem.<\/p>\n<p>Em 2016, Denys Rinpoche criou a funda\u00e7\u00e3o Dharma, que visa dar vida a um instituto budista que permite o estudo, a pr\u00e1tica e a integra\u00e7\u00e3o de todo o ensino do Buda em caminhos adaptados \u00e0 receptividade e motiva\u00e7\u00f5es de cada um.<\/p>\n<p>Por mais de trinta e cinco anos, Denys Rinpoche trabalha na converg\u00eancia das correntes humanistas do Oriente e do Ocidente e iniciou grandes reuni\u00f5es intertradicionais e multidisciplinares, como o \u201cencontro das tradi\u00e7\u00f5es do mundo\u201d em 1997, e Reuni\u00f5es de &#8220;Ecologia e espiritualidade&#8221; em 2007, &#8220;Economia e espiritualidade&#8221; em 2012 e &#8220;Humanismo e aten\u00e7\u00e3o plena&#8221; em 2015.<\/p>\n<p>Em 2012, retornando \u00e0s origens culturais e atemporais da tradi\u00e7\u00e3o de Buda, ele lan\u00e7ou um programa de presen\u00e7a plena de aten\u00e7\u00e3o plena (express\u00e3o que prefere &#8220;aten\u00e7\u00e3o plena&#8221; 4) e fundou a Aten\u00e7\u00e3o plena aberta altru\u00edsta , que promove a transmiss\u00e3o de um humanismo integral na sociedade ocidental e contempor\u00e2nea<\/p>\n<\/div>\n<p>https:\/\/fr.wikipedia.org\/wiki\/Denys_Rinpoch%C3%A9<\/p>\n<hr \/>\n<!-- AddThis Advanced Settings generic via filter on the_content --><!-- AddThis Share Buttons generic via filter on the_content -->","protected":false},"excerpt":{"rendered":"<p>Lama Denys Teundroup Rinpoche (1949-) Denys Rinpoche \u00e9 um disc\u00edpulo de Buda, ele dedicou toda a sua vida ao estudo, pr\u00e1tica e transmiss\u00e3o de seus ensinamentos: &#8220;Dharma&#8221;. Herdeiro espiritual de Kalu Rangjung K\u00fcnchab (1904-1989), um dos maiores lama iogues tibetanos &hellip; <a href=\"http:\/\/www.nossacasa.net\/shunya\/lama-denys-teundroup-rinpoche\/\">Continue lendo <span class=\"meta-nav\">&rarr;<\/span><\/a><!-- AddThis Advanced Settings generic via filter on get_the_excerpt --><!-- AddThis Share Buttons generic via filter on get_the_excerpt --><\/p>\n","protected":false},"author":1,"featured_media":6001,"parent":0,"menu_order":0,"comment_status":"closed","ping_status":"closed","template":"","meta":{"footnotes":""},"class_list":["post-6095","page","type-page","status-publish","has-post-thumbnail","hentry"],"_links":{"self":[{"href":"http:\/\/www.nossacasa.net\/shunya\/wp-json\/wp\/v2\/pages\/6095","targetHints":{"allow":["GET"]}}],"collection":[{"href":"http:\/\/www.nossacasa.net\/shunya\/wp-json\/wp\/v2\/pages"}],"about":[{"href":"http:\/\/www.nossacasa.net\/shunya\/wp-json\/wp\/v2\/types\/page"}],"author":[{"embeddable":true,"href":"http:\/\/www.nossacasa.net\/shunya\/wp-json\/wp\/v2\/users\/1"}],"replies":[{"embeddable":true,"href":"http:\/\/www.nossacasa.net\/shunya\/wp-json\/wp\/v2\/comments?post=6095"}],"version-history":[{"count":4,"href":"http:\/\/www.nossacasa.net\/shunya\/wp-json\/wp\/v2\/pages\/6095\/revisions"}],"predecessor-version":[{"id":6399,"href":"http:\/\/www.nossacasa.net\/shunya\/wp-json\/wp\/v2\/pages\/6095\/revisions\/6399"}],"wp:featuredmedia":[{"embeddable":true,"href":"http:\/\/www.nossacasa.net\/shunya\/wp-json\/wp\/v2\/media\/6001"}],"wp:attachment":[{"href":"http:\/\/www.nossacasa.net\/shunya\/wp-json\/wp\/v2\/media?parent=6095"}],"curies":[{"name":"wp","href":"https:\/\/api.w.org\/{rel}","templated":true}]}}