{"id":6108,"date":"2020-06-15T16:37:59","date_gmt":"2020-06-15T18:37:59","guid":{"rendered":"http:\/\/www.nossacasa.net\/shunya\/?page_id=6108"},"modified":"2020-06-30T16:54:20","modified_gmt":"2020-06-30T18:54:20","slug":"tibetano","status":"publish","type":"page","link":"http:\/\/www.nossacasa.net\/shunya\/tibetano\/","title":{"rendered":"Mestres no Tibete"},"content":{"rendered":"<div style=\"text-align:justify\">\n<a href=\"http:\/\/www.nossacasa.net\/shunya\/wp-content\/uploads\/2020\/06\/Budismo-tibetano.jpg\"><img loading=\"lazy\" decoding=\"async\" src=\"http:\/\/www.nossacasa.net\/shunya\/wp-content\/uploads\/2020\/06\/Budismo-tibetano.jpg\" alt=\"\" width=\"1200\" height=\"900\" class=\"aligncenter size-full wp-image-6109\" srcset=\"http:\/\/www.nossacasa.net\/shunya\/wp-content\/uploads\/2020\/06\/Budismo-tibetano.jpg 1200w, http:\/\/www.nossacasa.net\/shunya\/wp-content\/uploads\/2020\/06\/Budismo-tibetano-300x225.jpg 300w, http:\/\/www.nossacasa.net\/shunya\/wp-content\/uploads\/2020\/06\/Budismo-tibetano-768x576.jpg 768w, http:\/\/www.nossacasa.net\/shunya\/wp-content\/uploads\/2020\/06\/Budismo-tibetano-1024x768.jpg 1024w, http:\/\/www.nossacasa.net\/shunya\/wp-content\/uploads\/2020\/06\/Budismo-tibetano-400x300.jpg 400w\" sizes=\"auto, (max-width: 1200px) 100vw, 1200px\" \/><\/a><\/p>\n<hr \/>\n<p><strong>Budas<\/strong>:<\/p>\n<hr \/>\n<p><a href=\"http:\/\/www.nossacasa.net\/shunya\/vairocana\/\"><strong>Vairocana<\/strong><\/a><\/p>\n<hr \/>\n<p><strong>Mestres<\/strong>:<\/p>\n<hr \/>\n<p><a href=\"http:\/\/www.nossacasa.net\/shunya\/vimalamitra\/\"><strong>Vimalamitra (S\u00e9culo VIII)\/strong><\/strong><\/a><\/p>\n<hr \/>\n<p><a href=\"http:\/\/www.nossacasa.net\/shunya\/padmasambhava\/\"><strong>Padmasambhava (717- )<\/strong><\/a><\/p>\n<ol>\n<li><a href=\"http:\/\/www.nossacasa.net\/shunya\/a-condicao-natural\/\">A condi\u00e7\u00e3o natural<\/a><\/li>\n<\/ol>\n<hr \/>\n<p><a href=\"http:\/\/www.nossacasa.net\/shunya\/shantarakshita\/\"><strong>Shantarakshita (725-788)<\/strong><\/a><\/p>\n<hr \/>\n<p><a href=\"http:\/\/www.nossacasa.net\/shunya\/kamalashila\/\"><strong>Kamalashila (740-795)<\/strong><\/a><\/p>\n<hr \/>\n<p><a href=\"http:\/\/www.nossacasa.net\/shunya\/maitripa\/\" class=\"broken_link\"><b>Maitripa (1007-1085)<\/b><\/a><\/p>\n<ol>\n<li><a href=\"http:\/\/www.nossacasa.net\/shunya\/uma-breve-exposicao-do-grande-selo\/\">Uma breve exposi\u00e7\u00e3o do grande selo<\/a><\/li>\n<\/ol>\n<hr \/>\n<p><a href=\"http:\/\/www.nossacasa.net\/shunya\/rongzom-chokyi-zangpo\/\" class=\"broken_link\"><b>Rongzom Ch\u00f6kyi Zangpo (1012-1088)<\/b><\/a><\/p>\n<hr \/>\n<p><b><a href=\"http:\/\/www.nossacasa.net\/shunya\/kunkhyen-longchen-rabjam\/\">Longchen Rabjam (1308-1363)<\/a><\/b><\/p>\n<hr \/>\n<ol>\n<li><a href=\"http:\/\/www.nossacasa.net\/shunya\/estando-aqui-e-agora\/\">Estando Aqui e Agora<\/a><\/li>\n<li><a href=\"http:\/\/www.nossacasa.net\/shunya\/o-veiculo-do-atiyoga-ou-dzogchen\/\">O ve\u00edculo do atiyoga ou dzogchen<\/a><\/li>\n<li><a href=\"http:\/\/www.nossacasa.net\/shunya\/meditacao-do-ati-yoga-a-liberdade-natural-da-mente\/\">Medita\u00e7\u00e3o do Ati-Yoga a liberdade natural da mente<\/a><\/li>\n<li><a href=\"http:\/\/www.nossacasa.net\/shunya\/a-pratica-principal-a-apresentacao-a-natureza-da-mente\/\">A apresenta\u00e7\u00e3o \u00e0 natureza da mente<\/a><\/li>\n<li><a href=\"http:\/\/www.nossacasa.net\/shunya\/os-conselhos-para-pratica\/\">Conselhos para a pr\u00e1tica<\/a><\/li>\n<\/ol>\n<hr \/>\n<p><a href=\"http:\/\/www.nossacasa.net\/shunya\/kunkhyen-longchen-rabjam\/\"><strong>Tsongkhapa Lobzang Drakpa (1357-1419)<\/strong><\/a><\/p>\n<hr \/>\n<p><b><a href=\"http:\/\/www.nossacasa.net\/shunya\/dagpo-tashi-namgyal\/\">Dagpo Tashi Namgyal (1511-1587)<\/a><\/b><\/p>\n<ol>\n<li><a href=\"http:\/\/www.nossacasa.net\/shunya\/a-essencia-a-natureza-e-as-caracteristicas-da-mente\/\">A Ess\u00eancia, a Natureza e as Caracter\u00edsticas da Mente<\/a><\/li>\n<\/ol>\n<hr \/>\n<p><b><a href=\"http:\/\/www.nossacasa.net\/shunya\/tsele-natsok-rangdrol\/\">Tsele Natsok Rangdr\u00f6l (1608\u2013?)<\/a><\/b><\/p>\n<hr \/>\n<ol>\n<li><a href=\"http:\/\/www.nossacasa.net\/shunya\/os-quatro-yogas-de-mahamudra\/\">Os quatro yogas de Mahamudra<\/a><\/li>\n<\/ol>\n<hr \/>\n<p><b><a href=\"http:\/\/www.nossacasa.net\/shunya\/karma-chagme\/\">Karma Chagme (1613-1678)<\/a><\/b><\/p>\n<hr \/>\n<ol>\n<li><a href=\"http:\/\/www.nossacasa.net\/shunya\/a-mente-essencial\/\">A mente essencial<\/a><\/li>\n<\/ol>\n<hr \/>\n<p><b><a href=\"http:\/\/www.nossacasa.net\/shunya\/rigdzin-jigme-lingpa\/\">Rigdzin Jigme Lingpa (1730 ~ 1798)<\/a><\/b><\/p>\n<hr \/>\n<ol>\n<li><a href=\"http:\/\/www.nossacasa.net\/shunya\/ati-a-essencia-mais-intima\/\">Ati: a ess\u00eancia mais \u00edntima<\/a><\/li>\n<\/ol>\n<hr \/>\n<p><b><a href=\"http:\/\/www.nossacasa.net\/shunya\/khordong-terchen-nuden-dorje\/\">Khordong Terchen Nuden Dorje (1802-1864)<\/a><\/b><\/p>\n<hr \/>\n<ol>\n<li><a href=\"http:\/\/www.nossacasa.net\/shunya\/revelacao-direta-da-budeidade-alem-de-toda-classificacao\/\">A revela\u00e7\u00e3o direta da budeidade al\u00e9m de toda classifica\u00e7\u00e3o<\/a><\/li>\n<\/ol>\n<hr \/>\n<p><b><a href=\"http:\/\/www.nossacasa.net\/shunya\/patrul-rimpoche\/\">Patrul Rimpoche (1808\u20131887)<\/a><\/b><\/p>\n<hr \/>\n<ol>\n<li><a href=\"http:\/\/www.nossacasa.net\/shunya\/a-compreensao-se-liberando-de-si-mesma\/\">A compreens\u00e3o liberando-se de s\u00ed mesma<\/a><\/li>\n<li><a href=\"http:\/\/www.nossacasa.net\/shunya\/o-ponto-essencial-em-tres-aforismos\/\">O ponto essencial em tr&ecirc;s aforismos<\/a><\/li>\n<li><a href=\"http:\/\/www.nossacasa.net\/shunya\/conselhos-de-mim-para-mim-mesmo\/\">Conselhos de mim para mim mesmo<\/a><\/li>\n<\/ol>\n<hr \/>\n<p><b><a href=\"http:\/\/www.nossacasa.net\/shunya\/jamgon-kongtrul-lodro-taye\/\">Jamgon Kongtrul Lodr&ouml; Taye (1813-1899)<\/a><\/b><\/p>\n<hr \/>\n<ol>\n<li><a href=\"http:\/\/www.nossacasa.net\/shunya\/a-atividade-espontanea\/\">A atividade espont&acirc;nea<\/a><\/li>\n<\/ol>\n<hr \/>\n<p><a href=\"http:\/\/www.nossacasa.net\/shunya\/mipham-jamyang-namgyal-gyamtso\/\"><b>Mipham Jamyang Namgyal Gyamtso (1846-1912)<\/b><\/a><\/p>\n<hr \/>\n<ol>\n<li><a href=\"http:\/\/www.nossacasa.net\/shunya\/a-roda-da-meditacao-analitica-e-instrucoes-sobre-a-visao-no-caminho-do-meio\/\">A Roda da Medita&ccedil;&atilde;o Anal&iacute;tica e Instru&ccedil;&otilde;es sobre a Vis&atilde;o no Caminho do Meio<\/a><\/li>\n<\/ol>\n<hr \/>\n<p><b><a href=\"http:\/\/www.nossacasa.net\/shunya\/jigdral-yeshe-dorje\/\">Jigdral Yeshe Dorje Dudjom Rinpoche (1904-1987)<\/a><\/b><\/p>\n<hr \/>\n<ol>\n<li><a href=\"http:\/\/www.nossacasa.net\/shunya\/uma-visao-do-ngondro-tantrico\/\">Uma Vis\u00e3o do Ng\u00f6ndro T\u00e2ntrico<\/a><\/li>\n<\/ol>\n<hr \/>\n<p><a href=\"http:\/\/www.nossacasa.net\/shunya\/kalu-rinpoche\/\"><b>Kalu Rimpoche (1904-1989)<\/b><\/a><\/p>\n<hr \/>\n<ol>\n<li><a href=\"http:\/\/www.nossacasa.net\/shunya\/o-que-e-a-mente\/\">O que &eacute; a mente?<\/a><\/li>\n<li><a href=\"http:\/\/www.nossacasa.net\/shunya\/mahamudra-iv\/\">Mahamudra IV<\/a><\/li>\n<li><a href=\"http:\/\/www.nossacasa.net\/shunya\/mahamudra-e-maha-ati\/\" class=\"broken_link\">Mahamudra e Maha-ati<\/a><\/li>\n<\/ol>\n<hr \/>\n<p><b><a href=\"http:\/\/www.nossacasa.net\/shunya\/dilgo-khyentse-rinpoche\/\">Dilgo Khyentse Rinpoche (1910-1991)<\/a><\/b><\/p>\n<hr \/>\n<ol>\n<li><a href=\"http:\/\/www.nossacasa.net\/shunya\/a-linhagem-e-a-pratica-do-dzogchen\/\">A Linhagem e a Pr\u00e1tica do Dzogchen<\/a><\/li>\n<\/ol>\n<hr \/>\n<p><b><a href=\"http:\/\/www.nossacasa.net\/shunya\/khetsun-sangpo-rinpoche\/\">Khets\u00fcn Sangpo Rinpoche (1921-2009)<\/a><\/b><\/p>\n<hr \/>\n<ol>\n<li><a href=\"http:\/\/www.nossacasa.net\/shunya\/grande-perfeicao\/\">Grande perfei\u00e7\u00e3o<\/a><\/li>\n<\/ol>\n<hr \/>\n<p><b><a href=\"http:\/\/www.nossacasa.net\/shunya\/thinley-norbu-rinponche\/\">Thinley Norbu Rinpoche (1931-2011)<\/a><\/b><\/p>\n<hr \/>\n<ol>\n<li><a href=\"http:\/\/www.nossacasa.net\/shunya\/os-quatro-samayas\/\">Os Quatro Samayas<\/a><\/li>\n<\/ol>\n<hr \/>\n<p><b><a href=\"http:\/\/www.nossacasa.net\/shunya\/tenzin-gyatzo\/\">Tenzin Gyatzo (1935- )<\/a><\/b><\/p>\n<hr \/>\n<ol>\n<li><a href=\"http:\/\/www.nossacasa.net\/shunya\/a-pratica-da-benevolencia-e-da-compaixao\/\">A pr\u00e1tica da benevol\u00eancia e da compaix\u00e3o<\/a><\/li>\n<li><a href=\"http:\/\/www.nossacasa.net\/shunya\/benevolencia-e-compaixao\/\">Benevol&ecirc;ncia e Compaix&atilde;o<\/a><\/li>\n<li><a href=\"http:\/\/www.nossacasa.net\/shunya\/a-transformacao-atraves-do-altruismo\/\">A transforma\u00e7\u00e3o atrav\u00e9s do altru\u00edsmo<\/a><\/li>\n<li><a href=\"http:\/\/www.nossacasa.net\/shunya\/a-ciencia-e-a-mente\/\">A Ci&ecirc;ncia e a Mente<\/a><\/li>\n<li><a href=\"http:\/\/www.nossacasa.net\/shunya\/introducao-ao-budismo-tibetano\/\">Introdu&ccedil;&atilde;o ao Budismo Tibetano<\/a><\/li>\n<li><a href=\"http:\/\/www.nossacasa.net\/shunya\/a-prioridade-da-mente\/\">A prioridade da mente<\/a><\/li>\n<\/ol>\n<hr \/>\n<p><a href=\"http:\/\/www.nossacasa.net\/shunya\/chogyal-namkhai-norbu\/\"><b>Ch\u00f6gyal Namkha\u00ef Norbu Rinpoche (1938-2018)<\/b><\/a><\/p>\n<hr \/>\n<ol>\n<li><a href=\"http:\/\/www.nossacasa.net\/shunya\/o-cuco-do-estado-de-presenca\/\">O cuco do estado de presen\u00e7a<\/a><\/li>\n<li><a href=\"http:\/\/www.nossacasa.net\/shunya\/o-estado-de-auto-perfeicao\/\">O estado de auto-perfei\u00e7\u00e3o<\/a><\/li>\n<\/ol>\n<hr \/>\n<p><b><a href=\"http:\/\/www.nossacasa.net\/shunya\/thondup-rinpoche\/\">Thondup Rinpoche (1939\u2013 )<\/a><\/b><\/p>\n<hr \/>\n<ol>\n<li><a href=\"http:\/\/www.nossacasa.net\/shunya\/o-caminho-direto\/\">O Caminho direto<\/a><\/li>\n<\/ol>\n<hr \/>\n<p><b><a href=\"http:\/\/www.nossacasa.net\/shunya\/sogyal-rinpoche\/\">Sogyal Rimpoche (1947\u20132019)<\/a><\/b><\/p>\n<hr \/>\n<ol>\n<li><a href=\"http:\/\/www.nossacasa.net\/shunya\/a-essencia-mais-profunda\/\">A ess&ecirc;ncia mais profunda<\/a><\/li>\n<\/ol>\n<hr \/>\n<p><b><a href=\"http:\/\/www.nossacasa.net\/shunya\/lama-denys-teundroup-rinpoche\/\">Lama Denys (1949-)<\/a><\/b><\/p>\n<hr \/>\n<ol>\n<li><a href=\"http:\/\/www.nossacasa.net\/shunya\/mahamudra-dzogchen\/\">Mahamudra-Dzogchen<\/a><\/li>\n<li><a href=\"http:\/\/www.nossacasa.net\/shunya\/as-portas-da-liberacao-e-os-pontos-essenciais\/\">As portas da libera&ccedil;&atilde;o<\/a><\/li>\n<li><a href=\"http:\/\/www.nossacasa.net\/shunya\/o-sabor-do-imediato\/\">O sabor do imediato<\/a><\/li>\n<li><a href=\"http:\/\/www.nossacasa.net\/shunya\/o-absoluto-nao-dual\/\">O absoluto n&atilde;o-dual<\/a><\/li>\n<li><a href=\"http:\/\/www.nossacasa.net\/shunya\/as-experiencias-a-realizacao-e-os-quatro-yogas\/\">As experi&ecirc;ncias,  a realiza&ccedil;&atilde;o e os quatro yogas<\/a><\/li>\n<li><a href=\"http:\/\/www.nossacasa.net\/shunya\/a-condicao-natural\/\">A condi\u00e7\u00e3o natural<\/a><\/li>\n<\/ol>\n<hr \/>\n<p><a href=\"http:\/\/www.nossacasa.net\/shunya\/lama-surya-das\/\"><b>Lama Surya Das (1950- )<\/b><\/a><\/p>\n<hr \/>\n<ol>\n<li><a href=\"http:\/\/www.nossacasa.net\/shunya\/breve-meditacao-automotiva\/\">Breve medita\u00e7\u00e3o automotiva<\/a><\/li>\n<li><a href=\"http:\/\/www.nossacasa.net\/shunya\/meditacoes-de-um-minuto\/\">Medita\u00e7\u00e3o de um minuto<\/a><\/li>\n<li><a href=\"http:\/\/www.nossacasa.net\/shunya\/meditacao-olhando-para-o-ceu\/\">Medita\u00e7\u00e3o olhando para o ceu<\/a><\/li>\n<li><a href=\"http:\/\/www.nossacasa.net\/shunya\/vivendo-e-morrendo-conscientemente\/\">Vivendo e morrendo conscientemente<\/a><\/li>\n<li><a href=\"http:\/\/www.nossacasa.net\/shunya\/a-iluminacao-e-a-meta\/\">A ilumina&ccedil;&atilde;o &eacute; a meta<\/a><\/li>\n<li><a href=\"http:\/\/www.nossacasa.net\/shunya\/cinco-maneiras-de-ser-verdadeiro-pela-pratica-do-dzogchen\/\">Cinco maneiras de ser verdadeiro pela pr\u00e1tica do Dzogchen<\/a><\/li>\n<li><a href=\"http:\/\/www.nossacasa.net\/shunya\/o-vagar-voluntario-ou-descobrir-a-meditacao-natural-em-sua-propria-vida\/\">O vagar volunt\u00e1rio ou descobrir a medita\u00e7\u00e3o natural em sua pr\u00f3pria vida<\/a><\/li>\n<\/ol>\n<hr \/>\n<p><b><a href=\"http:\/\/www.nossacasa.net\/shunya\/traleg-kyabgon-rinpoche\/\">Traleg Kyabgon Rinpoche (1955-2012)<\/a><\/b><\/p>\n<hr \/>\n<ol>\n<li><a href=\"http:\/\/www.nossacasa.net\/shunya\/meditacao-mahamudra-2\/\">Medita&ccedil;&atilde;o Mahamudra<\/a><\/li>\n<\/ol>\n<hr \/>\n<p><a href=\"http:\/\/www.nossacasa.net\/shunya\/geshe-tenzin-wangyal-rinponche\/\"><b>Geshe Tenzin Wangyal Rinponche (1961- )<\/b><\/a><\/p>\n<hr \/>\n<ol>\n<li><a href=\"http:\/\/www.nossacasa.net\/shunya\/meditacao-nos-objetos-sensoriais\/\">Medita&ccedil;&atilde;o nos objetos sensoriais<\/a><\/li>\n<li><a href=\"http:\/\/www.nossacasa.net\/shunya\/nascimento-da-experiencia\/\">Nascimento da Experi&ecirc;ncia<\/a><\/li>\n<li><a href=\"http:\/\/www.nossacasa.net\/shunya\/o-dzogchen-na-tradicao-bon\/\">O Dzogchen na Tradi\u00e7\u00e3o B\u00f6n<\/a><\/li>\n<\/ol>\n<hr \/>\n<\/div>\n<!-- AddThis Advanced Settings generic via filter on the_content --><!-- AddThis Share Buttons generic via filter on the_content -->","protected":false},"excerpt":{"rendered":"<p>Budas: Vairocana Mestres: Vimalamitra (S\u00e9culo VIII)\/strong> Padmasambhava (717- ) A condi\u00e7\u00e3o natural Shantarakshita (725-788) Kamalashila (740-795) Maitripa (1007-1085) Uma breve exposi\u00e7\u00e3o do grande selo Rongzom Ch\u00f6kyi Zangpo (1012-1088) Longchen Rabjam (1308-1363) Estando Aqui e Agora O ve\u00edculo do atiyoga ou &hellip; <a href=\"http:\/\/www.nossacasa.net\/shunya\/tibetano\/\">Continue lendo <span class=\"meta-nav\">&rarr;<\/span><\/a><!-- AddThis Advanced Settings generic via filter on get_the_excerpt --><!-- AddThis Share Buttons generic via filter on get_the_excerpt --><\/p>\n","protected":false},"author":1,"featured_media":6109,"parent":0,"menu_order":0,"comment_status":"closed","ping_status":"closed","template":"","meta":{"footnotes":""},"class_list":["post-6108","page","type-page","status-publish","has-post-thumbnail","hentry"],"_links":{"self":[{"href":"http:\/\/www.nossacasa.net\/shunya\/wp-json\/wp\/v2\/pages\/6108","targetHints":{"allow":["GET"]}}],"collection":[{"href":"http:\/\/www.nossacasa.net\/shunya\/wp-json\/wp\/v2\/pages"}],"about":[{"href":"http:\/\/www.nossacasa.net\/shunya\/wp-json\/wp\/v2\/types\/page"}],"author":[{"embeddable":true,"href":"http:\/\/www.nossacasa.net\/shunya\/wp-json\/wp\/v2\/users\/1"}],"replies":[{"embeddable":true,"href":"http:\/\/www.nossacasa.net\/shunya\/wp-json\/wp\/v2\/comments?post=6108"}],"version-history":[{"count":81,"href":"http:\/\/www.nossacasa.net\/shunya\/wp-json\/wp\/v2\/pages\/6108\/revisions"}],"predecessor-version":[{"id":6516,"href":"http:\/\/www.nossacasa.net\/shunya\/wp-json\/wp\/v2\/pages\/6108\/revisions\/6516"}],"wp:featuredmedia":[{"embeddable":true,"href":"http:\/\/www.nossacasa.net\/shunya\/wp-json\/wp\/v2\/media\/6109"}],"wp:attachment":[{"href":"http:\/\/www.nossacasa.net\/shunya\/wp-json\/wp\/v2\/media?parent=6108"}],"curies":[{"name":"wp","href":"https:\/\/api.w.org\/{rel}","templated":true}]}}