{"id":6302,"date":"2020-06-22T16:50:35","date_gmt":"2020-06-22T18:50:35","guid":{"rendered":"http:\/\/www.nossacasa.net\/shunya\/?page_id=6302"},"modified":"2020-06-22T16:50:35","modified_gmt":"2020-06-22T18:50:35","slug":"dagpo-tashi-namgyal","status":"publish","type":"page","link":"http:\/\/www.nossacasa.net\/shunya\/dagpo-tashi-namgyal\/","title":{"rendered":"Dagpo Tashi Namgyal"},"content":{"rendered":"<p><a href=\"http:\/\/www.nossacasa.net\/shunya\/wp-content\/uploads\/2020\/06\/Dakpo-Tashi-Namgyal.jpeg\"><img loading=\"lazy\" decoding=\"async\" src=\"http:\/\/www.nossacasa.net\/shunya\/wp-content\/uploads\/2020\/06\/Dakpo-Tashi-Namgyal.jpeg\" alt=\"\" width=\"250\" height=\"344\" class=\"aligncenter size-full wp-image-6304\" srcset=\"http:\/\/www.nossacasa.net\/shunya\/wp-content\/uploads\/2020\/06\/Dakpo-Tashi-Namgyal.jpeg 250w, http:\/\/www.nossacasa.net\/shunya\/wp-content\/uploads\/2020\/06\/Dakpo-Tashi-Namgyal-218x300.jpeg 218w\" sizes=\"auto, (max-width: 250px) 100vw, 250px\" \/><\/a><\/p>\n<hr \/>\n<p><font face=\"Verdana\" size=\"2\"><\/p>\n<div style=\"text-align:center\"><font size=\"4\"><b>Dagpo Tashi Namgyal (1513\u20131587)<\/b><\/font><\/div>\n<div style=\"text-align:justify\">\nDakpo Tashi Namgyal (Dakpo Pa\u1e47chen Tashi Namgyel, Wylie: dwags po paN chen bkra shis rnam rgyal) (1511, 1512 ou 1513-1587) era um detentor de linhagem da linhagem Dagpo Kagyu do budismo tibetano. Ele tamb\u00e9m foi treinado na linhagem Sakya e &#8220;era conhecido tanto como estudioso quanto como iogue &#8220;.<\/p>\n<p>Ele n\u00e3o deve ser confundido com seu xar\u00e1, tamb\u00e9m conhecido como Kunkyen Tashi Namgyal , (1399\u20131458), que ajudou a estabelecer o Mosteiro de Penpo Nalendra em 1425 com o mestre Sakya Rongton Sheja Kunrig (1367\u20131449). Mais tarde, ele serviu como abade-chefe do mosteiro Kagyu Daklha Gampo, no sul do Tibete.<\/p>\n<p>Suas &#8220;obras mais famosas&#8221; foram dois textos de Mahamudra , Moonlight of Mahamudra e Clarifying the Natural State . Este \u00faltimo \u00e9 um manual de medita\u00e7\u00e3o que: &#8220;esbo\u00e7a o caminho da medita\u00e7\u00e3o desde os passos iniciais das preliminares gerais e espec\u00edficas &#8230;&#8221;, concentrando-se no &#8220;estabelecimento e estabiliza\u00e7\u00e3o da aten\u00e7\u00e3o e da calma, atrav\u00e9s da pr\u00e1tica de shamatha , e no desenvolvimento da compreens\u00e3o anal\u00edtica atrav\u00e9s das t\u00e9cnicas vipashyana &#8220;.<\/p>\n<p>A partir de 2012, alguns de seus trabalhos estavam dispon\u00edveis no tibetano na &#8220;S\u00e9rie Rigpa Dorje Practice&#8221;.<\/p>\n<p>&#8220;Muito do que sabemos sobre Tashi Namgyal e suas reencarna\u00e7\u00f5es veio de um relato escrito por Lama Trinle Choedak, o tutor pessoal do sexto Zimwock Rinpoche.&#8221;<\/p>\n<p>Ele foi um dos professores de Miky\u00f6 Dorje, o 8\u00ba Karmapa Lama.<\/p>\n<\/div>\n<hr \/>\n<p>Fonte: https:\/\/en.wikipedia.org\/wiki\/Dagpo_Tashi_Namgyal<\/p>\n<hr \/>\n<p><\/font><\/p>\n<!-- AddThis Advanced Settings generic via filter on the_content --><!-- AddThis Share Buttons generic via filter on the_content -->","protected":false},"excerpt":{"rendered":"<p>Dagpo Tashi Namgyal (1513\u20131587) Dakpo Tashi Namgyal (Dakpo Pa\u1e47chen Tashi Namgyel, Wylie: dwags po paN chen bkra shis rnam rgyal) (1511, 1512 ou 1513-1587) era um detentor de linhagem da linhagem Dagpo Kagyu do budismo tibetano. Ele tamb\u00e9m foi treinado &hellip; <a href=\"http:\/\/www.nossacasa.net\/shunya\/dagpo-tashi-namgyal\/\">Continue lendo <span class=\"meta-nav\">&rarr;<\/span><\/a><!-- AddThis Advanced Settings generic via filter on get_the_excerpt --><!-- AddThis Share Buttons generic via filter on get_the_excerpt --><\/p>\n","protected":false},"author":1,"featured_media":6304,"parent":0,"menu_order":0,"comment_status":"closed","ping_status":"closed","template":"","meta":{"footnotes":""},"class_list":["post-6302","page","type-page","status-publish","has-post-thumbnail","hentry"],"_links":{"self":[{"href":"http:\/\/www.nossacasa.net\/shunya\/wp-json\/wp\/v2\/pages\/6302","targetHints":{"allow":["GET"]}}],"collection":[{"href":"http:\/\/www.nossacasa.net\/shunya\/wp-json\/wp\/v2\/pages"}],"about":[{"href":"http:\/\/www.nossacasa.net\/shunya\/wp-json\/wp\/v2\/types\/page"}],"author":[{"embeddable":true,"href":"http:\/\/www.nossacasa.net\/shunya\/wp-json\/wp\/v2\/users\/1"}],"replies":[{"embeddable":true,"href":"http:\/\/www.nossacasa.net\/shunya\/wp-json\/wp\/v2\/comments?post=6302"}],"version-history":[{"count":1,"href":"http:\/\/www.nossacasa.net\/shunya\/wp-json\/wp\/v2\/pages\/6302\/revisions"}],"predecessor-version":[{"id":6305,"href":"http:\/\/www.nossacasa.net\/shunya\/wp-json\/wp\/v2\/pages\/6302\/revisions\/6305"}],"wp:featuredmedia":[{"embeddable":true,"href":"http:\/\/www.nossacasa.net\/shunya\/wp-json\/wp\/v2\/media\/6304"}],"wp:attachment":[{"href":"http:\/\/www.nossacasa.net\/shunya\/wp-json\/wp\/v2\/media?parent=6302"}],"curies":[{"name":"wp","href":"https:\/\/api.w.org\/{rel}","templated":true}]}}